{"id":2661,"date":"2024-07-16T10:44:50","date_gmt":"2024-07-16T02:44:50","guid":{"rendered":"https:\/\/wxplastmachine.com\/?post_type=product&#038;p=2661"},"modified":"2024-08-03T03:07:10","modified_gmt":"2024-08-02T19:07:10","slug":"wx-ab50-55-60-two-layer-co-extrusion-film-blowing-machine","status":"publish","type":"product","link":"https:\/\/wxplastmachine.com\/ar\/product\/wx-ab50-55-60-two-layer-co-extrusion-film-blowing-machine","title":{"rendered":"WX-AB50\/55\/60 \u0645\u0627\u0643\u064a\u0646\u0629 \u0646\u0641\u062e \u0627\u0644\u0623\u063a\u0634\u064a\u0629 \u0630\u0627\u062a \u0627\u0644\u0628\u062b\u0642 \u0627\u0644\u0645\u0634\u062a\u0631\u0643 \u062b\u0646\u0627\u0626\u064a\u0629 \u0627\u0644\u0637\u0628\u0642\u0629"},"content":{"rendered":"<p><strong><b>\u0648\u0635\u0641 \u0627\u0644\u0645\u0646\u062a\u062c:<\/b><\/strong><\/p>\n<p>\u0625\u0646 \u062e\u0637 \u0625\u0646\u062a\u0627\u062c \u0622\u0644\u0627\u062a \u0646\u0641\u062e \u0627\u0644\u0623\u063a\u0634\u064a\u0629 \u0627\u0644\u0645\u0646\u0641\u0648\u062e\u0629 \u0630\u0627\u062a \u0627\u0644\u0628\u062b\u0642 \u0627\u0644\u0645\u0634\u062a\u0631\u0643 \u0645\u0646 \u0637\u0628\u0642\u062a\u064a\u0646 AB \u0627\u0644\u062a\u064a \u062a\u0646\u062a\u062c\u0647\u0627 \u0634\u0631\u0643\u062a\u0646\u0627 \u0645\u0646\u0627\u0633\u0628\u0629 \u0644\u0646\u0641\u062e \u0627\u0644\u0628\u0648\u0644\u064a \u0625\u064a\u062b\u064a\u0644\u064a\u0646 \u0639\u0627\u0644\u064a \u0627\u0644\u0643\u062b\u0627\u0641\u0629 \u0648\u0627\u0644\u0628\u0648\u0644\u064a \u0625\u064a\u062b\u064a\u0644\u064a\u0646 \u0645\u0646\u062e\u0641\u0636 \u0627\u0644\u0643\u062b\u0627\u0641\u0629 \u0648\u0627\u0644\u0628\u0648\u0644\u064a \u0625\u064a\u062b\u064a\u0644\u064a\u0646 \u0627\u0644\u062e\u0637\u064a \u0645\u0646\u062e\u0641\u0636 \u0627\u0644\u0643\u062b\u0627\u0641\u0629. \u064a\u062a\u0645 \u0627\u0633\u062a\u062e\u062f\u0627\u0645 \u0627\u0644\u0645\u0646\u062a\u062c\u0627\u062a \u0639\u0644\u0649 \u0646\u0637\u0627\u0642 \u0648\u0627\u0633\u0639 \u0641\u064a \u0641\u064a\u0644\u0645 \u0627\u0644\u0645\u0647\u0627\u062f\u060c \u0648\u0627\u0644\u0623\u0641\u0644\u0627\u0645 \u0627\u0644\u0632\u0631\u0627\u0639\u064a\u0629\u060c \u0648\u0623\u063a\u0634\u064a\u0629 \u0627\u0644\u062a\u063a\u0644\u064a\u0641 \u0627\u0644\u0645\u0631\u0646\u0629.<\/p>\n<p><strong><b>\u0627\u0644\u0645\u0639\u0644\u0645\u0627\u062a \u0627\u0644\u062a\u0642\u0646\u064a\u0629 \u0627\u0644\u0631\u0626\u064a\u0633\u064a\u0629:<\/b><\/strong><\/p>\n<table>\n<tbody>\n<tr>\n<td width=\"148\">\u0627\u0644\u0637\u0631\u0627\u0632<\/td>\n<td width=\"94\">WX-AB50\/800<\/td>\n<td width=\"88\">WX-AB55\/1000<\/td>\n<td width=\"88\">WX-AB60\/1200<\/td>\n<\/tr>\n<tr>\n<td width=\"148\">\u0642\u0637\u0631 \u0627\u0644\u0628\u0631\u063a\u064a<\/td>\n<td width=\"94\">50\u00d7 2<\/td>\n<td width=\"88\">55\u00d7 2<\/td>\n<td width=\"88\">60\u00d7 2<\/td>\n<\/tr>\n<tr>\n<td width=\"148\">\u0644\/\u062f<\/td>\n<td width=\"94\">28: 1<\/td>\n<td width=\"88\">28: 1<\/td>\n<td width=\"88\">28: 1<\/td>\n<\/tr>\n<tr>\n<td width=\"148\">\u0627\u0646\u062e\u0641\u0627\u0636 \u0642\u0637\u0631 \u0627\u0644\u0641\u064a\u0644\u0645 (\u0645\u0645)<\/td>\n<td width=\"94\">800<\/td>\n<td width=\"88\">1000<\/td>\n<td width=\"88\">1200<\/td>\n<\/tr>\n<tr>\n<td width=\"148\">\u0648\u062c\u0647 \u0648\u0627\u062d\u062f \u0633\u0645\u0627\u0643\u0629 \u0627\u0644\u0641\u064a\u0644\u0645 (\u0645\u0645)<\/td>\n<td width=\"94\">0.015-0.10<\/td>\n<td width=\"88\">0.015-0.10<\/td>\n<td width=\"88\">0.015-0.10<\/td>\n<\/tr>\n<tr>\n<td width=\"148\">\u0627\u0644\u062d\u062f \u0627\u0644\u0623\u0642\u0635\u0649. \u0627\u0644\u0625\u062e\u0631\u0627\u062c (\u0643\u062c\u0645\/\u0633\u0627\u0639\u0629)<\/td>\n<td width=\"94\">40<\/td>\n<td width=\"88\">65<\/td>\n<td width=\"88\">80<\/td>\n<\/tr>\n<tr>\n<td width=\"148\">\u0642\u0648\u0629 \u0627\u0644\u0645\u062d\u0631\u0643 \u0627\u0644\u0631\u0626\u064a\u0633\u064a (\u0643\u064a\u0644\u0648\u0648\u0627\u0637)<\/td>\n<td width=\"94\">11\u00d7 2<\/td>\n<td width=\"88\">15\u00d7 2<\/td>\n<td width=\"88\">18.5\u00d7 2<\/td>\n<\/tr>\n<tr>\n<td width=\"148\">\u0637\u0627\u0642\u0629 \u0627\u0644\u062a\u062f\u0641\u0626\u0629 (\u0643\u064a\u0644\u0648\u0648\u0627\u0637)<\/td>\n<td width=\"94\">26<\/td>\n<td width=\"88\">30<\/td>\n<td width=\"88\">42<\/td>\n<\/tr>\n<tr>\n<td width=\"148\">\u0642\u0637\u0631 \u0627\u0644\u0645\u062e\u0637\u0637 (\u0627\u0644\u0637\u0648\u0644 \u00d7 \u0627\u0644\u0639\u0631\u0636 \u00d7 \u0627\u0644\u0627\u0631\u062a\u0641\u0627\u0639) (\u0645\u0645)<\/td>\n<td width=\"94\">4200\u00d7 2200\u00d7 4000<\/td>\n<td width=\"88\">4600\u00d7 2400\u00d7 4600<\/td>\n<td width=\"88\">5000\u00d7 2800\u00d7 5000<\/td>\n<\/tr>\n<tr>\n<td width=\"148\">\u0627\u0644\u0648\u0632\u0646 (\u0631)<\/td>\n<td width=\"94\">4<\/td>\n<td width=\"88\">5<\/td>\n<td width=\"88\">6<\/td>\n<\/tr>\n<\/tbody>\n<\/table>\n<p><strong><b>\u0627\u0644\u0623\u0633\u0626\u0644\u0629 \u0627\u0644\u0634\u0627\u0626\u0639\u0629:<\/b><\/strong><\/p>\n<p>1- \u0645\u0627\u0630\u0627 \u0639\u0646 \u0636\u0645\u0627\u0646 \u0645\u0646\u062a\u062c\u0627\u062a\u0643 \u061f<br \/>\n\u0633\u064a\u062a\u0645 \u062a\u0642\u062f\u064a\u0645 \u0636\u0645\u0627\u0646 \u0644\u0645\u062f\u0629 \u0633\u0646\u0629 \u0648\u0627\u062d\u062f\u0629 (12 \u0634\u0647\u0631\u064b\u0627) \u0645\u0646 \u062a\u0627\u0631\u064a\u062e \u0648\u0635\u0648\u0644 \u0627\u0644\u062d\u0627\u0648\u064a\u0629 \u0625\u0644\u0649 \u0645\u0635\u0646\u0639 \u0627\u0644\u0639\u0645\u0644\u0627\u0621\u060c \u0648\u0625\u0630\u0627 \u062a\u0639\u0637\u0644\u062a \u0623\u062c\u0632\u0627\u0621 \u0627\u0644\u0645\u0627\u0643\u064a\u0646\u0629 \u0628\u0633\u0628\u0628 \u0645\u0634\u0643\u0644\u0629 \u0641\u064a \u0627\u0644\u062c\u0648\u062f\u0629 \u062e\u0644\u0627\u0644 \u0641\u062a\u0631\u0629 \u0627\u0644\u0636\u0645\u0627\u0646\u060c \u0641\u0633\u0646\u0631\u0633\u0644 \u062c\u0632\u0621\u064b\u0627 \u062c\u062f\u064a\u062f\u064b\u0627 \u0645\u062c\u0627\u0646\u064b\u0627 (\u0623\u064a \u0633\u0648\u0621 \u0627\u0633\u062a\u062e\u062f\u0627\u0645 \u0623\u0648 \u0625\u062a\u0644\u0627\u0641 \u0645\u0635\u0637\u0646\u0639 \u0645\u0633\u0628\u0642\u064b\u0627 \u063a\u064a\u0631 \u0645\u0634\u0645\u0648\u0644 \u0636\u0645\u0646 \u062d\u062f\u0648\u062f \u0636\u0645\u0627\u0646 \u0627\u0644\u062c\u0648\u062f\u0629).<\/p>\n<p>2- \u0645\u0627 \u0647\u064a \u0634\u0631\u0648\u0637 \u0627\u0644\u062f\u0641\u0639 \u0648\u0627\u0644\u062a\u0633\u0644\u064a\u0645 \u0644\u062f\u064a\u0643\u0645\u061f<br \/>\n\u0645\u062f\u0629 \u0627\u0644\u0633\u062f\u0627\u062f:<br \/>\n1) T \/ T\u060c 30% \u0643\u062f\u0641\u0639\u0629 \u0645\u0633\u0628\u0642\u0629\u060c 70% \u0642\u0628\u0644 \u0627\u0644\u062a\u0633\u0644\u064a\u0645<br \/>\n2) \u062e\u0637\u0627\u0628 \u0627\u0644\u0627\u0639\u062a\u0645\u0627\u062f\u060c 30% \u0639\u0646 \u0637\u0631\u064a\u0642 T\/T\u060c 70% \u0643\u062e\u0637\u0627\u0628 \u0627\u0639\u062a\u0645\u0627\u062f \u0639\u0646\u062f \u0627\u0644\u0627\u0637\u0644\u0627\u0639<br \/>\n\u0648\u0642\u062a \u0627\u0644\u062a\u0633\u0644\u064a\u0645: \u0633\u064a\u0643\u0648\u0646 \u0627\u0644\u062a\u0633\u0644\u064a\u0645 \u0627\u0644\u0642\u064a\u0627\u0633\u064a \u062e\u0644\u0627\u0644 30-40 \u064a\u0648\u0645 \u0639\u0645\u0644<\/p>\n<p>3- \u0645\u0627 \u0627\u0644\u062f\u0639\u0645 \u0627\u0644\u0641\u0646\u064a \u0627\u0644\u0630\u064a \u064a\u0645\u0643\u0646\u0646\u0627 \u0627\u0644\u062d\u0635\u0648\u0644 \u0639\u0644\u064a\u0647 \u0641\u064a \u062d\u0627\u0644\u0629 \u0637\u0644\u0628 \u0627\u0644\u0645\u0627\u0643\u064a\u0646\u0627\u062a\u061f<br \/>\n\u064a\u0645\u0643\u0646\u0646\u0627 \u062a\u0648\u0641\u064a\u0631 \u0631\u0633\u0648\u0645\u0627\u062a \u0627\u0644\u062a\u062b\u0628\u064a\u062a\u060c \u0648\u062a\u0639\u0644\u064a\u0645\u0627\u062a \u0627\u0644\u062a\u0634\u063a\u064a\u0644 \u0627\u0644\u0623\u0633\u0627\u0633\u064a\u0629\u060c \u0648\u0634\u0631\u062d \u0627\u0644\u062a\u0634\u063a\u064a\u0644 \u0645\u0646 \u062e\u0644\u0627\u0644 \u0627\u0644\u0641\u064a\u062f\u064a\u0648 \u0648\u0627\u0644\u0635\u0648\u0631\u060c \u0648\u0627\u0644\u0627\u062a\u0635\u0627\u0644 \u0639\u0628\u0631 \u0627\u0644\u0625\u0646\u062a\u0631\u0646\u062a \u0644\u0644\u062d\u0635\u0648\u0644 \u0639\u0644\u0649 \u0627\u0644\u062f\u0639\u0645 \u0627\u0644\u0641\u0646\u064a \u0625\u0630\u0627 \u0644\u0632\u0645 \u0627\u0644\u0623\u0645\u0631.<\/p>","protected":false},"excerpt":{"rendered":"<p>Product Description: The\u00a0production line of AB two-layer co-extrusion blown film machines produced by our company is suitable for blowing high-density polyethylene, low-density polyethylene and linear low-density polyethylene. The products are widely used in Mulch film,agricultural film, flexible packaging film. Main Technical Parameters: Model WX-AB50\/800 WX-AB55\/1000 WX-AB60\/1200 Diameter of screw 50\u00d7 2 55\u00d7 2 60\u00d7 2 [&hellip;]<\/p>","protected":false},"featured_media":2898,"comment_status":"open","ping_status":"closed","template":"","meta":{"site-sidebar-layout":"default","site-content-layout":"","ast-site-content-layout":"default","site-content-style":"default","site-sidebar-style":"default","ast-global-header-display":"","ast-banner-title-visibility":"","ast-main-header-display":"","ast-hfb-above-header-display":"","ast-hfb-below-header-display":"","ast-hfb-mobile-header-display":"","site-post-title":"","ast-breadcrumbs-content":"","ast-featured-img":"","footer-sml-layout":"","theme-transparent-header-meta":"default","adv-header-id-meta":"","stick-header-meta":"","header-above-stick-meta":"","header-main-stick-meta":"","header-below-stick-meta":"","astra-migrate-meta-layouts":"set","ast-page-background-enabled":"default","ast-page-background-meta":{"desktop":{"background-color":"","background-image":"","background-repeat":"repeat","background-position":"center center","background-size":"auto","background-attachment":"scroll","background-type":"","background-media":"","overlay-type":"","overlay-color":"","overlay-gradient":""},"tablet":{"background-color":"","background-image":"","background-repeat":"repeat","background-position":"center center","background-size":"auto","background-attachment":"scroll","background-type":"","background-media":"","overlay-type":"","overlay-color":"","overlay-gradient":""},"mobile":{"background-color":"","background-image":"","background-repeat":"repeat","background-position":"center center","background-size":"auto","background-attachment":"scroll","background-type":"","background-media":"","overlay-type":"","overlay-color":"","overlay-gradient":""}},"ast-content-background-meta":{"desktop":{"background-color":"var(--ast-global-color-5)","background-image":"","background-repeat":"repeat","background-position":"center center","background-size":"auto","background-attachment":"scroll","background-type":"","background-media":"","overlay-type":"","overlay-color":"","overlay-gradient":""},"tablet":{"background-color":"var(--ast-global-color-5)","background-image":"","background-repeat":"repeat","background-position":"center center","background-size":"auto","background-attachment":"scroll","background-type":"","background-media":"","overlay-type":"","overlay-color":"","overlay-gradient":""},"mobile":{"background-color":"var(--ast-global-color-5)","background-image":"","background-repeat":"repeat","background-position":"center center","background-size":"auto","background-attachment":"scroll","background-type":"","background-media":"","overlay-type":"","overlay-color":"","overlay-gradient":""}}},"product_cat":[23,126,129],"product_tag":[],"jetpack_sharing_enabled":true,"_links":{"self":[{"href":"https:\/\/wxplastmachine.com\/ar\/wp-json\/wp\/v2\/product\/2661"}],"collection":[{"href":"https:\/\/wxplastmachine.com\/ar\/wp-json\/wp\/v2\/product"}],"about":[{"href":"https:\/\/wxplastmachine.com\/ar\/wp-json\/wp\/v2\/types\/product"}],"replies":[{"embeddable":true,"href":"https:\/\/wxplastmachine.com\/ar\/wp-json\/wp\/v2\/comments?post=2661"}],"wp:featuredmedia":[{"embeddable":true,"href":"https:\/\/wxplastmachine.com\/ar\/wp-json\/wp\/v2\/media\/2898"}],"wp:attachment":[{"href":"https:\/\/wxplastmachine.com\/ar\/wp-json\/wp\/v2\/media?parent=2661"}],"wp:term":[{"taxonomy":"product_cat","embeddable":true,"href":"https:\/\/wxplastmachine.com\/ar\/wp-json\/wp\/v2\/product_cat?post=2661"},{"taxonomy":"product_tag","embeddable":true,"href":"https:\/\/wxplastmachine.com\/ar\/wp-json\/wp\/v2\/product_tag?post=2661"}],"curies":[{"name":"wp","href":"https:\/\/api.w.org\/{rel}","templated":true}]}}