{"id":2651,"date":"2024-07-16T10:34:43","date_gmt":"2024-07-16T02:34:43","guid":{"rendered":"https:\/\/wxplastmachine.com\/?post_type=product&#038;p=2651"},"modified":"2024-08-03T00:21:22","modified_gmt":"2024-08-02T16:21:22","slug":"wx-dh65-75-double-die-head-film-blowing-machine-plastic-packaging-film-machine","status":"publish","type":"product","link":"https:\/\/wxplastmachine.com\/es\/producto\/wx-dh65-75-double-die-head-film-blowing-machine-plastic-packaging-film-machine","title":{"rendered":"M\u00e1quina de film soplado de doble cabezal WX-DH65\/75 M\u00e1quina de film pl\u00e1stico para embalaje"},"content":{"rendered":"<h2><strong><b>Descripci\u00f3n del producto<\/b><\/strong><strong><b>:<\/b><\/strong><\/h2>\n<p>Product Name\uff1aWX-DH65\/75 M\u00e1quina sopladora de film de doble cabezal<\/p>\n<p>Modelo:WX-DH65\/75<br \/>\nAncho de pel\u00edcula\uff1a200-800mm<\/p>\n<p><strong><b>\u00a0<\/b><\/strong><\/p>\n<p><strong><b>Principales par\u00e1metros t\u00e9cnicos\uff1a<\/b><\/strong><\/p>\n<table>\n<tbody>\n<tr>\n<td width=\"34.0600%\">Modelo<\/td>\n<td width=\"33.6200%\">WX-DH65<\/td>\n<td width=\"32.3000%\">\u00a0WX-DH75<\/td>\n<\/tr>\n<tr>\n<td width=\"34.0600%\">Anchura de la pel\u00edcula<\/td>\n<td width=\"33.6200%\">200-600mm<\/td>\n<td width=\"32.3000%\">300-800 mm<\/td>\n<\/tr>\n<tr>\n<td width=\"34.0600%\">Espesor de la pel\u00edcula<\/td>\n<td colspan=\"2\" width=\"65.9200%\">0,008-0,1 mm<\/td>\n<\/tr>\n<tr>\n<td width=\"34.0600%\">Material adecuado<\/td>\n<td colspan=\"2\" width=\"65.9200%\">HDPE\/LDPE\/LLDPE<\/td>\n<\/tr>\n<tr>\n<td width=\"34.0600%\">Extrusi\u00f3n m\u00e1x.<\/td>\n<td width=\"33.6200%\">80 kg\/h<\/td>\n<td width=\"32.3000%\">90kh\/h<\/td>\n<\/tr>\n<tr>\n<td width=\"34.0600%\">Di\u00e1metro del tornillo<\/td>\n<td width=\"33.6200%\">65 mm<\/td>\n<td width=\"32.3000%\">\u00a075 mm<\/td>\n<\/tr>\n<tr>\n<td width=\"34.0600%\">Motor principal<\/td>\n<td width=\"33.6200%\">37kw<\/td>\n<td width=\"32.3000%\">45kw<\/td>\n<\/tr>\n<tr>\n<td width=\"34.0600%\">Anillo de aire<\/td>\n<td width=\"33.6200%\">620mm*2<\/td>\n<td width=\"32.3000%\">780 mm*2<\/td>\n<\/tr>\n<tr>\n<td width=\"34.0600%\">Tama\u00f1o del troquel<\/td>\n<td width=\"33.6200%\">60\/120 mm<\/td>\n<td width=\"32.3000%\">80 \/150mm<\/td>\n<\/tr>\n<tr>\n<td width=\"34.0600%\">Soplador de aire<\/td>\n<td width=\"33.6200%\">3kw*2<\/td>\n<td width=\"32.3000%\">3,7 kW*2<\/td>\n<\/tr>\n<tr>\n<td width=\"34.0600%\">Anchura del rodillo<\/td>\n<td width=\"33.6200%\">700 mm<\/td>\n<td width=\"32.3000%\">900 mm<\/td>\n<\/tr>\n<tr>\n<td width=\"34.0600%\">Tama\u00f1o de la m\u00e1quina<\/td>\n<td width=\"33.6200%\">4,8m*2,5m*4,3m<\/td>\n<td width=\"32.3000%\">5,2 m*3,0 m*4,5 m<\/td>\n<\/tr>\n<tr>\n<td width=\"34.0600%\">Peso de la m\u00e1quina<\/td>\n<td width=\"33.6200%\">3000kg<\/td>\n<td width=\"32.3000%\">4000kg<\/td>\n<\/tr>\n<\/tbody>\n<\/table>\n<p><strong><b>\u00a0<\/b><\/strong><\/p>\n<p><strong><b>PREGUNTAS FRECUENTES:<\/b><\/strong><\/p>\n<p>1. \u00bfCu\u00e1l es la garant\u00eda de sus productos?<br \/>\nSi las piezas de la m\u00e1quina se rompen debido a problemas de calidad dentro del per\u00edodo de garant\u00eda, le enviaremos una nueva pieza de forma gratuita (cualquier mal uso artificial o destory prepensely no est\u00e1 incluido dentro de la limitaci\u00f3n de Garant\u00eda de Calidad).<\/p>\n<p>2.\u00bfCu\u00e1les son sus condiciones de pago y entrega?<br \/>\nPlazo de pago:<br \/>\n1) T\/T, 30% como prepago ,70% antes de la entrega<br \/>\n2) L\/C, 30% por T\/T ,70% como L\/C a la vista<br \/>\nPlazo de entrega: Est\u00e1ndar ser\u00e1 en 30-40 d\u00edas laborables<\/p>\n<p>3. \u00bfQu\u00e9 asistencia t\u00e9cnica podemos obtener si encargamos m\u00e1quinas?<br \/>\nPodemos proporcionar planos de instalaci\u00f3n, instrucciones b\u00e1sicas de funcionamiento, explicaci\u00f3n de funcionamiento mediante v\u00eddeo y fotos, videollamada en l\u00ednea para asistencia t\u00e9cnica si es necesario.<\/p>","protected":false},"excerpt":{"rendered":"<p>Product Description: Product Name\uff1aWX-DH65\/75 Double die head film blowing machine Model:WX-DH65\/75 Film Width\uff1a200-800mm \u00a0 Main Technical Parameters\uff1a Model WX-DH65 \u00a0WX-DH75 Film width 200-600mm 300-800mm Film thickness 0.008-0.1mm Suitable material HDPE\/LDPE\/LLDPE Max.Extrusion 80kg\/h 90kh\/h Screw diameter 65mm \u00a075mm Main motor 37kw 45kw Air ring 620mm*2 780mm*2 Die size 60\/120mm 80 \/150mm Air blower 3kw*2 3.7kw*2 Roller [&hellip;]<\/p>","protected":false},"featured_media":2938,"comment_status":"open","ping_status":"closed","template":"","meta":{"site-sidebar-layout":"default","site-content-layout":"","ast-site-content-layout":"default","site-content-style":"default","site-sidebar-style":"default","ast-global-header-display":"","ast-banner-title-visibility":"","ast-main-header-display":"","ast-hfb-above-header-display":"","ast-hfb-below-header-display":"","ast-hfb-mobile-header-display":"","site-post-title":"","ast-breadcrumbs-content":"","ast-featured-img":"","footer-sml-layout":"","theme-transparent-header-meta":"default","adv-header-id-meta":"","stick-header-meta":"","header-above-stick-meta":"","header-main-stick-meta":"","header-below-stick-meta":"","astra-migrate-meta-layouts":"set","ast-page-background-enabled":"default","ast-page-background-meta":{"desktop":{"background-color":"","background-image":"","background-repeat":"repeat","background-position":"center center","background-size":"auto","background-attachment":"scroll","background-type":"","background-media":"","overlay-type":"","overlay-color":"","overlay-gradient":""},"tablet":{"background-color":"","background-image":"","background-repeat":"repeat","background-position":"center center","background-size":"auto","background-attachment":"scroll","background-type":"","background-media":"","overlay-type":"","overlay-color":"","overlay-gradient":""},"mobile":{"background-color":"","background-image":"","background-repeat":"repeat","background-position":"center center","background-size":"auto","background-attachment":"scroll","background-type":"","background-media":"","overlay-type":"","overlay-color":"","overlay-gradient":""}},"ast-content-background-meta":{"desktop":{"background-color":"var(--ast-global-color-5)","background-image":"","background-repeat":"repeat","background-position":"center center","background-size":"auto","background-attachment":"scroll","background-type":"","background-media":"","overlay-type":"","overlay-color":"","overlay-gradient":""},"tablet":{"background-color":"var(--ast-global-color-5)","background-image":"","background-repeat":"repeat","background-position":"center center","background-size":"auto","background-attachment":"scroll","background-type":"","background-media":"","overlay-type":"","overlay-color":"","overlay-gradient":""},"mobile":{"background-color":"var(--ast-global-color-5)","background-image":"","background-repeat":"repeat","background-position":"center center","background-size":"auto","background-attachment":"scroll","background-type":"","background-media":"","overlay-type":"","overlay-color":"","overlay-gradient":""}}},"product_cat":[23,126,128],"product_tag":[],"jetpack_sharing_enabled":true,"_links":{"self":[{"href":"https:\/\/wxplastmachine.com\/es\/wp-json\/wp\/v2\/product\/2651"}],"collection":[{"href":"https:\/\/wxplastmachine.com\/es\/wp-json\/wp\/v2\/product"}],"about":[{"href":"https:\/\/wxplastmachine.com\/es\/wp-json\/wp\/v2\/types\/product"}],"replies":[{"embeddable":true,"href":"https:\/\/wxplastmachine.com\/es\/wp-json\/wp\/v2\/comments?post=2651"}],"wp:featuredmedia":[{"embeddable":true,"href":"https:\/\/wxplastmachine.com\/es\/wp-json\/wp\/v2\/media\/2938"}],"wp:attachment":[{"href":"https:\/\/wxplastmachine.com\/es\/wp-json\/wp\/v2\/media?parent=2651"}],"wp:term":[{"taxonomy":"product_cat","embeddable":true,"href":"https:\/\/wxplastmachine.com\/es\/wp-json\/wp\/v2\/product_cat?post=2651"},{"taxonomy":"product_tag","embeddable":true,"href":"https:\/\/wxplastmachine.com\/es\/wp-json\/wp\/v2\/product_tag?post=2651"}],"curies":[{"name":"wp","href":"https:\/\/api.w.org\/{rel}","templated":true}]}}