{"id":2653,"date":"2024-07-16T10:36:26","date_gmt":"2024-07-16T02:36:26","guid":{"rendered":"https:\/\/wxplastmachine.com\/?post_type=product&#038;p=2653"},"modified":"2024-08-03T00:18:04","modified_gmt":"2024-08-02T16:18:04","slug":"wx-sl75-100-110-120-pe-film-blowing-machine-plastic-packaging-film-machine","status":"publish","type":"product","link":"https:\/\/wxplastmachine.com\/es\/producto\/wx-sl75-100-110-120-pe-film-blowing-machine-plastic-packaging-film-machine","title":{"rendered":"M\u00e1quina de film soplado PE WX-SL75\/100\/110\/120 M\u00e1quina de film pl\u00e1stico para embalaje"},"content":{"rendered":"<h2><strong><b>Descripci\u00f3n del producto<\/b><\/strong><strong><b>:<\/b><\/strong><\/h2>\n<p>M\u00e1quina sopladora de film PE WX-SL75\/100\/110\/120<\/p>\n<p>Esta m\u00e1quina se utiliza para el soplado de HDPE LDPE LLDPE pel\u00edcula. Los productos son ampliamente utilizados en la pel\u00edcula compuesta, pel\u00edcula de embalaje, pel\u00edcula agr\u00edcola y etc. M\u00e1quina utiliza un estante robusto para asegurar el soplado estable de la pel\u00edcula cuando se ejecuta.<br \/>\nEl cabezal giratorio y el dise\u00f1o de doble anillo de aire pueden hacer que el grosor de la burbuja sea estable y suave.<\/p>\n<p><strong><b>Principales par\u00e1metros t\u00e9cnicos\uff1a<\/b><\/strong><\/p>\n<table>\n<tbody>\n<tr>\n<td width=\"89\">Modelo<\/td>\n<td width=\"87\">WX-SL75<\/td>\n<td width=\"86\">WX-SL100<\/td>\n<td width=\"81\">WX-SL110<\/td>\n<td width=\"77\">WX-SL120<\/td>\n<\/tr>\n<tr>\n<td width=\"89\">Materia prima<\/td>\n<td colspan=\"4\" width=\"332\">HDPE\/LDPE\/LLDPE<\/td>\n<\/tr>\n<tr>\n<td width=\"89\">Anchura de la pel\u00edcula<\/td>\n<td width=\"87\">800-1500 mm<\/td>\n<td width=\"86\">1000-2000mm<\/td>\n<td width=\"81\">1500-2500 mm<\/td>\n<td width=\"77\">2000-3000 mm<\/td>\n<\/tr>\n<tr>\n<td width=\"89\">Espesor de la pel\u00edcula<\/td>\n<td colspan=\"4\" width=\"332\">0,01-0,1 mm<\/td>\n<\/tr>\n<tr>\n<td width=\"89\">Capacidad m\u00e1xima<\/td>\n<td width=\"87\">100 kg\/h<\/td>\n<td width=\"86\">150 kg\/h<\/td>\n<td width=\"81\">200 kg\/h<\/td>\n<td width=\"77\">250 kg\/h<\/td>\n<\/tr>\n<tr>\n<td width=\"89\">Di\u00e1metro del tornillo<\/td>\n<td width=\"87\">75 mm<\/td>\n<td width=\"86\">100 mm<\/td>\n<td width=\"81\">110 mm<\/td>\n<td width=\"77\">120 mm<\/td>\n<\/tr>\n<tr>\n<td width=\"89\">Motor principal<\/td>\n<td width=\"87\">37kw<\/td>\n<td width=\"86\">55kw<\/td>\n<td width=\"81\">75kw<\/td>\n<td width=\"77\">90kw<\/td>\n<\/tr>\n<tr>\n<td width=\"89\">Caja de cambios<\/td>\n<td width=\"87\">#200<\/td>\n<td width=\"86\">#225<\/td>\n<td width=\"81\">#250<\/td>\n<td width=\"77\">#280<\/td>\n<\/tr>\n<tr>\n<td width=\"89\">Di\u00e1metro del cabezal<\/td>\n<td width=\"87\">350 mm<\/td>\n<td width=\"86\">500 mm<\/td>\n<td width=\"81\">600 mm<\/td>\n<td width=\"77\">800 mm<\/td>\n<\/tr>\n<tr>\n<td width=\"89\">Soplador de aire<\/td>\n<td width=\"87\">5,5 kW<\/td>\n<td width=\"86\">7,5 kW<\/td>\n<td width=\"81\">11kw<\/td>\n<td width=\"77\">15kw<\/td>\n<\/tr>\n<tr>\n<td width=\"89\">Tama\u00f1o de la m\u00e1quina<\/td>\n<td width=\"87\">7,0m*3,2m*6,4m<\/td>\n<td width=\"86\">8,0m*3,8m*8,6m<\/td>\n<td width=\"81\">9,0m*4,5m*11m<\/td>\n<td width=\"77\">11m*5,5m*12m<\/td>\n<\/tr>\n<tr>\n<td width=\"89\">Peso de la m\u00e1quina<\/td>\n<td width=\"87\">3,5 toneladas<\/td>\n<td width=\"86\">5ton<\/td>\n<td width=\"81\">6,5 toneladas<\/td>\n<td width=\"77\">8ton<\/td>\n<\/tr>\n<\/tbody>\n<\/table>\n<p>&nbsp;<\/p>\n<p><strong><b>PREGUNTAS FRECUENTES:<\/b><\/strong><\/p>\n<p>1. \u00bfCu\u00e1l es la garant\u00eda de sus productos?<br \/>\nSi las piezas de la m\u00e1quina se rompen debido a problemas de calidad dentro del per\u00edodo de garant\u00eda, le enviaremos una nueva pieza de forma gratuita (cualquier mal uso artificial o destory prepensely no est\u00e1 incluido dentro de la limitaci\u00f3n de Garant\u00eda de Calidad).<\/p>\n<p>2.\u00bfCu\u00e1les son sus condiciones de pago y entrega?<br \/>\nPlazo de pago:<br \/>\n1) T\/T, 30% como prepago ,70% antes de la entrega<br \/>\n2) L\/C, 30% por T\/T ,70% como L\/C a la vista<br \/>\nPlazo de entrega: Est\u00e1ndar ser\u00e1 en 30-40 d\u00edas laborables<\/p>\n<p>3. \u00bfQu\u00e9 asistencia t\u00e9cnica podemos obtener si encargamos m\u00e1quinas?<br \/>\nPodemos proporcionar planos de instalaci\u00f3n, instrucciones b\u00e1sicas de funcionamiento, explicaci\u00f3n de funcionamiento mediante v\u00eddeo y fotos, videollamada en l\u00ednea para asistencia t\u00e9cnica si es necesario.<\/p>","protected":false},"excerpt":{"rendered":"<p>Product Description: WX-SL75\/100\/110\/120 PE film blowing machine This machine is used for blowing HDPE LDPE LLDPE film. Products are widely used in compound film, packaging film, agricultural film\u00a0and\u00a0etc. Machine uses a sturdy shelf to ensure stable blowing of the film when running. Rotating die head &amp; double air ring design can make the thickness of [&hellip;]<\/p>","protected":false},"featured_media":2940,"comment_status":"open","ping_status":"closed","template":"","meta":{"site-sidebar-layout":"default","site-content-layout":"","ast-site-content-layout":"default","site-content-style":"default","site-sidebar-style":"default","ast-global-header-display":"","ast-banner-title-visibility":"","ast-main-header-display":"","ast-hfb-above-header-display":"","ast-hfb-below-header-display":"","ast-hfb-mobile-header-display":"","site-post-title":"","ast-breadcrumbs-content":"","ast-featured-img":"","footer-sml-layout":"","theme-transparent-header-meta":"default","adv-header-id-meta":"","stick-header-meta":"","header-above-stick-meta":"","header-main-stick-meta":"","header-below-stick-meta":"","astra-migrate-meta-layouts":"set","ast-page-background-enabled":"default","ast-page-background-meta":{"desktop":{"background-color":"","background-image":"","background-repeat":"repeat","background-position":"center center","background-size":"auto","background-attachment":"scroll","background-type":"","background-media":"","overlay-type":"","overlay-color":"","overlay-gradient":""},"tablet":{"background-color":"","background-image":"","background-repeat":"repeat","background-position":"center center","background-size":"auto","background-attachment":"scroll","background-type":"","background-media":"","overlay-type":"","overlay-color":"","overlay-gradient":""},"mobile":{"background-color":"","background-image":"","background-repeat":"repeat","background-position":"center center","background-size":"auto","background-attachment":"scroll","background-type":"","background-media":"","overlay-type":"","overlay-color":"","overlay-gradient":""}},"ast-content-background-meta":{"desktop":{"background-color":"var(--ast-global-color-5)","background-image":"","background-repeat":"repeat","background-position":"center center","background-size":"auto","background-attachment":"scroll","background-type":"","background-media":"","overlay-type":"","overlay-color":"","overlay-gradient":""},"tablet":{"background-color":"var(--ast-global-color-5)","background-image":"","background-repeat":"repeat","background-position":"center center","background-size":"auto","background-attachment":"scroll","background-type":"","background-media":"","overlay-type":"","overlay-color":"","overlay-gradient":""},"mobile":{"background-color":"var(--ast-global-color-5)","background-image":"","background-repeat":"repeat","background-position":"center center","background-size":"auto","background-attachment":"scroll","background-type":"","background-media":"","overlay-type":"","overlay-color":"","overlay-gradient":""}}},"product_cat":[23,126,128],"product_tag":[],"jetpack_sharing_enabled":true,"_links":{"self":[{"href":"https:\/\/wxplastmachine.com\/es\/wp-json\/wp\/v2\/product\/2653"}],"collection":[{"href":"https:\/\/wxplastmachine.com\/es\/wp-json\/wp\/v2\/product"}],"about":[{"href":"https:\/\/wxplastmachine.com\/es\/wp-json\/wp\/v2\/types\/product"}],"replies":[{"embeddable":true,"href":"https:\/\/wxplastmachine.com\/es\/wp-json\/wp\/v2\/comments?post=2653"}],"wp:featuredmedia":[{"embeddable":true,"href":"https:\/\/wxplastmachine.com\/es\/wp-json\/wp\/v2\/media\/2940"}],"wp:attachment":[{"href":"https:\/\/wxplastmachine.com\/es\/wp-json\/wp\/v2\/media?parent=2653"}],"wp:term":[{"taxonomy":"product_cat","embeddable":true,"href":"https:\/\/wxplastmachine.com\/es\/wp-json\/wp\/v2\/product_cat?post=2653"},{"taxonomy":"product_tag","embeddable":true,"href":"https:\/\/wxplastmachine.com\/es\/wp-json\/wp\/v2\/product_tag?post=2653"}],"curies":[{"name":"wp","href":"https:\/\/api.w.org\/{rel}","templated":true}]}}