{"id":2660,"date":"2024-07-16T10:43:34","date_gmt":"2024-07-16T02:43:34","guid":{"rendered":"https:\/\/wxplastmachine.com\/?post_type=product&#038;p=2660"},"modified":"2024-08-02T10:35:01","modified_gmt":"2024-08-02T02:35:01","slug":"wx-dc452-502-double-color-stripped-film-blowing-machine","status":"publish","type":"product","link":"https:\/\/wxplastmachine.com\/es\/producto\/wx-dc452-502-double-color-stripped-film-blowing-machine","title":{"rendered":"M\u00e1quina de film soplado de doble color WX-DC45*2\/50*2"},"content":{"rendered":"<p><strong><b>Informaci\u00f3n sobre el producto:<\/b><\/strong><br \/>\nModelo\uff1aWX-DC45*2\/50*2<br \/>\nNombre del Producto\uff1aM\u00e1quina de soplado de film de doble color en tiras.<br \/>\nAncho de pel\u00edcula\uff1a100-800mm<\/p>\n<p><strong><b>Introducci\u00f3n\uff1a<\/b><\/strong><br \/>\nEsta m\u00e1quina se utiliza para el soplado de HDPE LDPE LLDPE pel\u00edcula. Los productos son ampliamente utilizados en la pel\u00edcula compuesta, pel\u00edcula de embalaje, pel\u00edcula agr\u00edcola, farbrics, bolsa de tela y etc. El motor principal est\u00e1 equipado con inversor para ajustar la velocidad y aumentar la estabilidad. Adem\u00e1s, esta m\u00e1quina puede ahorrar 30% de electricidad en comparaci\u00f3n con las m\u00e1quinas normales. Los tornillos y barriles est\u00e1n hechos de aluminio de cromo molibdeno 38 con tratamiento de nitruraci\u00f3n. La unidad de tracci\u00f3n es flexible con la ayuda de tracci\u00f3n hacia arriba y hacia abajo, haciendo un mejor efecto de enfriamiento en el soplado de la pel\u00edcula.<\/p>\n<p>&nbsp;<\/p>\n<p><strong><b>Principales par\u00e1metros t\u00e9cnicos:<\/b><\/strong><\/p>\n<table>\n<tbody>\n<tr>\n<td width=\"29.3800%\">Modelo<\/td>\n<td width=\"36.7800%\">WX-DC45*2<\/td>\n<td width=\"33.8000%\">WX-DC50*2<\/td>\n<\/tr>\n<tr>\n<td width=\"29.3800%\">Material adecuado<\/td>\n<td colspan=\"2\" width=\"70.6000%\">HDPE\/LDPE\/LLDPE\/Materiales biodegradables<\/td>\n<\/tr>\n<tr>\n<td width=\"29.3800%\">Anchura de la pel\u00edcula<\/td>\n<td width=\"36.7800%\">200-600mm<\/td>\n<td width=\"33.8000%\">300-800 mm<\/td>\n<\/tr>\n<tr>\n<td width=\"29.3800%\">Espesor de la pel\u00edcula<\/td>\n<td colspan=\"2\" width=\"70.6000%\">0,008-0,1 mm<\/td>\n<\/tr>\n<tr>\n<td width=\"29.3800%\">N\u00famero de colores<\/td>\n<td colspan=\"2\" width=\"70.6000%\">Doble color<\/td>\n<\/tr>\n<tr>\n<td width=\"29.3800%\">Capacidad<\/td>\n<td width=\"36.7800%\">40 kg\/h<\/td>\n<td width=\"33.8000%\">50 kg\/h<\/td>\n<\/tr>\n<tr>\n<td width=\"29.3800%\">Di\u00e1metro del tornillo<\/td>\n<td width=\"36.7800%\">45*2mm<\/td>\n<td width=\"33.8000%\">50*2mm<\/td>\n<\/tr>\n<tr>\n<td width=\"29.3800%\">Motor principal<\/td>\n<td width=\"36.7800%\">11*2kw<\/td>\n<td width=\"33.8000%\">15*2kw<\/td>\n<\/tr>\n<tr>\n<td width=\"29.3800%\">Tama\u00f1o del troquel<\/td>\n<td width=\"36.7800%\">60 mm<\/td>\n<td width=\"33.8000%\">80 mm<\/td>\n<\/tr>\n<tr>\n<td width=\"29.3800%\">Soplador de aire<\/td>\n<td width=\"36.7800%\">1,5 kW<\/td>\n<td width=\"33.8000%\">1,5 kW<\/td>\n<\/tr>\n<tr>\n<td width=\"29.3800%\">Anchura del rodillo<\/td>\n<td width=\"36.7800%\">700 mm<\/td>\n<td width=\"33.8000%\">900 mm<\/td>\n<\/tr>\n<tr>\n<td width=\"29.3800%\">Subir motor<\/td>\n<td width=\"36.7800%\">1,5 kW<\/td>\n<td width=\"33.8000%\">1,5 kW<\/td>\n<\/tr>\n<tr>\n<td width=\"29.3800%\">Motor rebobinador<\/td>\n<td width=\"36.7800%\">1,5 kW<\/td>\n<td width=\"33.8000%\">1,5 kW<\/td>\n<\/tr>\n<tr>\n<td width=\"29.3800%\">Tama\u00f1o de la m\u00e1quina<\/td>\n<td width=\"36.7800%\">4.8*1.9*4.1m<\/td>\n<td width=\"33.8000%\">5.5*21*4.3m<\/td>\n<\/tr>\n<tr>\n<td width=\"29.3800%\">Peso de la m\u00e1quina<\/td>\n<td width=\"36.7800%\">2,5 toneladas<\/td>\n<td width=\"33.8000%\">3.0 Ton<\/td>\n<\/tr>\n<tr>\n<td width=\"29.3800%\">Tensi\u00f3n<\/td>\n<td colspan=\"2\" width=\"70.6000%\">Trif\u00e1sico,380V\/50HZ (Puede ser personalizado)<\/td>\n<\/tr>\n<\/tbody>\n<\/table>\n<p>&nbsp;<\/p>\n<p><strong><b>PREGUNTAS FRECUENTES:<\/b><\/strong><\/p>\n<p>1. \u00bfCu\u00e1l es la garant\u00eda de sus productos?<br \/>\nSi las piezas de la m\u00e1quina se rompen debido a problemas de calidad dentro del per\u00edodo de garant\u00eda, le enviaremos una nueva pieza de forma gratuita (cualquier mal uso artificial o destory prepensely no est\u00e1 incluido dentro de la limitaci\u00f3n de Garant\u00eda de Calidad).<\/p>\n<p>2.\u00bfCu\u00e1les son sus condiciones de pago y entrega?<br \/>\nPlazo de pago:<br \/>\n1) T\/T, 30% como prepago ,70% antes de la entrega<br \/>\n2) L\/C, 30% por T\/T ,70% como L\/C a la vista<br \/>\nPlazo de entrega: Est\u00e1ndar ser\u00e1 en 30-40 d\u00edas laborables<\/p>\n<p>3. \u00bfQu\u00e9 asistencia t\u00e9cnica podemos obtener si encargamos m\u00e1quinas?<br \/>\nPodemos proporcionar planos de instalaci\u00f3n, instrucciones b\u00e1sicas de funcionamiento, explicaci\u00f3n de funcionamiento mediante v\u00eddeo y fotos, videollamada en l\u00ednea para asistencia t\u00e9cnica si es necesario.<\/p>","protected":false},"excerpt":{"rendered":"<p>Product Information: Model\uff1aWX-DC45*2\/50*2 Product Name\uff1aDouble Color Stripped Film Blowing Machine Film Width\uff1a100-800mm Introduction\uff1a This machine is used for blowing HDPE LDPE LLDPE film. Products are widely used in compound film, packaging film, agricultural film, farbrics, cloth bag and etc. The main motor is equipped with inverter to adjust speed and increase stability. Besides, this machine [&hellip;]<\/p>","protected":false},"featured_media":2921,"comment_status":"open","ping_status":"closed","template":"","meta":{"site-sidebar-layout":"default","site-content-layout":"","ast-site-content-layout":"default","site-content-style":"default","site-sidebar-style":"default","ast-global-header-display":"","ast-banner-title-visibility":"","ast-main-header-display":"","ast-hfb-above-header-display":"","ast-hfb-below-header-display":"","ast-hfb-mobile-header-display":"","site-post-title":"","ast-breadcrumbs-content":"","ast-featured-img":"","footer-sml-layout":"","theme-transparent-header-meta":"default","adv-header-id-meta":"","stick-header-meta":"","header-above-stick-meta":"","header-main-stick-meta":"","header-below-stick-meta":"","astra-migrate-meta-layouts":"set","ast-page-background-enabled":"default","ast-page-background-meta":{"desktop":{"background-color":"","background-image":"","background-repeat":"repeat","background-position":"center center","background-size":"auto","background-attachment":"scroll","background-type":"","background-media":"","overlay-type":"","overlay-color":"","overlay-gradient":""},"tablet":{"background-color":"","background-image":"","background-repeat":"repeat","background-position":"center center","background-size":"auto","background-attachment":"scroll","background-type":"","background-media":"","overlay-type":"","overlay-color":"","overlay-gradient":""},"mobile":{"background-color":"","background-image":"","background-repeat":"repeat","background-position":"center center","background-size":"auto","background-attachment":"scroll","background-type":"","background-media":"","overlay-type":"","overlay-color":"","overlay-gradient":""}},"ast-content-background-meta":{"desktop":{"background-color":"var(--ast-global-color-5)","background-image":"","background-repeat":"repeat","background-position":"center center","background-size":"auto","background-attachment":"scroll","background-type":"","background-media":"","overlay-type":"","overlay-color":"","overlay-gradient":""},"tablet":{"background-color":"var(--ast-global-color-5)","background-image":"","background-repeat":"repeat","background-position":"center center","background-size":"auto","background-attachment":"scroll","background-type":"","background-media":"","overlay-type":"","overlay-color":"","overlay-gradient":""},"mobile":{"background-color":"var(--ast-global-color-5)","background-image":"","background-repeat":"repeat","background-position":"center center","background-size":"auto","background-attachment":"scroll","background-type":"","background-media":"","overlay-type":"","overlay-color":"","overlay-gradient":""}}},"product_cat":[23,126,129],"product_tag":[],"jetpack_sharing_enabled":true,"_links":{"self":[{"href":"https:\/\/wxplastmachine.com\/es\/wp-json\/wp\/v2\/product\/2660"}],"collection":[{"href":"https:\/\/wxplastmachine.com\/es\/wp-json\/wp\/v2\/product"}],"about":[{"href":"https:\/\/wxplastmachine.com\/es\/wp-json\/wp\/v2\/types\/product"}],"replies":[{"embeddable":true,"href":"https:\/\/wxplastmachine.com\/es\/wp-json\/wp\/v2\/comments?post=2660"}],"wp:featuredmedia":[{"embeddable":true,"href":"https:\/\/wxplastmachine.com\/es\/wp-json\/wp\/v2\/media\/2921"}],"wp:attachment":[{"href":"https:\/\/wxplastmachine.com\/es\/wp-json\/wp\/v2\/media?parent=2660"}],"wp:term":[{"taxonomy":"product_cat","embeddable":true,"href":"https:\/\/wxplastmachine.com\/es\/wp-json\/wp\/v2\/product_cat?post=2660"},{"taxonomy":"product_tag","embeddable":true,"href":"https:\/\/wxplastmachine.com\/es\/wp-json\/wp\/v2\/product_tag?post=2660"}],"curies":[{"name":"wp","href":"https:\/\/api.w.org\/{rel}","templated":true}]}}