{"id":2672,"date":"2024-07-16T10:53:25","date_gmt":"2024-07-16T02:53:25","guid":{"rendered":"https:\/\/wxplastmachine.com\/?post_type=product&#038;p=2672"},"modified":"2024-08-02T22:57:34","modified_gmt":"2024-08-02T14:57:34","slug":"high-speed-hdpe-ldpe-1500mm-aba-film-blowing-machine-plastic-packaging-film-machine","status":"publish","type":"product","link":"https:\/\/wxplastmachine.com\/es\/producto\/high-speed-hdpe-ldpe-1500mm-aba-film-blowing-machine-plastic-packaging-film-machine","title":{"rendered":"M\u00e1quina de soplado de film de alta velocidad HDPE LDPE 1500mm ABA M\u00e1quina de film de pl\u00e1stico para embalaje"},"content":{"rendered":"<h5><strong><b>Descripci\u00f3n del producto<\/b><\/strong><strong><b>:<\/b><\/strong><strong><b><br \/>\n<\/b><\/strong>Modelo\uff1aWX-ABA75<br \/>\nNombre de producto\uff1aHigh Speed HDPE LDPE 1500mm ABA Film Blowing Machine M\u00e1quina de film de pl\u00e1stico para embalaje.<\/h5>\n<h5>Ancho de pel\u00edcula\uff1a600-1500mm<\/h5>\n<h5><strong><b>\u00a0<\/b><\/strong><\/h5>\n<h5><strong><b>Introducci\u00f3n del producto:<\/b><\/strong><strong><b><br \/>\n<\/b><\/strong>La m\u00e1quina sopladora de film por coextrusi\u00f3n ABA goza de ventajas en la producci\u00f3n de material HDPE, LDPE y LLDPE. La resistencia de la pel\u00edcula de pl\u00e1stico se mejora mediante la coextrusi\u00f3n. Adem\u00e1s, con s\u00f3lo dos unidades de extrusi\u00f3n, este modelo logra la funci\u00f3n de m\u00e1quina sopladora de pel\u00edcula de tres capas. Una unidad se encarga de la capa interior y exterior, mientras que la otra se encarga de la capa de relleno interior. De esta forma, se reducen los costes y se ahorra energ\u00eda. Mientras tanto, para mejorar la competitividad del mercado de los clientes, es posible a\u00f1adir material reciclado y CACO3 en la capa de soplado interior a raz\u00f3n de 80% de la cantidad completa.<\/h5>\n<p>&nbsp;<\/p>\n<p><strong><b>Principales par\u00e1metros t\u00e9cnicos:<\/b><\/strong><\/p>\n<table>\n<tbody>\n<tr>\n<td width=\"22.0000%\">Modelo<\/td>\n<td width=\"15.5800%\">WX-ABA50<\/td>\n<td width=\"15.5800%\">WX-ABA55<\/td>\n<td width=\"15.5800%\">WX-ABA60<\/td>\n<td width=\"15.5800%\">WX-ABA65<\/td>\n<td width=\"15.5800%\">WX-ABA75<\/td>\n<\/tr>\n<tr>\n<td width=\"22.0000%\">Material adecuado<\/td>\n<td colspan=\"5\" width=\"77.9800%\">HDPE\/LDPE\/LLDPE\/Materiales biodegradables<\/td>\n<\/tr>\n<tr>\n<td width=\"22.0000%\">Anchura de la pel\u00edcula<\/td>\n<td width=\"15.5800%\">100-600mm<\/td>\n<td width=\"15.5800%\">200-800 mm<\/td>\n<td width=\"15.5800%\">300-1000 mm<\/td>\n<td width=\"15.5800%\">400-1200 mm<\/td>\n<td width=\"15.5800%\">600-1500 mm<\/td>\n<\/tr>\n<tr>\n<td width=\"22.0000%\">Espesor de la pel\u00edcula<\/td>\n<td colspan=\"5\" width=\"77.9800%\">0,01-0,15 mm<\/td>\n<\/tr>\n<tr>\n<td width=\"22.0000%\">Capacidad<\/td>\n<td width=\"15.5800%\">60 kg\/h<\/td>\n<td width=\"15.5800%\">80 kg\/h<\/td>\n<td width=\"15.5800%\">100 kg\/h<\/td>\n<td width=\"15.5800%\">120 kg\/h<\/td>\n<td width=\"15.5800%\">150 kg\/h<\/td>\n<\/tr>\n<tr>\n<td width=\"22.0000%\">Di\u00e1metro del tornillo<\/td>\n<td width=\"15.5800%\">45\/50 mm<\/td>\n<td width=\"15.5800%\">50\/55 mm<\/td>\n<td width=\"15.5800%\">55\/60 mm<\/td>\n<td width=\"15.5800%\">60\/65 mm<\/td>\n<td width=\"15.5800%\">65\/75 mm<\/td>\n<\/tr>\n<tr>\n<td width=\"22.0000%\">Motor principal<\/td>\n<td width=\"15.5800%\">15\/18,5kw<\/td>\n<td width=\"15.5800%\">18,5\/22kw<\/td>\n<td width=\"15.5800%\">22\/30kw<\/td>\n<td width=\"15.5800%\">30\/37kw<\/td>\n<td width=\"15.5800%\">37kw\/45kw<\/td>\n<\/tr>\n<tr>\n<td width=\"22.0000%\">Tama\u00f1o del troquel<\/td>\n<td width=\"15.5800%\">60 mm\/120 mm<\/td>\n<td width=\"15.5800%\">80 mm\/150 mm<\/td>\n<td width=\"15.5800%\">120 mm\/200 mm<\/td>\n<td width=\"15.5800%\">150 mm\/250 mm<\/td>\n<td width=\"15.5800%\">180 mm\/350 mm<\/td>\n<\/tr>\n<tr>\n<td width=\"22.0000%\">Tipo de troquel<\/td>\n<td colspan=\"5\" width=\"77.9800%\">ABA Cabezal de troquel giratorio\/Cabezal de troquel fijo<\/td>\n<\/tr>\n<tr>\n<td width=\"22.0000%\">Soplador de aire<\/td>\n<td width=\"15.5800%\">3kw<\/td>\n<td width=\"15.5800%\">3,7 kW<\/td>\n<td width=\"15.5800%\">5,5 kW<\/td>\n<td width=\"15.5800%\">7,5 kW<\/td>\n<td width=\"15.5800%\">11kw<\/td>\n<\/tr>\n<tr>\n<td width=\"22.0000%\">Anchura del rodillo<\/td>\n<td width=\"15.5800%\">700 mm<\/td>\n<td width=\"15.5800%\">900 mm<\/td>\n<td width=\"15.5800%\">1100 mm<\/td>\n<td width=\"15.5800%\">1300 mm<\/td>\n<td width=\"15.5800%\">1700 mm<\/td>\n<\/tr>\n<tr>\n<td width=\"22.0000%\">Subir motor<\/td>\n<td width=\"15.5800%\">1,5 kW<\/td>\n<td width=\"15.5800%\">1,5 kW<\/td>\n<td width=\"15.5800%\">1,5 kW<\/td>\n<td width=\"15.5800%\">1,5 kW<\/td>\n<td width=\"15.5800%\">2,2 kW<\/td>\n<\/tr>\n<tr>\n<td width=\"22.0000%\">Motor rebobinador<\/td>\n<td width=\"15.5800%\">1,5 kW<\/td>\n<td width=\"15.5800%\">1,5 kW<\/td>\n<td width=\"15.5800%\">1,5 kW<\/td>\n<td width=\"15.5800%\">1,5 kW<\/td>\n<td width=\"15.5800%\">2,2 kW<\/td>\n<\/tr>\n<tr>\n<td width=\"22.0000%\">Tipo de rebobinador<\/td>\n<td colspan=\"5\" width=\"77.9800%\">Rebobinador doble\/bobinador simple<\/td>\n<\/tr>\n<tr>\n<td width=\"22.0000%\">Tama\u00f1o de la m\u00e1quina<\/td>\n<td width=\"15.5800%\">4.8*3.0*4.8m<\/td>\n<td width=\"15.5800%\">5.2*3.2*5.2m<\/td>\n<td width=\"15.5800%\">5.6*4.0*5.8m<\/td>\n<td width=\"15.5800%\">6.0*4.4*6.2m<\/td>\n<td width=\"15.5800%\">6.5*4.8*6.8m<\/td>\n<\/tr>\n<tr>\n<td width=\"22.0000%\">Peso de la m\u00e1quina<\/td>\n<td width=\"15.5800%\">2 Toneladas<\/td>\n<td width=\"15.5800%\">3Ton<\/td>\n<td width=\"15.5800%\">4 Toneladas<\/td>\n<td width=\"15.5800%\">5 toneladas<\/td>\n<td width=\"15.5800%\">6Ton<\/td>\n<\/tr>\n<tr>\n<td width=\"22.0000%\">Tensi\u00f3n<\/td>\n<td colspan=\"5\" width=\"77.9800%\">Trif\u00e1sico,380V\/50HZ (Puede ser personalizado)<\/td>\n<\/tr>\n<\/tbody>\n<\/table>\n<p>&nbsp;<\/p>\n<p><strong><b>PREGUNTAS FRECUENTES:<\/b><\/strong><\/p>\n<p>1. \u00bfCu\u00e1l es la garant\u00eda de sus productos?<br \/>\nSi las piezas de la m\u00e1quina se rompen debido a problemas de calidad dentro del per\u00edodo de garant\u00eda, le enviaremos una nueva pieza de forma gratuita (cualquier mal uso artificial o destory prepensely no est\u00e1 incluido dentro de la limitaci\u00f3n de Garant\u00eda de Calidad).<\/p>\n<p>2.\u00bfCu\u00e1les son sus condiciones de pago y entrega?<br \/>\nPlazo de pago:<br \/>\n1) T\/T, 30% como prepago ,70% antes de la entrega<br \/>\n2) L\/C, 30% por T\/T ,70% como L\/C a la vista<br \/>\nPlazo de entrega: Est\u00e1ndar ser\u00e1 en 30-40 d\u00edas laborables<\/p>\n<p>3. \u00bfQu\u00e9 asistencia t\u00e9cnica podemos obtener si encargamos m\u00e1quinas?<br \/>\nPodemos proporcionar planos de instalaci\u00f3n, instrucciones b\u00e1sicas de funcionamiento, explicaci\u00f3n de funcionamiento mediante v\u00eddeo y fotos, videollamada en l\u00ednea para asistencia t\u00e9cnica si es necesario.<\/p>","protected":false},"excerpt":{"rendered":"<p>Product Description: Model\uff1aWX-ABA75 Product Name\uff1aHigh Speed HDPE LDPE\u00a01500mm\u00a0ABA\u00a0Film Blowing Machine\u00a0Plastic Packaging Film Machine Film Width\uff1a600-1500mm \u00a0 Product Introduction: ABA co-extrusion film blowing machine enjoys advantages in producing HDPE, LDPE and LLDPE material. The strength of plastic film is improved by co-extrusion. Besides, with only two extrusion units, this model achieves function of three layer film [&hellip;]<\/p>","protected":false},"featured_media":2896,"comment_status":"open","ping_status":"closed","template":"","meta":{"site-sidebar-layout":"default","site-content-layout":"","ast-site-content-layout":"default","site-content-style":"default","site-sidebar-style":"default","ast-global-header-display":"","ast-banner-title-visibility":"","ast-main-header-display":"","ast-hfb-above-header-display":"","ast-hfb-below-header-display":"","ast-hfb-mobile-header-display":"","site-post-title":"","ast-breadcrumbs-content":"","ast-featured-img":"","footer-sml-layout":"","theme-transparent-header-meta":"default","adv-header-id-meta":"","stick-header-meta":"","header-above-stick-meta":"","header-main-stick-meta":"","header-below-stick-meta":"","astra-migrate-meta-layouts":"set","ast-page-background-enabled":"default","ast-page-background-meta":{"desktop":{"background-color":"","background-image":"","background-repeat":"repeat","background-position":"center center","background-size":"auto","background-attachment":"scroll","background-type":"","background-media":"","overlay-type":"","overlay-color":"","overlay-gradient":""},"tablet":{"background-color":"","background-image":"","background-repeat":"repeat","background-position":"center center","background-size":"auto","background-attachment":"scroll","background-type":"","background-media":"","overlay-type":"","overlay-color":"","overlay-gradient":""},"mobile":{"background-color":"","background-image":"","background-repeat":"repeat","background-position":"center center","background-size":"auto","background-attachment":"scroll","background-type":"","background-media":"","overlay-type":"","overlay-color":"","overlay-gradient":""}},"ast-content-background-meta":{"desktop":{"background-color":"var(--ast-global-color-5)","background-image":"","background-repeat":"repeat","background-position":"center center","background-size":"auto","background-attachment":"scroll","background-type":"","background-media":"","overlay-type":"","overlay-color":"","overlay-gradient":""},"tablet":{"background-color":"var(--ast-global-color-5)","background-image":"","background-repeat":"repeat","background-position":"center center","background-size":"auto","background-attachment":"scroll","background-type":"","background-media":"","overlay-type":"","overlay-color":"","overlay-gradient":""},"mobile":{"background-color":"var(--ast-global-color-5)","background-image":"","background-repeat":"repeat","background-position":"center center","background-size":"auto","background-attachment":"scroll","background-type":"","background-media":"","overlay-type":"","overlay-color":"","overlay-gradient":""}}},"product_cat":[23,126,130],"product_tag":[],"jetpack_sharing_enabled":true,"_links":{"self":[{"href":"https:\/\/wxplastmachine.com\/es\/wp-json\/wp\/v2\/product\/2672"}],"collection":[{"href":"https:\/\/wxplastmachine.com\/es\/wp-json\/wp\/v2\/product"}],"about":[{"href":"https:\/\/wxplastmachine.com\/es\/wp-json\/wp\/v2\/types\/product"}],"replies":[{"embeddable":true,"href":"https:\/\/wxplastmachine.com\/es\/wp-json\/wp\/v2\/comments?post=2672"}],"wp:featuredmedia":[{"embeddable":true,"href":"https:\/\/wxplastmachine.com\/es\/wp-json\/wp\/v2\/media\/2896"}],"wp:attachment":[{"href":"https:\/\/wxplastmachine.com\/es\/wp-json\/wp\/v2\/media?parent=2672"}],"wp:term":[{"taxonomy":"product_cat","embeddable":true,"href":"https:\/\/wxplastmachine.com\/es\/wp-json\/wp\/v2\/product_cat?post=2672"},{"taxonomy":"product_tag","embeddable":true,"href":"https:\/\/wxplastmachine.com\/es\/wp-json\/wp\/v2\/product_tag?post=2672"}],"curies":[{"name":"wp","href":"https:\/\/api.w.org\/{rel}","templated":true}]}}