{"id":2673,"date":"2024-07-16T10:54:48","date_gmt":"2024-07-16T02:54:48","guid":{"rendered":"https:\/\/wxplastmachine.com\/?post_type=product&#038;p=2673"},"modified":"2024-08-01T15:39:06","modified_gmt":"2024-08-01T07:39:06","slug":"1000mm-abc-three-layers-co-extrusion-film-blowing-machine","status":"publish","type":"product","link":"https:\/\/wxplastmachine.com\/es\/producto\/1000mm-abc-three-layers-co-extrusion-film-blowing-machine","title":{"rendered":"M\u00e1quina de soplado de pel\u00edcula de coextrusi\u00f3n de tres capas ABC de 1000mm"},"content":{"rendered":"<p><strong><b>Aplicaciones:<\/b><\/strong><strong><b>\u00a0<\/b><\/strong><\/p>\n<h1><strong><b>Alta velocidad<\/b><\/strong><strong><b>\u00a0<\/b><\/strong><strong><b>ABC 3 capas <\/b><\/strong><strong><b>1000 mm <\/b><\/strong><strong><b>extrusora EVA LDPE LLDPE pel\u00edcula m\u00e1quina de soplado<\/b><\/strong><\/h1>\n<p>Esta m\u00e1quina es m\u00e1s inteligente, y m\u00e1s f\u00e1cil de operar. Toda la m\u00e1quina es PLC control.screw segmento de compresi\u00f3n, m\u00e1s adecuado para el reciclaje, a fin de ahorrar costes de producci\u00f3n. El molde es un centro de mecanizado de cuatro ejes un proceso de formaci\u00f3n, el brillo de la pel\u00edcula puede satisfacer la demanda de diferentes mercados. 2.Esta m\u00e1quina de film soplado de pl\u00e1stico se utiliza principalmente LDPE, LLDPE, EVA, LLDPE etc. como materias primas para producir 3 capas de film compuesto de invernadero agr\u00edcola film industrial, film pl\u00e1stico, film de construcci\u00f3n, film de embalaje compuesto, film de embalaje de ensilaje, etc.<\/p>\n<p>&nbsp;<\/p>\n<p><strong><b>Principales par\u00e1metros t\u00e9cnicos:<\/b><\/strong><\/p>\n<table>\n<tbody>\n<tr>\n<td width=\"96\">Modelo<\/td>\n<td width=\"93\">WX-ABC1200<\/td>\n<td width=\"96\">WX-ABC1400<\/td>\n<td width=\"109\">WX-ABC1600\/1800<\/td>\n<td width=\"64\">WX-ABC2200<\/td>\n<\/tr>\n<tr>\n<td width=\"96\">Anchura de la pel\u00edcula<\/td>\n<td width=\"93\">600-1000 mm<\/td>\n<td width=\"96\">600-1200 mm<\/td>\n<td width=\"109\">800-1400\/1000-1600 mm<\/td>\n<td width=\"64\">1400-2000mm<\/td>\n<\/tr>\n<tr>\n<td width=\"96\">Grosor de la pel\u00edcula<\/td>\n<td colspan=\"4\" width=\"363\">0,02-0,2 mm<\/td>\n<\/tr>\n<tr>\n<td width=\"96\">Salida<\/td>\n<td width=\"93\">160 kg\/h<\/td>\n<td width=\"96\">250 kg\/h<\/td>\n<td width=\"109\">300 kg\/h<\/td>\n<td width=\"64\">380 kg\/h<\/td>\n<\/tr>\n<tr>\n<td width=\"96\"><\/td>\n<td colspan=\"4\" width=\"363\">Seg\u00fan la anchura, el grosor de la pel\u00edcula, el tama\u00f1o de la matriz y las caracter\u00edsticas de la materia prima para cambiar<\/td>\n<\/tr>\n<tr>\n<td width=\"96\">Materia prima<\/td>\n<td colspan=\"4\" width=\"363\">HDPE\/LDPE\/LLDPE\/MDPE\/EVA<\/td>\n<\/tr>\n<tr>\n<td width=\"96\">Di\u00e1metro del tornillo<\/td>\n<td width=\"93\">\u03a645\/50\/45<\/td>\n<td width=\"96\">\u03a650\/55\/50<\/td>\n<td width=\"109\">\u03a655\/65\/55<\/td>\n<td width=\"64\">\u03a665\/75\/65<\/td>\n<\/tr>\n<tr>\n<td width=\"96\">Relaci\u00f3n L\/D del tornillo<\/td>\n<td colspan=\"4\" width=\"363\">32:1(Con alimentaci\u00f3n forzada)<\/td>\n<\/tr>\n<tr>\n<td width=\"96\">Caja de cambios<\/td>\n<td width=\"93\">146# 173# 146#<\/td>\n<td width=\"96\">173# 180# 173#<\/td>\n<td width=\"109\">200# 225 200#<\/td>\n<td width=\"64\">225# 250# 225#<\/td>\n<\/tr>\n<tr>\n<td width=\"96\">Motor principal<\/td>\n<td width=\"93\">15kw\/18,5kw\/15kw<\/td>\n<td width=\"96\">18,5kw\/30kw\/18,5kw<\/td>\n<td width=\"109\">37kw\/45kw37kw<\/td>\n<td width=\"64\">45kw\/55kw\/45kw<\/td>\n<\/tr>\n<tr>\n<td width=\"96\">Di\u00e1metro del troquel<\/td>\n<td width=\"93\">\u03a6250mm<\/td>\n<td width=\"96\">\u03a6300mm<\/td>\n<td width=\"109\">\u03a6350mm\/400mm<\/td>\n<td width=\"64\">\u03a6500mm<\/td>\n<\/tr>\n<\/tbody>\n<\/table>\n<p>&nbsp;<\/p>\n<p><strong><b>PREGUNTAS FRECUENTES:<\/b><\/strong><\/p>\n<p>1. \u00bfCu\u00e1l es la garant\u00eda de sus productos?<br \/>\nSi las piezas de la m\u00e1quina se rompen debido a problemas de calidad dentro del per\u00edodo de garant\u00eda, le enviaremos una nueva pieza de forma gratuita (cualquier mal uso artificial o destory prepensely no est\u00e1 incluido dentro de la limitaci\u00f3n de Garant\u00eda de Calidad).<\/p>\n<p>2.\u00bfCu\u00e1les son sus condiciones de pago y entrega?<br \/>\nPlazo de pago:<br \/>\n1) T\/T, 30% como prepago ,70% antes de la entrega<br \/>\n2) L\/C, 30% por T\/T ,70% como L\/C a la vista<br \/>\nPlazo de entrega: Est\u00e1ndar ser\u00e1 en 30-40 d\u00edas laborables<\/p>\n<p>3. \u00bfQu\u00e9 asistencia t\u00e9cnica podemos obtener si encargamos m\u00e1quinas?<br \/>\nPodemos proporcionar planos de instalaci\u00f3n, instrucciones b\u00e1sicas de funcionamiento, explicaci\u00f3n de funcionamiento mediante v\u00eddeo y fotos, videollamada en l\u00ednea para asistencia t\u00e9cnica si es necesario.<\/p>","protected":false},"excerpt":{"rendered":"<p>Applications:\u00a0 High speed\u00a0ABC 3 layers 1000mm extruder EVA LDPE LLDPE film blowing machine This machine is more intelligent,and more easier to operate. The whole machine is PLC control.Screw segment compression, more suitable for recycling, so as to save production costs. The mold is a four-axis machining center one processing forming, the brightness of the film [&hellip;]<\/p>","protected":false},"featured_media":2891,"comment_status":"open","ping_status":"closed","template":"","meta":{"site-sidebar-layout":"default","site-content-layout":"","ast-site-content-layout":"default","site-content-style":"default","site-sidebar-style":"default","ast-global-header-display":"","ast-banner-title-visibility":"","ast-main-header-display":"","ast-hfb-above-header-display":"","ast-hfb-below-header-display":"","ast-hfb-mobile-header-display":"","site-post-title":"","ast-breadcrumbs-content":"","ast-featured-img":"","footer-sml-layout":"","theme-transparent-header-meta":"default","adv-header-id-meta":"","stick-header-meta":"","header-above-stick-meta":"","header-main-stick-meta":"","header-below-stick-meta":"","astra-migrate-meta-layouts":"set","ast-page-background-enabled":"default","ast-page-background-meta":{"desktop":{"background-color":"","background-image":"","background-repeat":"repeat","background-position":"center center","background-size":"auto","background-attachment":"scroll","background-type":"","background-media":"","overlay-type":"","overlay-color":"","overlay-gradient":""},"tablet":{"background-color":"","background-image":"","background-repeat":"repeat","background-position":"center center","background-size":"auto","background-attachment":"scroll","background-type":"","background-media":"","overlay-type":"","overlay-color":"","overlay-gradient":""},"mobile":{"background-color":"","background-image":"","background-repeat":"repeat","background-position":"center center","background-size":"auto","background-attachment":"scroll","background-type":"","background-media":"","overlay-type":"","overlay-color":"","overlay-gradient":""}},"ast-content-background-meta":{"desktop":{"background-color":"var(--ast-global-color-5)","background-image":"","background-repeat":"repeat","background-position":"center center","background-size":"auto","background-attachment":"scroll","background-type":"","background-media":"","overlay-type":"","overlay-color":"","overlay-gradient":""},"tablet":{"background-color":"var(--ast-global-color-5)","background-image":"","background-repeat":"repeat","background-position":"center center","background-size":"auto","background-attachment":"scroll","background-type":"","background-media":"","overlay-type":"","overlay-color":"","overlay-gradient":""},"mobile":{"background-color":"var(--ast-global-color-5)","background-image":"","background-repeat":"repeat","background-position":"center center","background-size":"auto","background-attachment":"scroll","background-type":"","background-media":"","overlay-type":"","overlay-color":"","overlay-gradient":""}}},"product_cat":[23,126,131],"product_tag":[],"jetpack_sharing_enabled":true,"_links":{"self":[{"href":"https:\/\/wxplastmachine.com\/es\/wp-json\/wp\/v2\/product\/2673"}],"collection":[{"href":"https:\/\/wxplastmachine.com\/es\/wp-json\/wp\/v2\/product"}],"about":[{"href":"https:\/\/wxplastmachine.com\/es\/wp-json\/wp\/v2\/types\/product"}],"replies":[{"embeddable":true,"href":"https:\/\/wxplastmachine.com\/es\/wp-json\/wp\/v2\/comments?post=2673"}],"wp:featuredmedia":[{"embeddable":true,"href":"https:\/\/wxplastmachine.com\/es\/wp-json\/wp\/v2\/media\/2891"}],"wp:attachment":[{"href":"https:\/\/wxplastmachine.com\/es\/wp-json\/wp\/v2\/media?parent=2673"}],"wp:term":[{"taxonomy":"product_cat","embeddable":true,"href":"https:\/\/wxplastmachine.com\/es\/wp-json\/wp\/v2\/product_cat?post=2673"},{"taxonomy":"product_tag","embeddable":true,"href":"https:\/\/wxplastmachine.com\/es\/wp-json\/wp\/v2\/product_tag?post=2673"}],"curies":[{"name":"wp","href":"https:\/\/api.w.org\/{rel}","templated":true}]}}