{"id":2684,"date":"2024-07-16T11:08:09","date_gmt":"2024-07-16T03:08:09","guid":{"rendered":"https:\/\/wxplastmachine.com\/?post_type=product&#038;p=2684"},"modified":"2024-10-14T11:24:51","modified_gmt":"2024-10-14T03:24:51","slug":"1-zip55-65-plastic-ziplock-bag-film-blowing-machine-ziplock-bag-making-machine","status":"publish","type":"product","link":"https:\/\/wxplastmachine.com\/es\/producto\/1-zip55-65-plastic-ziplock-bag-film-blowing-machine-ziplock-bag-making-machine","title":{"rendered":"M\u00e1quina de film soplado para bolsas ziploc de pl\u00e1stico ZIP55\/65 M\u00e1quina para fabricar bolsas ziploc"},"content":{"rendered":"<p><strong><b>INFORMACI\u00d3N SOBRE EL PRODUCTO<\/b><\/strong><br \/>\nModelo: ZIP-55\/65<br \/>\nNombre del producto: M\u00e1quina de film soplado para bolsas ziploc<br \/>\nAnchura de la pel\u00edcula: 50-550 mm<br \/>\nIntroducci\u00f3n:<br \/>\nEsta m\u00e1quina combina las ventajas de los mismos productos en el extranjero. El material principal es LDPE, utilizado para hacer bolsas ziplock, bolsas de v\u00e1lvula. Los productos terminados son ampliamente utilizados en la envoltura de alimentos, telas, medicinas, hardware, decoraciones y necesidades diarias. Aqu\u00ed vienen nuestros principales productos: Bolsa de almacenamiento con cremallera, bolsa de sill\u00edn, bolsa autosellable, etc.Este conjunto goza de bastantes ventajas, como la facilidad de apertura, la firmeza y una fuerte propiedad de sellado.<\/p>\n<p>&nbsp;<\/p>\n<table>\n<tbody>\n<tr>\n<td width=\"36.2400%\">\u00a0Modelo<\/td>\n<td width=\"32.6000%\">WX-ZIP55<\/td>\n<td width=\"31.1200%\">WX-ZIP65<\/td>\n<\/tr>\n<tr>\n<td width=\"36.2400%\">Material adecuado<\/td>\n<td colspan=\"2\" width=\"63.7400%\">LDPE<\/td>\n<\/tr>\n<tr>\n<td width=\"36.2400%\">Anchura de la pel\u00edcula<\/td>\n<td width=\"32.6000%\">50-450 mm<\/td>\n<td width=\"31.1200%\">200-550 mm<\/td>\n<\/tr>\n<tr>\n<td width=\"36.2400%\">Espesor de la pel\u00edcula<\/td>\n<td colspan=\"2\" width=\"63.7400%\">0,03-0,1 mm<\/td>\n<\/tr>\n<tr>\n<td width=\"36.2400%\">Producci\u00f3n m\u00e1x. de extrusi\u00f3n<\/td>\n<td width=\"32.6000%\">30 kg\/h<\/td>\n<td width=\"31.1200%\">40 kg\/h<\/td>\n<\/tr>\n<tr>\n<td width=\"36.2400%\">Di\u00e1metro del tornillo<\/td>\n<td width=\"32.6000%\">45 mm<\/td>\n<td width=\"31.1200%\">50 mm<\/td>\n<\/tr>\n<tr>\n<td width=\"36.2400%\">Tama\u00f1o del troquel<\/td>\n<td width=\"32.6000%\">70-450 mm<\/td>\n<td width=\"31.1200%\">100-600mm<\/td>\n<\/tr>\n<tr>\n<td width=\"36.2400%\">Motor principal<\/td>\n<td width=\"32.6000%\">5,5 kW<\/td>\n<td width=\"31.1200%\">7,5 kW<\/td>\n<\/tr>\n<tr>\n<td width=\"36.2400%\">Anillo de aire<\/td>\n<td width=\"32.6000%\">450 mm<\/td>\n<td width=\"31.1200%\">550 mm<\/td>\n<\/tr>\n<tr>\n<td width=\"36.2400%\">Soplador de aire<\/td>\n<td width=\"32.6000%\">1,1 kW<\/td>\n<td width=\"31.1200%\">1,5 kW<\/td>\n<\/tr>\n<tr>\n<td width=\"36.2400%\">Anchura del rodillo<\/td>\n<td width=\"32.6000%\">500 mm<\/td>\n<td width=\"31.1200%\">600 mm<\/td>\n<\/tr>\n<tr>\n<td width=\"36.2400%\">Tama\u00f1o de la m\u00e1quina<\/td>\n<td width=\"32.6000%\">6,0m*1,5m*4,1m<\/td>\n<td width=\"31.1200%\">6,0m*1,8m*4,5m<\/td>\n<\/tr>\n<tr>\n<td width=\"36.2400%\">Anchura de la m\u00e1quina<\/td>\n<td width=\"32.6000%\">1500kg<\/td>\n<td width=\"31.1200%\">2000kg<\/td>\n<\/tr>\n<\/tbody>\n<\/table>\n<p>&nbsp;<\/p>\n<p><strong><b>PREGUNTAS FRECUENTES:<\/b><\/strong><\/p>\n<p>1. \u00bfCu\u00e1l es la garant\u00eda de sus productos?<br \/>\nSi las piezas de la m\u00e1quina se rompen debido a problemas de calidad dentro del per\u00edodo de garant\u00eda, le enviaremos una nueva pieza de forma gratuita (cualquier mal uso artificial o destory prepensely no est\u00e1 incluido dentro de la limitaci\u00f3n de Garant\u00eda de Calidad).<\/p>\n<p>2.\u00bfCu\u00e1les son sus condiciones de pago y entrega?<br \/>\nPlazo de pago:<br \/>\n1) T\/T, 30% como prepago ,70% antes de la entrega<br \/>\n2) L\/C, 30% por T\/T ,70% como L\/C a la vista<\/p>\n<p>Plazo de entrega: Est\u00e1ndar ser\u00e1 en 30-40 d\u00edas laborables<\/p>\n<p>3. \u00bfQu\u00e9 asistencia t\u00e9cnica podemos obtener si encargamos m\u00e1quinas?<br \/>\nPodemos proporcionar planos de instalaci\u00f3n, instrucciones b\u00e1sicas de funcionamiento, explicaci\u00f3n de funcionamiento mediante v\u00eddeo y fotos, videollamada en l\u00ednea para asistencia t\u00e9cnica si es necesario.<\/p>","protected":false},"excerpt":{"rendered":"<p>PRODUCT INFORMATION Model:\u00a0ZIP-55\/65 Product Name:\u00a0Ziplock Bag Film Blowing Machine Film Width:\u00a050-550mm Introduction: This machine combines advantages of same products at abroad. The main material is LDPE, used for making ziplock bag, valve bag. Finished products are widely used in wrapping of food, cloth, medicine, hardware, decorations and daily necessities. Here come our major products: Zipper [&hellip;]<\/p>","protected":false},"featured_media":2849,"comment_status":"open","ping_status":"closed","template":"","meta":{"site-sidebar-layout":"default","site-content-layout":"","ast-site-content-layout":"default","site-content-style":"default","site-sidebar-style":"default","ast-global-header-display":"","ast-banner-title-visibility":"","ast-main-header-display":"","ast-hfb-above-header-display":"","ast-hfb-below-header-display":"","ast-hfb-mobile-header-display":"","site-post-title":"","ast-breadcrumbs-content":"","ast-featured-img":"","footer-sml-layout":"","theme-transparent-header-meta":"default","adv-header-id-meta":"","stick-header-meta":"","header-above-stick-meta":"","header-main-stick-meta":"","header-below-stick-meta":"","astra-migrate-meta-layouts":"set","ast-page-background-enabled":"default","ast-page-background-meta":{"desktop":{"background-color":"","background-image":"","background-repeat":"repeat","background-position":"center center","background-size":"auto","background-attachment":"scroll","background-type":"","background-media":"","overlay-type":"","overlay-color":"","overlay-gradient":""},"tablet":{"background-color":"","background-image":"","background-repeat":"repeat","background-position":"center center","background-size":"auto","background-attachment":"scroll","background-type":"","background-media":"","overlay-type":"","overlay-color":"","overlay-gradient":""},"mobile":{"background-color":"","background-image":"","background-repeat":"repeat","background-position":"center center","background-size":"auto","background-attachment":"scroll","background-type":"","background-media":"","overlay-type":"","overlay-color":"","overlay-gradient":""}},"ast-content-background-meta":{"desktop":{"background-color":"var(--ast-global-color-5)","background-image":"","background-repeat":"repeat","background-position":"center center","background-size":"auto","background-attachment":"scroll","background-type":"","background-media":"","overlay-type":"","overlay-color":"","overlay-gradient":""},"tablet":{"background-color":"var(--ast-global-color-5)","background-image":"","background-repeat":"repeat","background-position":"center center","background-size":"auto","background-attachment":"scroll","background-type":"","background-media":"","overlay-type":"","overlay-color":"","overlay-gradient":""},"mobile":{"background-color":"var(--ast-global-color-5)","background-image":"","background-repeat":"repeat","background-position":"center center","background-size":"auto","background-attachment":"scroll","background-type":"","background-media":"","overlay-type":"","overlay-color":"","overlay-gradient":""}}},"product_cat":[177,144,149],"product_tag":[],"jetpack_sharing_enabled":true,"_links":{"self":[{"href":"https:\/\/wxplastmachine.com\/es\/wp-json\/wp\/v2\/product\/2684"}],"collection":[{"href":"https:\/\/wxplastmachine.com\/es\/wp-json\/wp\/v2\/product"}],"about":[{"href":"https:\/\/wxplastmachine.com\/es\/wp-json\/wp\/v2\/types\/product"}],"replies":[{"embeddable":true,"href":"https:\/\/wxplastmachine.com\/es\/wp-json\/wp\/v2\/comments?post=2684"}],"wp:featuredmedia":[{"embeddable":true,"href":"https:\/\/wxplastmachine.com\/es\/wp-json\/wp\/v2\/media\/2849"}],"wp:attachment":[{"href":"https:\/\/wxplastmachine.com\/es\/wp-json\/wp\/v2\/media?parent=2684"}],"wp:term":[{"taxonomy":"product_cat","embeddable":true,"href":"https:\/\/wxplastmachine.com\/es\/wp-json\/wp\/v2\/product_cat?post=2684"},{"taxonomy":"product_tag","embeddable":true,"href":"https:\/\/wxplastmachine.com\/es\/wp-json\/wp\/v2\/product_tag?post=2684"}],"curies":[{"name":"wp","href":"https:\/\/api.w.org\/{rel}","templated":true}]}}