{"id":2686,"date":"2024-07-16T11:10:42","date_gmt":"2024-07-16T03:10:42","guid":{"rendered":"https:\/\/wxplastmachine.com\/?post_type=product&#038;p=2686"},"modified":"2024-07-16T11:10:42","modified_gmt":"2024-07-16T03:10:42","slug":"1000mm-2-layers-co-extrusion-automatic-pe-stretch-film-making-machine-cast-cling-film-wrap-machine","status":"publish","type":"product","link":"https:\/\/wxplastmachine.com\/es\/producto\/1000mm-2-layers-co-extrusion-automatic-pe-stretch-film-making-machine-cast-cling-film-wrap-machine","title":{"rendered":"1000mm 2 capas Co-extrusi\u00f3n autom\u00e1tica PE Stretch Film Making Machine Cast Cling Film Wrap Machine"},"content":{"rendered":"<h5><strong><b>Introducci\u00f3n del producto:<\/b><\/strong><\/h5>\n<h5><strong><b>1000mm 2 capas <\/b><\/strong><strong><b>a<\/b><\/strong><strong><b>coextrusi\u00f3n autom\u00e1tica<\/b><\/strong><strong><b>\u00a0<\/b><\/strong><strong><b>PE<\/b><\/strong><strong><b>\u00a0m\u00e1quina de fabricaci\u00f3n de film estirable <\/b><\/strong><strong><b>fundici\u00f3n <\/b><\/strong><strong><b>extrusora de film estirable<\/b><\/strong><\/h5>\n<p>Esta m\u00e1quina es una planta de producci\u00f3n de film estirable fundido, con alta plastificaci\u00f3n, f\u00e1cil operaci\u00f3n, larga vida \u00fatil, caracter\u00edsticas de ahorro de energ\u00eda y se utiliza principalmente para la producci\u00f3n de film LLDPE, film LDPE, film PE, film CPE y film PEVA, etc.<\/p>\n<p>Adopta un avanzado sistema de control industrial inteligente, con un sistema de carga que garantiza un funcionamiento seguro y sin problemas, un bobinado m\u00e1s ajustado y uniforme. Todos los dise\u00f1os garantizan la calidad de la pel\u00edcula, mejoran la eficiencia de la producci\u00f3n, reducen los costes de producci\u00f3n y crean m\u00e1s valor, lo que hace que los productos sean m\u00e1s competitivos.<\/p>\n<p><strong><b>\u00a0<\/b><\/strong><\/p>\n<p><strong><b>Caracter\u00edsticas de la m\u00e1quina:<\/b><\/strong><\/p>\n<p>* Equipado con 2 tornillos 55\/75mm<\/p>\n<p>* Con cargadores autom\u00e1ticos<\/p>\n<p>* Sistema de fijaci\u00f3n del borde de la pel\u00edcula<\/p>\n<p>* Cambio y corte autom\u00e1tico de bobinas<\/p>\n<p>* Cambiador de pantalla hidr\u00e1ulico autom\u00e1tico<\/p>\n<p>* Sistema en l\u00ednea de trituraci\u00f3n y reciclado de residuos de pel\u00edcula<\/p>\n<p>* Capacidad m\u00e1x.150kg\/hr<\/p>\n<p>* Anchura de la pel\u00edcula: 1000 mm x 1 rollo<\/p>\n<p>500 mm x 2 rollos<\/p>\n<h3><strong><b>T Die:<\/b><\/strong><\/h3>\n<p>Troquel en T con sistema de fijaci\u00f3n de bordes y sistema de vac\u00edo<\/p>\n<p>Rodillo refrigerador ampliado para mejorar la calidad de la pel\u00edcula<\/p>\n<h3><strong><b>Rebobinador:<\/b><\/strong><\/h3>\n<p>Sistema autom\u00e1tico de corte e intercambio de bobinas<\/p>\n<p>Sistema autom\u00e1tico de carga del eje neum\u00e1tico, ahorra costes de mano de obra y es m\u00e1s eficiente.<\/p>\n<h3><strong><b>Corte en l\u00ednea:<\/b><\/strong><\/h3>\n<p>Permite tener m\u00e1s de 1 rollo a la vez dentro de su l\u00edmite de anchura m\u00e1xima de pel\u00edcula. y recortar el borde.<\/p>\n<h3><strong><b>Trituraci\u00f3n y reciclaje en l\u00ednea:<\/b><\/strong><\/h3>\n<p>Se trata de triturar la pel\u00edcula recortada de los bordes y enviarla de nuevo a la tolva para producir de nuevo pellets v\u00edrgenes.<\/p>\n<p><strong><b>\u00a0<\/b><\/strong><\/p>\n<p><strong><b>Principales par\u00e1metros t\u00e9cnicos:<\/b><\/strong><\/p>\n<table>\n<tbody>\n<tr>\n<td>Modelo<\/td>\n<td>WX-L\u03a655\/75\u00d71250<\/td>\n<\/tr>\n<tr>\n<td>Di\u00e1metro del tornillo<\/td>\n<td>55\/75 mm<\/td>\n<\/tr>\n<tr>\n<td>Tornillo L\/D<\/td>\n<td>30\uff1a1<\/td>\n<\/tr>\n<tr>\n<td>Velocidad del tornillo<\/td>\n<td>50-150 rpm<\/td>\n<\/tr>\n<tr>\n<td>Anchura<\/td>\n<td>1000mm\uff082\u00d7500mm\uff09<\/td>\n<\/tr>\n<tr>\n<td>Toral Power<\/td>\n<td>75kw<\/td>\n<\/tr>\n<tr>\n<td>Espesor<\/td>\n<td>0,01-0,05 mm<\/td>\n<\/tr>\n<tr>\n<td>Caoacidad<\/td>\n<td>80-150 kg\/h<\/td>\n<\/tr>\n<tr>\n<td>Estructura de capas<\/td>\n<td>AB<\/td>\n<\/tr>\n<tr>\n<td>Peso total<\/td>\n<td>8T<\/td>\n<\/tr>\n<tr>\n<td>Dimensi\u00f3n\uff08mm\uff09<\/td>\n<td>\uff08L\uff097500\u00d7\uff08W\uff093000\u00d7\uff08H\uff093400<\/td>\n<\/tr>\n<\/tbody>\n<\/table>\n<p>&nbsp;<\/p>\n<p><strong><b>PREGUNTAS FRECUENTES:<\/b><\/strong><\/p>\n<p>1. \u00bfCu\u00e1l es la garant\u00eda de sus productos?<br \/>\nSi las piezas de la m\u00e1quina se rompen debido a problemas de calidad dentro del per\u00edodo de garant\u00eda, le enviaremos una nueva pieza de forma gratuita (cualquier mal uso artificial o destory prepensely no est\u00e1 incluido dentro de la limitaci\u00f3n de Garant\u00eda de Calidad).<\/p>\n<p>2.\u00bfCu\u00e1les son sus condiciones de pago y entrega?<br \/>\nPlazo de pago:<br \/>\n1) T\/T, 30% como prepago ,70% antes de la entrega<br \/>\n2) L\/C, 30% por T\/T ,70% como L\/C a la vista<br \/>\nPlazo de entrega: Est\u00e1ndar ser\u00e1 en 30-40 d\u00edas laborables<\/p>\n<p>3. \u00bfQu\u00e9 asistencia t\u00e9cnica podemos obtener si encargamos m\u00e1quinas?<br \/>\nPodemos proporcionar planos de instalaci\u00f3n, instrucciones b\u00e1sicas de funcionamiento, explicaci\u00f3n de funcionamiento mediante v\u00eddeo y fotos, videollamada en l\u00ednea para asistencia t\u00e9cnica si es necesario.<\/p>","protected":false},"excerpt":{"rendered":"<p>Product Introduction: 1000mm 2 layers automatic co-extrusion\u00a0PE\u00a0stretch film making machine cast stretch wrap film extruder This machine is a cast stretch film production plant, with high plasticizing, easy operation, long life, energy saving features and it is \u00a0mainly used for the production of LLDPE film, LDPE film, PE film, CPE film and PEVA film etc. [&hellip;]<\/p>","protected":false},"featured_media":2687,"comment_status":"open","ping_status":"closed","template":"","meta":{"site-sidebar-layout":"default","site-content-layout":"","ast-site-content-layout":"default","site-content-style":"default","site-sidebar-style":"default","ast-global-header-display":"","ast-banner-title-visibility":"","ast-main-header-display":"","ast-hfb-above-header-display":"","ast-hfb-below-header-display":"","ast-hfb-mobile-header-display":"","site-post-title":"","ast-breadcrumbs-content":"","ast-featured-img":"","footer-sml-layout":"","theme-transparent-header-meta":"default","adv-header-id-meta":"","stick-header-meta":"","header-above-stick-meta":"","header-main-stick-meta":"","header-below-stick-meta":"","astra-migrate-meta-layouts":"set","ast-page-background-enabled":"default","ast-page-background-meta":{"desktop":{"background-color":"","background-image":"","background-repeat":"repeat","background-position":"center center","background-size":"auto","background-attachment":"scroll","background-type":"","background-media":"","overlay-type":"","overlay-color":"","overlay-gradient":""},"tablet":{"background-color":"","background-image":"","background-repeat":"repeat","background-position":"center center","background-size":"auto","background-attachment":"scroll","background-type":"","background-media":"","overlay-type":"","overlay-color":"","overlay-gradient":""},"mobile":{"background-color":"","background-image":"","background-repeat":"repeat","background-position":"center center","background-size":"auto","background-attachment":"scroll","background-type":"","background-media":"","overlay-type":"","overlay-color":"","overlay-gradient":""}},"ast-content-background-meta":{"desktop":{"background-color":"var(--ast-global-color-5)","background-image":"","background-repeat":"repeat","background-position":"center center","background-size":"auto","background-attachment":"scroll","background-type":"","background-media":"","overlay-type":"","overlay-color":"","overlay-gradient":""},"tablet":{"background-color":"var(--ast-global-color-5)","background-image":"","background-repeat":"repeat","background-position":"center center","background-size":"auto","background-attachment":"scroll","background-type":"","background-media":"","overlay-type":"","overlay-color":"","overlay-gradient":""},"mobile":{"background-color":"var(--ast-global-color-5)","background-image":"","background-repeat":"repeat","background-position":"center center","background-size":"auto","background-attachment":"scroll","background-type":"","background-media":"","overlay-type":"","overlay-color":"","overlay-gradient":""}}},"product_cat":[135,136],"product_tag":[],"jetpack_sharing_enabled":true,"_links":{"self":[{"href":"https:\/\/wxplastmachine.com\/es\/wp-json\/wp\/v2\/product\/2686"}],"collection":[{"href":"https:\/\/wxplastmachine.com\/es\/wp-json\/wp\/v2\/product"}],"about":[{"href":"https:\/\/wxplastmachine.com\/es\/wp-json\/wp\/v2\/types\/product"}],"replies":[{"embeddable":true,"href":"https:\/\/wxplastmachine.com\/es\/wp-json\/wp\/v2\/comments?post=2686"}],"wp:featuredmedia":[{"embeddable":true,"href":"https:\/\/wxplastmachine.com\/es\/wp-json\/wp\/v2\/media\/2687"}],"wp:attachment":[{"href":"https:\/\/wxplastmachine.com\/es\/wp-json\/wp\/v2\/media?parent=2686"}],"wp:term":[{"taxonomy":"product_cat","embeddable":true,"href":"https:\/\/wxplastmachine.com\/es\/wp-json\/wp\/v2\/product_cat?post=2686"},{"taxonomy":"product_tag","embeddable":true,"href":"https:\/\/wxplastmachine.com\/es\/wp-json\/wp\/v2\/product_tag?post=2686"}],"curies":[{"name":"wp","href":"https:\/\/api.w.org\/{rel}","templated":true}]}}