{"id":2695,"date":"2024-07-16T11:16:16","date_gmt":"2024-07-16T03:16:16","guid":{"rendered":"https:\/\/wxplastmachine.com\/?post_type=product&#038;p=2695"},"modified":"2024-07-31T22:52:03","modified_gmt":"2024-07-31T14:52:03","slug":"1500mm-five-layers-co-extrusion-full-automatic-pe-stretch-film-machine-cast-cling-film-food-plastic-wrap-machine","status":"publish","type":"product","link":"https:\/\/wxplastmachine.com\/es\/producto\/1500mm-five-layers-co-extrusion-full-automatic-pe-stretch-film-machine-cast-cling-film-food-plastic-wrap-machine","title":{"rendered":"1500mm Cinco capas de coextrusi\u00f3n totalmente autom\u00e1tica PE Stretch Film M\u00e1quina de fundici\u00f3n de film pl\u00e1stico de alimentos M\u00e1quina de envolver pl\u00e1stico"},"content":{"rendered":"<p><strong><b>Producto <\/b><\/strong><strong><b>I<\/b><\/strong><strong><b>ntroducci\u00f3n<\/b><\/strong><strong><b>:<\/b><\/strong><\/p>\n<h1><strong><b>\u00a0<\/b><\/strong><\/h1>\n<h5><strong><b>WX<\/b><\/strong><strong><b>-1500\/1600\/2000 <\/b><\/strong><strong><b>Tres\/Cinco <\/b><\/strong><strong><b>coextrusi\u00f3n de capas<\/b><\/strong><strong><b>\u00a0<\/b><\/strong><strong><b>M\u00e1quina para fabricar film estirable de doble eje con cambio de rollo y control inteligente de temperatura<\/b><\/strong><strong><b>\u00a0<\/b><\/strong><strong><b><br \/>\n<\/b><\/strong><strong><b>M\u00e1quina para fabricar film de fundici\u00f3n, film transparente, m\u00e1quina para fabricar film pl\u00e1stico alimentario <\/b><\/strong><\/h5>\n<p><strong><b>\u00a0<\/b><\/strong><\/p>\n<p>Esta m\u00e1quina es una planta de producci\u00f3n de film estirable fundido, con alta plastificaci\u00f3n, f\u00e1cil operaci\u00f3n, larga vida \u00fatil, caracter\u00edsticas de ahorro de energ\u00eda y se utiliza principalmente para la producci\u00f3n de film LLDPE, film LDPE, film PE, film CPE y film PEVA, etc.<\/p>\n<p>Adopta un avanzado sistema de control industrial inteligente, con un sistema de carga que garantiza un funcionamiento seguro y sin problemas, un bobinado m\u00e1s ajustado y uniforme. Todos los dise\u00f1os garantizan la calidad de la pel\u00edcula, mejoran la eficiencia de la producci\u00f3n, reducen los costes de producci\u00f3n y crean m\u00e1s valor, lo que hace que los productos sean m\u00e1s competitivos.<\/p>\n<p><strong><b>\u00a0<\/b><\/strong><\/p>\n<p><strong><b>PRINCIPALES ESPECIFICACIONES T\u00c9CNICAS<\/b><\/strong><strong><b>:<\/b><\/strong><\/p>\n<table>\n<tbody>\n<tr>\n<td width=\"5.6600%\">No<\/td>\n<td width=\"47.0800%\"><\/td>\n<td width=\"47.2400%\"><\/td>\n<\/tr>\n<tr>\n<td width=\"5.6600%\">1<\/td>\n<td width=\"47.0800%\">Modelo<\/td>\n<td width=\"47.2400%\">WX-65\/90\/65X1850<\/td>\n<\/tr>\n<tr>\n<td width=\"5.6600%\">2<\/td>\n<td width=\"47.0800%\">Di\u00e1metro del tornillo<\/td>\n<td width=\"47.2400%\">65\/90\/65 mm<\/td>\n<\/tr>\n<tr>\n<td width=\"5.6600%\">3<\/td>\n<td width=\"47.0800%\">Tornillo L\/D<\/td>\n<td width=\"47.2400%\">30:1<\/td>\n<\/tr>\n<tr>\n<td width=\"5.6600%\">4<\/td>\n<td width=\"47.0800%\">Anchura de la pel\u00edcula<\/td>\n<td width=\"47.2400%\">200-1500 mm (3x500 mm)<\/td>\n<\/tr>\n<tr>\n<td width=\"5.6600%\">5<\/td>\n<td width=\"47.0800%\">Potencia total<\/td>\n<td width=\"47.2400%\">130 KW<\/td>\n<\/tr>\n<tr>\n<td width=\"5.6600%\">6<\/td>\n<td width=\"47.0800%\">Espesor<\/td>\n<td width=\"47.2400%\">0,01-0,05 mm<\/td>\n<\/tr>\n<tr>\n<td width=\"5.6600%\">7<\/td>\n<td width=\"47.0800%\">Capacidad<\/td>\n<td width=\"47.2400%\">50-280 KG\/HR<\/td>\n<\/tr>\n<tr>\n<td width=\"5.6600%\">8<\/td>\n<td width=\"47.0800%\">Pel\u00edcula Estructura de capas<\/td>\n<td width=\"47.2400%\">ABC\/ACBCA<\/td>\n<\/tr>\n<tr>\n<td width=\"5.6600%\">9<\/td>\n<td width=\"47.0800%\">Peso total<\/td>\n<td width=\"47.2400%\">11 TON<\/td>\n<\/tr>\n<tr>\n<td width=\"5.6600%\">10<\/td>\n<td width=\"47.0800%\">Dimensiones de la m\u00e1quina (mm)<\/td>\n<td width=\"47.2400%\">11000 x 3600 x 3800 mm (largo x ancho x alto)<\/td>\n<\/tr>\n<\/tbody>\n<\/table>\n<p><strong><b>\u00a0<\/b><\/strong><\/p>\n<p>CARACTER\u00cdSTICAS DE LA M\u00c1QUINA:<\/p>\n<p>* Equipado con 3 tornillos 65\/90\/65mm<\/p>\n<p>* Con sistema de vac\u00edo<\/p>\n<p>* Sistema de fijaci\u00f3n del borde de la pel\u00edcula<\/p>\n<p>* Carga autom\u00e1tica del eje neum\u00e1tico<\/p>\n<p>* Cambiador de pantalla hidr\u00e1ulico autom\u00e1tico<\/p>\n<p>* Sistema en l\u00ednea de trituraci\u00f3n y reciclado de residuos de pel\u00edcula<\/p>\n<p>* Capacidad m\u00e1xima 280 kg\/h<\/p>\n<p>* Anchura de la pel\u00edcula: 1500 mm x 1 rollo<\/p>\n<p>500 mm x 3 rollos<\/p>\n<h3><strong><b>T Die:<\/b><\/strong><\/h3>\n<p>Troquel en T con sistema de fijaci\u00f3n de bordes y sistema de vac\u00edo<\/p>\n<p>Rodillo refrigerador ampliado para mejorar la calidad de la pel\u00edcula<\/p>\n<h3><strong><b>Rebobinador:<\/b><\/strong><\/h3>\n<p>Sistema autom\u00e1tico de corte e intercambio de bobinas<\/p>\n<p>Sistema autom\u00e1tico de carga del eje neum\u00e1tico, ahorra costes de mano de obra y es m\u00e1s eficiente.<\/p>\n<h3><strong><b>Corte en l\u00ednea:<\/b><\/strong><\/h3>\n<p>Permite tener m\u00e1s de 1 rollo a la vez dentro de su l\u00edmite de anchura m\u00e1xima de pel\u00edcula. y recortar el borde.<\/p>\n<h3><strong><b>Trituraci\u00f3n y reciclaje en l\u00ednea:<\/b><\/strong><\/h3>\n<p>Se trata de triturar la pel\u00edcula recortada de los bordes y enviarla de nuevo a la tolva para producir de nuevo pellets v\u00edrgenes.<\/p>\n<p>&nbsp;<\/p>\n<p><strong><b>PREGUNTAS FRECUENTES:<\/b><\/strong><\/p>\n<p>1. \u00bfCu\u00e1l es la garant\u00eda de sus productos?<br \/>\nSi las piezas de la m\u00e1quina se rompen debido a problemas de calidad dentro del per\u00edodo de garant\u00eda, le enviaremos una nueva pieza de forma gratuita (cualquier mal uso artificial o destory prepensely no est\u00e1 incluido dentro de la limitaci\u00f3n de Garant\u00eda de Calidad).<\/p>\n<p>2.\u00bfCu\u00e1les son sus condiciones de pago y entrega?<br \/>\nPlazo de pago:<br \/>\n1) T\/T, 30% como prepago ,70% antes de la entrega<br \/>\n2) L\/C, 30% por T\/T ,70% como L\/C a la vista<br \/>\nPlazo de entrega: Est\u00e1ndar ser\u00e1 en 30-40 d\u00edas laborables<\/p>\n<p>3. \u00bfQu\u00e9 asistencia t\u00e9cnica podemos obtener si encargamos m\u00e1quinas?<br \/>\nPodemos proporcionar planos de instalaci\u00f3n, instrucciones b\u00e1sicas de funcionamiento, explicaci\u00f3n de funcionamiento mediante v\u00eddeo y fotos, videollamada en l\u00ednea para asistencia t\u00e9cnica si es necesario.<\/p>","protected":false},"excerpt":{"rendered":"<p>Product Introduction: \u00a0 WX-1500\/1600\/2000 Three\/Five layer co-extrusion\u00a0Double shafts Roll Changing \/Intelligent Temperature Control Stretch Film Making Machine\u00a0 Casting film making machine, Cling film making machine food plastic wrap machine \u00a0 This machine is a cast stretch film production plant, with high plasticizing, easy operation, long life, energy saving features and it is mainly used for [&hellip;]<\/p>","protected":false},"featured_media":2840,"comment_status":"open","ping_status":"closed","template":"","meta":{"site-sidebar-layout":"default","site-content-layout":"","ast-site-content-layout":"default","site-content-style":"default","site-sidebar-style":"default","ast-global-header-display":"","ast-banner-title-visibility":"","ast-main-header-display":"","ast-hfb-above-header-display":"","ast-hfb-below-header-display":"","ast-hfb-mobile-header-display":"","site-post-title":"","ast-breadcrumbs-content":"","ast-featured-img":"","footer-sml-layout":"","theme-transparent-header-meta":"default","adv-header-id-meta":"","stick-header-meta":"","header-above-stick-meta":"","header-main-stick-meta":"","header-below-stick-meta":"","astra-migrate-meta-layouts":"set","ast-page-background-enabled":"default","ast-page-background-meta":{"desktop":{"background-color":"","background-image":"","background-repeat":"repeat","background-position":"center center","background-size":"auto","background-attachment":"scroll","background-type":"","background-media":"","overlay-type":"","overlay-color":"","overlay-gradient":""},"tablet":{"background-color":"","background-image":"","background-repeat":"repeat","background-position":"center center","background-size":"auto","background-attachment":"scroll","background-type":"","background-media":"","overlay-type":"","overlay-color":"","overlay-gradient":""},"mobile":{"background-color":"","background-image":"","background-repeat":"repeat","background-position":"center center","background-size":"auto","background-attachment":"scroll","background-type":"","background-media":"","overlay-type":"","overlay-color":"","overlay-gradient":""}},"ast-content-background-meta":{"desktop":{"background-color":"var(--ast-global-color-5)","background-image":"","background-repeat":"repeat","background-position":"center center","background-size":"auto","background-attachment":"scroll","background-type":"","background-media":"","overlay-type":"","overlay-color":"","overlay-gradient":""},"tablet":{"background-color":"var(--ast-global-color-5)","background-image":"","background-repeat":"repeat","background-position":"center center","background-size":"auto","background-attachment":"scroll","background-type":"","background-media":"","overlay-type":"","overlay-color":"","overlay-gradient":""},"mobile":{"background-color":"var(--ast-global-color-5)","background-image":"","background-repeat":"repeat","background-position":"center center","background-size":"auto","background-attachment":"scroll","background-type":"","background-media":"","overlay-type":"","overlay-color":"","overlay-gradient":""}}},"product_cat":[135,137],"product_tag":[],"jetpack_sharing_enabled":true,"_links":{"self":[{"href":"https:\/\/wxplastmachine.com\/es\/wp-json\/wp\/v2\/product\/2695"}],"collection":[{"href":"https:\/\/wxplastmachine.com\/es\/wp-json\/wp\/v2\/product"}],"about":[{"href":"https:\/\/wxplastmachine.com\/es\/wp-json\/wp\/v2\/types\/product"}],"replies":[{"embeddable":true,"href":"https:\/\/wxplastmachine.com\/es\/wp-json\/wp\/v2\/comments?post=2695"}],"wp:featuredmedia":[{"embeddable":true,"href":"https:\/\/wxplastmachine.com\/es\/wp-json\/wp\/v2\/media\/2840"}],"wp:attachment":[{"href":"https:\/\/wxplastmachine.com\/es\/wp-json\/wp\/v2\/media?parent=2695"}],"wp:term":[{"taxonomy":"product_cat","embeddable":true,"href":"https:\/\/wxplastmachine.com\/es\/wp-json\/wp\/v2\/product_cat?post=2695"},{"taxonomy":"product_tag","embeddable":true,"href":"https:\/\/wxplastmachine.com\/es\/wp-json\/wp\/v2\/product_tag?post=2695"}],"curies":[{"name":"wp","href":"https:\/\/api.w.org\/{rel}","templated":true}]}}