{"id":3338,"date":"2024-09-06T14:53:26","date_gmt":"2024-09-06T06:53:26","guid":{"rendered":"https:\/\/wxplastmachine.com\/?post_type=product&#038;p=3338"},"modified":"2024-09-06T16:21:50","modified_gmt":"2024-09-06T08:21:50","slug":"pe-pp-pet-pvc-two-stage-pellets-making-machine-plastic-scraps-bottle-flakes-waste-recycling-granulating-line","status":"publish","type":"product","link":"https:\/\/wxplastmachine.com\/es\/producto\/pe-pp-pet-pvc-two-stage-pellets-making-machine-plastic-scraps-bottle-flakes-waste-recycling-granulating-line","title":{"rendered":"PE PP PET PVC Dos Etapas Pellets M\u00e1quina de Fabricaci\u00f3n de Residuos de Pl\u00e1stico Escamas de Botella L\u00ednea de Reciclaje de Residuos de Granulaci\u00f3n"},"content":{"rendered":"<p><strong>PE\u00a0PP\u00a0PET PVC Two Stage Pellets Making Machine Plastic Scraps Bottle Flakes Waste Recycling Granulating Line<\/strong><\/p>\n<p>SJ\/SJ series single screw two-stage granulator is mainly suitable for granulating solid materials, suitable for materials with a bulk density of 0.1-0.3g\/l; it can process plastics such as PE, PP, PS, PVC, ABS, PA, PC, PET, etc. The characteristics of the single screw two-stage granulator are that it is suitable for materials with more impurities, higher moisture content and large output. It also has a forced feeder.<\/p>\n<p><strong><b>Principales par\u00e1metros t\u00e9cnicos\uff1a<\/b><\/strong><\/p>\n<table>\n<tbody>\n<tr>\n<td colspan=\"7\">Par\u00e1metros tecnol\u00f3gicos<\/td>\n<\/tr>\n<tr>\n<td colspan=\"2\">Tipo<\/td>\n<td>SJ\/SJ100<\/td>\n<td>SJ\/SJ120<\/td>\n<td>SJ\/SJ150<\/td>\n<td>SJ\/SJ180<\/td>\n<td>SJ\/SJ200<\/td>\n<\/tr>\n<tr>\n<td colspan=\"2\">Capacidad (kg\/h)<\/td>\n<td>300-380<\/td>\n<td>400-500<\/td>\n<td>600-750<\/td>\n<td>800-950<\/td>\n<td>1000-1200<\/td>\n<\/tr>\n<tr>\n<td colspan=\"2\">Consumo de energ\u00eda (kWh\/kg)<\/td>\n<td>0.2-0.3<\/td>\n<td>0.2-0.3<\/td>\n<td>0.2-0.3<\/td>\n<td>0.2-0.3<\/td>\n<td>0.2-0.3<\/td>\n<\/tr>\n<tr>\n<td colspan=\"2\">A \/ Longitud (mm)<\/td>\n<td>12,500<\/td>\n<td>13,800<\/td>\n<td>14,900<\/td>\n<td>15,200<\/td>\n<td>16,500<\/td>\n<\/tr>\n<tr>\n<td colspan=\"2\">B \/ Anchura (mm)<\/td>\n<td>2,500<\/td>\n<td>2,500<\/td>\n<td>2,500<\/td>\n<td>3,300<\/td>\n<td>3,500<\/td>\n<\/tr>\n<tr>\n<td colspan=\"2\">C \/ Altura (mm)<\/td>\n<td>3,750<\/td>\n<td>3,980<\/td>\n<td>4,250<\/td>\n<td>4,460<\/td>\n<td>4,850<\/td>\n<\/tr>\n<tr>\n<td rowspan=\"3\">&nbsp;<\/p>\n<p>Extrusora<\/td>\n<td>Di\u00e1metro del tornillo (mm)<\/td>\n<td>\u03a6100<\/td>\n<td>\u03a6120<\/td>\n<td>\u03a6150<\/td>\n<td>\u03a6180<\/td>\n<td>\u03a6200<\/td>\n<\/tr>\n<tr>\n<td>L\/D<\/td>\n<td>25-35<\/td>\n<td>25-35<\/td>\n<td>25-35<\/td>\n<td>25-35<\/td>\n<td>25-35<\/td>\n<\/tr>\n<tr>\n<td>Potencia del motor (kW)<\/td>\n<td>90-110<\/td>\n<td>132-160<\/td>\n<td>160-200<\/td>\n<td>250-315<\/td>\n<td>315-355<\/td>\n<\/tr>\n<tr>\n<td rowspan=\"4\">&nbsp;<\/p>\n<p>&nbsp;<\/p>\n<p>&nbsp;<\/p>\n<p>Filtro<\/p>\n<p>(opciones)<\/td>\n<td>Tipo de placa de dos posiciones<\/td>\n<td>\u25cf<\/td>\n<td>\u25cf<\/td>\n<td>\u25cf<\/td>\n<td>\u25cf<\/td>\n<td>\u25cf<\/td>\n<\/tr>\n<tr>\n<td>Tipo pist\u00f3n de dos posiciones<\/td>\n<td>\u25cb<\/td>\n<td>\u25cb<\/td>\n<td>\u25cb<\/td>\n<td>\u25cb<\/td>\n<td>\u25cb<\/td>\n<\/tr>\n<tr>\n<td>Tipo pist\u00f3n retrolavado<\/td>\n<td>\u25cb<\/td>\n<td>\u25cb<\/td>\n<td>\u25cb<\/td>\n<td>\u25cb<\/td>\n<td>\u25cb<\/td>\n<\/tr>\n<tr>\n<td>Tipo autolimpieza autom\u00e1tica<\/td>\n<td>\u25cb<\/td>\n<td>\u25cb<\/td>\n<td>\u25cb<\/td>\n<td>\u25cb<\/td>\n<td>\u25cb<\/td>\n<\/tr>\n<tr>\n<td rowspan=\"3\">&nbsp;<\/p>\n<p>2\u00aa extrusora<\/p>\n<p>(opcional)<\/td>\n<td>Di\u00e1metro del tornillo (mm)<\/td>\n<td>\u03a6120<\/td>\n<td>\u03a6150<\/td>\n<td>\u03a6150<\/td>\n<td>\u03a6180<\/td>\n<td>\u03a6200<\/td>\n<\/tr>\n<tr>\n<td>L\/D<\/td>\n<td>8-12<\/td>\n<td>8-12<\/td>\n<td>8-12<\/td>\n<td>8-12<\/td>\n<td>8-12<\/td>\n<\/tr>\n<tr>\n<td>Potencia del motor (kW)<\/td>\n<td>37-45<\/td>\n<td>45-55<\/td>\n<td>55-75<\/td>\n<td>75-90<\/td>\n<td>90-110<\/td>\n<\/tr>\n<tr>\n<td rowspan=\"4\">&nbsp;<\/p>\n<p>&nbsp;<\/p>\n<p>Aguas abajo<\/p>\n<p>(opciones)<\/td>\n<td>Granulador de anillo de agua<\/td>\n<td>\u25cf<\/td>\n<td>\u25cf<\/td>\n<td>\u25cf<\/td>\n<td>\u25cf<\/td>\n<td>\u25cf<\/td>\n<\/tr>\n<tr>\n<td>Granuladora de filamentos<\/td>\n<td>\u25cb<\/td>\n<td>\u25cb<\/td>\n<td>\u25cb<\/td>\n<td>\u25cb<\/td>\n<td>\u25cb<\/td>\n<\/tr>\n<tr>\n<td>Granuladora autom\u00e1tica de filamentos<\/td>\n<td>\u25cb<\/td>\n<td>\u25cb<\/td>\n<td>\u25cb<\/td>\n<td>\u25cb<\/td>\n<td>\u25cb<\/td>\n<\/tr>\n<tr>\n<td>Granuladora submarina<\/td>\n<td>\u25cb<\/td>\n<td>\u25cb<\/td>\n<td>\u25cb<\/td>\n<td>\u25cb<\/td>\n<td>\u25cb<\/td>\n<\/tr>\n<\/tbody>\n<\/table>\n<ul>\n<li>Standard\u00a0 \u00a0 \u00a0 \u00a0 \u00a0 \u00a0\u25cb Alternative<\/li>\n<\/ul>\n<p><strong><u><b>L\u00edneas de extrusi\u00f3n<\/b><\/u><\/strong><strong><b>P\u00f3ngase en contacto con nosotros, podemos darle la mejor sugerencia<\/b><\/strong><\/p>\n<p>Diversos modos de granulaci\u00f3n, como la granulaci\u00f3n por hilo refrigerado por agua, la granulaci\u00f3n por aire refrigerado, la granulaci\u00f3n por anillo de agua, la granulaci\u00f3n bajo agua, etc.<\/p>\n<p><img fetchpriority=\"high\" decoding=\"async\" class=\"alignnone size-full wp-image-3330\" src=\"https:\/\/wxplastmachine.com\/wp-content\/uploads\/2024\/09\/\u5fae\u4fe1\u622a\u56fe_20240905220819.jpg\" alt=\"\" width=\"352\" height=\"573\" srcset=\"https:\/\/wxplastmachine.com\/wp-content\/uploads\/2024\/09\/\u5fae\u4fe1\u622a\u56fe_20240905220819.jpg 352w, https:\/\/wxplastmachine.com\/wp-content\/uploads\/2024\/09\/\u5fae\u4fe1\u622a\u56fe_20240905220819-184x300.jpg 184w, https:\/\/wxplastmachine.com\/wp-content\/uploads\/2024\/09\/\u5fae\u4fe1\u622a\u56fe_20240905220819-7x12.jpg 7w\" sizes=\"(max-width: 352px) 100vw, 352px\" \/><\/p>\n<p><strong><b>PREGUNTAS FRECUENTES:<\/b><\/strong><\/p>\n<p>1. \u00bfCu\u00e1l es la garant\u00eda de sus productos?<br \/>\nSi las piezas de la m\u00e1quina se rompen debido a problemas de calidad dentro del per\u00edodo de garant\u00eda, le enviaremos una nueva pieza de forma gratuita (cualquier mal uso artificial o destory prepensely no est\u00e1 incluido dentro de la limitaci\u00f3n de Garant\u00eda de Calidad).<\/p>\n<p>2.\u00bfCu\u00e1les son sus condiciones de pago y entrega?<br \/>\nPlazo de pago:<br \/>\n1) T\/T, 30% como prepago ,70% antes de la entrega<br \/>\n2) L\/C, 30% por T\/T ,70% como L\/C a la vista<br \/>\nPlazo de entrega: Est\u00e1ndar ser\u00e1 en 30-40 d\u00edas laborables<\/p>\n<p>3. \u00bfQu\u00e9 asistencia t\u00e9cnica podemos obtener si encargamos m\u00e1quinas?<br \/>\nPodemos proporcionar planos de instalaci\u00f3n, instrucciones b\u00e1sicas de funcionamiento, explicaci\u00f3n de funcionamiento mediante v\u00eddeo y fotos, videollamada en l\u00ednea para asistencia t\u00e9cnica si es necesario.<\/p>\n<p>&nbsp;<\/p>","protected":false},"excerpt":{"rendered":"<p>PE\u00a0PP\u00a0PET PVC Two Stage Pellets Making Machine Plastic Scraps Bottle Flakes Waste Recycling Granulating Line SJ\/SJ series single screw two-stage granulator is mainly suitable for granulating solid materials, suitable for materials with a bulk density of 0.1-0.3g\/l; it can process plastics such as PE, PP, PS, PVC, ABS, PA, PC, PET, etc. The characteristics of [&hellip;]<\/p>","protected":false},"featured_media":3359,"comment_status":"open","ping_status":"closed","template":"","meta":{"site-sidebar-layout":"default","site-content-layout":"","ast-site-content-layout":"default","site-content-style":"default","site-sidebar-style":"default","ast-global-header-display":"","ast-banner-title-visibility":"","ast-main-header-display":"","ast-hfb-above-header-display":"","ast-hfb-below-header-display":"","ast-hfb-mobile-header-display":"","site-post-title":"","ast-breadcrumbs-content":"","ast-featured-img":"","footer-sml-layout":"","theme-transparent-header-meta":"default","adv-header-id-meta":"","stick-header-meta":"","header-above-stick-meta":"","header-main-stick-meta":"","header-below-stick-meta":"","astra-migrate-meta-layouts":"set","ast-page-background-enabled":"default","ast-page-background-meta":{"desktop":{"background-color":"","background-image":"","background-repeat":"repeat","background-position":"center center","background-size":"auto","background-attachment":"scroll","background-type":"","background-media":"","overlay-type":"","overlay-color":"","overlay-gradient":""},"tablet":{"background-color":"","background-image":"","background-repeat":"repeat","background-position":"center center","background-size":"auto","background-attachment":"scroll","background-type":"","background-media":"","overlay-type":"","overlay-color":"","overlay-gradient":""},"mobile":{"background-color":"","background-image":"","background-repeat":"repeat","background-position":"center center","background-size":"auto","background-attachment":"scroll","background-type":"","background-media":"","overlay-type":"","overlay-color":"","overlay-gradient":""}},"ast-content-background-meta":{"desktop":{"background-color":"var(--ast-global-color-5)","background-image":"","background-repeat":"repeat","background-position":"center center","background-size":"auto","background-attachment":"scroll","background-type":"","background-media":"","overlay-type":"","overlay-color":"","overlay-gradient":""},"tablet":{"background-color":"var(--ast-global-color-5)","background-image":"","background-repeat":"repeat","background-position":"center center","background-size":"auto","background-attachment":"scroll","background-type":"","background-media":"","overlay-type":"","overlay-color":"","overlay-gradient":""},"mobile":{"background-color":"var(--ast-global-color-5)","background-image":"","background-repeat":"repeat","background-position":"center center","background-size":"auto","background-attachment":"scroll","background-type":"","background-media":"","overlay-type":"","overlay-color":"","overlay-gradient":""}}},"product_cat":[166,159,161],"product_tag":[],"jetpack_sharing_enabled":true,"_links":{"self":[{"href":"https:\/\/wxplastmachine.com\/es\/wp-json\/wp\/v2\/product\/3338"}],"collection":[{"href":"https:\/\/wxplastmachine.com\/es\/wp-json\/wp\/v2\/product"}],"about":[{"href":"https:\/\/wxplastmachine.com\/es\/wp-json\/wp\/v2\/types\/product"}],"replies":[{"embeddable":true,"href":"https:\/\/wxplastmachine.com\/es\/wp-json\/wp\/v2\/comments?post=3338"}],"wp:featuredmedia":[{"embeddable":true,"href":"https:\/\/wxplastmachine.com\/es\/wp-json\/wp\/v2\/media\/3359"}],"wp:attachment":[{"href":"https:\/\/wxplastmachine.com\/es\/wp-json\/wp\/v2\/media?parent=3338"}],"wp:term":[{"taxonomy":"product_cat","embeddable":true,"href":"https:\/\/wxplastmachine.com\/es\/wp-json\/wp\/v2\/product_cat?post=3338"},{"taxonomy":"product_tag","embeddable":true,"href":"https:\/\/wxplastmachine.com\/es\/wp-json\/wp\/v2\/product_tag?post=3338"}],"curies":[{"name":"wp","href":"https:\/\/api.w.org\/{rel}","templated":true}]}}