{"id":3351,"date":"2024-09-06T16:00:29","date_gmt":"2024-09-06T08:00:29","guid":{"rendered":"https:\/\/wxplastmachine.com\/?post_type=product&#038;p=3351"},"modified":"2024-09-06T16:02:47","modified_gmt":"2024-09-06T08:02:47","slug":"pvc-spvc-wpc-compounding-counter-rotating-parallel-twin-screw-granulator","status":"publish","type":"product","link":"https:\/\/wxplastmachine.com\/es\/producto\/pvc-spvc-wpc-compounding-counter-rotating-parallel-twin-screw-granulator","title":{"rendered":"PVC SPVC WPC Compounding Granulador de doble husillo paralelo contrarrotante"},"content":{"rendered":"<p><strong>PVC SPVC WPC Compounding Granulador de doble husillo paralelo contrarrotante<\/strong><\/p>\n<p>El granulador de doble tornillo paralelo contrarrotante se utiliza ampliamente en la modificaci\u00f3n de cables de PVC, la mezcla de polvo de PVC, la pel\u00edcula de PVC, etc.<\/p>\n<p><strong><u>Caracter\u00edsticas de la m\u00e1quina:\u00a0<\/u><\/strong><br \/>\n-Panel de control con pantalla t\u00e1ctil o control mediante regulador de temperatura<br \/>\n-Software de f\u00e1cil uso desarrollado seg\u00fan la norma europea<br \/>\n-Caja de cambios de alto par (<strong>Original made in European<\/strong>)<br \/>\n-Regulaci\u00f3n t\u00e9rmica interna del agua\u00a0<strong>(Original made in European)<\/strong><br \/>\n-Equipado con zona de desgasificaci\u00f3n<br \/>\n-Diferentes opciones de alimentaci\u00f3n de material para una producci\u00f3n estable de polvo de PVC-U<br \/>\n-Todas las piezas comerciales fabricadas en Turqu\u00eda y Europa<\/p>\n<p>Esta granuladora se compone de una extrusora de doble husillo en paralelo y un equipo posterior, es adecuada para la granulaci\u00f3n de PVC blando y r\u00edgido, los gr\u00e1nulos producidos por esta m\u00e1quina son uniformes, s\u00f3lidos y elegantes. El equipo de granulaci\u00f3n de flujo descendente es el cortador de cara de troquel, la unidad de transferencia de aire, la separaci\u00f3n por vibraci\u00f3n y la unidad de refrigeraci\u00f3n.<\/p>\n<p>Este equipo de granulaci\u00f3n de flujo descendente se caracteriza por su alta automatizaci\u00f3n y alta eficiencia de producci\u00f3n.<br \/>\n1.La l\u00ednea de granulado de PVC es uno de nuestros principales productos, que tiene las ventajas de alta estabilidad, mejor capacidad a un consumo razonable.<br \/>\n2.La l\u00ednea de granulaci\u00f3n incluye extrusora, molde de granulaci\u00f3n, sistema de refrigeraci\u00f3n por aire y vibroscopio.<br \/>\n3.Todos nuestros equipos de extrusi\u00f3n est\u00e1n utilizando los mejores dispositivos est\u00e1ndar. por ejemplo, ABB inversor de frecuencia, que goza de garant\u00eda mundial, Simens motor principal est\u00e1ndar, Schneid er botones, Japanses RKC indicadores de temperatura, ABB controlador de frecuencia. El motor de alimentaci\u00f3n de polvo est\u00e1 controlado por ABB. Si la granulaci\u00f3n de PVC es concentrado de color, podemos a\u00f1adir tres o cinco contenedores de existencias.<\/p>\n<p><strong><b>Principales par\u00e1metros t\u00e9cnicos\uff1a<\/b><\/strong><\/p>\n<table>\n<tbody>\n<tr>\n<td width=\"9.8800%\"><\/td>\n<td width=\"15.0000%\">SJSZ45\/90<\/td>\n<td width=\"15.0000%\">SJSZ51\/105<\/td>\n<td width=\"15.0000%\">SJSZ55\/110<\/td>\n<td width=\"15.0000%\">SJSZ65\/132<\/td>\n<td width=\"15.0000%\">SJSZ80\/156<\/td>\n<td width=\"15.0000%\">SJSZ92\/188<\/td>\n<\/tr>\n<tr>\n<td width=\"9.8800%\">Di\u00e1metro del tornillo (mm)<\/td>\n<td width=\"15.0000%\">45\/90<\/td>\n<td width=\"15.0000%\">51\/105<\/td>\n<td width=\"15.0000%\">55\/110<\/td>\n<td width=\"15.0000%\">65\/132<\/td>\n<td width=\"15.0000%\">80\/156<\/td>\n<td width=\"15.0000%\">92\/188<\/td>\n<\/tr>\n<tr>\n<td width=\"9.8800%\">Motor de accionamiento (kw)<\/td>\n<td width=\"15.0000%\">15<\/td>\n<td width=\"15.0000%\">18.5<\/td>\n<td width=\"15.0000%\">22<\/td>\n<td width=\"15.0000%\">37<\/td>\n<td width=\"15.0000%\">55<\/td>\n<td width=\"15.0000%\">110<\/td>\n<\/tr>\n<tr>\n<td width=\"9.8800%\">Producci\u00f3n (kg\/h)<\/td>\n<td width=\"15.0000%\">70<\/td>\n<td width=\"15.0000%\">100<\/td>\n<td width=\"15.0000%\">150<\/td>\n<td width=\"15.0000%\">250<\/td>\n<td width=\"15.0000%\">400<\/td>\n<td width=\"15.0000%\">750<\/td>\n<\/tr>\n<tr>\n<td width=\"9.8800%\">Altura central (mm)<\/td>\n<td width=\"15.0000%\">1000<\/td>\n<td width=\"15.0000%\">1000<\/td>\n<td width=\"15.0000%\">1000<\/td>\n<td width=\"15.0000%\">1000<\/td>\n<td width=\"15.0000%\">1100<\/td>\n<td width=\"15.0000%\">1200<\/td>\n<\/tr>\n<tr>\n<td width=\"9.8800%\">Velocidad de rotaci\u00f3n (rpm)<\/td>\n<td width=\"15.0000%\">1-45<\/td>\n<td width=\"15.0000%\">1-45.5<\/td>\n<td width=\"15.0000%\">1-40<\/td>\n<td width=\"15.0000%\">1-38<\/td>\n<td width=\"15.0000%\">1-36.9<\/td>\n<td width=\"15.0000%\">1-34.7<\/td>\n<\/tr>\n<tr>\n<td width=\"9.8800%\">Peso (kg)<\/td>\n<td width=\"15.0000%\">2800<\/td>\n<td width=\"15.0000%\">3000<\/td>\n<td width=\"15.0000%\">3500<\/td>\n<td width=\"15.0000%\">4000<\/td>\n<td width=\"15.0000%\">5000<\/td>\n<td width=\"15.0000%\">6000<\/td>\n<\/tr>\n<tr>\n<td width=\"9.8800%\">Dimensiones (mm)<\/td>\n<td width=\"15.0000%\">3360*1290*2150<\/td>\n<td width=\"15.0000%\">3400*1290*2150<\/td>\n<td width=\"15.0000%\">3620*1350*2200<\/td>\n<td width=\"15.0000%\">3900*1520*2450<\/td>\n<td width=\"15.0000%\">4750*1600*2480<\/td>\n<td width=\"15.0000%\">6700*1600*2650<\/td>\n<\/tr>\n<\/tbody>\n<\/table>\n<p><img fetchpriority=\"high\" decoding=\"async\" class=\"alignnone size-full wp-image-3349\" src=\"https:\/\/wxplastmachine.com\/wp-content\/uploads\/2024\/09\/1611646191196586.jpg\" alt=\"\" width=\"1920\" height=\"291\" srcset=\"https:\/\/wxplastmachine.com\/wp-content\/uploads\/2024\/09\/1611646191196586.jpg 1920w, https:\/\/wxplastmachine.com\/wp-content\/uploads\/2024\/09\/1611646191196586-300x45.jpg 300w, https:\/\/wxplastmachine.com\/wp-content\/uploads\/2024\/09\/1611646191196586-1024x155.jpg 1024w, https:\/\/wxplastmachine.com\/wp-content\/uploads\/2024\/09\/1611646191196586-768x116.jpg 768w, https:\/\/wxplastmachine.com\/wp-content\/uploads\/2024\/09\/1611646191196586-1536x233.jpg 1536w, https:\/\/wxplastmachine.com\/wp-content\/uploads\/2024\/09\/1611646191196586-18x3.jpg 18w, https:\/\/wxplastmachine.com\/wp-content\/uploads\/2024\/09\/1611646191196586-600x91.jpg 600w\" sizes=\"(max-width: 1920px) 100vw, 1920px\" \/><\/p>\n<p><strong><b>PREGUNTAS FRECUENTES:<\/b><\/strong><\/p>\n<p>1. \u00bfCu\u00e1l es la garant\u00eda de sus productos?<br \/>\nSi las piezas de la m\u00e1quina se rompen debido a problemas de calidad dentro del per\u00edodo de garant\u00eda, le enviaremos una nueva pieza de forma gratuita (cualquier mal uso artificial o destory prepensely no est\u00e1 incluido dentro de la limitaci\u00f3n de Garant\u00eda de Calidad).<\/p>\n<p>2.\u00bfCu\u00e1les son sus condiciones de pago y entrega?<br \/>\nPlazo de pago:<br \/>\n1) T\/T, 30% como prepago ,70% antes de la entrega<br \/>\n2) L\/C, 30% por T\/T ,70% como L\/C a la vista<br \/>\nPlazo de entrega: Est\u00e1ndar ser\u00e1 en 30-40 d\u00edas laborables<\/p>\n<p>3. \u00bfQu\u00e9 asistencia t\u00e9cnica podemos obtener si encargamos m\u00e1quinas?<br \/>\nPodemos proporcionar planos de instalaci\u00f3n, instrucciones b\u00e1sicas de funcionamiento, explicaci\u00f3n de funcionamiento mediante v\u00eddeo y fotos, videollamada en l\u00ednea para asistencia t\u00e9cnica si es necesario.<\/p>\n<p>&nbsp;<\/p>","protected":false},"excerpt":{"rendered":"<p>PVC SPVC WPC Compounding Counter-rotating Parallel Twin Screw Granulator Counter-rotating Parallel Twin Screw Granulator\u00a0is widely used in PVC cable modification, PVC powder blending, PVC film, etc. Feature of Machine:\u00a0 -Touch screen control panel or control by temperature controller -User friendly software developed by European standard -High-torque gearbox (Original made in European) -Screw internal water thermal [&hellip;]<\/p>","protected":false},"featured_media":3353,"comment_status":"open","ping_status":"closed","template":"","meta":{"site-sidebar-layout":"default","site-content-layout":"","ast-site-content-layout":"default","site-content-style":"default","site-sidebar-style":"default","ast-global-header-display":"","ast-banner-title-visibility":"","ast-main-header-display":"","ast-hfb-above-header-display":"","ast-hfb-below-header-display":"","ast-hfb-mobile-header-display":"","site-post-title":"","ast-breadcrumbs-content":"","ast-featured-img":"","footer-sml-layout":"","theme-transparent-header-meta":"default","adv-header-id-meta":"","stick-header-meta":"","header-above-stick-meta":"","header-main-stick-meta":"","header-below-stick-meta":"","astra-migrate-meta-layouts":"set","ast-page-background-enabled":"default","ast-page-background-meta":{"desktop":{"background-color":"","background-image":"","background-repeat":"repeat","background-position":"center center","background-size":"auto","background-attachment":"scroll","background-type":"","background-media":"","overlay-type":"","overlay-color":"","overlay-gradient":""},"tablet":{"background-color":"","background-image":"","background-repeat":"repeat","background-position":"center center","background-size":"auto","background-attachment":"scroll","background-type":"","background-media":"","overlay-type":"","overlay-color":"","overlay-gradient":""},"mobile":{"background-color":"","background-image":"","background-repeat":"repeat","background-position":"center center","background-size":"auto","background-attachment":"scroll","background-type":"","background-media":"","overlay-type":"","overlay-color":"","overlay-gradient":""}},"ast-content-background-meta":{"desktop":{"background-color":"var(--ast-global-color-5)","background-image":"","background-repeat":"repeat","background-position":"center center","background-size":"auto","background-attachment":"scroll","background-type":"","background-media":"","overlay-type":"","overlay-color":"","overlay-gradient":""},"tablet":{"background-color":"var(--ast-global-color-5)","background-image":"","background-repeat":"repeat","background-position":"center center","background-size":"auto","background-attachment":"scroll","background-type":"","background-media":"","overlay-type":"","overlay-color":"","overlay-gradient":""},"mobile":{"background-color":"var(--ast-global-color-5)","background-image":"","background-repeat":"repeat","background-position":"center center","background-size":"auto","background-attachment":"scroll","background-type":"","background-media":"","overlay-type":"","overlay-color":"","overlay-gradient":""}}},"product_cat":[168,159,162],"product_tag":[],"jetpack_sharing_enabled":true,"_links":{"self":[{"href":"https:\/\/wxplastmachine.com\/es\/wp-json\/wp\/v2\/product\/3351"}],"collection":[{"href":"https:\/\/wxplastmachine.com\/es\/wp-json\/wp\/v2\/product"}],"about":[{"href":"https:\/\/wxplastmachine.com\/es\/wp-json\/wp\/v2\/types\/product"}],"replies":[{"embeddable":true,"href":"https:\/\/wxplastmachine.com\/es\/wp-json\/wp\/v2\/comments?post=3351"}],"wp:featuredmedia":[{"embeddable":true,"href":"https:\/\/wxplastmachine.com\/es\/wp-json\/wp\/v2\/media\/3353"}],"wp:attachment":[{"href":"https:\/\/wxplastmachine.com\/es\/wp-json\/wp\/v2\/media?parent=3351"}],"wp:term":[{"taxonomy":"product_cat","embeddable":true,"href":"https:\/\/wxplastmachine.com\/es\/wp-json\/wp\/v2\/product_cat?post=3351"},{"taxonomy":"product_tag","embeddable":true,"href":"https:\/\/wxplastmachine.com\/es\/wp-json\/wp\/v2\/product_tag?post=3351"}],"curies":[{"name":"wp","href":"https:\/\/api.w.org\/{rel}","templated":true}]}}