{"id":3407,"date":"2024-10-15T14:39:04","date_gmt":"2024-10-15T06:39:04","guid":{"rendered":"https:\/\/wxplastmachine.com\/?post_type=product&#038;p=3407"},"modified":"2024-10-15T14:52:58","modified_gmt":"2024-10-15T06:52:58","slug":"cpe-eva-tpe-cast-film-extrusion-machine","status":"publish","type":"product","link":"https:\/\/wxplastmachine.com\/es\/producto\/cpe-eva-tpe-cast-film-extrusion-machine","title":{"rendered":"M\u00e1quina de extrusi\u00f3n de film fundido CPE EVA TPE"},"content":{"rendered":"<p>Este es un equipo de producci\u00f3n de pel\u00edcula fundida, utilizando cabezal de troquel de acero inoxidable, servo motor, inversor importado, componentes electr\u00f3nicos Siemens y otros accesorios de marca, funcionando r\u00e1pido y estable con producto de acabado de alta calidad.m\u00e1quina de control PLC para ajustar el espesor de la pel\u00edcula, corte autom\u00e1tico, reciclaje de chatarra, cambio autom\u00e1tico de rollo y otras funciones. Aplicable a PE, CPE, TPE , si los clientes necesitan para producir pel\u00edcula de otros materiales, tambi\u00e9n podemos personalizarlo, como EVA POE TPU PP PA PVA PVB CPP POE SGP De acuerdo con la anchura de la pel\u00edcula, podemos dividirnos en M\u00e1quina de extrusi\u00f3n de film estirable fundido de 1200mm M\u00e1quina de extrusi\u00f3n de film estirable fundido de 1600mm Equipo de producci\u00f3n de film estirable de 2000mm Seg\u00fan la clasificaci\u00f3n del material aplicable, podemos dividirnos en M\u00e1quina de extrusi\u00f3n de film estirable fundido de PE M\u00e1quina de extrusi\u00f3n de film estirable fundido de CPE M\u00e1quina de extrusi\u00f3n de film estirable fundido de TPE Seg\u00fan el gofrado, Seg\u00fan el n\u00famero de capas de la pel\u00edcula, se puede dividir en una sola capa \/ monocapa m\u00e1quina de extrusi\u00f3n de film estirable fundido dos capas \/ doble capas m\u00e1quina de extrusi\u00f3n de film estirable fundido 3 capas co-extrusi\u00f3n m\u00e1quina de extrusi\u00f3n de film estirable fundido Las pel\u00edculas de TPE y CPE son ampliamente utilizadas en productos de cuidado humano, campos m\u00e9dicos, campos de embalaje, etc. Bienvenido a las consultas de los clientes, vamos a retroalimentar la confianza de los clientes con el mejor servicio y calidad.<\/p>\n<p>WX-CPEVA-2600MM unidad de pel\u00edcula fundida<\/p>\n<p><strong>Introducci\u00f3n detallada<\/strong><\/p>\n<p>Esta unidad se basa en los muchos a\u00f1os de fabricaci\u00f3n de equipos de fundici\u00f3n de nuestra empresa y la operaci\u00f3n real del cliente, acumulando continuamente experiencia, y combinando con tecnolog\u00eda avanzada extranjera para actualizar y transformar continuamente, con alta plastificaci\u00f3n, f\u00e1cil operaci\u00f3n, larga vida \u00fatil de la m\u00e1quina, ahorro de energ\u00eda, etc. y pa\u00edses extranjeros La unidad de producci\u00f3n de pel\u00edcula fundida con normas t\u00e9cnicas, con LDPE, LLDPE, HDPE y EVA como materias primas principales, puede producir pel\u00edcula fundida esmerilada, pel\u00edcula en relieve, pel\u00edcula mate y otros productos. La unidad adopta un avanzado sistema de control industrial inteligente, coopera con la bobinadora central autom\u00e1tica, y est\u00e1 equipada con un controlador de tensi\u00f3n importado, que puede cambiar autom\u00e1ticamente las bobinas y cortarlas, asegurando una operaci\u00f3n segura y conveniente, haciendo la bobinadora m\u00e1s fuerte y suave, y asegurando la calidad del producto. Mejorar en gran medida la eficiencia de la producci\u00f3n, reducir los costes de producci\u00f3n, y crear un mayor valor para los clientes.<\/p>\n<p>Caracter\u00edsticas<\/p>\n<p>1. Con cargadores autom\u00e1ticos<\/p>\n<p>2.El tornillo est\u00e1 dise\u00f1ado con alta capacidad de plastificaci\u00f3n, buena plastificaci\u00f3n, buen efecto de mezcla y alto rendimiento:<\/p>\n<p>3.Cambiador hidr\u00e1ulico autom\u00e1tico de pantallas<br \/>\n4.Se puede seleccionar la detecci\u00f3n autom\u00e1tica en l\u00ednea del grosor de la pel\u00edcula y el ajuste autom\u00e1tico del cabezal de troquelado:<br \/>\n5.El rodillo de enfriamiento adopta un dise\u00f1o especial de canal de flujo, y el efecto de enfriamiento y conformaci\u00f3n de la pel\u00edcula es bueno a alta velocidad:<br \/>\n6. Sistema de fijaci\u00f3n del borde de la pel\u00edcula, el material del borde de la pel\u00edcula se recicla directamente en l\u00ednea, lo que reduce enormemente el coste de producci\u00f3n.<\/p>\n<p>7.Cambio y corte autom\u00e1tico de bobinas.<\/p>\n<p><strong><b>ESPECIFICACIONES DEL PRODUCTO<\/b><\/strong><\/p>\n<table>\n<tbody>\n<tr>\n<td width=\"250\">Modelo<\/td>\n<td width=\"250\">WX-L\u03a675\/110\/75*2600<\/td>\n<td width=\"250\">Modelo<\/td>\n<\/tr>\n<tr>\n<td width=\"250\">Di\u00e1metro del tornillo<\/td>\n<td width=\"250\">75\/110\/75 mm<\/td>\n<td width=\"250\">Di\u00e1metro del tornillo<\/td>\n<\/tr>\n<tr>\n<td width=\"250\">Tornillo L\/D<\/td>\n<td width=\"250\">30\uff1a1<\/td>\n<td width=\"250\">Tornillo L\/D<\/td>\n<\/tr>\n<tr>\n<td width=\"250\">Velocidad de dise\u00f1o<\/td>\n<td width=\"250\">120 m\/min<\/td>\n<td width=\"250\">Velocidad de dise\u00f1o<\/td>\n<\/tr>\n<tr>\n<td width=\"250\">Anchura<\/td>\n<td width=\"250\">2000mm<\/td>\n<td width=\"250\">Anchura<\/td>\n<\/tr>\n<tr>\n<td width=\"250\">Potencia total<\/td>\n<td width=\"250\">210 KW<\/td>\n<td width=\"250\">Potencia total<\/td>\n<\/tr>\n<tr>\n<td width=\"250\">Espesor<\/td>\n<td width=\"250\">0,03\uff5e0,3mm x2200mm<\/td>\n<td width=\"250\">Espesor<\/td>\n<\/tr>\n<tr>\n<td width=\"250\">Caoacidad<\/td>\n<td width=\"250\">400 kg\/h<\/td>\n<td width=\"250\">Caoacidad<\/td>\n<\/tr>\n<tr>\n<td width=\"250\">Estructura de capas<\/td>\n<td width=\"250\">A\/B\/C<\/td>\n<td width=\"250\">Estructura de capas<\/td>\n<\/tr>\n<tr>\n<td width=\"250\">Peso total<\/td>\n<td width=\"250\">16T<\/td>\n<td width=\"250\">Peso total<\/td>\n<\/tr>\n<\/tbody>\n<\/table>\n<p><img fetchpriority=\"high\" decoding=\"async\" class=\"alignnone size-full wp-image-3408\" src=\"https:\/\/wxplastmachine.com\/wp-content\/uploads\/2024\/10\/1663578050354398.jpg\" alt=\"\" width=\"800\" height=\"800\" srcset=\"https:\/\/wxplastmachine.com\/wp-content\/uploads\/2024\/10\/1663578050354398.jpg 800w, https:\/\/wxplastmachine.com\/wp-content\/uploads\/2024\/10\/1663578050354398-300x300.jpg 300w, https:\/\/wxplastmachine.com\/wp-content\/uploads\/2024\/10\/1663578050354398-150x150.jpg 150w, https:\/\/wxplastmachine.com\/wp-content\/uploads\/2024\/10\/1663578050354398-768x768.jpg 768w, https:\/\/wxplastmachine.com\/wp-content\/uploads\/2024\/10\/1663578050354398-12x12.jpg 12w, https:\/\/wxplastmachine.com\/wp-content\/uploads\/2024\/10\/1663578050354398-600x600.jpg 600w, https:\/\/wxplastmachine.com\/wp-content\/uploads\/2024\/10\/1663578050354398-100x100.jpg 100w\" sizes=\"(max-width: 800px) 100vw, 800px\" \/><\/p>","protected":false},"excerpt":{"rendered":"<p>This is a cast film production equipment, using stainless steel die head, servo motor, imported inverter, Siemens electronic components and other brand accessories, running fast and stable with high quality finish product.PLC control machine to adjust the film thickness, automatic slitting, scrap recycling, automatic roll change and other functions. Applicable to PE, CPE, TPE , [&hellip;]<\/p>","protected":false},"featured_media":3409,"comment_status":"open","ping_status":"closed","template":"","meta":{"site-sidebar-layout":"default","site-content-layout":"","ast-site-content-layout":"default","site-content-style":"default","site-sidebar-style":"default","ast-global-header-display":"","ast-banner-title-visibility":"","ast-main-header-display":"","ast-hfb-above-header-display":"","ast-hfb-below-header-display":"","ast-hfb-mobile-header-display":"","site-post-title":"","ast-breadcrumbs-content":"","ast-featured-img":"","footer-sml-layout":"","theme-transparent-header-meta":"default","adv-header-id-meta":"","stick-header-meta":"","header-above-stick-meta":"","header-main-stick-meta":"","header-below-stick-meta":"","astra-migrate-meta-layouts":"set","ast-page-background-enabled":"default","ast-page-background-meta":{"desktop":{"background-color":"","background-image":"","background-repeat":"repeat","background-position":"center center","background-size":"auto","background-attachment":"scroll","background-type":"","background-media":"","overlay-type":"","overlay-color":"","overlay-gradient":""},"tablet":{"background-color":"","background-image":"","background-repeat":"repeat","background-position":"center center","background-size":"auto","background-attachment":"scroll","background-type":"","background-media":"","overlay-type":"","overlay-color":"","overlay-gradient":""},"mobile":{"background-color":"","background-image":"","background-repeat":"repeat","background-position":"center center","background-size":"auto","background-attachment":"scroll","background-type":"","background-media":"","overlay-type":"","overlay-color":"","overlay-gradient":""}},"ast-content-background-meta":{"desktop":{"background-color":"var(--ast-global-color-5)","background-image":"","background-repeat":"repeat","background-position":"center center","background-size":"auto","background-attachment":"scroll","background-type":"","background-media":"","overlay-type":"","overlay-color":"","overlay-gradient":""},"tablet":{"background-color":"var(--ast-global-color-5)","background-image":"","background-repeat":"repeat","background-position":"center center","background-size":"auto","background-attachment":"scroll","background-type":"","background-media":"","overlay-type":"","overlay-color":"","overlay-gradient":""},"mobile":{"background-color":"var(--ast-global-color-5)","background-image":"","background-repeat":"repeat","background-position":"center center","background-size":"auto","background-attachment":"scroll","background-type":"","background-media":"","overlay-type":"","overlay-color":"","overlay-gradient":""}}},"product_cat":[139],"product_tag":[],"jetpack_sharing_enabled":true,"_links":{"self":[{"href":"https:\/\/wxplastmachine.com\/es\/wp-json\/wp\/v2\/product\/3407"}],"collection":[{"href":"https:\/\/wxplastmachine.com\/es\/wp-json\/wp\/v2\/product"}],"about":[{"href":"https:\/\/wxplastmachine.com\/es\/wp-json\/wp\/v2\/types\/product"}],"replies":[{"embeddable":true,"href":"https:\/\/wxplastmachine.com\/es\/wp-json\/wp\/v2\/comments?post=3407"}],"wp:featuredmedia":[{"embeddable":true,"href":"https:\/\/wxplastmachine.com\/es\/wp-json\/wp\/v2\/media\/3409"}],"wp:attachment":[{"href":"https:\/\/wxplastmachine.com\/es\/wp-json\/wp\/v2\/media?parent=3407"}],"wp:term":[{"taxonomy":"product_cat","embeddable":true,"href":"https:\/\/wxplastmachine.com\/es\/wp-json\/wp\/v2\/product_cat?post=3407"},{"taxonomy":"product_tag","embeddable":true,"href":"https:\/\/wxplastmachine.com\/es\/wp-json\/wp\/v2\/product_tag?post=3407"}],"curies":[{"name":"wp","href":"https:\/\/api.w.org\/{rel}","templated":true}]}}