{"id":3413,"date":"2024-10-15T15:11:43","date_gmt":"2024-10-15T07:11:43","guid":{"rendered":"https:\/\/wxplastmachine.com\/?post_type=product&#038;p=3413"},"modified":"2024-10-15T15:11:43","modified_gmt":"2024-10-15T07:11:43","slug":"pvc-cling-film-fresh-keeping-film-clear-wrapping-film-extrusion-machine","status":"publish","type":"product","link":"https:\/\/wxplastmachine.com\/es\/producto\/pvc-cling-film-fresh-keeping-film-clear-wrapping-film-extrusion-machine","title":{"rendered":"M\u00e1quina de extrusi\u00f3n de film transparente\/ film termosellable PVC"},"content":{"rendered":"<p>Con el cloruro de polivinilo (PVC) como materia prima principal, el plastificante, el estabilizador, el agente antivaho y el aceite de soja como ingredientes para la reacci\u00f3n de polimerizaci\u00f3n, la m\u00e1quina de film transparente de PVC puede fabricar film transparente de PVC autoadhesivo para alimentos con buena transparencia y alta resistencia a la tracci\u00f3n. Varias materias primas son mezcladas en proporci\u00f3n en un mezclador preciso de PVC de pesaje autom\u00e1tico de alta y baja temperatura. Despu\u00e9s de la mezcla, el material se enfriar\u00e1 y entrar\u00e1 en el motor principal. En la m\u00e1quina principal, el tornillo del barril se calienta, y la materia prima se funde y plastifica para extrudir film transparente de alta calidad a trav\u00e9s del cabezal de film.<\/p>\n<p><strong><b>ESPECIFICACIONES DEL PRODUCTO<\/b><\/strong><\/p>\n<table>\n<tbody>\n<tr>\n<td width=\"31.1000%\">Modelo<\/td>\n<td width=\"22.0800%\">WX-1200 mm<\/td>\n<td width=\"23.3800%\">WX-1600mm<\/td>\n<td width=\"23.3800%\">WX-1800mm<\/td>\n<\/tr>\n<tr>\n<td width=\"31.1000%\">Di\u00e1metro del tornillo<\/td>\n<td width=\"22.0800%\">90 mm<\/td>\n<td width=\"23.3800%\">105 mm<\/td>\n<td width=\"23.3800%\">115 mm<\/td>\n<\/tr>\n<tr>\n<td width=\"31.1000%\">Tornillo L:D<\/td>\n<td width=\"22.0800%\">30:1<\/td>\n<td width=\"23.3800%\">30:1<\/td>\n<td width=\"23.3800%\">30:1<\/td>\n<\/tr>\n<tr>\n<td width=\"31.1000%\">Anchura del troquel<\/td>\n<td width=\"22.0800%\">1700 mm<\/td>\n<td width=\"23.3800%\">2150 mm<\/td>\n<td width=\"23.3800%\">2350 mm<\/td>\n<\/tr>\n<tr>\n<td width=\"31.1000%\">Espesor<\/td>\n<td width=\"22.0800%\">0,009-0,05 mm<\/td>\n<td width=\"23.3800%\">0,009-0,05 mm<\/td>\n<td width=\"23.3800%\">0,009-0,05 mm<\/td>\n<\/tr>\n<tr>\n<td width=\"31.1000%\">Estructura de las capas de la pel\u00edcula<\/td>\n<td width=\"22.0800%\">Una capa<\/td>\n<td width=\"23.3800%\">Una capa<\/td>\n<td width=\"23.3800%\">Una capa<\/td>\n<\/tr>\n<tr>\n<td width=\"31.1000%\">Velocidad de tracci\u00f3n<\/td>\n<td width=\"22.0800%\">0-150 m\/min<\/td>\n<td width=\"23.3800%\">0-200 m\/min<\/td>\n<td width=\"23.3800%\">0-250 m\/min<\/td>\n<\/tr>\n<tr>\n<td width=\"31.1000%\">Salida<\/td>\n<td width=\"22.0800%\">130 kg\/h<\/td>\n<td width=\"23.3800%\">280 kg\/h<\/td>\n<td width=\"23.3800%\">350 kg\/h<\/td>\n<\/tr>\n<tr>\n<td width=\"31.1000%\">Potencia total<\/td>\n<td width=\"22.0800%\">250 KW<\/td>\n<td width=\"23.3800%\">280 KW<\/td>\n<td width=\"23.3800%\">300 KW<\/td>\n<\/tr>\n<tr>\n<td width=\"31.1000%\">Peso<\/td>\n<td width=\"22.0800%\">23000kg<\/td>\n<td width=\"23.3800%\">28000kg<\/td>\n<td width=\"23.3800%\">33000kg<\/td>\n<\/tr>\n<tr>\n<td width=\"31.1000%\">Dimensi\u00f3n<\/td>\n<td width=\"22.0800%\">13000*8000*4800mm<\/td>\n<td width=\"23.3800%\">15000*10000*4800mm<\/td>\n<td width=\"23.3800%\">15000*10000*4800mm<\/td>\n<\/tr>\n<\/tbody>\n<\/table>","protected":false},"excerpt":{"rendered":"<p>With polyvinyl chloride(PVC) as the main raw material, plasticizer, stabilizer, anti-fogging agent, soybean oil as ingredients for polymerization reaction, PVC Cling Film Machine can manufacture good transparency, high tensile strength, self-adhesive PVC food cling film. Various raw materials are mixed in proportion in a precise PVC automatic weighing high and low temperature mixer. After mixing, [&hellip;]<\/p>","protected":false},"featured_media":3414,"comment_status":"open","ping_status":"closed","template":"","meta":{"site-sidebar-layout":"default","site-content-layout":"","ast-site-content-layout":"default","site-content-style":"default","site-sidebar-style":"default","ast-global-header-display":"","ast-banner-title-visibility":"","ast-main-header-display":"","ast-hfb-above-header-display":"","ast-hfb-below-header-display":"","ast-hfb-mobile-header-display":"","site-post-title":"","ast-breadcrumbs-content":"","ast-featured-img":"","footer-sml-layout":"","theme-transparent-header-meta":"default","adv-header-id-meta":"","stick-header-meta":"","header-above-stick-meta":"","header-main-stick-meta":"","header-below-stick-meta":"","astra-migrate-meta-layouts":"set","ast-page-background-enabled":"default","ast-page-background-meta":{"desktop":{"background-color":"","background-image":"","background-repeat":"repeat","background-position":"center center","background-size":"auto","background-attachment":"scroll","background-type":"","background-media":"","overlay-type":"","overlay-color":"","overlay-gradient":""},"tablet":{"background-color":"","background-image":"","background-repeat":"repeat","background-position":"center center","background-size":"auto","background-attachment":"scroll","background-type":"","background-media":"","overlay-type":"","overlay-color":"","overlay-gradient":""},"mobile":{"background-color":"","background-image":"","background-repeat":"repeat","background-position":"center center","background-size":"auto","background-attachment":"scroll","background-type":"","background-media":"","overlay-type":"","overlay-color":"","overlay-gradient":""}},"ast-content-background-meta":{"desktop":{"background-color":"var(--ast-global-color-5)","background-image":"","background-repeat":"repeat","background-position":"center center","background-size":"auto","background-attachment":"scroll","background-type":"","background-media":"","overlay-type":"","overlay-color":"","overlay-gradient":""},"tablet":{"background-color":"var(--ast-global-color-5)","background-image":"","background-repeat":"repeat","background-position":"center center","background-size":"auto","background-attachment":"scroll","background-type":"","background-media":"","overlay-type":"","overlay-color":"","overlay-gradient":""},"mobile":{"background-color":"var(--ast-global-color-5)","background-image":"","background-repeat":"repeat","background-position":"center center","background-size":"auto","background-attachment":"scroll","background-type":"","background-media":"","overlay-type":"","overlay-color":"","overlay-gradient":""}}},"product_cat":[141],"product_tag":[],"jetpack_sharing_enabled":true,"_links":{"self":[{"href":"https:\/\/wxplastmachine.com\/es\/wp-json\/wp\/v2\/product\/3413"}],"collection":[{"href":"https:\/\/wxplastmachine.com\/es\/wp-json\/wp\/v2\/product"}],"about":[{"href":"https:\/\/wxplastmachine.com\/es\/wp-json\/wp\/v2\/types\/product"}],"replies":[{"embeddable":true,"href":"https:\/\/wxplastmachine.com\/es\/wp-json\/wp\/v2\/comments?post=3413"}],"wp:featuredmedia":[{"embeddable":true,"href":"https:\/\/wxplastmachine.com\/es\/wp-json\/wp\/v2\/media\/3414"}],"wp:attachment":[{"href":"https:\/\/wxplastmachine.com\/es\/wp-json\/wp\/v2\/media?parent=3413"}],"wp:term":[{"taxonomy":"product_cat","embeddable":true,"href":"https:\/\/wxplastmachine.com\/es\/wp-json\/wp\/v2\/product_cat?post=3413"},{"taxonomy":"product_tag","embeddable":true,"href":"https:\/\/wxplastmachine.com\/es\/wp-json\/wp\/v2\/product_tag?post=3413"}],"curies":[{"name":"wp","href":"https:\/\/api.w.org\/{rel}","templated":true}]}}