{"id":3474,"date":"2024-10-16T10:44:16","date_gmt":"2024-10-16T02:44:16","guid":{"rendered":"https:\/\/wxplastmachine.com\/?post_type=product&#038;p=3474"},"modified":"2024-10-16T10:44:16","modified_gmt":"2024-10-16T02:44:16","slug":"fully-automatic-food-grade-disposable-pe-glove-hand-bag-making-machine","status":"publish","type":"product","link":"https:\/\/wxplastmachine.com\/es\/producto\/fully-automatic-food-grade-disposable-pe-glove-hand-bag-making-machine","title":{"rendered":"M\u00e1quina para fabricar bolsas de mano desechables de PE para alimentos totalmente autom\u00e1tica"},"content":{"rendered":"<p><strong>Descripci\u00f3n del producto:<\/strong><\/p>\n<p>1).The\u00a0automatic\u00a0disposable\u00a0plastic\u00a0glove\u00a0making\u00a0machine\u00a0is\u00a0successfully\u00a0researched\u00a0by\u00a0our\u00a0company.<\/p>\n<p>2).It\u00a0is\u00a0accumulated\u00a0the\u00a0advantage\u00a0of\u00a0the\u00a0same\u00a0catalogue\u00a0products\u00a0at\u00a0home\u00a0and\u00a0abroad.<\/p>\n<p>3).The\u00a0waste\u00a0material\u00a0could\u00a0manual\u00a0separate\u00a0from\u00a0the\u00a0finished\u00a0products.<\/p>\n<p>4).The\u00a0machine\u00a0could\u00a0be\u00a0operate\u00a0easily\u00a0by\u00a0one\u00a0person,\u00a0and\u00a0the\u00a0speed\u00a0could\u00a0be\u00a0more\u00a0than\u00a0150\u00a0pcs\/min.<\/p>\n<p>5).The\u00a0machine\u00a0could\u00a0produce\u00a0the\u00a0film\u00a0finger\u00a0stall\u00a0and\u00a0other\u00a0kinds\u00a0special\u00a0of\u00a0products\u00a0according\u00a0to\u00a0the\u00a0client\u2019s\u00a0request.<\/p>\n<p>6).The\u00a0machine\u00a0using\u00a0microcomputer\u00a0touch\u00a0pad\u00a0control,\u00a0three\u00a0phase\u00a0hybrid\u00a0stepping\u00a0motors,\u00a0auto\u00a0counting\u00a0control.<\/p>\n<p><strong>Aplicaci\u00f3n:<\/strong><\/p>\n<p>1).That\u00a0equipment\u00a0design\u00a0basis\u00a0on\u00a0multifunction,\u00a0according\u00a0to\u00a0the\u00a0customer\u00a0different\u00a0demands\u00a0which\u00a0suitable\u00a0produce\u00a0glove,\u00a0shoes\u00a0cover,\u00a0apron,\u00a0sleeve\u00a0cover,\u00a0desk\u00a0cover,\u00a0and\u00a0other\u00a0medical\u00a0products.<\/p>\n<p>2).These\u00a0products\u00a0could\u00a0be\u00a0used\u00a0in\u00a0all\u00a0hotels,\u00a0hospital,\u00a0home,\u00a0paint\u00a0protect,\u00a0beauty\u00a0salons,\u00a0garden\u00a0working,\u00a0clear\u00a0working\u00a0and\u00a0so\u00a0on.<\/p>\n<p>3).It\u00a0is\u00a0ideal\u00a0machinery\u00a0to\u00a0produce\u00a0HDPE,\u00a0LDPE\u00a0material,\u00a0the\u00a0restaurant\u00a0like\u00a0KFC\u00a0need\u00a0this\u00a0plastic\u00a0glove\u00a0very\u00a0urgently.<\/p>\n<p><strong>Main\u00a0Technical\u00a0Specification:<\/strong><\/p>\n<table>\n<tbody>\n<tr>\n<td width=\"216\">Modelo<\/td>\n<td width=\"275\">CPE-500<\/td>\n<\/tr>\n<tr>\n<td>Producing\u00a0length<\/td>\n<td>200-450mm<\/td>\n<\/tr>\n<tr>\n<td>Producing\u00a0width<\/td>\n<td>240-380mm<\/td>\n<\/tr>\n<tr>\n<td>Film\u00a0thickness<\/td>\n<td>0.008-0.02mm<\/td>\n<\/tr>\n<tr>\n<td>Producing\u00a0speed<\/td>\n<td>80-180pcs\/min<\/td>\n<\/tr>\n<tr>\n<td>Main\u00a0power<\/td>\n<td>1,5 kW<\/td>\n<\/tr>\n<tr>\n<td>Power\u00a0supply<\/td>\n<td>220V\u00a050Hz<\/td>\n<\/tr>\n<tr>\n<td>Machine\u00a0weight<\/td>\n<td>600kg<\/td>\n<\/tr>\n<tr>\n<td>Overall\u00a0dimensions<\/td>\n<td>2.6\u00d71.1\u00d71.4m<\/td>\n<\/tr>\n<\/tbody>\n<\/table>\n<p><strong><b>PREGUNTAS FRECUENTES:<\/b><\/strong><\/p>\n<p>1. \u00bfCu\u00e1l es la garant\u00eda de sus productos?<br \/>\nSi las piezas de la m\u00e1quina se rompen debido a problemas de calidad dentro del per\u00edodo de garant\u00eda, le enviaremos una nueva pieza de forma gratuita (cualquier mal uso artificial o destory prepensely no est\u00e1 incluido dentro de la limitaci\u00f3n de Garant\u00eda de Calidad).<\/p>\n<p>2.\u00bfCu\u00e1les son sus condiciones de pago y entrega?<br \/>\nPlazo de pago:<br \/>\n1) T\/T, 30% como prepago ,70% antes de la entrega<br \/>\n2) L\/C, 30% por T\/T ,70% como L\/C a la vista<br \/>\nPlazo de entrega: Est\u00e1ndar ser\u00e1 en 30-40 d\u00edas laborables<\/p>\n<p>3. \u00bfQu\u00e9 asistencia t\u00e9cnica podemos obtener si encargamos m\u00e1quinas?<br \/>\nPodemos proporcionar planos de instalaci\u00f3n, instrucciones b\u00e1sicas de funcionamiento, explicaci\u00f3n de funcionamiento mediante v\u00eddeo y fotos, videollamada en l\u00ednea para asistencia t\u00e9cnica si es necesario.<\/p>\n<p>&nbsp;<\/p>","protected":false},"excerpt":{"rendered":"<p>Product Description: 1).The\u00a0automatic\u00a0disposable\u00a0plastic\u00a0glove\u00a0making\u00a0machine\u00a0is\u00a0successfully\u00a0researched\u00a0by\u00a0our\u00a0company. 2).It\u00a0is\u00a0accumulated\u00a0the\u00a0advantage\u00a0of\u00a0the\u00a0same\u00a0catalogue\u00a0products\u00a0at\u00a0home\u00a0and\u00a0abroad. 3).The\u00a0waste\u00a0material\u00a0could\u00a0manual\u00a0separate\u00a0from\u00a0the\u00a0finished\u00a0products. 4).The\u00a0machine\u00a0could\u00a0be\u00a0operate\u00a0easily\u00a0by\u00a0one\u00a0person,\u00a0and\u00a0the\u00a0speed\u00a0could\u00a0be\u00a0more\u00a0than\u00a0150\u00a0pcs\/min. 5).The\u00a0machine\u00a0could\u00a0produce\u00a0the\u00a0film\u00a0finger\u00a0stall\u00a0and\u00a0other\u00a0kinds\u00a0special\u00a0of\u00a0products\u00a0according\u00a0to\u00a0the\u00a0client\u2019s\u00a0request. 6).The\u00a0machine\u00a0using\u00a0microcomputer\u00a0touch\u00a0pad\u00a0control,\u00a0three\u00a0phase\u00a0hybrid\u00a0stepping\u00a0motors,\u00a0auto\u00a0counting\u00a0control. Application: 1).That\u00a0equipment\u00a0design\u00a0basis\u00a0on\u00a0multifunction,\u00a0according\u00a0to\u00a0the\u00a0customer\u00a0different\u00a0demands\u00a0which\u00a0suitable\u00a0produce\u00a0glove,\u00a0shoes\u00a0cover,\u00a0apron,\u00a0sleeve\u00a0cover,\u00a0desk\u00a0cover,\u00a0and\u00a0other\u00a0medical\u00a0products. 2).These\u00a0products\u00a0could\u00a0be\u00a0used\u00a0in\u00a0all\u00a0hotels,\u00a0hospital,\u00a0home,\u00a0paint\u00a0protect,\u00a0beauty\u00a0salons,\u00a0garden\u00a0working,\u00a0clear\u00a0working\u00a0and\u00a0so\u00a0on. 3).It\u00a0is\u00a0ideal\u00a0machinery\u00a0to\u00a0produce\u00a0HDPE,\u00a0LDPE\u00a0material,\u00a0the\u00a0restaurant\u00a0like\u00a0KFC\u00a0need\u00a0this\u00a0plastic\u00a0glove\u00a0very\u00a0urgently. Main\u00a0Technical\u00a0Specification: Model CPE-500 Producing\u00a0length 200-450mm Producing\u00a0width 240-380mm Film\u00a0thickness 0.008-0.02mm Producing\u00a0speed 80-180pcs\/min Main\u00a0power 1.5kw Power\u00a0supply 220V\u00a050Hz Machine\u00a0weight 600kg Overall\u00a0dimensions 2.6\u00d71.1\u00d71.4m FAQ: 1.How about your products warranty ? One year(12 months) Warranty will be provide from the date of container arrive Clients&#8217;factory.If machine parts are [&hellip;]<\/p>","protected":false},"featured_media":3476,"comment_status":"open","ping_status":"closed","template":"","meta":{"site-sidebar-layout":"default","site-content-layout":"","ast-site-content-layout":"default","site-content-style":"default","site-sidebar-style":"default","ast-global-header-display":"","ast-banner-title-visibility":"","ast-main-header-display":"","ast-hfb-above-header-display":"","ast-hfb-below-header-display":"","ast-hfb-mobile-header-display":"","site-post-title":"","ast-breadcrumbs-content":"","ast-featured-img":"","footer-sml-layout":"","theme-transparent-header-meta":"default","adv-header-id-meta":"","stick-header-meta":"","header-above-stick-meta":"","header-main-stick-meta":"","header-below-stick-meta":"","astra-migrate-meta-layouts":"set","ast-page-background-enabled":"default","ast-page-background-meta":{"desktop":{"background-color":"","background-image":"","background-repeat":"repeat","background-position":"center center","background-size":"auto","background-attachment":"scroll","background-type":"","background-media":"","overlay-type":"","overlay-color":"","overlay-gradient":""},"tablet":{"background-color":"","background-image":"","background-repeat":"repeat","background-position":"center center","background-size":"auto","background-attachment":"scroll","background-type":"","background-media":"","overlay-type":"","overlay-color":"","overlay-gradient":""},"mobile":{"background-color":"","background-image":"","background-repeat":"repeat","background-position":"center center","background-size":"auto","background-attachment":"scroll","background-type":"","background-media":"","overlay-type":"","overlay-color":"","overlay-gradient":""}},"ast-content-background-meta":{"desktop":{"background-color":"var(--ast-global-color-5)","background-image":"","background-repeat":"repeat","background-position":"center center","background-size":"auto","background-attachment":"scroll","background-type":"","background-media":"","overlay-type":"","overlay-color":"","overlay-gradient":""},"tablet":{"background-color":"var(--ast-global-color-5)","background-image":"","background-repeat":"repeat","background-position":"center center","background-size":"auto","background-attachment":"scroll","background-type":"","background-media":"","overlay-type":"","overlay-color":"","overlay-gradient":""},"mobile":{"background-color":"var(--ast-global-color-5)","background-image":"","background-repeat":"repeat","background-position":"center center","background-size":"auto","background-attachment":"scroll","background-type":"","background-media":"","overlay-type":"","overlay-color":"","overlay-gradient":""}}},"product_cat":[172,144],"product_tag":[],"jetpack_sharing_enabled":true,"_links":{"self":[{"href":"https:\/\/wxplastmachine.com\/es\/wp-json\/wp\/v2\/product\/3474"}],"collection":[{"href":"https:\/\/wxplastmachine.com\/es\/wp-json\/wp\/v2\/product"}],"about":[{"href":"https:\/\/wxplastmachine.com\/es\/wp-json\/wp\/v2\/types\/product"}],"replies":[{"embeddable":true,"href":"https:\/\/wxplastmachine.com\/es\/wp-json\/wp\/v2\/comments?post=3474"}],"wp:featuredmedia":[{"embeddable":true,"href":"https:\/\/wxplastmachine.com\/es\/wp-json\/wp\/v2\/media\/3476"}],"wp:attachment":[{"href":"https:\/\/wxplastmachine.com\/es\/wp-json\/wp\/v2\/media?parent=3474"}],"wp:term":[{"taxonomy":"product_cat","embeddable":true,"href":"https:\/\/wxplastmachine.com\/es\/wp-json\/wp\/v2\/product_cat?post=3474"},{"taxonomy":"product_tag","embeddable":true,"href":"https:\/\/wxplastmachine.com\/es\/wp-json\/wp\/v2\/product_tag?post=3474"}],"curies":[{"name":"wp","href":"https:\/\/api.w.org\/{rel}","templated":true}]}}