{"id":3515,"date":"2024-10-16T15:39:14","date_gmt":"2024-10-16T07:39:14","guid":{"rendered":"https:\/\/wxplastmachine.com\/?post_type=product&#038;p=3515"},"modified":"2024-10-16T15:39:14","modified_gmt":"2024-10-16T07:39:14","slug":"high-speed-automatic-plastic-coreless-star-seal-garbage-bag-making-machine-disposable-rolling-trash-rubbish-bag-machine","status":"publish","type":"product","link":"https:\/\/wxplastmachine.com\/es\/producto\/high-speed-automatic-plastic-coreless-star-seal-garbage-bag-making-machine-disposable-rolling-trash-rubbish-bag-machine","title":{"rendered":"M\u00e1quina para fabricar bolsas de basura de pl\u00e1stico sin centro y con sello de estrella de alta velocidad M\u00e1quina para fabricar bolsas de basura desechables enrollables"},"content":{"rendered":"<p>M\u00e1quina para fabricar bolsas de basura de pl\u00e1stico sin centro y con sello de estrella de alta velocidad M\u00e1quina para fabricar bolsas de basura desechables enrollables<\/p>\n<p><strong>Descripci\u00f3n del producto:<\/strong><\/p>\n<p>Esta m\u00e1quina est\u00e1 produciendo el bolso de balanceo. tambi\u00e9n puede hacer el bolso de la basura, bolso vegetal. el sistema completamente autom\u00e1tico del intercambio puede reducir la mano de obra, en el sistema conducido servo excelente, es la mejor opci\u00f3n para producir el bolso impreso y el bolso en blanco. f\u00e1cil para funcionar.<br \/>\n1. Control autom\u00e1tico por ordenador, recuento autom\u00e1tico y alarma de recuento ajustada, alta eficiencia, ahorro de mano de obra y tiempo;<br \/>\n2. Desde el enrollado de la pel\u00edcula hasta la bolsa terminada, es totalmente autom\u00e1tica y de un solo uso;<br \/>\n3. El servomotor chino tiene longitud fija, seguimiento fotoel\u00e9ctrico, preciso y estable, y se adopta el control fotoel\u00e9ctrico para la alimentaci\u00f3n;<br \/>\n4. Adopta un dispositivo de corte en caliente y un sistema inteligente de control de la temperatura para que la boca de la bolsa quede sellada con firmeza y sin problemas;<br \/>\n5. El motor principal adopta un convertidor de frecuencia para controlar la regulaci\u00f3n de la velocidad;<br \/>\n6. El rebobinado se controla mediante PLC;<br \/>\n7. La parte de alimentaci\u00f3n se controla mediante un convertidor de frecuencia;<\/p>\n<p><strong>Par\u00e1metros principales:<\/strong><\/p>\n<table>\n<tbody>\n<tr>\n<td width=\"221\">Modelo<\/td>\n<td width=\"332\">WX-RE1000<\/td>\n<\/tr>\n<tr>\n<td width=\"221\">Anchura de la pel\u00edcula antes del plegado<\/td>\n<td width=\"332\">200-1000 mm<\/td>\n<\/tr>\n<tr>\n<td width=\"221\">Rango de longitud de la bolsa (tama\u00f1o abierto)<\/td>\n<td width=\"332\">300-1400 mm<\/td>\n<\/tr>\n<tr>\n<td width=\"221\">Anchura del rodillo de acabado<\/td>\n<td width=\"332\">120-400 mm<\/td>\n<\/tr>\n<tr>\n<td width=\"221\">Velocidad (pcs\/min)<\/td>\n<td width=\"332\">40-100pcs\/min (depende del tama\u00f1o de la bolsa)<\/td>\n<\/tr>\n<tr>\n<td width=\"221\">Velocidad m\u00e1xima de la pel\u00edcula<\/td>\n<td width=\"332\">100 m\/min<\/td>\n<\/tr>\n<tr>\n<td width=\"221\">Espesor de sellado<\/td>\n<td width=\"332\">0,008-0,08 mm<\/td>\n<\/tr>\n<tr>\n<td width=\"221\">Potencia total<\/td>\n<td width=\"332\">15Kw<\/td>\n<\/tr>\n<tr>\n<td width=\"221\">Peso<\/td>\n<td width=\"332\">3000kg<\/td>\n<\/tr>\n<\/tbody>\n<\/table>\n<p><strong>Par\u00e1metros principales:<\/strong><\/p>\n<table>\n<tbody>\n<tr>\n<td width=\"40.0400%\">Modelo<\/td>\n<td width=\"59.9400%\">WX-2RA400<\/td>\n<\/tr>\n<tr>\n<td width=\"40.0400%\">Anchura de la bolsa<\/td>\n<td width=\"59.9400%\">80-220MM * 2 carriles<\/td>\n<\/tr>\n<tr>\n<td width=\"40.0400%\">Longitud de la bolsa<\/td>\n<td width=\"59.9400%\">100-1800MM<\/td>\n<\/tr>\n<tr>\n<td width=\"40.0400%\">Velocidad m\u00e1xima<\/td>\n<td width=\"59.9400%\">60-200pcs\/min\/carril 110M\/min<\/td>\n<\/tr>\n<tr>\n<td width=\"40.0400%\">Espesor de sellado<\/td>\n<td width=\"59.9400%\">0,005-0,02MM\/capa<\/td>\n<\/tr>\n<tr>\n<td width=\"40.0400%\">Peso<\/td>\n<td width=\"59.9400%\">2000kg<\/td>\n<\/tr>\n<tr>\n<td width=\"40.0400%\">Potencia<\/td>\n<td width=\"59.9400%\">380 V, 50 Hz, trif\u00e1sico<\/td>\n<\/tr>\n<tr>\n<td width=\"40.0400%\">Dimensi\u00f3n<\/td>\n<td width=\"59.9400%\">6000*1950*2000MM<\/td>\n<\/tr>\n<tr>\n<td width=\"40.0400%\">Potencia necesaria (kw)<\/td>\n<td width=\"59.9400%\">22<\/td>\n<\/tr>\n<\/tbody>\n<\/table>\n<p><strong><b>Tenemos una l\u00ednea, dos l\u00edneas para su elecci\u00f3n, de acuerdo a su requerimiento.<\/b><\/strong><\/p>\n<p><strong><b>Equipamiento opcional:Dispositivo de etiquetado autom\u00e1tico<\/b><\/strong><\/p>\n<p><strong><b>\u00a0<\/b><\/strong><strong><b>PREGUNTAS FRECUENTES:<\/b><\/strong><\/p>\n<p>1. \u00bfCu\u00e1l es la garant\u00eda de sus productos?<br \/>\nSi las piezas de la m\u00e1quina se rompen debido a problemas de calidad dentro del per\u00edodo de garant\u00eda, le enviaremos una nueva pieza de forma gratuita (cualquier mal uso artificial o destory prepensely no est\u00e1 incluido dentro de la limitaci\u00f3n de Garant\u00eda de Calidad).<\/p>\n<p>2.\u00bfCu\u00e1les son sus condiciones de pago y entrega?<br \/>\nPlazo de pago:<br \/>\n1) T\/T, 30% como prepago ,70% antes de la entrega<br \/>\n2) L\/C, 30% por T\/T ,70% como L\/C a la vista<br \/>\nPlazo de entrega: Est\u00e1ndar ser\u00e1 en 30-40 d\u00edas laborables<\/p>\n<p>3. \u00bfQu\u00e9 asistencia t\u00e9cnica podemos obtener si encargamos m\u00e1quinas?<br \/>\nPodemos proporcionar planos de instalaci\u00f3n, instrucciones b\u00e1sicas de funcionamiento, explicaci\u00f3n de funcionamiento mediante v\u00eddeo y fotos, videollamada en l\u00ednea para asistencia t\u00e9cnica si es necesario.<\/p>\n<p><img fetchpriority=\"high\" decoding=\"async\" class=\"alignnone size-full wp-image-3524\" src=\"https:\/\/wxplastmachine.com\/wp-content\/uploads\/2024\/10\/\u5fae\u4fe1\u622a\u56fe_20240912165409.jpg\" alt=\"\" width=\"745\" height=\"548\" srcset=\"https:\/\/wxplastmachine.com\/wp-content\/uploads\/2024\/10\/\u5fae\u4fe1\u622a\u56fe_20240912165409.jpg 745w, https:\/\/wxplastmachine.com\/wp-content\/uploads\/2024\/10\/\u5fae\u4fe1\u622a\u56fe_20240912165409-300x221.jpg 300w, https:\/\/wxplastmachine.com\/wp-content\/uploads\/2024\/10\/\u5fae\u4fe1\u622a\u56fe_20240912165409-16x12.jpg 16w, https:\/\/wxplastmachine.com\/wp-content\/uploads\/2024\/10\/\u5fae\u4fe1\u622a\u56fe_20240912165409-600x441.jpg 600w\" sizes=\"(max-width: 745px) 100vw, 745px\" \/><\/p>","protected":false},"excerpt":{"rendered":"<p>High Speed Automatic Plastic Coreless Star Seal Garbage Bag Making Machine\u00a0Disposable\u00a0Rolling Trash\u00a0Rubbish Bag Machine Product Description: This machine is producing rolling bag.Also can make garbage bag,vegetable bag .Fully automatic exchange system can reduce the labour force,in the excellent servo driven system,it is the best choice for producing printed bag and blank bag.Easy for operate. 1. [&hellip;]<\/p>","protected":false},"featured_media":3517,"comment_status":"open","ping_status":"closed","template":"","meta":{"site-sidebar-layout":"default","site-content-layout":"","ast-site-content-layout":"default","site-content-style":"default","site-sidebar-style":"default","ast-global-header-display":"","ast-banner-title-visibility":"","ast-main-header-display":"","ast-hfb-above-header-display":"","ast-hfb-below-header-display":"","ast-hfb-mobile-header-display":"","site-post-title":"","ast-breadcrumbs-content":"","ast-featured-img":"","footer-sml-layout":"","theme-transparent-header-meta":"default","adv-header-id-meta":"","stick-header-meta":"","header-above-stick-meta":"","header-main-stick-meta":"","header-below-stick-meta":"","astra-migrate-meta-layouts":"set","ast-page-background-enabled":"default","ast-page-background-meta":{"desktop":{"background-color":"","background-image":"","background-repeat":"repeat","background-position":"center center","background-size":"auto","background-attachment":"scroll","background-type":"","background-media":"","overlay-type":"","overlay-color":"","overlay-gradient":""},"tablet":{"background-color":"","background-image":"","background-repeat":"repeat","background-position":"center center","background-size":"auto","background-attachment":"scroll","background-type":"","background-media":"","overlay-type":"","overlay-color":"","overlay-gradient":""},"mobile":{"background-color":"","background-image":"","background-repeat":"repeat","background-position":"center center","background-size":"auto","background-attachment":"scroll","background-type":"","background-media":"","overlay-type":"","overlay-color":"","overlay-gradient":""}},"ast-content-background-meta":{"desktop":{"background-color":"var(--ast-global-color-5)","background-image":"","background-repeat":"repeat","background-position":"center center","background-size":"auto","background-attachment":"scroll","background-type":"","background-media":"","overlay-type":"","overlay-color":"","overlay-gradient":""},"tablet":{"background-color":"var(--ast-global-color-5)","background-image":"","background-repeat":"repeat","background-position":"center center","background-size":"auto","background-attachment":"scroll","background-type":"","background-media":"","overlay-type":"","overlay-color":"","overlay-gradient":""},"mobile":{"background-color":"var(--ast-global-color-5)","background-image":"","background-repeat":"repeat","background-position":"center center","background-size":"auto","background-attachment":"scroll","background-type":"","background-media":"","overlay-type":"","overlay-color":"","overlay-gradient":""}}},"product_cat":[179,176,144],"product_tag":[],"jetpack_sharing_enabled":true,"_links":{"self":[{"href":"https:\/\/wxplastmachine.com\/es\/wp-json\/wp\/v2\/product\/3515"}],"collection":[{"href":"https:\/\/wxplastmachine.com\/es\/wp-json\/wp\/v2\/product"}],"about":[{"href":"https:\/\/wxplastmachine.com\/es\/wp-json\/wp\/v2\/types\/product"}],"replies":[{"embeddable":true,"href":"https:\/\/wxplastmachine.com\/es\/wp-json\/wp\/v2\/comments?post=3515"}],"wp:featuredmedia":[{"embeddable":true,"href":"https:\/\/wxplastmachine.com\/es\/wp-json\/wp\/v2\/media\/3517"}],"wp:attachment":[{"href":"https:\/\/wxplastmachine.com\/es\/wp-json\/wp\/v2\/media?parent=3515"}],"wp:term":[{"taxonomy":"product_cat","embeddable":true,"href":"https:\/\/wxplastmachine.com\/es\/wp-json\/wp\/v2\/product_cat?post=3515"},{"taxonomy":"product_tag","embeddable":true,"href":"https:\/\/wxplastmachine.com\/es\/wp-json\/wp\/v2\/product_tag?post=3515"}],"curies":[{"name":"wp","href":"https:\/\/api.w.org\/{rel}","templated":true}]}}