{"id":3525,"date":"2024-10-16T15:54:49","date_gmt":"2024-10-16T07:54:49","guid":{"rendered":"https:\/\/wxplastmachine.com\/?post_type=product&#038;p=3525"},"modified":"2024-10-16T15:56:24","modified_gmt":"2024-10-16T07:56:24","slug":"fully-automatic-overlap-perforation-drawstring-rolling-garbage-trash-bag-making-machine","status":"publish","type":"product","link":"https:\/\/wxplastmachine.com\/es\/producto\/fully-automatic-overlap-perforation-drawstring-rolling-garbage-trash-bag-making-machine","title":{"rendered":"M\u00e1quina para fabricar bolsas de basura enrollables con cord\u00f3n de perforaci\u00f3n solapada totalmente autom\u00e1tica"},"content":{"rendered":"<p><strong><b>Descripci\u00f3n del producto:<\/b><\/strong><\/p>\n<p>Esta m\u00e1quina es para la fabricaci\u00f3n de bolsas de basura de cinta sin n\u00facleo.<br \/>\nLa m\u00e1quina para fabricar bolsas de basura perforadas en rollo de alta velocidad est\u00e1 especialmente dise\u00f1ada para fabricar bolsas de basura sin n\u00facleo de HDPE\/ LDPE y biodegradables.<br \/>\nEl dise\u00f1o de dos partes separadas de la cuchilla de sellado principal de esta m\u00e1quina garantiza que la parte del cord\u00f3n y el cuerpo principal se calienten a diferentes temperaturas y se sellen t\u00e9rmicamente con firmeza.<br \/>\nPLC y control de pantalla t\u00e1ctil, conducen a la visualizaci\u00f3n intuitiva y operaci\u00f3n conveniente. Si se produce alg\u00fan fallo, la pantalla t\u00e1ctil indicar\u00e1 el fallo en qu\u00e9 parte de la m\u00e1quina.<br \/>\nEl dise\u00f1o de doble servo hace que la pel\u00edcula pase m\u00e1s r\u00e1pido y el control de la tensi\u00f3n sea mejor. Tambi\u00e9n las pantallas t\u00e1ctiles PLC duales en la parte principal de la m\u00e1quina y el rebobinador permiten a los operadores observar el estado de funcionamiento de la m\u00e1quina f\u00e1cilmente.<\/p>\n<p>1.El panel de control principal adopta la pantalla t\u00e1ctil Delta de Taiw\u00e1n, de alta definici\u00f3n<\/p>\n<p>2. El sistema de accionamiento de toda la m\u00e1quina adopta el control del microordenador PLC (sistema de control de chip \u00fanico) en la punzonadora que integra el control de la parte de fabricaci\u00f3n de bolsas y la parte de punzonado.<\/p>\n<p>3. 3. Ajuste todas las funciones con una pantalla t\u00e1ctil, operaci\u00f3n simple y f\u00e1cil.<\/p>\n<p>4. La m\u00e1quina se detendr\u00e1 autom\u00e1ticamente si la pel\u00edcula se atasca y el sensor lo detecta.<\/p>\n<p>5. 5. Parte de bobinado independiente, control de desbobinado de alta eficiencia; el di\u00e1metro m\u00e1ximo de un solo desbobinado es de 800 mm; el rodillo de desbobinado es estrangulado por el eje de aire,<\/p>\n<p>6. Funci\u00f3n de plegado autom\u00e1tico y puesta en cinta transportadora unidad por unidad.<\/p>\n<p>7. Autom\u00e1tico apila la bolsa y recoge.<\/p>\n<p>8. 8. Cuando las bolsas se apilan en el Set num\u00e9rico, las manos mec\u00e1nicas autom\u00e1ticamente agarrar bolsas y la m\u00e1quina no se detendr\u00e1.) en la m\u00e1quina de perforaci\u00f3n que integran el control de la bolsa que hace parte y la parte de perforaci\u00f3n.<\/p>\n<p><strong>Par\u00e1metros del producto:<\/strong><\/p>\n<table style=\"font-size: 16px; font-style: normal;\">\n<tbody>\n<tr>\n<td><strong><b>Ancho de la bolsa<\/b><\/strong><\/td>\n<td>1000 mm<\/td>\n<\/tr>\n<tr>\n<td><strong><b>Longitud de la bolsa<\/b><\/strong><\/td>\n<td>900 mm<\/td>\n<\/tr>\n<tr>\n<td><strong><b>Espesor de la pel\u00edcula<\/b><\/strong><\/td>\n<td>10-50 \u00b5m por capa<\/td>\n<\/tr>\n<tr>\n<td><strong><b>Desbobinador Tama\u00f1o de la pel\u00edcula<\/b><\/strong><\/td>\n<td>1000mm x \u03a6 600mm<\/td>\n<\/tr>\n<tr>\n<td><strong><b>Velocidad de fabricaci\u00f3n de bolsas<\/b><\/strong><\/td>\n<td>150 m\/min<\/td>\n<\/tr>\n<tr>\n<td><strong><b>Velocidad de cambio de rollo<\/b><\/strong><\/td>\n<td>M\u00e1x. 10 unidades<\/td>\n<\/tr>\n<tr>\n<td><strong><b>Anchura de la cinta de tracci\u00f3n<\/b><\/strong><\/td>\n<td>100 mm<\/td>\n<\/tr>\n<tr>\n<td><strong><b>Di\u00e1metro del rollo de cinta de tracci\u00f3n<\/b><\/strong><\/td>\n<td>600 mm<\/td>\n<\/tr>\n<tr>\n<td><strong><b>Anchura del rollo<\/b><\/strong><\/td>\n<td>300 mm<\/td>\n<\/tr>\n<tr>\n<td><strong><b>Di\u00e1metro del rollo<\/b><\/strong><\/td>\n<td>\u03a6 150 mm<\/td>\n<\/tr>\n<tr>\n<td><strong><b>Potencia total<\/b><\/strong><\/td>\n<td>25 KW<\/td>\n<\/tr>\n<tr>\n<td><strong><b>Consumo de aire<\/b><\/strong><\/td>\n<td>5HP<\/td>\n<\/tr>\n<tr>\n<td><strong><b>Peso de la m\u00e1quina<\/b><\/strong><\/td>\n<td>3800KG<\/td>\n<\/tr>\n<tr>\n<td><strong><b>Dimensi\u00f3n de la m\u00e1quina<\/b><\/strong><\/td>\n<td>L15000*A2000*A2100 mm<\/td>\n<\/tr>\n<\/tbody>\n<\/table>\n<p><img fetchpriority=\"high\" decoding=\"async\" class=\"alignnone size-full wp-image-3536\" src=\"https:\/\/wxplastmachine.com\/wp-content\/uploads\/2024\/10\/\u5fae\u4fe1\u622a\u56fe_20240913153329.jpg\" alt=\"\" width=\"600\" height=\"385\" srcset=\"https:\/\/wxplastmachine.com\/wp-content\/uploads\/2024\/10\/\u5fae\u4fe1\u622a\u56fe_20240913153329.jpg 600w, https:\/\/wxplastmachine.com\/wp-content\/uploads\/2024\/10\/\u5fae\u4fe1\u622a\u56fe_20240913153329-300x193.jpg 300w, https:\/\/wxplastmachine.com\/wp-content\/uploads\/2024\/10\/\u5fae\u4fe1\u622a\u56fe_20240913153329-18x12.jpg 18w\" sizes=\"(max-width: 600px) 100vw, 600px\" \/><\/p>\n<p>&nbsp;<\/p>","protected":false},"excerpt":{"rendered":"<p>Product Discription: This machine is for coreless draw tape garbage bag making. The high speed draw tape perforated garbage bag on roll making machine is speacial designed for making HDPE\/ LDPE and bio-degradable draw string garabage bag without core in household using. This machine two parts separate design on the main sealing blade, ensures that [&hellip;]<\/p>","protected":false},"featured_media":3526,"comment_status":"open","ping_status":"closed","template":"","meta":{"site-sidebar-layout":"default","site-content-layout":"","ast-site-content-layout":"default","site-content-style":"default","site-sidebar-style":"default","ast-global-header-display":"","ast-banner-title-visibility":"","ast-main-header-display":"","ast-hfb-above-header-display":"","ast-hfb-below-header-display":"","ast-hfb-mobile-header-display":"","site-post-title":"","ast-breadcrumbs-content":"","ast-featured-img":"","footer-sml-layout":"","theme-transparent-header-meta":"default","adv-header-id-meta":"","stick-header-meta":"","header-above-stick-meta":"","header-main-stick-meta":"","header-below-stick-meta":"","astra-migrate-meta-layouts":"set","ast-page-background-enabled":"default","ast-page-background-meta":{"desktop":{"background-color":"","background-image":"","background-repeat":"repeat","background-position":"center center","background-size":"auto","background-attachment":"scroll","background-type":"","background-media":"","overlay-type":"","overlay-color":"","overlay-gradient":""},"tablet":{"background-color":"","background-image":"","background-repeat":"repeat","background-position":"center center","background-size":"auto","background-attachment":"scroll","background-type":"","background-media":"","overlay-type":"","overlay-color":"","overlay-gradient":""},"mobile":{"background-color":"","background-image":"","background-repeat":"repeat","background-position":"center center","background-size":"auto","background-attachment":"scroll","background-type":"","background-media":"","overlay-type":"","overlay-color":"","overlay-gradient":""}},"ast-content-background-meta":{"desktop":{"background-color":"var(--ast-global-color-5)","background-image":"","background-repeat":"repeat","background-position":"center center","background-size":"auto","background-attachment":"scroll","background-type":"","background-media":"","overlay-type":"","overlay-color":"","overlay-gradient":""},"tablet":{"background-color":"var(--ast-global-color-5)","background-image":"","background-repeat":"repeat","background-position":"center center","background-size":"auto","background-attachment":"scroll","background-type":"","background-media":"","overlay-type":"","overlay-color":"","overlay-gradient":""},"mobile":{"background-color":"var(--ast-global-color-5)","background-image":"","background-repeat":"repeat","background-position":"center center","background-size":"auto","background-attachment":"scroll","background-type":"","background-media":"","overlay-type":"","overlay-color":"","overlay-gradient":""}}},"product_cat":[179,176,144],"product_tag":[],"jetpack_sharing_enabled":true,"_links":{"self":[{"href":"https:\/\/wxplastmachine.com\/es\/wp-json\/wp\/v2\/product\/3525"}],"collection":[{"href":"https:\/\/wxplastmachine.com\/es\/wp-json\/wp\/v2\/product"}],"about":[{"href":"https:\/\/wxplastmachine.com\/es\/wp-json\/wp\/v2\/types\/product"}],"replies":[{"embeddable":true,"href":"https:\/\/wxplastmachine.com\/es\/wp-json\/wp\/v2\/comments?post=3525"}],"wp:featuredmedia":[{"embeddable":true,"href":"https:\/\/wxplastmachine.com\/es\/wp-json\/wp\/v2\/media\/3526"}],"wp:attachment":[{"href":"https:\/\/wxplastmachine.com\/es\/wp-json\/wp\/v2\/media?parent=3525"}],"wp:term":[{"taxonomy":"product_cat","embeddable":true,"href":"https:\/\/wxplastmachine.com\/es\/wp-json\/wp\/v2\/product_cat?post=3525"},{"taxonomy":"product_tag","embeddable":true,"href":"https:\/\/wxplastmachine.com\/es\/wp-json\/wp\/v2\/product_tag?post=3525"}],"curies":[{"name":"wp","href":"https:\/\/api.w.org\/{rel}","templated":true}]}}