{"id":3574,"date":"2024-10-17T09:54:35","date_gmt":"2024-10-17T01:54:35","guid":{"rendered":"https:\/\/wxplastmachine.com\/?post_type=product&#038;p=3574"},"modified":"2024-10-17T09:54:35","modified_gmt":"2024-10-17T01:54:35","slug":"multi-function-non-woven-box-bag-making-machine-with-handle-attached","status":"publish","type":"product","link":"https:\/\/wxplastmachine.com\/es\/producto\/multi-function-non-woven-box-bag-making-machine-with-handle-attached","title":{"rendered":"M\u00e1quina para fabricar bolsas de tela no tejida multifunci\u00f3n con asa incorporada\u00a0"},"content":{"rendered":"<p><strong>Introducci\u00f3n del producto:<\/strong><\/p>\n<p>Bags can make:<br \/>\n1-Non woven flat bag(sealing in two side or with guesset, both ok)<br \/>\n2-Non woven T-shirt bag<br \/>\n3-Non woven Handle bag (with guesset or not, both ok)<br \/>\n4-Non Woven shoes bag(with one rope on the bag mouth)<br \/>\n5-Non Woven Box bag<\/p>\n<p>This machine is suitable for non woven fabric material only,\u00a0it is the most advanced equipment and has the function of\u00a0full automatic handle loop sealing. The speed is about\u00a020-120 pcs\/min, it equals to\u00a05\u00a0workers operating\u00a05\u00a0handle sealing machines. It\u00a0can fully automatic make non woven bag products with different bag type and size,\u00a0as\u00a0handle attached bags,box bag, T-shirt bags (vest bags), flat bags, drawstring bags and so on. It has widely used in clothing, footwear, wine, gifts packaging etc. The machine can instead of the traditional hand-sewing and reducing labor and manufacturing costs. It&#8217;s very popular in worldwide.<\/p>\n<p><strong><b>Principales par\u00e1metros t\u00e9cnicos<\/b><\/strong><strong><b>s:<\/b><\/strong><\/p>\n<table>\n<tbody>\n<tr>\n<td>Non Woven Bag Making Machine Type<\/td>\n<td>WX-DC600<\/td>\n<td>WX-DC700<\/td>\n<td>WX-DC800<\/td>\n<\/tr>\n<tr>\n<td>Bag Making Speed<\/td>\n<td>20-120 piezas\/min<\/td>\n<td>20-120 piezas\/min<\/td>\n<td>20-120 piezas\/min<\/td>\n<\/tr>\n<tr>\n<td>Handle Bag Speed<\/td>\n<td>20-55pcs\/min<\/td>\n<td>20-55pcs\/min<\/td>\n<td>20-55pcs\/min<\/td>\n<\/tr>\n<tr>\n<td>Longitud de la bolsa<\/td>\n<td>100-800 mm<\/td>\n<td>100-800 mm<\/td>\n<td>100-800 mm<\/td>\n<\/tr>\n<tr>\n<td>Ancho de la bolsa<\/td>\n<td>200-480 mm<\/td>\n<td>200-580 mm<\/td>\n<td>200-680 mm<\/td>\n<\/tr>\n<tr>\n<td>Espesor de fabricaci\u00f3n de bolsas<\/td>\n<td>30-100g<\/td>\n<td>30-100g<\/td>\n<td>30-100g<\/td>\n<\/tr>\n<tr>\n<td>Fuente de alimentaci\u00f3n<\/td>\n<td>380V\/220V<\/td>\n<td>380V\/220V<\/td>\n<td>380V\/220V<\/td>\n<\/tr>\n<tr>\n<td>Potencia total<\/td>\n<td>12-17KW<\/td>\n<td>12-17KW<\/td>\n<td>12-17KW<\/td>\n<\/tr>\n<tr>\n<td>Dimensiones generales (L*A*A)<\/td>\n<td>10.3m*2m*2.1m<\/td>\n<td>10.3m*2m*2.1m<\/td>\n<td>10.3m*2.2m*2.3m<\/td>\n<\/tr>\n<tr>\n<td>Peso<\/td>\n<td>4000KG<\/td>\n<td>4200KG<\/td>\n<td>4500KG<\/td>\n<\/tr>\n<\/tbody>\n<\/table>\n<p><strong>Caracter\u00edsticas:<\/strong><\/p>\n<p>1.Esta m\u00e1quina adopta Taiw\u00e1n pantalla t\u00e1ctil de ordenador, programa inform\u00e1tico PLC que puede ser editado.<br \/>\n2. El contador autom\u00e1tico cuenta y se detiene, puede ajustar libremente el n\u00famero.<br \/>\n3. Ordenador Longitud fija, orientaci\u00f3n de la pista de la marca de color de impresi\u00f3n, parada autom\u00e1tica al finalizar.<br \/>\n4. Procesador est\u00e1tico de alto voltaje, controlador autom\u00e1tico de calentamiento a temperatura constante.<br \/>\n5. Esta m\u00e1quina tiene la funci\u00f3n de punzonado autom\u00e1tico.<\/p>\n<p>6.Control de tensi\u00f3n de polvo magn\u00e9tico de desenrollado con control de correcci\u00f3n lateral manual y autom\u00e1tico.<br \/>\n7. Esta m\u00e1quina adopta la soldadura ultras\u00f3nica de todos los aspectos, soldadura de plegado de la boca de la bolsa, sellado lateral, una vez completado, velocidad r\u00e1pida, f\u00e1cil de operar, sellado firme, hermoso y decente.<\/p>\n<p><strong>\u00a0<\/strong><strong>M\u00e1quina multifunci\u00f3n para fabricar bolsas no tejidas<\/strong><br \/>\n1. Flat bag (D-cut bag) (Online make)<br \/>\n2. Bolsa plana con fuelle inferior (confecci\u00f3n en l\u00ednea)<br \/>\n3. Bolsa camiseta (bolsa chaleco, corte en U o corte en W) (Necesita punzonadora)<br \/>\n4. Handle bag (Online handle sealing machine)<br \/>\n5. Box bag (Online handle sealing machine)<br \/>\n6. Shoes bag (Rope wearing bag)<br \/>\n7. Laminating bag<\/p>\n<p><strong><b>Buying Guides<\/b><\/strong><strong><b>:<\/b><\/strong><\/p>\n<p>Estimado comprador,<br \/>\nCon el fin de ofrecerle la mejor m\u00e1quina adecuada, es mejor ofrecer las siguientes especificaciones antes de enviarnos la consulta. Todos los proveedores pueden enviarle la cita de la muestra, pero esperamos enviarle la mejor oferta despu\u00e9s de conseguir su requisito claro.<\/p>\n<p>1.\u00bfQu\u00e9 tipo de bolsas quiere producir? (por favor, estudie bien su mercado)<br \/>\n2. What is the max dimension of bag&#8217;s width and length?<br \/>\n3. \u00bfNecesitar\u00e1 imprimir en color en las bolsas?<\/p>\n<p><strong><b>PREGUNTAS FRECUENTES:<\/b><\/strong><\/p>\n<p>1. \u00bfCu\u00e1l es la garant\u00eda de sus productos?<br \/>\nSi las piezas de la m\u00e1quina se rompen debido a problemas de calidad dentro del per\u00edodo de garant\u00eda, le enviaremos una nueva pieza de forma gratuita (cualquier mal uso artificial o destory prepensely no est\u00e1 incluido dentro de la limitaci\u00f3n de Garant\u00eda de Calidad).<\/p>\n<p>2.\u00bfCu\u00e1les son sus condiciones de pago y entrega?<br \/>\nPlazo de pago:<br \/>\n1) T\/T, 30% como prepago ,70% antes de la entrega<br \/>\n2) L\/C, 30% por T\/T ,70% como L\/C a la vista<br \/>\nPlazo de entrega: Est\u00e1ndar ser\u00e1 en 30-40 d\u00edas laborables<\/p>\n<p>3. \u00bfQu\u00e9 asistencia t\u00e9cnica podemos obtener si encargamos m\u00e1quinas?<br \/>\nPodemos proporcionar planos de instalaci\u00f3n, instrucciones b\u00e1sicas de funcionamiento, explicaci\u00f3n de funcionamiento mediante v\u00eddeo y fotos, videollamada en l\u00ednea para asistencia t\u00e9cnica si es necesario.<\/p>\n<p><img fetchpriority=\"high\" decoding=\"async\" class=\"alignnone size-full wp-image-3572\" src=\"https:\/\/wxplastmachine.com\/wp-content\/uploads\/2024\/10\/\u5fae\u4fe1\u622a\u56fe_20240914105142.jpg\" alt=\"\" width=\"745\" height=\"460\" srcset=\"https:\/\/wxplastmachine.com\/wp-content\/uploads\/2024\/10\/\u5fae\u4fe1\u622a\u56fe_20240914105142.jpg 745w, https:\/\/wxplastmachine.com\/wp-content\/uploads\/2024\/10\/\u5fae\u4fe1\u622a\u56fe_20240914105142-300x185.jpg 300w, https:\/\/wxplastmachine.com\/wp-content\/uploads\/2024\/10\/\u5fae\u4fe1\u622a\u56fe_20240914105142-18x12.jpg 18w, https:\/\/wxplastmachine.com\/wp-content\/uploads\/2024\/10\/\u5fae\u4fe1\u622a\u56fe_20240914105142-600x370.jpg 600w\" sizes=\"(max-width: 745px) 100vw, 745px\" \/> <img decoding=\"async\" class=\"alignnone size-full wp-image-3571\" src=\"https:\/\/wxplastmachine.com\/wp-content\/uploads\/2024\/10\/\u5fae\u4fe1\u622a\u56fe_20240914103727.jpg\" alt=\"\" width=\"796\" height=\"483\" srcset=\"https:\/\/wxplastmachine.com\/wp-content\/uploads\/2024\/10\/\u5fae\u4fe1\u622a\u56fe_20240914103727.jpg 796w, https:\/\/wxplastmachine.com\/wp-content\/uploads\/2024\/10\/\u5fae\u4fe1\u622a\u56fe_20240914103727-300x182.jpg 300w, https:\/\/wxplastmachine.com\/wp-content\/uploads\/2024\/10\/\u5fae\u4fe1\u622a\u56fe_20240914103727-768x466.jpg 768w, https:\/\/wxplastmachine.com\/wp-content\/uploads\/2024\/10\/\u5fae\u4fe1\u622a\u56fe_20240914103727-18x12.jpg 18w, https:\/\/wxplastmachine.com\/wp-content\/uploads\/2024\/10\/\u5fae\u4fe1\u622a\u56fe_20240914103727-600x364.jpg 600w\" sizes=\"(max-width: 796px) 100vw, 796px\" \/><\/p>","protected":false},"excerpt":{"rendered":"<p>Product Introduction: Bags can make: 1-Non woven flat bag(sealing in two side or with guesset, both ok) 2-Non woven T-shirt bag 3-Non woven Handle bag (with guesset or not, both ok) 4-Non Woven shoes bag(with one rope on the bag mouth) 5-Non Woven Box bag This machine is suitable for non woven fabric material only,\u00a0it [&hellip;]<\/p>","protected":false},"featured_media":3570,"comment_status":"open","ping_status":"closed","template":"","meta":{"site-sidebar-layout":"default","site-content-layout":"","ast-site-content-layout":"default","site-content-style":"default","site-sidebar-style":"default","ast-global-header-display":"","ast-banner-title-visibility":"","ast-main-header-display":"","ast-hfb-above-header-display":"","ast-hfb-below-header-display":"","ast-hfb-mobile-header-display":"","site-post-title":"","ast-breadcrumbs-content":"","ast-featured-img":"","footer-sml-layout":"","theme-transparent-header-meta":"default","adv-header-id-meta":"","stick-header-meta":"","header-above-stick-meta":"","header-main-stick-meta":"","header-below-stick-meta":"","astra-migrate-meta-layouts":"set","ast-page-background-enabled":"default","ast-page-background-meta":{"desktop":{"background-color":"","background-image":"","background-repeat":"repeat","background-position":"center center","background-size":"auto","background-attachment":"scroll","background-type":"","background-media":"","overlay-type":"","overlay-color":"","overlay-gradient":""},"tablet":{"background-color":"","background-image":"","background-repeat":"repeat","background-position":"center center","background-size":"auto","background-attachment":"scroll","background-type":"","background-media":"","overlay-type":"","overlay-color":"","overlay-gradient":""},"mobile":{"background-color":"","background-image":"","background-repeat":"repeat","background-position":"center center","background-size":"auto","background-attachment":"scroll","background-type":"","background-media":"","overlay-type":"","overlay-color":"","overlay-gradient":""}},"ast-content-background-meta":{"desktop":{"background-color":"var(--ast-global-color-5)","background-image":"","background-repeat":"repeat","background-position":"center center","background-size":"auto","background-attachment":"scroll","background-type":"","background-media":"","overlay-type":"","overlay-color":"","overlay-gradient":""},"tablet":{"background-color":"var(--ast-global-color-5)","background-image":"","background-repeat":"repeat","background-position":"center center","background-size":"auto","background-attachment":"scroll","background-type":"","background-media":"","overlay-type":"","overlay-color":"","overlay-gradient":""},"mobile":{"background-color":"var(--ast-global-color-5)","background-image":"","background-repeat":"repeat","background-position":"center center","background-size":"auto","background-attachment":"scroll","background-type":"","background-media":"","overlay-type":"","overlay-color":"","overlay-gradient":""}}},"product_cat":[182,144],"product_tag":[],"jetpack_sharing_enabled":true,"_links":{"self":[{"href":"https:\/\/wxplastmachine.com\/es\/wp-json\/wp\/v2\/product\/3574"}],"collection":[{"href":"https:\/\/wxplastmachine.com\/es\/wp-json\/wp\/v2\/product"}],"about":[{"href":"https:\/\/wxplastmachine.com\/es\/wp-json\/wp\/v2\/types\/product"}],"replies":[{"embeddable":true,"href":"https:\/\/wxplastmachine.com\/es\/wp-json\/wp\/v2\/comments?post=3574"}],"wp:featuredmedia":[{"embeddable":true,"href":"https:\/\/wxplastmachine.com\/es\/wp-json\/wp\/v2\/media\/3570"}],"wp:attachment":[{"href":"https:\/\/wxplastmachine.com\/es\/wp-json\/wp\/v2\/media?parent=3574"}],"wp:term":[{"taxonomy":"product_cat","embeddable":true,"href":"https:\/\/wxplastmachine.com\/es\/wp-json\/wp\/v2\/product_cat?post=3574"},{"taxonomy":"product_tag","embeddable":true,"href":"https:\/\/wxplastmachine.com\/es\/wp-json\/wp\/v2\/product_tag?post=3574"}],"curies":[{"name":"wp","href":"https:\/\/api.w.org\/{rel}","templated":true}]}}