{"id":3575,"date":"2024-10-17T10:06:01","date_gmt":"2024-10-17T02:06:01","guid":{"rendered":"https:\/\/wxplastmachine.com\/?post_type=product&#038;p=3575"},"modified":"2024-10-17T10:06:01","modified_gmt":"2024-10-17T02:06:01","slug":"soft-loop-handle-nylon-carry-shopping-bag-die-cut-punching-patch-handle-bag-making-machine-for-clothing-packaging","status":"publish","type":"product","link":"https:\/\/wxplastmachine.com\/es\/producto\/soft-loop-handle-nylon-carry-shopping-bag-die-cut-punching-patch-handle-bag-making-machine-for-clothing-packaging","title":{"rendered":"Bolsa de compras de nylon con asa de lazo suave Troquelado punzonado asa de parche M\u00e1quina para fabricar bolsas para embalaje de ropa"},"content":{"rendered":"<p><strong><b>Principal <\/b><\/strong><strong><b>U<\/b><\/strong><strong><b>sage:<\/b><\/strong><\/p>\n<p>The machine is computer equipped with a pneumatic computer control system, servo motor and touch screen. Special E type hot cutting sealing device can make infolding and sealing for upper and down bag opening. lt has the functions of presetting bag width, auto counting and settable counting alarm, photoelectric detection, scan tracking, auto temperature control, auto punching for hole, etc. The machine is well-desinged and easy to operate and maintain. It is suitable for making PP, OPP, HDPE, POP material, etc. The machine can make patch bag(70pcs\/min), soft loop handle bag(60pcs\/min), die cutter bag(100pcs\/min), draw tape bag(100pcs\/min). Also we can make single function machine, according to customer&#8217;s requirement, such as patch bag machine, soft loop bag machine, die cutter bag machine and draw tape bag machine.<\/p>\n<p><strong><b>Specification:<\/b><\/strong><\/p>\n<table>\n<tbody>\n<tr>\n<td width=\"69.6800%\">length size of bag making (height\/length of bag)<\/td>\n<td width=\"30.3000%\">250-700mm<\/td>\n<\/tr>\n<tr>\n<td width=\"69.6800%\">width size of bag making<\/td>\n<td width=\"30.3000%\">250-600mm<\/td>\n<\/tr>\n<tr>\n<td width=\"69.6800%\">speed of bag making\u00a0 soft loop handle bag<\/td>\n<td width=\"30.3000%\">50-120 pcs\/min<\/td>\n<\/tr>\n<tr>\n<td width=\"69.6800%\">Top folded<\/td>\n<td width=\"30.3000%\">50 &#8211; 75 mm<\/td>\n<\/tr>\n<tr>\n<td width=\"69.6800%\">bottom Inserted<\/td>\n<td width=\"30.3000%\">30-70mm<\/td>\n<\/tr>\n<tr>\n<td width=\"69.6800%\">Handle length<\/td>\n<td width=\"30.3000%\">360mm<\/td>\n<\/tr>\n<tr>\n<td width=\"69.6800%\">Handle width<\/td>\n<td width=\"30.3000%\">30 mm<\/td>\n<\/tr>\n<tr>\n<td width=\"69.6800%\">Max feeding width<\/td>\n<td width=\"30.3000%\">1600<\/td>\n<\/tr>\n<tr>\n<td width=\"69.6800%\">Air pressure<\/td>\n<td width=\"30.3000%\">5.5Hp<\/td>\n<\/tr>\n<tr>\n<td width=\"69.6800%\">total power<\/td>\n<td width=\"30.3000%\">7,5 KW<\/td>\n<\/tr>\n<tr>\n<td width=\"69.6800%\">Peso de la m\u00e1quina<\/td>\n<td width=\"30.3000%\">5000kg<\/td>\n<\/tr>\n<tr>\n<td width=\"69.6800%\">Dimensi\u00f3n de la m\u00e1quina<\/td>\n<td width=\"30.3000%\">9200x2500x2050mm<\/td>\n<\/tr>\n<\/tbody>\n<\/table>\n<p><strong><b>PREGUNTAS FRECUENTES:<\/b><\/strong><\/p>\n<p>1. \u00bfCu\u00e1l es la garant\u00eda de sus productos?<br \/>\nSi las piezas de la m\u00e1quina se rompen debido a problemas de calidad dentro del per\u00edodo de garant\u00eda, le enviaremos una nueva pieza de forma gratuita (cualquier mal uso artificial o destory prepensely no est\u00e1 incluido dentro de la limitaci\u00f3n de Garant\u00eda de Calidad).<\/p>\n<p>2.\u00bfCu\u00e1les son sus condiciones de pago y entrega?<br \/>\nPlazo de pago:<br \/>\n1) T\/T, 30% como prepago ,70% antes de la entrega<br \/>\n2) L\/C, 30% por T\/T ,70% como L\/C a la vista<br \/>\nPlazo de entrega: Est\u00e1ndar ser\u00e1 en 30-40 d\u00edas laborables<\/p>\n<p>3. \u00bfQu\u00e9 asistencia t\u00e9cnica podemos obtener si encargamos m\u00e1quinas?<br \/>\nPodemos proporcionar planos de instalaci\u00f3n, instrucciones b\u00e1sicas de funcionamiento, explicaci\u00f3n de funcionamiento mediante v\u00eddeo y fotos, videollamada en l\u00ednea para asistencia t\u00e9cnica si es necesario.<\/p>","protected":false},"excerpt":{"rendered":"<p>Main Usage: The machine is computer equipped with a pneumatic computer control system, servo motor and touch screen. Special E type hot cutting sealing device can make infolding and sealing for upper and down bag opening. lt has the functions of presetting bag width, auto counting and settable counting alarm, photoelectric detection, scan tracking, auto [&hellip;]<\/p>","protected":false},"featured_media":3576,"comment_status":"open","ping_status":"closed","template":"","meta":{"site-sidebar-layout":"default","site-content-layout":"","ast-site-content-layout":"default","site-content-style":"default","site-sidebar-style":"default","ast-global-header-display":"","ast-banner-title-visibility":"","ast-main-header-display":"","ast-hfb-above-header-display":"","ast-hfb-below-header-display":"","ast-hfb-mobile-header-display":"","site-post-title":"","ast-breadcrumbs-content":"","ast-featured-img":"","footer-sml-layout":"","theme-transparent-header-meta":"default","adv-header-id-meta":"","stick-header-meta":"","header-above-stick-meta":"","header-main-stick-meta":"","header-below-stick-meta":"","astra-migrate-meta-layouts":"set","ast-page-background-enabled":"default","ast-page-background-meta":{"desktop":{"background-color":"","background-image":"","background-repeat":"repeat","background-position":"center center","background-size":"auto","background-attachment":"scroll","background-type":"","background-media":"","overlay-type":"","overlay-color":"","overlay-gradient":""},"tablet":{"background-color":"","background-image":"","background-repeat":"repeat","background-position":"center center","background-size":"auto","background-attachment":"scroll","background-type":"","background-media":"","overlay-type":"","overlay-color":"","overlay-gradient":""},"mobile":{"background-color":"","background-image":"","background-repeat":"repeat","background-position":"center center","background-size":"auto","background-attachment":"scroll","background-type":"","background-media":"","overlay-type":"","overlay-color":"","overlay-gradient":""}},"ast-content-background-meta":{"desktop":{"background-color":"var(--ast-global-color-5)","background-image":"","background-repeat":"repeat","background-position":"center center","background-size":"auto","background-attachment":"scroll","background-type":"","background-media":"","overlay-type":"","overlay-color":"","overlay-gradient":""},"tablet":{"background-color":"var(--ast-global-color-5)","background-image":"","background-repeat":"repeat","background-position":"center center","background-size":"auto","background-attachment":"scroll","background-type":"","background-media":"","overlay-type":"","overlay-color":"","overlay-gradient":""},"mobile":{"background-color":"var(--ast-global-color-5)","background-image":"","background-repeat":"repeat","background-position":"center center","background-size":"auto","background-attachment":"scroll","background-type":"","background-media":"","overlay-type":"","overlay-color":"","overlay-gradient":""}}},"product_cat":[183,144],"product_tag":[],"jetpack_sharing_enabled":true,"_links":{"self":[{"href":"https:\/\/wxplastmachine.com\/es\/wp-json\/wp\/v2\/product\/3575"}],"collection":[{"href":"https:\/\/wxplastmachine.com\/es\/wp-json\/wp\/v2\/product"}],"about":[{"href":"https:\/\/wxplastmachine.com\/es\/wp-json\/wp\/v2\/types\/product"}],"replies":[{"embeddable":true,"href":"https:\/\/wxplastmachine.com\/es\/wp-json\/wp\/v2\/comments?post=3575"}],"wp:featuredmedia":[{"embeddable":true,"href":"https:\/\/wxplastmachine.com\/es\/wp-json\/wp\/v2\/media\/3576"}],"wp:attachment":[{"href":"https:\/\/wxplastmachine.com\/es\/wp-json\/wp\/v2\/media?parent=3575"}],"wp:term":[{"taxonomy":"product_cat","embeddable":true,"href":"https:\/\/wxplastmachine.com\/es\/wp-json\/wp\/v2\/product_cat?post=3575"},{"taxonomy":"product_tag","embeddable":true,"href":"https:\/\/wxplastmachine.com\/es\/wp-json\/wp\/v2\/product_tag?post=3575"}],"curies":[{"name":"wp","href":"https:\/\/api.w.org\/{rel}","templated":true}]}}