{"id":3597,"date":"2024-10-17T10:28:53","date_gmt":"2024-10-17T02:28:53","guid":{"rendered":"https:\/\/wxplastmachine.com\/?post_type=product&#038;p=3597"},"modified":"2024-10-17T10:28:53","modified_gmt":"2024-10-17T02:28:53","slug":"high-speed-kraft-paper-air-bubble-courier-mailer-envelope-bag-making-machine","status":"publish","type":"product","link":"https:\/\/wxplastmachine.com\/es\/producto\/high-speed-kraft-paper-air-bubble-courier-mailer-envelope-bag-making-machine","title":{"rendered":"M\u00e1quina de fabricaci\u00f3n de sobres de papel kraft de burbujas de aire para correo de alta velocidad"},"content":{"rendered":"<p>La m\u00e1quina de fabricaci\u00f3n de sobres de pel\u00edcula de burbujas de aire es especial para la espuma de epe, bolsa de pel\u00edcula de burbujas de aire que se utiliza ampliamente como bolsas a prueba de golpes, embalaje de productos fr\u00e1giles. Esta m\u00e1quina se utiliza para hacer el bolso de sobre laminado papel\/kraft\/film de la burbuja, que la clase de bolsos es ampliamente utilizada para protege productos y el env\u00edo.<\/p>\n<p><strong><b>M\u00e1quina para fabricar bolsas de aire tipo burbujaPar\u00e1metros t\u00e9cnicos\uff1a<\/b><\/strong><\/p>\n<p>1.Bolsas adecuadas: Poly burbuja mailer y Kraft burbuja mailer.<\/p>\n<p>(La m\u00e1quina puede hacer laminado y plegado de dos lados sello de burbujas sobre).<\/p>\n<p>2.Velocidad de ejecuci\u00f3n mec\u00e1nica: 90 piezas\/min.<\/p>\n<p>(La velocidad real de fabricaci\u00f3n de bolsas puede variar en funci\u00f3n del tama\u00f1o de las bolsas, el grosor de los materiales y el tiempo de fusi\u00f3n).<\/p>\n<p>3. Anchura m\u00e1xima de la bolsa:<\/p>\n<p>Una l\u00ednea: 800 mm (incluida la solapa del sobre)<\/p>\n<p>L\u00ednea doble: 400 mm (incluida la solapa del sobre)<\/p>\n<p>4.Longitud m\u00e1xima de la bolsa    400mm<\/p>\n<p>5.Anchura m\u00e1xima de desenrollado: papel o film: 1400mm burbuja 1350mm<\/p>\n<p>6.Di\u00e1metro m\u00e1ximo de desenrollado: papel o pel\u00edcula \u03a6800mm, burbuja \u03a61300mm.<\/p>\n<p>7.Peso de la m\u00e1quina 8500kg<\/p>\n<p>8.Dimensiones generales: 23000X2600X2400mm(L\u00d7W\u00d7H)<\/p>\n<p>9.Potencia requerida: 80KW<\/p>\n<p>10.Tensi\u00f3n: trif\u00e1sica de cinco hilos, CA 380V 50Hz<\/p>\n<p>(tres l\u00edneas de disparo, una l\u00ednea nula, un cable de tierra)<\/p>\n<p><strong><b>Configuraci\u00f3n principal de la m\u00e1quina para hacer bolsas de aire tipo burbuja\uff1a<\/b><\/strong><\/p>\n<p>1.CONTROL INFORM\u00c1TICO<\/p>\n<p>2.Cortador<\/p>\n<p>3.Material de tracci\u00f3n<\/p>\n<p>4.Encolado<\/p>\n<p>5.La funci\u00f3n principal del motor principal es moldear el material compuesto mediante calentamiento, prensado y sellado.<\/p>\n<p>6.Pieza plegable<\/p>\n<p>7.Parte de alimentaci\u00f3n<\/p>\n<p><strong><b>PREGUNTAS FRECUENTES:<\/b><\/strong><\/p>\n<p>1. \u00bfCu\u00e1l es la garant\u00eda de sus productos?<br \/>\nSi las piezas de la m\u00e1quina se rompen debido a problemas de calidad dentro del per\u00edodo de garant\u00eda, le enviaremos una nueva pieza de forma gratuita (cualquier mal uso artificial o destory prepensely no est\u00e1 incluido dentro de la limitaci\u00f3n de Garant\u00eda de Calidad).<\/p>\n<p>2.\u00bfCu\u00e1les son sus condiciones de pago y entrega?<br \/>\nPlazo de pago:<br \/>\n1) T\/T, 30% como prepago ,70% antes de la entrega<br \/>\n2) L\/C, 30% por T\/T ,70% como L\/C a la vista<br \/>\nPlazo de entrega: Est\u00e1ndar ser\u00e1 en 30-40 d\u00edas laborables<\/p>\n<p>3. \u00bfQu\u00e9 asistencia t\u00e9cnica podemos obtener si encargamos m\u00e1quinas?<br \/>\nPodemos proporcionar planos de instalaci\u00f3n, instrucciones b\u00e1sicas de funcionamiento, explicaci\u00f3n de funcionamiento mediante v\u00eddeo y fotos, videollamada en l\u00ednea para asistencia t\u00e9cnica si es necesario.<\/p>","protected":false},"excerpt":{"rendered":"<p>Air bubble film envelop making machine is special for epe foam, air bubble film bag which widely used as shockproof bags, fragile products packing. This machine is used for making paper\/kraft\/film laminated bubble envelope bag, which kind of bags are widely used for protect products and mailing. Air Bubble Bag Making MachineTechnical Parameters\uff1a 1.Suitable bags: [&hellip;]<\/p>","protected":false},"featured_media":3598,"comment_status":"open","ping_status":"closed","template":"","meta":{"site-sidebar-layout":"default","site-content-layout":"","ast-site-content-layout":"default","site-content-style":"default","site-sidebar-style":"default","ast-global-header-display":"","ast-banner-title-visibility":"","ast-main-header-display":"","ast-hfb-above-header-display":"","ast-hfb-below-header-display":"","ast-hfb-mobile-header-display":"","site-post-title":"","ast-breadcrumbs-content":"","ast-featured-img":"","footer-sml-layout":"","theme-transparent-header-meta":"default","adv-header-id-meta":"","stick-header-meta":"","header-above-stick-meta":"","header-main-stick-meta":"","header-below-stick-meta":"","astra-migrate-meta-layouts":"set","ast-page-background-enabled":"default","ast-page-background-meta":{"desktop":{"background-color":"","background-image":"","background-repeat":"repeat","background-position":"center center","background-size":"auto","background-attachment":"scroll","background-type":"","background-media":"","overlay-type":"","overlay-color":"","overlay-gradient":""},"tablet":{"background-color":"","background-image":"","background-repeat":"repeat","background-position":"center center","background-size":"auto","background-attachment":"scroll","background-type":"","background-media":"","overlay-type":"","overlay-color":"","overlay-gradient":""},"mobile":{"background-color":"","background-image":"","background-repeat":"repeat","background-position":"center center","background-size":"auto","background-attachment":"scroll","background-type":"","background-media":"","overlay-type":"","overlay-color":"","overlay-gradient":""}},"ast-content-background-meta":{"desktop":{"background-color":"var(--ast-global-color-5)","background-image":"","background-repeat":"repeat","background-position":"center center","background-size":"auto","background-attachment":"scroll","background-type":"","background-media":"","overlay-type":"","overlay-color":"","overlay-gradient":""},"tablet":{"background-color":"var(--ast-global-color-5)","background-image":"","background-repeat":"repeat","background-position":"center center","background-size":"auto","background-attachment":"scroll","background-type":"","background-media":"","overlay-type":"","overlay-color":"","overlay-gradient":""},"mobile":{"background-color":"var(--ast-global-color-5)","background-image":"","background-repeat":"repeat","background-position":"center center","background-size":"auto","background-attachment":"scroll","background-type":"","background-media":"","overlay-type":"","overlay-color":"","overlay-gradient":""}}},"product_cat":[185,144],"product_tag":[],"jetpack_sharing_enabled":true,"_links":{"self":[{"href":"https:\/\/wxplastmachine.com\/es\/wp-json\/wp\/v2\/product\/3597"}],"collection":[{"href":"https:\/\/wxplastmachine.com\/es\/wp-json\/wp\/v2\/product"}],"about":[{"href":"https:\/\/wxplastmachine.com\/es\/wp-json\/wp\/v2\/types\/product"}],"replies":[{"embeddable":true,"href":"https:\/\/wxplastmachine.com\/es\/wp-json\/wp\/v2\/comments?post=3597"}],"wp:featuredmedia":[{"embeddable":true,"href":"https:\/\/wxplastmachine.com\/es\/wp-json\/wp\/v2\/media\/3598"}],"wp:attachment":[{"href":"https:\/\/wxplastmachine.com\/es\/wp-json\/wp\/v2\/media?parent=3597"}],"wp:term":[{"taxonomy":"product_cat","embeddable":true,"href":"https:\/\/wxplastmachine.com\/es\/wp-json\/wp\/v2\/product_cat?post=3597"},{"taxonomy":"product_tag","embeddable":true,"href":"https:\/\/wxplastmachine.com\/es\/wp-json\/wp\/v2\/product_tag?post=3597"}],"curies":[{"name":"wp","href":"https:\/\/api.w.org\/{rel}","templated":true}]}}