{"id":3602,"date":"2024-10-17T10:37:28","date_gmt":"2024-10-17T02:37:28","guid":{"rendered":"https:\/\/wxplastmachine.com\/?post_type=product&#038;p=3602"},"modified":"2024-10-17T10:37:28","modified_gmt":"2024-10-17T02:37:28","slug":"triangle-plastic-flower-buttercream-piping-candy-fruit-grape-sandwich-bag-making-machine","status":"publish","type":"product","link":"https:\/\/wxplastmachine.com\/es\/producto\/triangle-plastic-flower-buttercream-piping-candy-fruit-grape-sandwich-bag-making-machine","title":{"rendered":"Tri\u00e1ngulo de pl\u00e1stico de flores de crema de mantequilla de caramelo de tuber\u00edas de frutas de uva bolsa de s\u00e1ndwich que hace la m\u00e1quina"},"content":{"rendered":"<p><strong><b>Caracter\u00edsticas:<\/b><\/strong><\/p>\n<p>Esta m\u00e1quina es adecuada para BOPP\/CPP\/PE y otras pel\u00edculas de pl\u00e1stico. Es un equipo ideal para hacer la bolsa de la manga de la flor, pipping bolso, bolso de la forma de la torre, bolso del paraguas, bolso de la corbata, bolso de bocadillo y otros triangular, trapezoidal y otros bolsos de la especial-forma.<\/p>\n<p><strong><b>\u00a0<\/b><\/strong><strong><b>Par\u00e1metros t\u00e9cnicos<\/b><\/strong><strong><b>s<\/b><\/strong><strong><b>:<\/b><\/strong><\/p>\n<table>\n<tbody>\n<tr>\n<td width=\"16.7600%\">Modelo<\/td>\n<td width=\"20.8000%\">WX-600<\/td>\n<td width=\"20.8000%\">WX-800<\/td>\n<td width=\"20.8000%\">WX-1000<\/td>\n<td width=\"20.8000%\">WX-1200<\/td>\n<\/tr>\n<tr>\n<td width=\"16.7600%\">Ancho de la bolsa<\/td>\n<td width=\"20.8000%\">550 mm<\/td>\n<td width=\"20.8000%\">750 mm<\/td>\n<td width=\"20.8000%\">950 mm<\/td>\n<td width=\"20.8000%\">1150<\/td>\n<\/tr>\n<tr>\n<td width=\"16.7600%\">Longitud de la bolsa<\/td>\n<td width=\"20.8000%\">800 mm<\/td>\n<td width=\"20.8000%\">800 mm<\/td>\n<td width=\"20.8000%\">800 mm<\/td>\n<td width=\"20.8000%\">800 mm<\/td>\n<\/tr>\n<tr>\n<td width=\"16.7600%\">Velocidad<\/td>\n<td width=\"20.8000%\">30-100PCS\/MIN<\/td>\n<td width=\"20.8000%\">30-100PCS\/MIN<\/td>\n<td width=\"20.8000%\">30-80PCS\/MIN<\/td>\n<td width=\"20.8000%\">30-80PCS\/MIN<\/td>\n<\/tr>\n<tr>\n<td width=\"16.7600%\">Espesor de la pel\u00edcula<\/td>\n<td width=\"20.8000%\">0,01-0,2 mm<\/td>\n<td width=\"20.8000%\">0,01-0,2 mm<\/td>\n<td width=\"20.8000%\">0,01-0,2 mm<\/td>\n<td width=\"20.8000%\">0,01-0,2 mm<\/td>\n<\/tr>\n<tr>\n<td width=\"16.7600%\">Potencia total<\/td>\n<td width=\"20.8000%\">12KW<\/td>\n<td width=\"20.8000%\">14KW<\/td>\n<td width=\"20.8000%\">15KW<\/td>\n<td width=\"20.8000%\">20KW<\/td>\n<\/tr>\n<tr>\n<td width=\"16.7600%\">Alimentaci\u00f3n<\/td>\n<td width=\"20.8000%\">380V\/50HZ<\/td>\n<td width=\"20.8000%\">380V\/50HZ<\/td>\n<td width=\"20.8000%\">380V\/50HZ<\/td>\n<td width=\"20.8000%\">380V\/50HZ<\/td>\n<\/tr>\n<tr>\n<td width=\"16.7600%\">Peso<\/td>\n<td width=\"20.8000%\">2000KG<\/td>\n<td width=\"20.8000%\">3000KG<\/td>\n<td width=\"20.8000%\">3500KG<\/td>\n<td width=\"20.8000%\">4400KG<\/td>\n<\/tr>\n<tr>\n<td width=\"16.7600%\">Dimensi\u00f3n<\/td>\n<td width=\"20.8000%\">6.54\u00d71.30\u00d71.50m<\/td>\n<td width=\"20.8000%\">6.54\u00d71.50\u00d71.50m<\/td>\n<td width=\"20.8000%\">6.54\u00d71.70\u00d71.50m<\/td>\n<td width=\"20.8000%\">6.54\u00d71.90\u00d71.50m<\/td>\n<\/tr>\n<\/tbody>\n<\/table>\n<p><strong><b>Caracter\u00edsticas<\/b><\/strong><strong><b>:<\/b><\/strong><\/p>\n<p>1.Interfaz hombre-m\u00e1quina, operaci\u00f3n de pantalla t\u00e1ctil, control PLC, f\u00e1cil de operar.<\/p>\n<p>2.Con las funciones de seguimiento fotoel\u00e9ctrico, ajuste de longitud fija, recuento autom\u00e1tico y alarma de fuera de paso.<\/p>\n<p>3.Dual servomotores accionados, sistema de conducci\u00f3n adopta 4 juegos de convertidores de frecuencia y motor de conversi\u00f3n de frecuencia trif\u00e1sica.<\/p>\n<p>4.Printing bolsa de seguimiento utilizando importados sensor fotoel\u00e9ctrico inteligente, un control preciso del tama\u00f1o de la bolsa.<\/p>\n<p>5.Desbobinadores dobles con ejes de aire desbobinando, control de freno de polvo magn\u00e9tico, y con un conjunto de sistema de control de gu\u00eda de banda EPC.<\/p>\n<p>6.Adopt 2.2m import\u00f3 la conducci\u00f3n de la placa del silic\u00f3n, vida de servicio larga y la fabricaci\u00f3n bien-abajo del bolso.<\/p>\n<p>7.Sin l\u00edmite de \u00e1ngulo, el servomotor especialmente dise\u00f1ado impulsa la cuchilla de planchado para girar autom\u00e1ticamente en cualquier \u00e1ngulo para hacer bolsas, las bolsas son limpias y hermosas, y los bordes de corte son firmes y lisos.<\/p>\n<p><strong><b>PREGUNTAS FRECUENTES:<\/b><\/strong><\/p>\n<p>1. \u00bfCu\u00e1l es la garant\u00eda de sus productos?<br \/>\nSi las piezas de la m\u00e1quina se rompen debido a problemas de calidad dentro del per\u00edodo de garant\u00eda, le enviaremos una nueva pieza de forma gratuita (cualquier mal uso artificial o destory prepensely no est\u00e1 incluido dentro de la limitaci\u00f3n de Garant\u00eda de Calidad).<\/p>\n<p>2.\u00bfCu\u00e1les son sus condiciones de pago y entrega?<br \/>\nPlazo de pago:<br \/>\n1) T\/T, 30% como prepago ,70% antes de la entrega<br \/>\n2) L\/C, 30% por T\/T ,70% como L\/C a la vista<br \/>\nPlazo de entrega: Est\u00e1ndar ser\u00e1 en 30-40 d\u00edas laborables<\/p>\n<p>3. \u00bfQu\u00e9 asistencia t\u00e9cnica podemos obtener si encargamos m\u00e1quinas?<br \/>\nPodemos proporcionar planos de instalaci\u00f3n, instrucciones b\u00e1sicas de funcionamiento, explicaci\u00f3n de funcionamiento mediante v\u00eddeo y fotos, videollamada en l\u00ednea para asistencia t\u00e9cnica si es necesario.<\/p>\n<p><img fetchpriority=\"high\" decoding=\"async\" class=\"alignnone size-full wp-image-3608\" src=\"https:\/\/wxplastmachine.com\/wp-content\/uploads\/2024\/10\/\u5fae\u4fe1\u622a\u56fe_20240926170159.jpg\" alt=\"\" width=\"717\" height=\"548\" srcset=\"https:\/\/wxplastmachine.com\/wp-content\/uploads\/2024\/10\/\u5fae\u4fe1\u622a\u56fe_20240926170159.jpg 717w, https:\/\/wxplastmachine.com\/wp-content\/uploads\/2024\/10\/\u5fae\u4fe1\u622a\u56fe_20240926170159-300x229.jpg 300w, https:\/\/wxplastmachine.com\/wp-content\/uploads\/2024\/10\/\u5fae\u4fe1\u622a\u56fe_20240926170159-16x12.jpg 16w, https:\/\/wxplastmachine.com\/wp-content\/uploads\/2024\/10\/\u5fae\u4fe1\u622a\u56fe_20240926170159-600x459.jpg 600w\" sizes=\"(max-width: 717px) 100vw, 717px\" \/><\/p>","protected":false},"excerpt":{"rendered":"<p>Characteristics: This machine is suitable for BOPP\/CPP\/PE and other plastic film. It\u2019s an ideal equipment for making Flower sleeve bag, pipping bag, tower shape bag, umbrella bag, necktie bag, sandwich bag and other triangular, trapezoidal and other special-shaped bags. \u00a0Technical Parameters: Model WX-600 WX-800 WX-1000 WX-1200 Bag Width 550mm 750mm 950mm 1150 Bag Length 800mm [&hellip;]<\/p>","protected":false},"featured_media":3607,"comment_status":"open","ping_status":"closed","template":"","meta":{"site-sidebar-layout":"default","site-content-layout":"","ast-site-content-layout":"default","site-content-style":"default","site-sidebar-style":"default","ast-global-header-display":"","ast-banner-title-visibility":"","ast-main-header-display":"","ast-hfb-above-header-display":"","ast-hfb-below-header-display":"","ast-hfb-mobile-header-display":"","site-post-title":"","ast-breadcrumbs-content":"","ast-featured-img":"","footer-sml-layout":"","theme-transparent-header-meta":"default","adv-header-id-meta":"","stick-header-meta":"","header-above-stick-meta":"","header-main-stick-meta":"","header-below-stick-meta":"","astra-migrate-meta-layouts":"set","ast-page-background-enabled":"default","ast-page-background-meta":{"desktop":{"background-color":"","background-image":"","background-repeat":"repeat","background-position":"center center","background-size":"auto","background-attachment":"scroll","background-type":"","background-media":"","overlay-type":"","overlay-color":"","overlay-gradient":""},"tablet":{"background-color":"","background-image":"","background-repeat":"repeat","background-position":"center center","background-size":"auto","background-attachment":"scroll","background-type":"","background-media":"","overlay-type":"","overlay-color":"","overlay-gradient":""},"mobile":{"background-color":"","background-image":"","background-repeat":"repeat","background-position":"center center","background-size":"auto","background-attachment":"scroll","background-type":"","background-media":"","overlay-type":"","overlay-color":"","overlay-gradient":""}},"ast-content-background-meta":{"desktop":{"background-color":"var(--ast-global-color-5)","background-image":"","background-repeat":"repeat","background-position":"center center","background-size":"auto","background-attachment":"scroll","background-type":"","background-media":"","overlay-type":"","overlay-color":"","overlay-gradient":""},"tablet":{"background-color":"var(--ast-global-color-5)","background-image":"","background-repeat":"repeat","background-position":"center center","background-size":"auto","background-attachment":"scroll","background-type":"","background-media":"","overlay-type":"","overlay-color":"","overlay-gradient":""},"mobile":{"background-color":"var(--ast-global-color-5)","background-image":"","background-repeat":"repeat","background-position":"center center","background-size":"auto","background-attachment":"scroll","background-type":"","background-media":"","overlay-type":"","overlay-color":"","overlay-gradient":""}}},"product_cat":[186,144],"product_tag":[],"jetpack_sharing_enabled":true,"_links":{"self":[{"href":"https:\/\/wxplastmachine.com\/es\/wp-json\/wp\/v2\/product\/3602"}],"collection":[{"href":"https:\/\/wxplastmachine.com\/es\/wp-json\/wp\/v2\/product"}],"about":[{"href":"https:\/\/wxplastmachine.com\/es\/wp-json\/wp\/v2\/types\/product"}],"replies":[{"embeddable":true,"href":"https:\/\/wxplastmachine.com\/es\/wp-json\/wp\/v2\/comments?post=3602"}],"wp:featuredmedia":[{"embeddable":true,"href":"https:\/\/wxplastmachine.com\/es\/wp-json\/wp\/v2\/media\/3607"}],"wp:attachment":[{"href":"https:\/\/wxplastmachine.com\/es\/wp-json\/wp\/v2\/media?parent=3602"}],"wp:term":[{"taxonomy":"product_cat","embeddable":true,"href":"https:\/\/wxplastmachine.com\/es\/wp-json\/wp\/v2\/product_cat?post=3602"},{"taxonomy":"product_tag","embeddable":true,"href":"https:\/\/wxplastmachine.com\/es\/wp-json\/wp\/v2\/product_tag?post=3602"}],"curies":[{"name":"wp","href":"https:\/\/api.w.org\/{rel}","templated":true}]}}