{"id":3808,"date":"2024-10-30T16:46:51","date_gmt":"2024-10-30T08:46:51","guid":{"rendered":"https:\/\/wxplastmachine.com\/?post_type=product&#038;p=3808"},"modified":"2024-11-01T11:15:18","modified_gmt":"2024-11-01T03:15:18","slug":"automatic-opp-pe-pa-pvc-film-jumbo-roll-nylon-craft-paper-aluminum-foil-vertical-slitting-rewinding-machine","status":"publish","type":"product","link":"https:\/\/wxplastmachine.com\/es\/producto\/automatic-opp-pe-pa-pvc-film-jumbo-roll-nylon-craft-paper-aluminum-foil-vertical-slitting-rewinding-machine","title":{"rendered":"M\u00e1quina cortadora rebobinadora vertical autom\u00e1tica de rollos grandes de pel\u00edcula de PVC OPP PE PA papel de aluminio de nylon para manualidades"},"content":{"rendered":"<p>La m\u00e1quina es adecuada para cortar y rebobinar todo tipo de film, film retr\u00e1ctil de PVC, etiquetas, papel de aluminio, papel, papel kraft, tejido no tejido, etc.<\/p>\n<p><strong><b>Caracter\u00edsticas principales<\/b><\/strong><strong><b>:<\/b><\/strong><\/p>\n<p>1.Todo el bastidor de la m\u00e1quina es de chapa de hierro, con una precisi\u00f3n y estabilidad extremadamente altas.<br \/>\nEl motor principal adopta un motor as\u00edncrono monof\u00e1sico.<br \/>\n2.Sistema fotoel\u00e9ctricoEPC.<br \/>\n3.Inversor : Delta<br \/>\n4.Tensi\u00f3n constante autom\u00e1tica de desenrollado y rebobinado mediante freno de polvo magn\u00e9tico y embrague.<br \/>\n5. El rebobinado y desenrollado adopta un eje neum\u00e1tico.<br \/>\n6. El rodillo gu\u00eda est\u00e1 chapado con cromo duro, lo que hace que el rodillo gu\u00eda sea duro, resistente al desgaste, suave y resistente a la corrosi\u00f3n.<br \/>\n7.Material el\u00e9ctrico<br \/>\n8.La m\u00e1quina est\u00e1ndar est\u00e1 equipada con 1 juego (10 piezas) de cuchillas circulares, la cuchilla de afeitar es opcional.<br \/>\n9.La m\u00e1quina dispone de funciones autom\u00e1ticas como contador autom\u00e1tico, parada de emergencia, alarma, etc.<\/p>\n<table>\n<tbody>\n<tr>\n<td width=\"33.6400%\">Modelo de m\u00e1quina<\/td>\n<td width=\"66.3400%\">DBFQT200<\/td>\n<\/tr>\n<tr>\n<td width=\"33.6400%\">Tipo<\/td>\n<td width=\"66.3400%\">La parte de desbobinado y la parte de rebobinado est\u00e1n en el mismo lado<\/td>\n<\/tr>\n<tr>\n<td width=\"33.6400%\">Material de corte adecuado<\/td>\n<td width=\"66.3400%\">PE, BOPP, OPP, papel, tela no tejida y papel de aluminio, etc.<\/td>\n<\/tr>\n<tr>\n<td width=\"33.6400%\">M\u00e1x. Anchura del material desenrollado<\/td>\n<td width=\"66.3400%\">1100 mm<\/td>\n<\/tr>\n<tr>\n<td width=\"33.6400%\">M\u00e1x. Di\u00e1metro de desenrollado<\/td>\n<td width=\"66.3400%\">600 mm<\/td>\n<\/tr>\n<tr>\n<td width=\"33.6400%\">Anchura de corte<\/td>\n<td width=\"66.3400%\">50mm-1100mm<\/td>\n<\/tr>\n<tr>\n<td width=\"33.6400%\">Velocidad de corte<\/td>\n<td width=\"66.3400%\">10-200m\/min (depende del material)<\/td>\n<\/tr>\n<tr>\n<td width=\"33.6400%\">M\u00e1x. Di\u00e1metro de rebobinado<\/td>\n<td width=\"66.3400%\">\u03a6450mm<\/td>\n<\/tr>\n<tr>\n<td width=\"33.6400%\">Di\u00e1metro interior del n\u00facleo de papel<\/td>\n<td width=\"66.3400%\">3\"<\/td>\n<\/tr>\n<tr>\n<td width=\"33.6400%\">Tensi\u00f3n<\/td>\n<td width=\"66.3400%\">380V,3P,50HZ<\/td>\n<\/tr>\n<tr>\n<td width=\"33.6400%\">Tama\u00f1o de la m\u00e1quina (largo*ancho*alto)<\/td>\n<td width=\"66.3400%\">1.3\u00d72.36\u00d71.4m<\/td>\n<\/tr>\n<tr>\n<td width=\"33.6400%\">Peso de la m\u00e1quina<\/td>\n<td width=\"66.3400%\">1200kg<\/td>\n<\/tr>\n<\/tbody>\n<\/table>\n<p><img fetchpriority=\"high\" decoding=\"async\" class=\"alignnone size-full wp-image-3814\" src=\"https:\/\/wxplastmachine.com\/wp-content\/uploads\/2024\/10\/\u5fae\u4fe1\u622a\u56fe_20241030163637.png\" alt=\"\" width=\"800\" height=\"800\" srcset=\"https:\/\/wxplastmachine.com\/wp-content\/uploads\/2024\/10\/\u5fae\u4fe1\u622a\u56fe_20241030163637.png 800w, https:\/\/wxplastmachine.com\/wp-content\/uploads\/2024\/10\/\u5fae\u4fe1\u622a\u56fe_20241030163637-300x300.png 300w, https:\/\/wxplastmachine.com\/wp-content\/uploads\/2024\/10\/\u5fae\u4fe1\u622a\u56fe_20241030163637-150x150.png 150w, https:\/\/wxplastmachine.com\/wp-content\/uploads\/2024\/10\/\u5fae\u4fe1\u622a\u56fe_20241030163637-768x768.png 768w, https:\/\/wxplastmachine.com\/wp-content\/uploads\/2024\/10\/\u5fae\u4fe1\u622a\u56fe_20241030163637-12x12.png 12w, https:\/\/wxplastmachine.com\/wp-content\/uploads\/2024\/10\/\u5fae\u4fe1\u622a\u56fe_20241030163637-600x600.png 600w, https:\/\/wxplastmachine.com\/wp-content\/uploads\/2024\/10\/\u5fae\u4fe1\u622a\u56fe_20241030163637-100x100.png 100w\" sizes=\"(max-width: 800px) 100vw, 800px\" \/> <img decoding=\"async\" class=\"alignnone size-full wp-image-3815\" src=\"https:\/\/wxplastmachine.com\/wp-content\/uploads\/2024\/10\/\u5fae\u4fe1\u622a\u56fe_20241030163657.png\" alt=\"\" width=\"800\" height=\"800\" srcset=\"https:\/\/wxplastmachine.com\/wp-content\/uploads\/2024\/10\/\u5fae\u4fe1\u622a\u56fe_20241030163657.png 800w, https:\/\/wxplastmachine.com\/wp-content\/uploads\/2024\/10\/\u5fae\u4fe1\u622a\u56fe_20241030163657-300x300.png 300w, https:\/\/wxplastmachine.com\/wp-content\/uploads\/2024\/10\/\u5fae\u4fe1\u622a\u56fe_20241030163657-150x150.png 150w, https:\/\/wxplastmachine.com\/wp-content\/uploads\/2024\/10\/\u5fae\u4fe1\u622a\u56fe_20241030163657-768x768.png 768w, https:\/\/wxplastmachine.com\/wp-content\/uploads\/2024\/10\/\u5fae\u4fe1\u622a\u56fe_20241030163657-12x12.png 12w, https:\/\/wxplastmachine.com\/wp-content\/uploads\/2024\/10\/\u5fae\u4fe1\u622a\u56fe_20241030163657-600x600.png 600w, https:\/\/wxplastmachine.com\/wp-content\/uploads\/2024\/10\/\u5fae\u4fe1\u622a\u56fe_20241030163657-100x100.png 100w\" sizes=\"(max-width: 800px) 100vw, 800px\" \/> <img decoding=\"async\" class=\"alignnone size-full wp-image-3813\" src=\"https:\/\/wxplastmachine.com\/wp-content\/uploads\/2024\/10\/\u5fae\u4fe1\u622a\u56fe_20241030163426.jpg\" alt=\"\" width=\"747\" height=\"283\" srcset=\"https:\/\/wxplastmachine.com\/wp-content\/uploads\/2024\/10\/\u5fae\u4fe1\u622a\u56fe_20241030163426.jpg 747w, https:\/\/wxplastmachine.com\/wp-content\/uploads\/2024\/10\/\u5fae\u4fe1\u622a\u56fe_20241030163426-300x114.jpg 300w, https:\/\/wxplastmachine.com\/wp-content\/uploads\/2024\/10\/\u5fae\u4fe1\u622a\u56fe_20241030163426-18x7.jpg 18w, https:\/\/wxplastmachine.com\/wp-content\/uploads\/2024\/10\/\u5fae\u4fe1\u622a\u56fe_20241030163426-600x227.jpg 600w\" sizes=\"(max-width: 747px) 100vw, 747px\" \/><\/p>\n<p>&nbsp;<\/p>","protected":false},"excerpt":{"rendered":"<p>The machine is suitable for slitting rewinding all kinds of film, PVC shrink film, label, aluminum foil, paper, kraft paper, non woven etc. Main Features: 1.The whole machine frame is made of iron plate, with extremely high precision and stability. Main motor adopts single-phase asynchronous motor. 2.PhotoelectricEPC system. 3.Inverter : Delta 4.Automatic constant tension of [&hellip;]<\/p>","protected":false},"featured_media":3809,"comment_status":"open","ping_status":"closed","template":"","meta":{"site-sidebar-layout":"default","site-content-layout":"","ast-site-content-layout":"default","site-content-style":"default","site-sidebar-style":"default","ast-global-header-display":"","ast-banner-title-visibility":"","ast-main-header-display":"","ast-hfb-above-header-display":"","ast-hfb-below-header-display":"","ast-hfb-mobile-header-display":"","site-post-title":"","ast-breadcrumbs-content":"","ast-featured-img":"","footer-sml-layout":"","theme-transparent-header-meta":"default","adv-header-id-meta":"","stick-header-meta":"","header-above-stick-meta":"","header-main-stick-meta":"","header-below-stick-meta":"","astra-migrate-meta-layouts":"set","ast-page-background-enabled":"default","ast-page-background-meta":{"desktop":{"background-color":"","background-image":"","background-repeat":"repeat","background-position":"center center","background-size":"auto","background-attachment":"scroll","background-type":"","background-media":"","overlay-type":"","overlay-color":"","overlay-gradient":""},"tablet":{"background-color":"","background-image":"","background-repeat":"repeat","background-position":"center center","background-size":"auto","background-attachment":"scroll","background-type":"","background-media":"","overlay-type":"","overlay-color":"","overlay-gradient":""},"mobile":{"background-color":"","background-image":"","background-repeat":"repeat","background-position":"center center","background-size":"auto","background-attachment":"scroll","background-type":"","background-media":"","overlay-type":"","overlay-color":"","overlay-gradient":""}},"ast-content-background-meta":{"desktop":{"background-color":"var(--ast-global-color-5)","background-image":"","background-repeat":"repeat","background-position":"center center","background-size":"auto","background-attachment":"scroll","background-type":"","background-media":"","overlay-type":"","overlay-color":"","overlay-gradient":""},"tablet":{"background-color":"var(--ast-global-color-5)","background-image":"","background-repeat":"repeat","background-position":"center center","background-size":"auto","background-attachment":"scroll","background-type":"","background-media":"","overlay-type":"","overlay-color":"","overlay-gradient":""},"mobile":{"background-color":"var(--ast-global-color-5)","background-image":"","background-repeat":"repeat","background-position":"center center","background-size":"auto","background-attachment":"scroll","background-type":"","background-media":"","overlay-type":"","overlay-color":"","overlay-gradient":""}}},"product_cat":[203,204],"product_tag":[],"jetpack_sharing_enabled":true,"_links":{"self":[{"href":"https:\/\/wxplastmachine.com\/es\/wp-json\/wp\/v2\/product\/3808"}],"collection":[{"href":"https:\/\/wxplastmachine.com\/es\/wp-json\/wp\/v2\/product"}],"about":[{"href":"https:\/\/wxplastmachine.com\/es\/wp-json\/wp\/v2\/types\/product"}],"replies":[{"embeddable":true,"href":"https:\/\/wxplastmachine.com\/es\/wp-json\/wp\/v2\/comments?post=3808"}],"wp:featuredmedia":[{"embeddable":true,"href":"https:\/\/wxplastmachine.com\/es\/wp-json\/wp\/v2\/media\/3809"}],"wp:attachment":[{"href":"https:\/\/wxplastmachine.com\/es\/wp-json\/wp\/v2\/media?parent=3808"}],"wp:term":[{"taxonomy":"product_cat","embeddable":true,"href":"https:\/\/wxplastmachine.com\/es\/wp-json\/wp\/v2\/product_cat?post=3808"},{"taxonomy":"product_tag","embeddable":true,"href":"https:\/\/wxplastmachine.com\/es\/wp-json\/wp\/v2\/product_tag?post=3808"}],"curies":[{"name":"wp","href":"https:\/\/api.w.org\/{rel}","templated":true}]}}