{"id":3867,"date":"2024-11-06T21:20:42","date_gmt":"2024-11-06T13:20:42","guid":{"rendered":"https:\/\/wxplastmachine.com\/?post_type=product&#038;p=3867"},"modified":"2024-11-06T21:20:42","modified_gmt":"2024-11-06T13:20:42","slug":"automatic-aluminum-foil-coating-machine-lacquer-coating-machine","status":"publish","type":"product","link":"https:\/\/wxplastmachine.com\/es\/producto\/automatic-aluminum-foil-coating-machine-lacquer-coating-machine","title":{"rendered":"M\u00e1quina recubridora autom\u00e1tica de papel de aluminio M\u00e1quina recubridora de laca"},"content":{"rendered":"<p><strong><b>M\u00e1quina <\/b><\/strong><strong><b>Descripci\u00f3n<\/b><\/strong><strong><b>:<\/b><\/strong><\/p>\n<ol>\n<li>Toda la m\u00e1quina est\u00e1 controlada por un motor de conversi\u00f3n de 5 frecuencias, y la tensi\u00f3n de toda la m\u00e1quina (desenrollado, recubrimiento, tracci\u00f3n y enrollado) est\u00e1 controlada autom\u00e1ticamente por el sistema PLC Western door. La fiabilidad de la tensi\u00f3n de toda la m\u00e1quina se mejora mediante el control y la visualizaci\u00f3n de la pantalla t\u00e1ctil de interfaz hombre-m\u00e1quina.<\/li>\n<li>El bastidor de descarga tiene forma de estaci\u00f3n \u00fanica de elevaci\u00f3n hidr\u00e1ulica y adopta un control autom\u00e1tico de la tensi\u00f3n del polvo magn\u00e9tico.<\/li>\n<li>El ajuste del embrague del rodillo rascador de coma adopta el tipo de brazo oscilante neum\u00e1tico. El brazo oscilante est\u00e1 equipado con un dispositivo de micro ajuste para el control, y el espesor de la cola se controla mediante un calibrador de espesor.<\/li>\n<li>Modo de recubrimiento anilox: el eje del rascador de recubrimiento adopta la nataci\u00f3n mec\u00e1nica independiente de doble eje de alta resistencia. El modo de ajuste del rascador es manual con neum\u00e1tico, y el \u00e1ngulo se puede ajustar arbitrariamente. La cantidad de recubrimiento depende de la l\u00ednea de malla del rodillo anilox. El rodillo anilox con diferente l\u00ednea de malla se puede cambiar para diferentes cantidades de recubrimiento.<\/li>\n<li>El horno tiene 18 m, con control de temperatura independiente en 9 secciones. La calefacci\u00f3n adopta calefacci\u00f3n de circulaci\u00f3n de aceite de transferencia de calor, sistema de secado con entrada de aire caliente y dispositivo de succi\u00f3n y escape de circulaci\u00f3n interna ajustable. El viento de entrada y salida de aire es fuerte y el secado es completo.<\/li>\n<li>La rueda gu\u00eda del horno se sincroniza activamente con el anfitri\u00f3n, y la transmisi\u00f3n adopta la transmisi\u00f3n por correa s\u00edncrona de la rueda para reducir la tensi\u00f3n y la deformaci\u00f3n del material. El horno superior abierto de cilindro de aire y la plataforma de operaci\u00f3n de perforaci\u00f3n de membrana facilitan el trabajo de los operarios.<\/li>\n<li>La tensi\u00f3n intermedia del rodillo de revestimiento - rodillo de acero de tracci\u00f3n se sincroniza con el tipo de brazo oscilante flotante, que se controla autom\u00e1ticamente por PLC;<\/li>\n<li>Dispositivo de control autom\u00e1tico de la velocidad del contador;<\/li>\n<li>La m\u00e1quina canteadora EPC se utiliza para la correcci\u00f3n de desviaciones con el fin de garantizar la pulcritud del bobinado del material.<\/li>\n<li>El eje inflable tipo llave se utiliza para la retracci\u00f3n y liberaci\u00f3n, que es conveniente para la operaci\u00f3n de carga y descarga.<\/li>\n<li>Dispositivo de tracci\u00f3n de presi\u00f3n ascendente de alta precisi\u00f3n, se adopta el tipo de circulaci\u00f3n de agua para el enfriamiento del rodillo de acero, y la pel\u00edcula es m\u00e1s suave, m\u00e1s raspada y se logra m\u00e1s efecto de enfriamiento a trav\u00e9s del rodillo de enfriamiento.<\/li>\n<li>El bastidor de recepci\u00f3n de material tiene forma de estaci\u00f3n \u00fanica de elevaci\u00f3n hidr\u00e1ulica. El bobinado adopta un motor de conversi\u00f3n de frecuencia, y el convertidor de frecuencia vectorial est\u00e1 controlado por el sistema inform\u00e1tico PLC.<\/li>\n<\/ol>\n<table>\n<tbody>\n<tr>\n<td width=\"14.6400%\">Modelo<\/td>\n<td width=\"85.3400%\">TB600-2500 m\u00e1quina de recubrimiento de laca de papel de aluminio<\/td>\n<\/tr>\n<tr>\n<td width=\"14.6400%\">M\u00e9todo de recubrimiento<\/td>\n<td width=\"85.3400%\">recubrimiento de cuchilla de coma \/ recubrimiento de rodillo de huecograbado \/ recubrimiento de barra mayer \/ recubrimiento de cuchilla de aire \/ recubrimiento de cinco rodillos \/ recubrimiento de cuchilla \/ recubrimiento de matriz de ranura \/ recubrimiento de micro huecograbado \uff08Puede personalizarse\uff09<\/td>\n<\/tr>\n<tr>\n<td width=\"14.6400%\">Anchura del revestimiento<\/td>\n<td width=\"85.3400%\">600-2500MM \uff08Puede personalizarse\uff09<\/td>\n<\/tr>\n<tr>\n<td width=\"14.6400%\">Di\u00e1metro de desenrollado<\/td>\n<td width=\"85.3400%\">600-1500MM \uff08Puede personalizarse\uff09<\/td>\n<\/tr>\n<tr>\n<td width=\"14.6400%\">Di\u00e1metro de bobinado<\/td>\n<td width=\"85.3400%\">600-1500MM \uff08Puede personalizarse\uff09<\/td>\n<\/tr>\n<tr>\n<td width=\"14.6400%\">Espesor del revestimiento<\/td>\n<td width=\"85.3400%\">2-300g\/metro cuadrado<\/td>\n<\/tr>\n<tr>\n<td width=\"14.6400%\">Velocidad de recubrimiento<\/td>\n<td width=\"85.3400%\">10-300m \/ min (dependiendo del material)<\/td>\n<\/tr>\n<tr>\n<td width=\"14.6400%\">M\u00e9todo de calentamiento<\/td>\n<td width=\"85.3400%\">Calefacci\u00f3n el\u00e9ctrica, de gas\u00f3leo y de gas natural<\/td>\n<\/tr>\n<\/tbody>\n<\/table>\n<p>&nbsp;<\/p>","protected":false},"excerpt":{"rendered":"<p>Machine Discription: The whole machine is controlled by 5 frequency conversion motor, and the tension of the whole machine (unwinding, coating, traction and winding) is automatically controlled by Western door PLC system. The reliability of the tension of the whole machine is improved through man-machine interface touch screen control and display. The discharge rack is [&hellip;]<\/p>","protected":false},"featured_media":3868,"comment_status":"open","ping_status":"closed","template":"","meta":{"site-sidebar-layout":"default","site-content-layout":"","ast-site-content-layout":"default","site-content-style":"default","site-sidebar-style":"default","ast-global-header-display":"","ast-banner-title-visibility":"","ast-main-header-display":"","ast-hfb-above-header-display":"","ast-hfb-below-header-display":"","ast-hfb-mobile-header-display":"","site-post-title":"","ast-breadcrumbs-content":"","ast-featured-img":"","footer-sml-layout":"","theme-transparent-header-meta":"default","adv-header-id-meta":"","stick-header-meta":"","header-above-stick-meta":"","header-main-stick-meta":"","header-below-stick-meta":"","astra-migrate-meta-layouts":"set","ast-page-background-enabled":"default","ast-page-background-meta":{"desktop":{"background-color":"","background-image":"","background-repeat":"repeat","background-position":"center center","background-size":"auto","background-attachment":"scroll","background-type":"","background-media":"","overlay-type":"","overlay-color":"","overlay-gradient":""},"tablet":{"background-color":"","background-image":"","background-repeat":"repeat","background-position":"center center","background-size":"auto","background-attachment":"scroll","background-type":"","background-media":"","overlay-type":"","overlay-color":"","overlay-gradient":""},"mobile":{"background-color":"","background-image":"","background-repeat":"repeat","background-position":"center center","background-size":"auto","background-attachment":"scroll","background-type":"","background-media":"","overlay-type":"","overlay-color":"","overlay-gradient":""}},"ast-content-background-meta":{"desktop":{"background-color":"var(--ast-global-color-5)","background-image":"","background-repeat":"repeat","background-position":"center center","background-size":"auto","background-attachment":"scroll","background-type":"","background-media":"","overlay-type":"","overlay-color":"","overlay-gradient":""},"tablet":{"background-color":"var(--ast-global-color-5)","background-image":"","background-repeat":"repeat","background-position":"center center","background-size":"auto","background-attachment":"scroll","background-type":"","background-media":"","overlay-type":"","overlay-color":"","overlay-gradient":""},"mobile":{"background-color":"var(--ast-global-color-5)","background-image":"","background-repeat":"repeat","background-position":"center center","background-size":"auto","background-attachment":"scroll","background-type":"","background-media":"","overlay-type":"","overlay-color":"","overlay-gradient":""}}},"product_cat":[201,199],"product_tag":[],"jetpack_sharing_enabled":true,"_links":{"self":[{"href":"https:\/\/wxplastmachine.com\/es\/wp-json\/wp\/v2\/product\/3867"}],"collection":[{"href":"https:\/\/wxplastmachine.com\/es\/wp-json\/wp\/v2\/product"}],"about":[{"href":"https:\/\/wxplastmachine.com\/es\/wp-json\/wp\/v2\/types\/product"}],"replies":[{"embeddable":true,"href":"https:\/\/wxplastmachine.com\/es\/wp-json\/wp\/v2\/comments?post=3867"}],"wp:featuredmedia":[{"embeddable":true,"href":"https:\/\/wxplastmachine.com\/es\/wp-json\/wp\/v2\/media\/3868"}],"wp:attachment":[{"href":"https:\/\/wxplastmachine.com\/es\/wp-json\/wp\/v2\/media?parent=3867"}],"wp:term":[{"taxonomy":"product_cat","embeddable":true,"href":"https:\/\/wxplastmachine.com\/es\/wp-json\/wp\/v2\/product_cat?post=3867"},{"taxonomy":"product_tag","embeddable":true,"href":"https:\/\/wxplastmachine.com\/es\/wp-json\/wp\/v2\/product_tag?post=3867"}],"curies":[{"name":"wp","href":"https:\/\/api.w.org\/{rel}","templated":true}]}}