{"id":2646,"date":"2024-07-16T10:27:08","date_gmt":"2024-07-16T02:27:08","guid":{"rendered":"https:\/\/wxplastmachine.com\/?post_type=product&#038;p=2646"},"modified":"2024-08-03T02:39:44","modified_gmt":"2024-08-02T18:39:44","slug":"wx-mn45-50-55-high-speed-500-600-800mm-mini-film-blowing-machine-plastic-packaging-film-machine","status":"publish","type":"product","link":"https:\/\/wxplastmachine.com\/fr\/produit\/wx-mn45-50-55-high-speed-500-600-800mm-mini-film-blowing-machine-plastic-packaging-film-machine","title":{"rendered":"WX-MN45\/50\/55 Mini-souffleuse de film \u00e0 haute vitesse 500\/600\/800mm Machine \u00e0 emballer les films plastiques"},"content":{"rendered":"<p><strong><b>Produit <\/b><\/strong><strong><b>I<\/b><\/strong><strong><b>nformation<\/b><\/strong><strong><b>\uff1a<\/b><\/strong><\/p>\n<p>Product Name\uff1a 500MM\/600MM\/800MM PE Mini Film Blowing Machine<\/p>\n<p>Mod\u00e8le\uff1a WX-MN45\/50\/55<br \/>\nLargeur du film\uff1a 100-800mm<\/p>\n<p>Epaisseur du film\uff1a 0.008-0.1mm<\/p>\n<p>&nbsp;<\/p>\n<p><strong><b>Introduction des produits\uff1a<\/b><\/strong><\/p>\n<p>Le moteur principal et l'unit\u00e9 de traction adoptent un inverseur pour ajuster la vitesse et \u00e9conomiser de l'\u00e9nergie. Le rouleau simple \u00e0 friction superficielle est utilis\u00e9 pour rendre le film plastique lisse, net et propre. Cette machine pr\u00e9sente de nombreux avantages, tels que l'am\u00e9lioration de l'efficacit\u00e9, l'\u00e9conomie des co\u00fbts et des investissements, l'\u00e9conomie des co\u00fbts de main-d'\u0153uvre et des terres, etc. Cette machine est utilis\u00e9e pour le soufflage de films plastiques tels que le LDPE, le HDPE et le LLDPE. Elle est largement utilis\u00e9e pour produire des sacs d'emballage pour les denr\u00e9es alimentaires, les v\u00eatements, les sacs \u00e0 ordures et les gilets.<\/p>\n<p>&nbsp;<\/p>\n<p>\u00c9quipement en option :<br \/>\n1). Chargement automatique<br \/>\n2). Compresseur d'air<br \/>\n3). Fili\u00e8re sp\u00e9ciale<br \/>\n4). Dispositif de rotation de la fili\u00e8re<br \/>\n5). Enrouleur double face<br \/>\n6). Haut et bas<\/p>\n<p>&nbsp;<\/p>\n<p><strong><b>Principaux param\u00e8tres techniques\uff1a<\/b><\/strong><\/p>\n<table>\n<tbody>\n<tr>\n<td width=\"91\">Mod\u00e8le<\/td>\n<td width=\"106\">WX-MN45<\/td>\n<td width=\"96\">WX-MN50<\/td>\n<td width=\"100\">WX-MN55<\/td>\n<\/tr>\n<tr>\n<td width=\"91\">Mat\u00e9riau adapt\u00e9<\/td>\n<td colspan=\"3\" width=\"302\">HDPE\/LDPE\/LLDPE<\/td>\n<\/tr>\n<tr>\n<td width=\"91\">Largeur du film<\/td>\n<td width=\"106\">100-500mm<\/td>\n<td width=\"96\">100-600mm<\/td>\n<td width=\"100\">300-800mm<\/td>\n<\/tr>\n<tr>\n<td width=\"91\">\u00c9paisseur du film<\/td>\n<td colspan=\"3\" width=\"302\">0,008-0,1 mm<\/td>\n<\/tr>\n<tr>\n<td width=\"91\">Sortie maximale<\/td>\n<td width=\"106\">40 kg<\/td>\n<td width=\"96\">45 kg<\/td>\n<td width=\"100\">60 kg<\/td>\n<\/tr>\n<tr>\n<td width=\"91\">Diam\u00e8tre de la vis<\/td>\n<td width=\"106\">45 mm<\/td>\n<td width=\"96\">50 mm<\/td>\n<td width=\"100\">55mm<\/td>\n<\/tr>\n<tr>\n<td width=\"91\">Vis L\/D<\/td>\n<td colspan=\"3\" width=\"302\">30:1<\/td>\n<\/tr>\n<tr>\n<td width=\"91\">Refroidissement des cylindres<\/td>\n<td colspan=\"3\" width=\"302\">250w*2<\/td>\n<\/tr>\n<tr>\n<td width=\"91\">Moteur principal<\/td>\n<td width=\"106\">11kw<\/td>\n<td width=\"96\">15kw<\/td>\n<td width=\"100\">18,5 kW<\/td>\n<\/tr>\n<tr>\n<td width=\"91\">Anneau d'air<\/td>\n<td width=\"106\">620mm<\/td>\n<td width=\"96\">780mm<\/td>\n<td width=\"100\">780mm<\/td>\n<\/tr>\n<tr>\n<td width=\"91\">Soufflerie d'air<\/td>\n<td width=\"106\">1,5 kW<\/td>\n<td width=\"96\">2,2 kW<\/td>\n<td width=\"100\">2,2 kW<\/td>\n<\/tr>\n<tr>\n<td width=\"91\">Largeur du rouleau<\/td>\n<td width=\"106\">600mm<\/td>\n<td width=\"96\">700mm<\/td>\n<td width=\"100\">900mm<\/td>\n<\/tr>\n<tr>\n<td width=\"91\">Taille de la machine<\/td>\n<td width=\"106\">2,6m*2,0m*3,9m<\/td>\n<td width=\"96\">2,8m*2,2m*3,9m<\/td>\n<td width=\"100\">2,8m*2,2m*3,9m<\/td>\n<\/tr>\n<tr>\n<td width=\"91\">Poids de la machine<\/td>\n<td width=\"106\">2000kg<\/td>\n<td width=\"96\">2200kg<\/td>\n<td width=\"100\">2500kg<\/td>\n<\/tr>\n<\/tbody>\n<\/table>\n<p>&nbsp;<\/p>\n<p><strong><b>FAQ :<\/b><\/strong><\/p>\n<p>1) Quelle est la garantie de vos produits ?<br \/>\nSi des pi\u00e8ces de la machine sont cass\u00e9es en raison d'un probl\u00e8me de qualit\u00e9 pendant la p\u00e9riode de garantie, nous vous enverrons une nouvelle pi\u00e8ce gratuitement (toute utilisation abusive ou destruction pr\u00e9m\u00e9dit\u00e9e n'est pas incluse dans la limitation de la garantie de qualit\u00e9).<\/p>\n<p>2. quelles sont vos conditions de paiement et de livraison ?<br \/>\nD\u00e9lai de paiement :<br \/>\n1) T\/T, 30% en pr\u00e9paiement, 70% avant la livraison<br \/>\n2) L\/C, 30% par T\/T ,70% par L\/C \u00e0 vue<br \/>\nD\u00e9lai de livraison : Le d\u00e9lai de livraison standard est de 30 \u00e0 40 jours ouvrables.<\/p>\n<p>3. quelle assistance technique pouvons-nous obtenir si nous commandons des machines ?<br \/>\nNous pouvons fournir des plans d'installation, des instructions d'utilisation de base, des explications sur le fonctionnement \u00e0 l'aide de vid\u00e9os et de photos, des appels vid\u00e9o en ligne pour l'assistance technique si n\u00e9cessaire.<\/p>","protected":false},"excerpt":{"rendered":"<p>Product Information\uff1a Product Name\uff1a 500MM\/600MM\/800MM PE Mini Film Blowing Machine Model\uff1a WX-MN45\/50\/55 Film Width\uff1a 100-800mm Film Thickness\uff1a 0.008-0.1mm &nbsp; Products Introduction\uff1a Main engine and traction unit adopts inverter to adjust speed and save energy. Surface friction single roller is used to make plastic film smooth and neat, and clean. This machine enjoys many advantages, such [&hellip;]<\/p>","protected":false},"featured_media":2956,"comment_status":"open","ping_status":"closed","template":"","meta":{"site-sidebar-layout":"default","site-content-layout":"","ast-site-content-layout":"default","site-content-style":"default","site-sidebar-style":"default","ast-global-header-display":"","ast-banner-title-visibility":"","ast-main-header-display":"","ast-hfb-above-header-display":"","ast-hfb-below-header-display":"","ast-hfb-mobile-header-display":"","site-post-title":"","ast-breadcrumbs-content":"","ast-featured-img":"","footer-sml-layout":"","theme-transparent-header-meta":"default","adv-header-id-meta":"","stick-header-meta":"","header-above-stick-meta":"","header-main-stick-meta":"","header-below-stick-meta":"","astra-migrate-meta-layouts":"set","ast-page-background-enabled":"default","ast-page-background-meta":{"desktop":{"background-color":"","background-image":"","background-repeat":"repeat","background-position":"center center","background-size":"auto","background-attachment":"scroll","background-type":"","background-media":"","overlay-type":"","overlay-color":"","overlay-gradient":""},"tablet":{"background-color":"","background-image":"","background-repeat":"repeat","background-position":"center center","background-size":"auto","background-attachment":"scroll","background-type":"","background-media":"","overlay-type":"","overlay-color":"","overlay-gradient":""},"mobile":{"background-color":"","background-image":"","background-repeat":"repeat","background-position":"center center","background-size":"auto","background-attachment":"scroll","background-type":"","background-media":"","overlay-type":"","overlay-color":"","overlay-gradient":""}},"ast-content-background-meta":{"desktop":{"background-color":"var(--ast-global-color-5)","background-image":"","background-repeat":"repeat","background-position":"center center","background-size":"auto","background-attachment":"scroll","background-type":"","background-media":"","overlay-type":"","overlay-color":"","overlay-gradient":""},"tablet":{"background-color":"var(--ast-global-color-5)","background-image":"","background-repeat":"repeat","background-position":"center center","background-size":"auto","background-attachment":"scroll","background-type":"","background-media":"","overlay-type":"","overlay-color":"","overlay-gradient":""},"mobile":{"background-color":"var(--ast-global-color-5)","background-image":"","background-repeat":"repeat","background-position":"center center","background-size":"auto","background-attachment":"scroll","background-type":"","background-media":"","overlay-type":"","overlay-color":"","overlay-gradient":""}}},"product_cat":[23,126,127],"product_tag":[],"jetpack_sharing_enabled":true,"_links":{"self":[{"href":"https:\/\/wxplastmachine.com\/fr\/wp-json\/wp\/v2\/product\/2646"}],"collection":[{"href":"https:\/\/wxplastmachine.com\/fr\/wp-json\/wp\/v2\/product"}],"about":[{"href":"https:\/\/wxplastmachine.com\/fr\/wp-json\/wp\/v2\/types\/product"}],"replies":[{"embeddable":true,"href":"https:\/\/wxplastmachine.com\/fr\/wp-json\/wp\/v2\/comments?post=2646"}],"wp:featuredmedia":[{"embeddable":true,"href":"https:\/\/wxplastmachine.com\/fr\/wp-json\/wp\/v2\/media\/2956"}],"wp:attachment":[{"href":"https:\/\/wxplastmachine.com\/fr\/wp-json\/wp\/v2\/media?parent=2646"}],"wp:term":[{"taxonomy":"product_cat","embeddable":true,"href":"https:\/\/wxplastmachine.com\/fr\/wp-json\/wp\/v2\/product_cat?post=2646"},{"taxonomy":"product_tag","embeddable":true,"href":"https:\/\/wxplastmachine.com\/fr\/wp-json\/wp\/v2\/product_tag?post=2646"}],"curies":[{"name":"wp","href":"https:\/\/api.w.org\/{rel}","templated":true}]}}