{"id":2653,"date":"2024-07-16T10:36:26","date_gmt":"2024-07-16T02:36:26","guid":{"rendered":"https:\/\/wxplastmachine.com\/?post_type=product&#038;p=2653"},"modified":"2024-08-03T00:18:04","modified_gmt":"2024-08-02T16:18:04","slug":"wx-sl75-100-110-120-pe-film-blowing-machine-plastic-packaging-film-machine","status":"publish","type":"product","link":"https:\/\/wxplastmachine.com\/fr\/produit\/wx-sl75-100-110-120-pe-film-blowing-machine-plastic-packaging-film-machine","title":{"rendered":"WX-SL75\/100\/110\/120 Machine \u00e0 souffler les films PE Machine \u00e0 fabriquer des films d'emballage en plastique"},"content":{"rendered":"<h2><strong><b>Description du produit<\/b><\/strong><strong><b>:<\/b><\/strong><\/h2>\n<p>WX-SL75\/100\/110\/120 PE film blowing machine<\/p>\n<p>Cette machine est utilis\u00e9e pour le soufflage de films HDPE LDPE LLDPE. Les produits sont largement utilis\u00e9s dans les films compos\u00e9s, les films d'emballage, les films agricoles, etc. La machine utilise une \u00e9tag\u00e8re robuste pour assurer la stabilit\u00e9 du soufflage du film pendant le fonctionnement.<br \/>\nLa t\u00eate de fili\u00e8re rotative et le double anneau d'air permettent d'obtenir une \u00e9paisseur de bulle stable et r\u00e9guli\u00e8re.<\/p>\n<p><strong><b>Principaux param\u00e8tres techniques\uff1a<\/b><\/strong><\/p>\n<table>\n<tbody>\n<tr>\n<td width=\"89\">Mod\u00e8le<\/td>\n<td width=\"87\">WX-SL75<\/td>\n<td width=\"86\">WX-SL100<\/td>\n<td width=\"81\">WX-SL110<\/td>\n<td width=\"77\">WX-SL120<\/td>\n<\/tr>\n<tr>\n<td width=\"89\">Mati\u00e8res premi\u00e8res<\/td>\n<td colspan=\"4\" width=\"332\">HDPE\/LDPE\/LLDPE<\/td>\n<\/tr>\n<tr>\n<td width=\"89\">Largeur du film<\/td>\n<td width=\"87\">800-1500mm<\/td>\n<td width=\"86\">1000-2000mm<\/td>\n<td width=\"81\">1500-2500mm<\/td>\n<td width=\"77\">2000-3000mm<\/td>\n<\/tr>\n<tr>\n<td width=\"89\">\u00c9paisseur du film<\/td>\n<td colspan=\"4\" width=\"332\">0,01-0,1 mm<\/td>\n<\/tr>\n<tr>\n<td width=\"89\">Capacit\u00e9 maximale<\/td>\n<td width=\"87\">100kg\/h<\/td>\n<td width=\"86\">150kg\/h<\/td>\n<td width=\"81\">200kg\/h<\/td>\n<td width=\"77\">250kg\/h<\/td>\n<\/tr>\n<tr>\n<td width=\"89\">Diam\u00e8tre de la vis<\/td>\n<td width=\"87\">75 mm<\/td>\n<td width=\"86\">100mm<\/td>\n<td width=\"81\">110 mm<\/td>\n<td width=\"77\">120 mm<\/td>\n<\/tr>\n<tr>\n<td width=\"89\">Moteur principal<\/td>\n<td width=\"87\">37kw<\/td>\n<td width=\"86\">55kw<\/td>\n<td width=\"81\">75kw<\/td>\n<td width=\"77\">90kw<\/td>\n<\/tr>\n<tr>\n<td width=\"89\">Bo\u00eete de vitesses<\/td>\n<td width=\"87\">#200<\/td>\n<td width=\"86\">#225<\/td>\n<td width=\"81\">#250<\/td>\n<td width=\"77\">#280<\/td>\n<\/tr>\n<tr>\n<td width=\"89\">Diam\u00e8tre de la t\u00eate de fili\u00e8re<\/td>\n<td width=\"87\">350 mm<\/td>\n<td width=\"86\">500mm<\/td>\n<td width=\"81\">600mm<\/td>\n<td width=\"77\">800mm<\/td>\n<\/tr>\n<tr>\n<td width=\"89\">Soufflerie d'air<\/td>\n<td width=\"87\">5,5 kW<\/td>\n<td width=\"86\">7,5 kW<\/td>\n<td width=\"81\">11kw<\/td>\n<td width=\"77\">15kw<\/td>\n<\/tr>\n<tr>\n<td width=\"89\">Taille de la machine<\/td>\n<td width=\"87\">7.0m*3.2m*6.4m<\/td>\n<td width=\"86\">8.0m*3.8m*8.6m<\/td>\n<td width=\"81\">9.0m*4.5m*11m<\/td>\n<td width=\"77\">11m*5.5m*12m<\/td>\n<\/tr>\n<tr>\n<td width=\"89\">Poids de la machine<\/td>\n<td width=\"87\">3,5 tonnes<\/td>\n<td width=\"86\">5ton<\/td>\n<td width=\"81\">6,5 tonnes<\/td>\n<td width=\"77\">8ton<\/td>\n<\/tr>\n<\/tbody>\n<\/table>\n<p>&nbsp;<\/p>\n<p><strong><b>FAQ :<\/b><\/strong><\/p>\n<p>1) Quelle est la garantie de vos produits ?<br \/>\nSi des pi\u00e8ces de la machine sont cass\u00e9es en raison d'un probl\u00e8me de qualit\u00e9 pendant la p\u00e9riode de garantie, nous vous enverrons une nouvelle pi\u00e8ce gratuitement (toute utilisation abusive ou destruction pr\u00e9m\u00e9dit\u00e9e n'est pas incluse dans la limitation de la garantie de qualit\u00e9).<\/p>\n<p>2. quelles sont vos conditions de paiement et de livraison ?<br \/>\nD\u00e9lai de paiement :<br \/>\n1) T\/T, 30% en pr\u00e9paiement, 70% avant la livraison<br \/>\n2) L\/C, 30% par T\/T ,70% par L\/C \u00e0 vue<br \/>\nD\u00e9lai de livraison : Le d\u00e9lai de livraison standard est de 30 \u00e0 40 jours ouvrables.<\/p>\n<p>3. quelle assistance technique pouvons-nous obtenir si nous commandons des machines ?<br \/>\nNous pouvons fournir des plans d'installation, des instructions d'utilisation de base, des explications sur le fonctionnement \u00e0 l'aide de vid\u00e9os et de photos, des appels vid\u00e9o en ligne pour l'assistance technique si n\u00e9cessaire.<\/p>","protected":false},"excerpt":{"rendered":"<p>Product Description: WX-SL75\/100\/110\/120 PE film blowing machine This machine is used for blowing HDPE LDPE LLDPE film. Products are widely used in compound film, packaging film, agricultural film\u00a0and\u00a0etc. Machine uses a sturdy shelf to ensure stable blowing of the film when running. Rotating die head &amp; double air ring design can make the thickness of [&hellip;]<\/p>","protected":false},"featured_media":2940,"comment_status":"open","ping_status":"closed","template":"","meta":{"site-sidebar-layout":"default","site-content-layout":"","ast-site-content-layout":"default","site-content-style":"default","site-sidebar-style":"default","ast-global-header-display":"","ast-banner-title-visibility":"","ast-main-header-display":"","ast-hfb-above-header-display":"","ast-hfb-below-header-display":"","ast-hfb-mobile-header-display":"","site-post-title":"","ast-breadcrumbs-content":"","ast-featured-img":"","footer-sml-layout":"","theme-transparent-header-meta":"default","adv-header-id-meta":"","stick-header-meta":"","header-above-stick-meta":"","header-main-stick-meta":"","header-below-stick-meta":"","astra-migrate-meta-layouts":"set","ast-page-background-enabled":"default","ast-page-background-meta":{"desktop":{"background-color":"","background-image":"","background-repeat":"repeat","background-position":"center center","background-size":"auto","background-attachment":"scroll","background-type":"","background-media":"","overlay-type":"","overlay-color":"","overlay-gradient":""},"tablet":{"background-color":"","background-image":"","background-repeat":"repeat","background-position":"center center","background-size":"auto","background-attachment":"scroll","background-type":"","background-media":"","overlay-type":"","overlay-color":"","overlay-gradient":""},"mobile":{"background-color":"","background-image":"","background-repeat":"repeat","background-position":"center center","background-size":"auto","background-attachment":"scroll","background-type":"","background-media":"","overlay-type":"","overlay-color":"","overlay-gradient":""}},"ast-content-background-meta":{"desktop":{"background-color":"var(--ast-global-color-5)","background-image":"","background-repeat":"repeat","background-position":"center center","background-size":"auto","background-attachment":"scroll","background-type":"","background-media":"","overlay-type":"","overlay-color":"","overlay-gradient":""},"tablet":{"background-color":"var(--ast-global-color-5)","background-image":"","background-repeat":"repeat","background-position":"center center","background-size":"auto","background-attachment":"scroll","background-type":"","background-media":"","overlay-type":"","overlay-color":"","overlay-gradient":""},"mobile":{"background-color":"var(--ast-global-color-5)","background-image":"","background-repeat":"repeat","background-position":"center center","background-size":"auto","background-attachment":"scroll","background-type":"","background-media":"","overlay-type":"","overlay-color":"","overlay-gradient":""}}},"product_cat":[23,126,128],"product_tag":[],"jetpack_sharing_enabled":true,"_links":{"self":[{"href":"https:\/\/wxplastmachine.com\/fr\/wp-json\/wp\/v2\/product\/2653"}],"collection":[{"href":"https:\/\/wxplastmachine.com\/fr\/wp-json\/wp\/v2\/product"}],"about":[{"href":"https:\/\/wxplastmachine.com\/fr\/wp-json\/wp\/v2\/types\/product"}],"replies":[{"embeddable":true,"href":"https:\/\/wxplastmachine.com\/fr\/wp-json\/wp\/v2\/comments?post=2653"}],"wp:featuredmedia":[{"embeddable":true,"href":"https:\/\/wxplastmachine.com\/fr\/wp-json\/wp\/v2\/media\/2940"}],"wp:attachment":[{"href":"https:\/\/wxplastmachine.com\/fr\/wp-json\/wp\/v2\/media?parent=2653"}],"wp:term":[{"taxonomy":"product_cat","embeddable":true,"href":"https:\/\/wxplastmachine.com\/fr\/wp-json\/wp\/v2\/product_cat?post=2653"},{"taxonomy":"product_tag","embeddable":true,"href":"https:\/\/wxplastmachine.com\/fr\/wp-json\/wp\/v2\/product_tag?post=2653"}],"curies":[{"name":"wp","href":"https:\/\/api.w.org\/{rel}","templated":true}]}}