{"id":2662,"date":"2024-07-16T10:45:52","date_gmt":"2024-07-16T02:45:52","guid":{"rendered":"https:\/\/wxplastmachine.com\/?post_type=product&#038;p=2662"},"modified":"2024-08-03T02:56:00","modified_gmt":"2024-08-02T18:56:00","slug":"two-layer-co-extrusion-courier-express-bag-film-blowing-machine","status":"publish","type":"product","link":"https:\/\/wxplastmachine.com\/fr\/produit\/two-layer-co-extrusion-courier-express-bag-film-blowing-machine","title":{"rendered":"Machine de soufflage de film de sac de messagerie\/express \u00e0 coextrusion bicouche"},"content":{"rendered":"<h5><strong><b>Description du produit :<\/b><\/strong><\/h5>\n<h5>Two layer rotary die head DHL UPS Fedex Express Bag Courier Bag Film Blowing Extrusion Machine<\/h5>\n<p>La ligne de production des machines de coextrusion-soufflage \u00e0 deux couches AB produites par notre soci\u00e9t\u00e9 est adapt\u00e9e au soufflage du poly\u00e9thyl\u00e8ne haute densit\u00e9, du poly\u00e9thyl\u00e8ne basse densit\u00e9 et du poly\u00e9thyl\u00e8ne basse densit\u00e9 lin\u00e9aire. Les produits sont largement utilis\u00e9s dans les films de paillage, les films agricoles et les films d'emballage souples.<\/p>\n<p><strong><b>\u00a0<\/b><\/strong><\/p>\n<p><strong><b>Principaux param\u00e8tres techniques :<\/b><\/strong><\/p>\n<table>\n<tbody>\n<tr>\n<td width=\"151\">Mod\u00e8le<\/td>\n<td width=\"91\">WX-AB50\/800<\/td>\n<td width=\"87\">WX-AB55\/1000<\/td>\n<td width=\"87\">WX-AB60\/1200<\/td>\n<\/tr>\n<tr>\n<td width=\"151\">Diam\u00e8tre de la vis<\/td>\n<td width=\"91\">50\u00d7 2<\/td>\n<td width=\"87\">55\u00d7 2<\/td>\n<td width=\"87\">60\u00d7 2<\/td>\n<\/tr>\n<tr>\n<td width=\"151\">L\/D<\/td>\n<td width=\"91\">28: 1<\/td>\n<td width=\"87\">28: 1<\/td>\n<td width=\"87\">28: 1<\/td>\n<\/tr>\n<tr>\n<td width=\"151\">Diam\u00e8tre r\u00e9duit du film (mm)<\/td>\n<td width=\"91\">800<\/td>\n<td width=\"87\">1000<\/td>\n<td width=\"87\">1200<\/td>\n<\/tr>\n<tr>\n<td width=\"151\">Simple face \u00c9paisseur du film (mm)<\/td>\n<td width=\"91\">0.015-0.10<\/td>\n<td width=\"87\">0.015-0.10<\/td>\n<td width=\"87\">0.015-0.10<\/td>\n<\/tr>\n<tr>\n<td width=\"151\">Production max. Production (kg\/h)<\/td>\n<td width=\"91\">40<\/td>\n<td width=\"87\">65<\/td>\n<td width=\"87\">80<\/td>\n<\/tr>\n<tr>\n<td width=\"151\">Puissance du moteur principal (kw)<\/td>\n<td width=\"91\">11\u00d7 2<\/td>\n<td width=\"87\">15\u00d7 2<\/td>\n<td width=\"87\">18.5\u00d7 2<\/td>\n<\/tr>\n<tr>\n<td width=\"151\">Puissance de chauffage (kw)<\/td>\n<td width=\"91\">26<\/td>\n<td width=\"87\">30<\/td>\n<td width=\"87\">42<\/td>\n<\/tr>\n<tr>\n<td width=\"151\">Diam\u00e8tre ext\u00e9rieur (L\u00d7 L\u00d7 H) (mm)<\/td>\n<td width=\"91\">4200\u00d7 2200\u00d7 4000<\/td>\n<td width=\"87\">4600\u00d7 2400\u00d7 4600<\/td>\n<td width=\"87\">5000\u00d7 2800\u00d7 5000<\/td>\n<\/tr>\n<tr>\n<td width=\"151\">Poids (T)<\/td>\n<td width=\"91\">4<\/td>\n<td width=\"87\">5<\/td>\n<td width=\"87\">6<\/td>\n<\/tr>\n<\/tbody>\n<\/table>\n<p>&nbsp;<\/p>\n<p><strong><b>FAQ :<\/b><\/strong><\/p>\n<p>1) Quelle est la garantie de vos produits ?<br \/>\nSi des pi\u00e8ces de la machine sont cass\u00e9es en raison d'un probl\u00e8me de qualit\u00e9 pendant la p\u00e9riode de garantie, nous vous enverrons une nouvelle pi\u00e8ce gratuitement (toute utilisation abusive ou destruction pr\u00e9m\u00e9dit\u00e9e n'est pas incluse dans la limitation de la garantie de qualit\u00e9).<\/p>\n<p>2. quelles sont vos conditions de paiement et de livraison ?<br \/>\nD\u00e9lai de paiement :<br \/>\n1) T\/T, 30% en pr\u00e9paiement, 70% avant la livraison<br \/>\n2) L\/C, 30% par T\/T ,70% par L\/C \u00e0 vue<br \/>\nD\u00e9lai de livraison : Le d\u00e9lai de livraison standard est de 30 \u00e0 40 jours ouvrables.<\/p>\n<p>3. quelle assistance technique pouvons-nous obtenir si nous commandons des machines ?<br \/>\nNous pouvons fournir des plans d'installation, des instructions d'utilisation de base, des explications sur le fonctionnement \u00e0 l'aide de vid\u00e9os et de photos, des appels vid\u00e9o en ligne pour l'assistance technique si n\u00e9cessaire.<\/p>","protected":false},"excerpt":{"rendered":"<p>Product Description: Two layer rotary die head DHL UPS Fedex Express Bag Courier Bag Film Blowing Extrusion Machine The\u00a0production line of AB two-layer co-extrusion blown film machines produced by our company is suitable for blowing high-density polyethylene, low-density polyethylene and linear low-density polyethylene. The products are widely used in Mulch film,agricultural film, flexible packaging film. [&hellip;]<\/p>","protected":false},"featured_media":2907,"comment_status":"open","ping_status":"closed","template":"","meta":{"site-sidebar-layout":"default","site-content-layout":"","ast-site-content-layout":"default","site-content-style":"default","site-sidebar-style":"default","ast-global-header-display":"","ast-banner-title-visibility":"","ast-main-header-display":"","ast-hfb-above-header-display":"","ast-hfb-below-header-display":"","ast-hfb-mobile-header-display":"","site-post-title":"","ast-breadcrumbs-content":"","ast-featured-img":"","footer-sml-layout":"","theme-transparent-header-meta":"default","adv-header-id-meta":"","stick-header-meta":"","header-above-stick-meta":"","header-main-stick-meta":"","header-below-stick-meta":"","astra-migrate-meta-layouts":"set","ast-page-background-enabled":"default","ast-page-background-meta":{"desktop":{"background-color":"","background-image":"","background-repeat":"repeat","background-position":"center center","background-size":"auto","background-attachment":"scroll","background-type":"","background-media":"","overlay-type":"","overlay-color":"","overlay-gradient":""},"tablet":{"background-color":"","background-image":"","background-repeat":"repeat","background-position":"center center","background-size":"auto","background-attachment":"scroll","background-type":"","background-media":"","overlay-type":"","overlay-color":"","overlay-gradient":""},"mobile":{"background-color":"","background-image":"","background-repeat":"repeat","background-position":"center center","background-size":"auto","background-attachment":"scroll","background-type":"","background-media":"","overlay-type":"","overlay-color":"","overlay-gradient":""}},"ast-content-background-meta":{"desktop":{"background-color":"var(--ast-global-color-5)","background-image":"","background-repeat":"repeat","background-position":"center center","background-size":"auto","background-attachment":"scroll","background-type":"","background-media":"","overlay-type":"","overlay-color":"","overlay-gradient":""},"tablet":{"background-color":"var(--ast-global-color-5)","background-image":"","background-repeat":"repeat","background-position":"center center","background-size":"auto","background-attachment":"scroll","background-type":"","background-media":"","overlay-type":"","overlay-color":"","overlay-gradient":""},"mobile":{"background-color":"var(--ast-global-color-5)","background-image":"","background-repeat":"repeat","background-position":"center center","background-size":"auto","background-attachment":"scroll","background-type":"","background-media":"","overlay-type":"","overlay-color":"","overlay-gradient":""}}},"product_cat":[23,126,129],"product_tag":[],"jetpack_sharing_enabled":true,"_links":{"self":[{"href":"https:\/\/wxplastmachine.com\/fr\/wp-json\/wp\/v2\/product\/2662"}],"collection":[{"href":"https:\/\/wxplastmachine.com\/fr\/wp-json\/wp\/v2\/product"}],"about":[{"href":"https:\/\/wxplastmachine.com\/fr\/wp-json\/wp\/v2\/types\/product"}],"replies":[{"embeddable":true,"href":"https:\/\/wxplastmachine.com\/fr\/wp-json\/wp\/v2\/comments?post=2662"}],"wp:featuredmedia":[{"embeddable":true,"href":"https:\/\/wxplastmachine.com\/fr\/wp-json\/wp\/v2\/media\/2907"}],"wp:attachment":[{"href":"https:\/\/wxplastmachine.com\/fr\/wp-json\/wp\/v2\/media?parent=2662"}],"wp:term":[{"taxonomy":"product_cat","embeddable":true,"href":"https:\/\/wxplastmachine.com\/fr\/wp-json\/wp\/v2\/product_cat?post=2662"},{"taxonomy":"product_tag","embeddable":true,"href":"https:\/\/wxplastmachine.com\/fr\/wp-json\/wp\/v2\/product_tag?post=2662"}],"curies":[{"name":"wp","href":"https:\/\/api.w.org\/{rel}","templated":true}]}}