{"id":2675,"date":"2024-07-16T10:57:26","date_gmt":"2024-07-16T02:57:26","guid":{"rendered":"https:\/\/wxplastmachine.com\/?post_type=product&#038;p=2675"},"modified":"2024-08-01T15:18:49","modified_gmt":"2024-08-01T07:18:49","slug":"1400mm-abc-three-layers-co-extrusion-film-blowing-machine","status":"publish","type":"product","link":"https:\/\/wxplastmachine.com\/fr\/produit\/1400mm-abc-three-layers-co-extrusion-film-blowing-machine","title":{"rendered":"Machine de soufflage de film de coextrusion \u00e0 trois couches ABC 1400mm"},"content":{"rendered":"<p><strong><b>Applications :<\/b><\/strong><strong><b>\u00a0<\/b><\/strong><\/p>\n<h3><strong><b>Vitesse \u00e9lev\u00e9e<\/b><\/strong><strong><b>\u00a0<\/b><\/strong><strong><b>ABC 3 couches <\/b><\/strong><strong><b>1400mm <\/b><\/strong><strong><b>extrudeuse EVA LDPE LLDPE machine \u00e0 souffler les films<\/b><\/strong><\/h3>\n<p>Cette machine est plus intelligente et plus facile \u00e0 utiliser. La compression du segment \u00e0 vis convient mieux au recyclage, ce qui permet de r\u00e9duire les co\u00fbts de production. Le moule est un centre d'usinage \u00e0 quatre axes, un traitement de formage, la luminosit\u00e9 du film peut r\u00e9pondre \u00e0 la demande des diff\u00e9rents march\u00e9s. 2 Cette machine \u00e0 souffler les films plastiques utilise principalement le LDPE, le LLDPE, l'EVA, le LLDPE, etc. comme mati\u00e8res premi\u00e8res pour produire des films agricoles compos\u00e9s \u00e0 3 couches, des films industriels, des films plastiques, des films de construction, des films d'emballage composites, des films d'emballage d'ensilage, etc.<\/p>\n<p>&nbsp;<\/p>\n<p><strong><b>Principaux param\u00e8tres techniques :<\/b><\/strong><\/p>\n<table>\n<tbody>\n<tr>\n<td width=\"92\">Mod\u00e8le<\/td>\n<td width=\"89\">WX-ABC1200<\/td>\n<td width=\"105\">WX-ABC1400<\/td>\n<td width=\"113\">WX-ABC1600\/1800<\/td>\n<td width=\"78\">WX-ABC2200<\/td>\n<\/tr>\n<tr>\n<td width=\"92\">Largeur du film<\/td>\n<td width=\"89\">600-1000mm<\/td>\n<td width=\"105\">600-1200mm<\/td>\n<td width=\"113\">800-1400\/1000-1600mm<\/td>\n<td width=\"78\">1400-2000mm<\/td>\n<\/tr>\n<tr>\n<td width=\"92\">\u00c9paisseur du film<\/td>\n<td colspan=\"4\" width=\"386\">0,02-0,2 mm<\/td>\n<\/tr>\n<tr>\n<td width=\"92\">Sortie<\/td>\n<td width=\"89\">160kg\/h<\/td>\n<td width=\"105\">250kg\/h<\/td>\n<td width=\"113\">300kg\/h<\/td>\n<td width=\"78\">380kg\/h<\/td>\n<\/tr>\n<tr>\n<td width=\"92\"><\/td>\n<td colspan=\"4\" width=\"386\">En fonction de la largeur, de l'\u00e9paisseur du film, de la taille de la matrice et des caract\u00e9ristiques de la mati\u00e8re premi\u00e8re.<\/td>\n<\/tr>\n<tr>\n<td width=\"92\">Mati\u00e8res premi\u00e8res<\/td>\n<td colspan=\"4\" width=\"386\">HDPE\/LDPE\/LLDPE\/MDPE\/EVA<\/td>\n<\/tr>\n<tr>\n<td width=\"92\">Diam\u00e8tre de la vis<\/td>\n<td width=\"89\">\u03a645\/50\/45<\/td>\n<td width=\"105\">\u03a650\/55\/50<\/td>\n<td width=\"113\">\u03a655\/65\/55<\/td>\n<td width=\"78\">\u03a665\/75\/65<\/td>\n<\/tr>\n<tr>\n<td width=\"92\">Rapport L\/D de la vis<\/td>\n<td colspan=\"4\" width=\"386\">32:1 (avec alimentation forc\u00e9e)<\/td>\n<\/tr>\n<tr>\n<td width=\"92\">Bo\u00eete de vitesses<\/td>\n<td width=\"89\">146# 173# 146#<\/td>\n<td width=\"105\">173# 180# 173#<\/td>\n<td width=\"113\">200# 225 200#<\/td>\n<td width=\"78\">225# 250# 225#<\/td>\n<\/tr>\n<tr>\n<td width=\"92\">Moteur principal<\/td>\n<td width=\"89\">15kw\/18.5kw\/15kw<\/td>\n<td width=\"105\">18,5kw\/30kw\/18,5kw<\/td>\n<td width=\"113\">37kw\/45kw37kw<\/td>\n<td width=\"78\">45kw\/55kw\/45kw<\/td>\n<\/tr>\n<tr>\n<td width=\"92\">Diam\u00e8tre de la matrice<\/td>\n<td width=\"89\">\u03a6250mm<\/td>\n<td width=\"105\">\u03a6300mm<\/td>\n<td width=\"113\">\u03a6350mm\/400mm<\/td>\n<td width=\"78\">\u03a6500mm<\/td>\n<\/tr>\n<\/tbody>\n<\/table>\n<p>&nbsp;<\/p>\n<p><strong><b>FAQ :<\/b><\/strong><\/p>\n<p>1) Quelle est la garantie de vos produits ?<br \/>\nSi des pi\u00e8ces de la machine sont cass\u00e9es en raison d'un probl\u00e8me de qualit\u00e9 pendant la p\u00e9riode de garantie, nous vous enverrons une nouvelle pi\u00e8ce gratuitement (toute utilisation abusive ou destruction pr\u00e9m\u00e9dit\u00e9e n'est pas incluse dans la limitation de la garantie de qualit\u00e9).<\/p>\n<p>2. quelles sont vos conditions de paiement et de livraison ?<br \/>\nD\u00e9lai de paiement :<br \/>\n1) T\/T, 30% en pr\u00e9paiement, 70% avant la livraison<br \/>\n2) L\/C, 30% par T\/T ,70% par L\/C \u00e0 vue<br \/>\nD\u00e9lai de livraison : Le d\u00e9lai de livraison standard est de 30 \u00e0 40 jours ouvrables.<\/p>\n<p>3. quelle assistance technique pouvons-nous obtenir si nous commandons des machines ?<br \/>\nNous pouvons fournir des plans d'installation, des instructions d'utilisation de base, des explications sur le fonctionnement \u00e0 l'aide de vid\u00e9os et de photos, des appels vid\u00e9o en ligne pour l'assistance technique si n\u00e9cessaire.<\/p>","protected":false},"excerpt":{"rendered":"<p>Applications:\u00a0 High speed\u00a0ABC 3 layers 1400mm extruder EVA LDPE LLDPE film blowing machine This machine is more intelligent,and more easier to operate. The whole machine is PLC control.Screw segment compression, more suitable for recycling, so as to save production costs. The mold is a four-axis machining center one processing forming, the brightness of the film [&hellip;]<\/p>","protected":false},"featured_media":2883,"comment_status":"open","ping_status":"closed","template":"","meta":{"site-sidebar-layout":"default","site-content-layout":"","ast-site-content-layout":"default","site-content-style":"default","site-sidebar-style":"default","ast-global-header-display":"","ast-banner-title-visibility":"","ast-main-header-display":"","ast-hfb-above-header-display":"","ast-hfb-below-header-display":"","ast-hfb-mobile-header-display":"","site-post-title":"","ast-breadcrumbs-content":"","ast-featured-img":"","footer-sml-layout":"","theme-transparent-header-meta":"default","adv-header-id-meta":"","stick-header-meta":"","header-above-stick-meta":"","header-main-stick-meta":"","header-below-stick-meta":"","astra-migrate-meta-layouts":"set","ast-page-background-enabled":"default","ast-page-background-meta":{"desktop":{"background-color":"","background-image":"","background-repeat":"repeat","background-position":"center center","background-size":"auto","background-attachment":"scroll","background-type":"","background-media":"","overlay-type":"","overlay-color":"","overlay-gradient":""},"tablet":{"background-color":"","background-image":"","background-repeat":"repeat","background-position":"center center","background-size":"auto","background-attachment":"scroll","background-type":"","background-media":"","overlay-type":"","overlay-color":"","overlay-gradient":""},"mobile":{"background-color":"","background-image":"","background-repeat":"repeat","background-position":"center center","background-size":"auto","background-attachment":"scroll","background-type":"","background-media":"","overlay-type":"","overlay-color":"","overlay-gradient":""}},"ast-content-background-meta":{"desktop":{"background-color":"var(--ast-global-color-5)","background-image":"","background-repeat":"repeat","background-position":"center center","background-size":"auto","background-attachment":"scroll","background-type":"","background-media":"","overlay-type":"","overlay-color":"","overlay-gradient":""},"tablet":{"background-color":"var(--ast-global-color-5)","background-image":"","background-repeat":"repeat","background-position":"center center","background-size":"auto","background-attachment":"scroll","background-type":"","background-media":"","overlay-type":"","overlay-color":"","overlay-gradient":""},"mobile":{"background-color":"var(--ast-global-color-5)","background-image":"","background-repeat":"repeat","background-position":"center center","background-size":"auto","background-attachment":"scroll","background-type":"","background-media":"","overlay-type":"","overlay-color":"","overlay-gradient":""}}},"product_cat":[23,126,131],"product_tag":[],"jetpack_sharing_enabled":true,"_links":{"self":[{"href":"https:\/\/wxplastmachine.com\/fr\/wp-json\/wp\/v2\/product\/2675"}],"collection":[{"href":"https:\/\/wxplastmachine.com\/fr\/wp-json\/wp\/v2\/product"}],"about":[{"href":"https:\/\/wxplastmachine.com\/fr\/wp-json\/wp\/v2\/types\/product"}],"replies":[{"embeddable":true,"href":"https:\/\/wxplastmachine.com\/fr\/wp-json\/wp\/v2\/comments?post=2675"}],"wp:featuredmedia":[{"embeddable":true,"href":"https:\/\/wxplastmachine.com\/fr\/wp-json\/wp\/v2\/media\/2883"}],"wp:attachment":[{"href":"https:\/\/wxplastmachine.com\/fr\/wp-json\/wp\/v2\/media?parent=2675"}],"wp:term":[{"taxonomy":"product_cat","embeddable":true,"href":"https:\/\/wxplastmachine.com\/fr\/wp-json\/wp\/v2\/product_cat?post=2675"},{"taxonomy":"product_tag","embeddable":true,"href":"https:\/\/wxplastmachine.com\/fr\/wp-json\/wp\/v2\/product_tag?post=2675"}],"curies":[{"name":"wp","href":"https:\/\/api.w.org\/{rel}","templated":true}]}}