{"id":2682,"date":"2024-07-16T11:06:08","date_gmt":"2024-07-16T03:06:08","guid":{"rendered":"https:\/\/wxplastmachine.com\/?post_type=product&#038;p=2682"},"modified":"2024-08-01T00:33:35","modified_gmt":"2024-07-31T16:33:35","slug":"3-layers-abc-co-extrusion-pe-1500mm-self-adhesive-protective-film-blowing-machine","status":"publish","type":"product","link":"https:\/\/wxplastmachine.com\/fr\/produit\/3-layers-abc-co-extrusion-pe-1500mm-self-adhesive-protective-film-blowing-machine","title":{"rendered":"Machine de soufflage de film protecteur auto-adh\u00e9sif 3 couches ABC Co-extrusion PE 1500mm"},"content":{"rendered":"<p><strong><b>Principaux param\u00e8tres techniques :<\/b><\/strong><\/p>\n<table>\n<tbody>\n<tr>\n<td width=\"77\">Mod\u00e8le<\/td>\n<td width=\"269\">WX-SA-1500<\/td>\n<\/tr>\n<tr>\n<td width=\"77\">Couleur<\/td>\n<td width=\"269\">Blanc\/ Bleu<\/td>\n<\/tr>\n<tr>\n<td width=\"77\">Largeur<\/td>\n<td width=\"269\">1500mm<\/td>\n<\/tr>\n<tr>\n<td width=\"77\">\u00c9paisseur<\/td>\n<td width=\"269\">0,03-0,15 mm<\/td>\n<\/tr>\n<tr>\n<td width=\"77\">Sortie<\/td>\n<td width=\"269\">260kg\/h<\/td>\n<\/tr>\n<tr>\n<td width=\"77\">Extrudeuse<\/td>\n<td width=\"269\">Diam\u00e8tre de la vis : 60mm*2 65mm<\/td>\n<\/tr>\n<tr>\n<td width=\"77\">Rapport L\/D de la vis<\/td>\n<td width=\"269\">30:1<\/td>\n<\/tr>\n<tr>\n<td width=\"77\">Puissance du moteur principal<\/td>\n<td width=\"269\">30KW*2 45kw<\/td>\n<\/tr>\n<tr>\n<td width=\"77\">Changeur d'\u00e9cran<\/td>\n<td width=\"269\">Changement rapide de l'\u00e9cran \u00e0 deux stations sans d\u00e9montage<\/td>\n<\/tr>\n<tr>\n<td width=\"77\">Mourir<\/td>\n<td width=\"269\">400mm<\/td>\n<\/tr>\n<tr>\n<td width=\"77\">Correspondance<\/td>\n<td width=\"269\">Syst\u00e8me de refroidissement interne, dispositif de rotation de la traction sup\u00e9rieure, dispositif d'alimentation \u00e0 perte de poids, dispositif de mesure de l'\u00e9paisseur, anneau d'air automatique.<\/td>\n<\/tr>\n<tr>\n<td width=\"77\">Dimensions de la machine<\/td>\n<td width=\"269\">12000*6000*10500mm<\/td>\n<\/tr>\n<\/tbody>\n<\/table>\n<p>&nbsp;<\/p>\n<p><strong><b>FAQ :<\/b><\/strong><\/p>\n<p>1) Quelle est la garantie de vos produits ?<br \/>\nSi des pi\u00e8ces de la machine sont cass\u00e9es en raison d'un probl\u00e8me de qualit\u00e9 pendant la p\u00e9riode de garantie, nous vous enverrons une nouvelle pi\u00e8ce gratuitement (toute utilisation abusive ou destruction pr\u00e9m\u00e9dit\u00e9e n'est pas incluse dans la limitation de la garantie de qualit\u00e9).<\/p>\n<p>2. quelles sont vos conditions de paiement et de livraison ?<br \/>\nD\u00e9lai de paiement :<br \/>\n1) T\/T, 30% en pr\u00e9paiement, 70% avant la livraison<br \/>\n2) L\/C, 30% par T\/T ,70% par L\/C \u00e0 vue<\/p>\n<p>D\u00e9lai de livraison : Le d\u00e9lai de livraison standard est de 30 \u00e0 40 jours ouvrables.<\/p>\n<p>3. quelle assistance technique pouvons-nous obtenir si nous commandons des machines ?<br \/>\nNous pouvons fournir des plans d'installation, des instructions d'utilisation de base, des explications sur le fonctionnement \u00e0 l'aide de vid\u00e9os et de photos, des appels vid\u00e9o en ligne pour l'assistance technique si n\u00e9cessaire.<\/p>","protected":false},"excerpt":{"rendered":"<p>Main Technical Parameters: Model WX-SA-1500 Color White\/ Blue Width 1500mm Thickness 0.03-0.15mm Output 260kg\/h Extruder Screw diameter: \u00a060mm*2 \u00a065mm Screw L\/D ratio 30:1 Main motor power 30KW*2 \u00a0\u00a045kw Screen changer Double station quick screen change without disassembly Die 400mm Matching Internal cooling system, upper traction rotating device, loss-in-weight feeder, thickness measuring device, automatic air ring [&hellip;]<\/p>","protected":false},"featured_media":2864,"comment_status":"open","ping_status":"closed","template":"","meta":{"site-sidebar-layout":"default","site-content-layout":"","ast-site-content-layout":"default","site-content-style":"default","site-sidebar-style":"default","ast-global-header-display":"","ast-banner-title-visibility":"","ast-main-header-display":"","ast-hfb-above-header-display":"","ast-hfb-below-header-display":"","ast-hfb-mobile-header-display":"","site-post-title":"","ast-breadcrumbs-content":"","ast-featured-img":"","footer-sml-layout":"","theme-transparent-header-meta":"default","adv-header-id-meta":"","stick-header-meta":"","header-above-stick-meta":"","header-main-stick-meta":"","header-below-stick-meta":"","astra-migrate-meta-layouts":"set","ast-page-background-enabled":"default","ast-page-background-meta":{"desktop":{"background-color":"","background-image":"","background-repeat":"repeat","background-position":"center center","background-size":"auto","background-attachment":"scroll","background-type":"","background-media":"","overlay-type":"","overlay-color":"","overlay-gradient":""},"tablet":{"background-color":"","background-image":"","background-repeat":"repeat","background-position":"center center","background-size":"auto","background-attachment":"scroll","background-type":"","background-media":"","overlay-type":"","overlay-color":"","overlay-gradient":""},"mobile":{"background-color":"","background-image":"","background-repeat":"repeat","background-position":"center center","background-size":"auto","background-attachment":"scroll","background-type":"","background-media":"","overlay-type":"","overlay-color":"","overlay-gradient":""}},"ast-content-background-meta":{"desktop":{"background-color":"var(--ast-global-color-5)","background-image":"","background-repeat":"repeat","background-position":"center center","background-size":"auto","background-attachment":"scroll","background-type":"","background-media":"","overlay-type":"","overlay-color":"","overlay-gradient":""},"tablet":{"background-color":"var(--ast-global-color-5)","background-image":"","background-repeat":"repeat","background-position":"center center","background-size":"auto","background-attachment":"scroll","background-type":"","background-media":"","overlay-type":"","overlay-color":"","overlay-gradient":""},"mobile":{"background-color":"var(--ast-global-color-5)","background-image":"","background-repeat":"repeat","background-position":"center center","background-size":"auto","background-attachment":"scroll","background-type":"","background-media":"","overlay-type":"","overlay-color":"","overlay-gradient":""}}},"product_cat":[23,126,131],"product_tag":[],"jetpack_sharing_enabled":true,"_links":{"self":[{"href":"https:\/\/wxplastmachine.com\/fr\/wp-json\/wp\/v2\/product\/2682"}],"collection":[{"href":"https:\/\/wxplastmachine.com\/fr\/wp-json\/wp\/v2\/product"}],"about":[{"href":"https:\/\/wxplastmachine.com\/fr\/wp-json\/wp\/v2\/types\/product"}],"replies":[{"embeddable":true,"href":"https:\/\/wxplastmachine.com\/fr\/wp-json\/wp\/v2\/comments?post=2682"}],"wp:featuredmedia":[{"embeddable":true,"href":"https:\/\/wxplastmachine.com\/fr\/wp-json\/wp\/v2\/media\/2864"}],"wp:attachment":[{"href":"https:\/\/wxplastmachine.com\/fr\/wp-json\/wp\/v2\/media?parent=2682"}],"wp:term":[{"taxonomy":"product_cat","embeddable":true,"href":"https:\/\/wxplastmachine.com\/fr\/wp-json\/wp\/v2\/product_cat?post=2682"},{"taxonomy":"product_tag","embeddable":true,"href":"https:\/\/wxplastmachine.com\/fr\/wp-json\/wp\/v2\/product_tag?post=2682"}],"curies":[{"name":"wp","href":"https:\/\/api.w.org\/{rel}","templated":true}]}}