{"id":2683,"date":"2024-07-16T11:07:06","date_gmt":"2024-07-16T03:07:06","guid":{"rendered":"https:\/\/wxplastmachine.com\/?post_type=product&#038;p=2683"},"modified":"2024-08-13T15:58:49","modified_gmt":"2024-08-13T07:58:49","slug":"wx-b50-55-60-65-biodegradable-pla-pbat-pe-film-blowing-machine-plastic-film-machine","status":"publish","type":"product","link":"https:\/\/wxplastmachine.com\/fr\/produit\/wx-b50-55-60-65-biodegradable-pla-pbat-pe-film-blowing-machine-plastic-film-machine","title":{"rendered":"WX-B50\/55\/60\/65 Machine de soufflage de film biod\u00e9gradable PLA PBAT PE Machine de soufflage de film plastique"},"content":{"rendered":"<p><strong><b>INFORMATIONS SUR LES PRODUITS<\/b><\/strong><br \/>\nModelWX-B50\/55\/60\/65<br \/>\nProduct Name: HD&amp;LD Rotary Died Head Biodegradable Film Blowing Machine<\/p>\n<p>Film Width: 100-1200mm<br \/>\nIntroduction :<br \/>\nThis machine is used for blowing HDPE LDPE LLDPE film. Products are widely used in compound film, packaging film, etc. The main motor is equipped with inverter to adjust speed and increase stability. Besides, this machine can save 30% electricity compared with normal machines. The screws &amp; barrels are made in 38 chrome molybdenum aluminium with Nitriding treatment. There traction unit is flexible with the help of up and down traction, making a better cooling effect in\u00a0blowing film.<\/p>\n<p><strong>\u00a0<\/strong><\/p>\n<p><strong>Principaux param\u00e8tres techniques :<\/strong><\/p>\n<table>\n<tbody>\n<tr>\n<td width=\"19.9800%\">Mod\u00e8le<\/td>\n<td width=\"20.0000%\">WX-B50<\/td>\n<td width=\"20.0000%\">WX-B55<\/td>\n<td width=\"20.0000%\">WX-B60<\/td>\n<td width=\"20.0000%\">WX-B65<\/td>\n<\/tr>\n<tr>\n<td width=\"19.9800%\">Mati\u00e8res premi\u00e8res<\/td>\n<td colspan=\"4\" width=\"80.0000%\">HDPE\/LDPE\/LLDPE\/Biodegradable material<\/td>\n<\/tr>\n<tr>\n<td width=\"19.9800%\">Largeur du film<\/td>\n<td width=\"20.0000%\">100-600mm<\/td>\n<td width=\"20.0000%\">200-800mm<\/td>\n<td width=\"20.0000%\">300-1000mm<\/td>\n<td width=\"20.0000%\">400-1200mm<\/td>\n<\/tr>\n<tr>\n<td width=\"19.9800%\">\u00c9paisseur du film<\/td>\n<td colspan=\"4\" width=\"80.0000%\">0,008-0,1 mm<\/td>\n<\/tr>\n<tr>\n<td width=\"19.9800%\">Capacit\u00e9 maximale<\/td>\n<td width=\"20.0000%\">80kg\/h<\/td>\n<td width=\"20.0000%\">100kg\/h<\/td>\n<td width=\"20.0000%\">120kg\/h<\/td>\n<td width=\"20.0000%\">140kg\/h<\/td>\n<\/tr>\n<tr>\n<td width=\"19.9800%\">Diam\u00e8tre de la vis<\/td>\n<td width=\"20.0000%\">50 mm<\/td>\n<td width=\"20.0000%\">55mm<\/td>\n<td width=\"20.0000%\">60mm<\/td>\n<td width=\"20.0000%\">65mm<\/td>\n<\/tr>\n<tr>\n<td width=\"19.9800%\">Moteur principal<\/td>\n<td width=\"20.0000%\">15kw<\/td>\n<td width=\"20.0000%\">18,5 kW<\/td>\n<td width=\"20.0000%\">22kw<\/td>\n<td width=\"20.0000%\">30kw<\/td>\n<\/tr>\n<tr>\n<td width=\"19.9800%\">Bo\u00eete de vitesses<\/td>\n<td width=\"20.0000%\">#146<\/td>\n<td width=\"20.0000%\">#173<\/td>\n<td width=\"20.0000%\">#180<\/td>\n<td width=\"20.0000%\">#200<\/td>\n<\/tr>\n<tr>\n<td width=\"19.9800%\">Diam\u00e8tre de la t\u00eate de fili\u00e8re<\/td>\n<td width=\"20.0000%\">60-120mm<\/td>\n<td width=\"20.0000%\">80-150mm<\/td>\n<td width=\"20.0000%\">100-200mm<\/td>\n<td width=\"20.0000%\">120-250mm<\/td>\n<\/tr>\n<tr>\n<td width=\"19.9800%\">Soufflerie d'air<\/td>\n<td width=\"20.0000%\">3kw<\/td>\n<td width=\"20.0000%\">5,5 kW<\/td>\n<td width=\"20.0000%\">7,5 kW<\/td>\n<td width=\"20.0000%\">9kw<\/td>\n<\/tr>\n<tr>\n<td width=\"19.9800%\">Taille de la machine<\/td>\n<td width=\"20.0000%\">4.1m*1.7m*4.2m<\/td>\n<td width=\"20.0000%\">4.8m*1.9m*4.5m<\/td>\n<td width=\"20.0000%\">5.5m*2.1m*4.6m<\/td>\n<td width=\"20.0000%\">5.8m*2.5m*5.0m<\/td>\n<\/tr>\n<tr>\n<td width=\"19.9800%\">Poids de la machine<\/td>\n<td width=\"20.0000%\">3ton<\/td>\n<td width=\"20.0000%\">4ton<\/td>\n<td width=\"20.0000%\">5ton<\/td>\n<td width=\"20.0000%\">6ton<\/td>\n<\/tr>\n<\/tbody>\n<\/table>\n<p>&nbsp;<\/p>\n<p><strong><b>FAQ :<\/b><\/strong><\/p>\n<p>1) Quelle est la garantie de vos produits ?<br \/>\nSi des pi\u00e8ces de la machine sont cass\u00e9es en raison d'un probl\u00e8me de qualit\u00e9 pendant la p\u00e9riode de garantie, nous vous enverrons une nouvelle pi\u00e8ce gratuitement (toute utilisation abusive ou destruction pr\u00e9m\u00e9dit\u00e9e n'est pas incluse dans la limitation de la garantie de qualit\u00e9).<\/p>\n<p>2. quelles sont vos conditions de paiement et de livraison ?<br \/>\nD\u00e9lai de paiement :<br \/>\n1) T\/T, 30% en pr\u00e9paiement, 70% avant la livraison<br \/>\n2) L\/C, 30% par T\/T ,70% par L\/C \u00e0 vue<\/p>\n<p>D\u00e9lai de livraison : Le d\u00e9lai de livraison standard est de 30 \u00e0 40 jours ouvrables.<\/p>\n<p>3. quelle assistance technique pouvons-nous obtenir si nous commandons des machines ?<br \/>\nNous pouvons fournir des plans d'installation, des instructions d'utilisation de base, des explications sur le fonctionnement \u00e0 l'aide de vid\u00e9os et de photos, des appels vid\u00e9o en ligne pour l'assistance technique si n\u00e9cessaire.<\/p>","protected":false},"excerpt":{"rendered":"<p>PRODUCT INFORMATION ModelWX-B50\/55\/60\/65 Product Name: HD&amp;LD Rotary Died Head Biodegradable Film Blowing Machine Film Width: 100-1200mm Introduction: This machine is used for blowing HDPE LDPE LLDPE film. Products are widely used in compound film, packaging film, etc. The main motor is equipped with inverter to adjust speed and increase stability. Besides, this machine can save [&hellip;]<\/p>","protected":false},"featured_media":2858,"comment_status":"open","ping_status":"closed","template":"","meta":{"site-sidebar-layout":"default","site-content-layout":"","ast-site-content-layout":"default","site-content-style":"default","site-sidebar-style":"default","ast-global-header-display":"","ast-banner-title-visibility":"","ast-main-header-display":"","ast-hfb-above-header-display":"","ast-hfb-below-header-display":"","ast-hfb-mobile-header-display":"","site-post-title":"","ast-breadcrumbs-content":"","ast-featured-img":"","footer-sml-layout":"","theme-transparent-header-meta":"default","adv-header-id-meta":"","stick-header-meta":"","header-above-stick-meta":"","header-main-stick-meta":"","header-below-stick-meta":"","astra-migrate-meta-layouts":"set","ast-page-background-enabled":"default","ast-page-background-meta":{"desktop":{"background-color":"","background-image":"","background-repeat":"repeat","background-position":"center center","background-size":"auto","background-attachment":"scroll","background-type":"","background-media":"","overlay-type":"","overlay-color":"","overlay-gradient":""},"tablet":{"background-color":"","background-image":"","background-repeat":"repeat","background-position":"center center","background-size":"auto","background-attachment":"scroll","background-type":"","background-media":"","overlay-type":"","overlay-color":"","overlay-gradient":""},"mobile":{"background-color":"","background-image":"","background-repeat":"repeat","background-position":"center center","background-size":"auto","background-attachment":"scroll","background-type":"","background-media":"","overlay-type":"","overlay-color":"","overlay-gradient":""}},"ast-content-background-meta":{"desktop":{"background-color":"var(--ast-global-color-5)","background-image":"","background-repeat":"repeat","background-position":"center center","background-size":"auto","background-attachment":"scroll","background-type":"","background-media":"","overlay-type":"","overlay-color":"","overlay-gradient":""},"tablet":{"background-color":"var(--ast-global-color-5)","background-image":"","background-repeat":"repeat","background-position":"center center","background-size":"auto","background-attachment":"scroll","background-type":"","background-media":"","overlay-type":"","overlay-color":"","overlay-gradient":""},"mobile":{"background-color":"var(--ast-global-color-5)","background-image":"","background-repeat":"repeat","background-position":"center center","background-size":"auto","background-attachment":"scroll","background-type":"","background-media":"","overlay-type":"","overlay-color":"","overlay-gradient":""}}},"product_cat":[23,126,132],"product_tag":[],"jetpack_sharing_enabled":true,"_links":{"self":[{"href":"https:\/\/wxplastmachine.com\/fr\/wp-json\/wp\/v2\/product\/2683"}],"collection":[{"href":"https:\/\/wxplastmachine.com\/fr\/wp-json\/wp\/v2\/product"}],"about":[{"href":"https:\/\/wxplastmachine.com\/fr\/wp-json\/wp\/v2\/types\/product"}],"replies":[{"embeddable":true,"href":"https:\/\/wxplastmachine.com\/fr\/wp-json\/wp\/v2\/comments?post=2683"}],"wp:featuredmedia":[{"embeddable":true,"href":"https:\/\/wxplastmachine.com\/fr\/wp-json\/wp\/v2\/media\/2858"}],"wp:attachment":[{"href":"https:\/\/wxplastmachine.com\/fr\/wp-json\/wp\/v2\/media?parent=2683"}],"wp:term":[{"taxonomy":"product_cat","embeddable":true,"href":"https:\/\/wxplastmachine.com\/fr\/wp-json\/wp\/v2\/product_cat?post=2683"},{"taxonomy":"product_tag","embeddable":true,"href":"https:\/\/wxplastmachine.com\/fr\/wp-json\/wp\/v2\/product_tag?post=2683"}],"curies":[{"name":"wp","href":"https:\/\/api.w.org\/{rel}","templated":true}]}}