{"id":2684,"date":"2024-07-16T11:08:09","date_gmt":"2024-07-16T03:08:09","guid":{"rendered":"https:\/\/wxplastmachine.com\/?post_type=product&#038;p=2684"},"modified":"2024-10-14T11:24:51","modified_gmt":"2024-10-14T03:24:51","slug":"1-zip55-65-plastic-ziplock-bag-film-blowing-machine-ziplock-bag-making-machine","status":"publish","type":"product","link":"https:\/\/wxplastmachine.com\/fr\/produit\/1-zip55-65-plastic-ziplock-bag-film-blowing-machine-ziplock-bag-making-machine","title":{"rendered":"ZIP55\/65 Machine de soufflage de films pour sacs Ziplock Machine de fabrication de sacs Ziplock"},"content":{"rendered":"<p><strong><b>INFORMATIONS SUR LES PRODUITS<\/b><\/strong><br \/>\nMod\u00e8le : ZIP-55\/65<br \/>\nNom du produit : Machine de soufflage de film pour sacs Ziplock<br \/>\nLargeur du film : 50-550mm<br \/>\nIntroduction :<br \/>\nCette machine combine les avantages des m\u00eames produits \u00e0 l'\u00e9tranger. Le mat\u00e9riau principal est le LDPE, utilis\u00e9 pour fabriquer des sacs \u00e0 fermeture \u00e0 glissi\u00e8re et des sacs \u00e0 valve. Les produits finis sont largement utilis\u00e9s pour l'emballage de produits alimentaires, de tissus, de m\u00e9dicaments, de mat\u00e9riel, de d\u00e9corations et d'articles de premi\u00e8re n\u00e9cessit\u00e9. Voici nos principaux produits : Sac de stockage \u00e0 fermeture \u00e0 glissi\u00e8re, sac de selle, sac auto-scellant, etc. Cet ensemble pr\u00e9sente de nombreux avantages, tels que la facilit\u00e9 d'ouverture, la fermet\u00e9 et une forte propri\u00e9t\u00e9 de scellage.<\/p>\n<p>&nbsp;<\/p>\n<table>\n<tbody>\n<tr>\n<td width=\"36.2400%\">\u00a0Mod\u00e8le<\/td>\n<td width=\"32.6000%\">WX-ZIP55<\/td>\n<td width=\"31.1200%\">WX-ZIP65<\/td>\n<\/tr>\n<tr>\n<td width=\"36.2400%\">Mat\u00e9riau adapt\u00e9<\/td>\n<td colspan=\"2\" width=\"63.7400%\">LDPE<\/td>\n<\/tr>\n<tr>\n<td width=\"36.2400%\">Largeur du film<\/td>\n<td width=\"32.6000%\">50-450mm<\/td>\n<td width=\"31.1200%\">200-550mm<\/td>\n<\/tr>\n<tr>\n<td width=\"36.2400%\">\u00c9paisseur du film<\/td>\n<td colspan=\"2\" width=\"63.7400%\">0,03-0,1 mm<\/td>\n<\/tr>\n<tr>\n<td width=\"36.2400%\">Rendement maximal d'extrusion<\/td>\n<td width=\"32.6000%\">30kg\/h<\/td>\n<td width=\"31.1200%\">40kg\/h<\/td>\n<\/tr>\n<tr>\n<td width=\"36.2400%\">Diam\u00e8tre de la vis<\/td>\n<td width=\"32.6000%\">45 mm<\/td>\n<td width=\"31.1200%\">50 mm<\/td>\n<\/tr>\n<tr>\n<td width=\"36.2400%\">Taille de la matrice<\/td>\n<td width=\"32.6000%\">70-450mm<\/td>\n<td width=\"31.1200%\">100-600mm<\/td>\n<\/tr>\n<tr>\n<td width=\"36.2400%\">Moteur principal<\/td>\n<td width=\"32.6000%\">5,5 kW<\/td>\n<td width=\"31.1200%\">7,5 kW<\/td>\n<\/tr>\n<tr>\n<td width=\"36.2400%\">Anneau d'air<\/td>\n<td width=\"32.6000%\">450mm<\/td>\n<td width=\"31.1200%\">550mm<\/td>\n<\/tr>\n<tr>\n<td width=\"36.2400%\">Soufflerie d'air<\/td>\n<td width=\"32.6000%\">1,1kw<\/td>\n<td width=\"31.1200%\">1,5 kW<\/td>\n<\/tr>\n<tr>\n<td width=\"36.2400%\">Largeur du rouleau<\/td>\n<td width=\"32.6000%\">500mm<\/td>\n<td width=\"31.1200%\">600mm<\/td>\n<\/tr>\n<tr>\n<td width=\"36.2400%\">Taille de la machine<\/td>\n<td width=\"32.6000%\">6.0m*1.5m*4.1m<\/td>\n<td width=\"31.1200%\">6.0m*1.8m*4.5m<\/td>\n<\/tr>\n<tr>\n<td width=\"36.2400%\">Largeur de la machine<\/td>\n<td width=\"32.6000%\">1500kg<\/td>\n<td width=\"31.1200%\">2000kg<\/td>\n<\/tr>\n<\/tbody>\n<\/table>\n<p>&nbsp;<\/p>\n<p><strong><b>FAQ :<\/b><\/strong><\/p>\n<p>1) Quelle est la garantie de vos produits ?<br \/>\nSi des pi\u00e8ces de la machine sont cass\u00e9es en raison d'un probl\u00e8me de qualit\u00e9 pendant la p\u00e9riode de garantie, nous vous enverrons une nouvelle pi\u00e8ce gratuitement (toute utilisation abusive ou destruction pr\u00e9m\u00e9dit\u00e9e n'est pas incluse dans la limitation de la garantie de qualit\u00e9).<\/p>\n<p>2. quelles sont vos conditions de paiement et de livraison ?<br \/>\nD\u00e9lai de paiement :<br \/>\n1) T\/T, 30% en pr\u00e9paiement, 70% avant la livraison<br \/>\n2) L\/C, 30% par T\/T ,70% par L\/C \u00e0 vue<\/p>\n<p>D\u00e9lai de livraison : Le d\u00e9lai de livraison standard est de 30 \u00e0 40 jours ouvrables.<\/p>\n<p>3. quelle assistance technique pouvons-nous obtenir si nous commandons des machines ?<br \/>\nNous pouvons fournir des plans d'installation, des instructions d'utilisation de base, des explications sur le fonctionnement \u00e0 l'aide de vid\u00e9os et de photos, des appels vid\u00e9o en ligne pour l'assistance technique si n\u00e9cessaire.<\/p>","protected":false},"excerpt":{"rendered":"<p>PRODUCT INFORMATION Model:\u00a0ZIP-55\/65 Product Name:\u00a0Ziplock Bag Film Blowing Machine Film Width:\u00a050-550mm Introduction: This machine combines advantages of same products at abroad. The main material is LDPE, used for making ziplock bag, valve bag. Finished products are widely used in wrapping of food, cloth, medicine, hardware, decorations and daily necessities. Here come our major products: Zipper [&hellip;]<\/p>","protected":false},"featured_media":2849,"comment_status":"open","ping_status":"closed","template":"","meta":{"site-sidebar-layout":"default","site-content-layout":"","ast-site-content-layout":"default","site-content-style":"default","site-sidebar-style":"default","ast-global-header-display":"","ast-banner-title-visibility":"","ast-main-header-display":"","ast-hfb-above-header-display":"","ast-hfb-below-header-display":"","ast-hfb-mobile-header-display":"","site-post-title":"","ast-breadcrumbs-content":"","ast-featured-img":"","footer-sml-layout":"","theme-transparent-header-meta":"default","adv-header-id-meta":"","stick-header-meta":"","header-above-stick-meta":"","header-main-stick-meta":"","header-below-stick-meta":"","astra-migrate-meta-layouts":"set","ast-page-background-enabled":"default","ast-page-background-meta":{"desktop":{"background-color":"","background-image":"","background-repeat":"repeat","background-position":"center center","background-size":"auto","background-attachment":"scroll","background-type":"","background-media":"","overlay-type":"","overlay-color":"","overlay-gradient":""},"tablet":{"background-color":"","background-image":"","background-repeat":"repeat","background-position":"center center","background-size":"auto","background-attachment":"scroll","background-type":"","background-media":"","overlay-type":"","overlay-color":"","overlay-gradient":""},"mobile":{"background-color":"","background-image":"","background-repeat":"repeat","background-position":"center center","background-size":"auto","background-attachment":"scroll","background-type":"","background-media":"","overlay-type":"","overlay-color":"","overlay-gradient":""}},"ast-content-background-meta":{"desktop":{"background-color":"var(--ast-global-color-5)","background-image":"","background-repeat":"repeat","background-position":"center center","background-size":"auto","background-attachment":"scroll","background-type":"","background-media":"","overlay-type":"","overlay-color":"","overlay-gradient":""},"tablet":{"background-color":"var(--ast-global-color-5)","background-image":"","background-repeat":"repeat","background-position":"center center","background-size":"auto","background-attachment":"scroll","background-type":"","background-media":"","overlay-type":"","overlay-color":"","overlay-gradient":""},"mobile":{"background-color":"var(--ast-global-color-5)","background-image":"","background-repeat":"repeat","background-position":"center center","background-size":"auto","background-attachment":"scroll","background-type":"","background-media":"","overlay-type":"","overlay-color":"","overlay-gradient":""}}},"product_cat":[177,144,149],"product_tag":[],"jetpack_sharing_enabled":true,"_links":{"self":[{"href":"https:\/\/wxplastmachine.com\/fr\/wp-json\/wp\/v2\/product\/2684"}],"collection":[{"href":"https:\/\/wxplastmachine.com\/fr\/wp-json\/wp\/v2\/product"}],"about":[{"href":"https:\/\/wxplastmachine.com\/fr\/wp-json\/wp\/v2\/types\/product"}],"replies":[{"embeddable":true,"href":"https:\/\/wxplastmachine.com\/fr\/wp-json\/wp\/v2\/comments?post=2684"}],"wp:featuredmedia":[{"embeddable":true,"href":"https:\/\/wxplastmachine.com\/fr\/wp-json\/wp\/v2\/media\/2849"}],"wp:attachment":[{"href":"https:\/\/wxplastmachine.com\/fr\/wp-json\/wp\/v2\/media?parent=2684"}],"wp:term":[{"taxonomy":"product_cat","embeddable":true,"href":"https:\/\/wxplastmachine.com\/fr\/wp-json\/wp\/v2\/product_cat?post=2684"},{"taxonomy":"product_tag","embeddable":true,"href":"https:\/\/wxplastmachine.com\/fr\/wp-json\/wp\/v2\/product_tag?post=2684"}],"curies":[{"name":"wp","href":"https:\/\/api.w.org\/{rel}","templated":true}]}}