{"id":2691,"date":"2024-07-16T11:12:05","date_gmt":"2024-07-16T03:12:05","guid":{"rendered":"https:\/\/wxplastmachine.com\/?post_type=product&#038;p=2691"},"modified":"2024-08-13T15:40:07","modified_gmt":"2024-08-13T07:40:07","slug":"1000mm-5-layers-co-extrusion-automatic-pe-stretch-film-making-machine-cast-cling-film-wrap-machine","status":"publish","type":"product","link":"https:\/\/wxplastmachine.com\/fr\/produit\/1000mm-5-layers-co-extrusion-automatic-pe-stretch-film-making-machine-cast-cling-film-wrap-machine","title":{"rendered":"Machine de fabrication de film \u00e9tirable PE 1000mm 5 couches coextrusion automatique Machine de fabrication de film \u00e9tirable coul\u00e9"},"content":{"rendered":"<h5><strong><b>Pr\u00e9sentation du produit :<\/b><\/strong><\/h5>\n<h5><strong><b>\u00a0<\/b><\/strong><\/h5>\n<h5><strong><b>WX<\/b><\/strong><strong><b>-55\/80\/55*1250<\/b><\/strong><strong><b>\u00a0<\/b><\/strong><strong><b>1<\/b><\/strong><strong><b>0<\/b><\/strong><strong><b>00mm <\/b><\/strong><strong><b>5<\/b><\/strong><strong><b>\u00a0couches <\/b><\/strong><strong><b>a<\/b><\/strong><strong><b>coextrusion automatique<\/b><\/strong><strong><b>\u00a0<\/b><\/strong><strong><b>PE<\/b><\/strong><strong><b>\u00a0machine de fabrication de film \u00e9tirable <\/b><\/strong><strong><b>moulage <\/b><\/strong><strong><b>film adh\u00e9sif<\/b><\/strong><strong><b>\u00a0<\/b><\/strong><strong><b>extrudeuse \u00e0 rouleaux<\/b><\/strong><\/h5>\n<p>&nbsp;<\/p>\n<p><strong><b>Principaux param\u00e8tres techniques :<\/b><\/strong><\/p>\n<table>\n<tbody>\n<tr>\n<td width=\"41.6400%\">Mod\u00e8le<\/td>\n<td width=\"58.3400%\">WX-55\/80\/55*1250<\/td>\n<\/tr>\n<tr>\n<td width=\"41.6400%\">Couches<\/td>\n<td width=\"58.3400%\">machine d'extrusion de film \u00e9tirable \u00e0 trois\/cinq couches<\/td>\n<\/tr>\n<tr>\n<td width=\"41.6400%\">Diam\u00e8tre de la vis<\/td>\n<td width=\"58.3400%\">\u03a655\/80\/55mm<\/td>\n<\/tr>\n<tr>\n<td width=\"41.6400%\">Vis L\/D<\/td>\n<td width=\"58.3400%\">1:30mm<\/td>\n<\/tr>\n<tr>\n<td width=\"41.6400%\">Vitesse de la vis<\/td>\n<td width=\"58.3400%\">20-150rpm<\/td>\n<\/tr>\n<tr>\n<td width=\"41.6400%\">Largeur<\/td>\n<td width=\"58.3400%\">100-1000mm\/(2*500mm)<\/td>\n<\/tr>\n<tr>\n<td width=\"41.6400%\">Puissance totale<\/td>\n<td width=\"58.3400%\">90KW<\/td>\n<\/tr>\n<tr>\n<td width=\"41.6400%\">\u00c9paisseur<\/td>\n<td width=\"58.3400%\">0,012-0,05mm<\/td>\n<\/tr>\n<tr>\n<td width=\"41.6400%\">Capacit\u00e9<\/td>\n<td width=\"58.3400%\">150-180kg\/h<\/td>\n<\/tr>\n<tr>\n<td width=\"41.6400%\">Structure des couches<\/td>\n<td width=\"58.3400%\">ABC\/ACBCA<\/td>\n<\/tr>\n<tr>\n<td width=\"41.6400%\">Poids total<\/td>\n<td width=\"58.3400%\">9T<\/td>\n<\/tr>\n<tr>\n<td width=\"41.6400%\">Dimension<\/td>\n<td width=\"58.3400%\">(L)8500*(L)3800*(H)3500 MM<\/td>\n<\/tr>\n<\/tbody>\n<\/table>\n<p>&nbsp;<\/p>\n<p>&nbsp;<\/p>\n<p><strong><b>Caract\u00e9ristiques de l'Automatique <\/b><\/strong><strong><b>cinq<\/b><\/strong><strong><b>\u00a0machine d'extrusion de film \u00e9tirable 1000mm <\/b><\/strong><\/p>\n<ol>\n<li>Rendement \u00e9lev\u00e9 d\u00fb \u00e0<\/li>\n<\/ol>\n<p>&gt; vis en alliage \u00e0 haute plastification ;<\/p>\n<p>&gt; m\u00e9langeur statique import\u00e9 ;<\/p>\n<p>&gt; Matrice en T de haute qualit\u00e9, fabriqu\u00e9e en acier moul\u00e9 import\u00e9 de premi\u00e8re qualit\u00e9.<\/p>\n<p>&gt; conception de l'enroulement \u00e0 grande vitesse<\/p>\n<ol start=\"2\">\n<li>Films de qualit\u00e9 gr\u00e2ce \u00e0<\/li>\n<\/ol>\n<p>&gt; rouleaux refroidisseurs \u00e0 circulation bidirectionnelle et \u00e0 flux en spirale int\u00e9gr\u00e9 ;<\/p>\n<p>&gt; Moteur de couple avanc\u00e9 avec contr\u00f4le automatique de la tension sur quatre axes ;<\/p>\n<p>&gt; syst\u00e8me de fixation des bords et syst\u00e8me d'oscillation de qualit\u00e9.<\/p>\n<p>&nbsp;<\/p>\n<ol start=\"3\">\n<li>\u00c9conomie d'\u00e9nergie (30% de moins que les machines concurrentes) gr\u00e2ce \u00e0<\/li>\n<\/ol>\n<p>&gt; onduleur import\u00e9 et bonne conception du syst\u00e8me.<\/p>\n<p>&nbsp;<\/p>\n<p><strong><b>FAQ :<\/b><\/strong><\/p>\n<p>1) Quelle est la garantie de vos produits ?<br \/>\nSi des pi\u00e8ces de la machine sont cass\u00e9es en raison d'un probl\u00e8me de qualit\u00e9 pendant la p\u00e9riode de garantie, nous vous enverrons une nouvelle pi\u00e8ce gratuitement (toute utilisation abusive ou destruction pr\u00e9m\u00e9dit\u00e9e n'est pas incluse dans la limitation de la garantie de qualit\u00e9).<\/p>\n<p>2. quelles sont vos conditions de paiement et de livraison ?<br \/>\nD\u00e9lai de paiement :<br \/>\n1) T\/T, 30% en pr\u00e9paiement, 70% avant la livraison<br \/>\n2) L\/C, 30% par T\/T ,70% par L\/C \u00e0 vue<br \/>\nD\u00e9lai de livraison : Le d\u00e9lai de livraison standard est de 30 \u00e0 40 jours ouvrables.<\/p>\n<p>3. quelle assistance technique pouvons-nous obtenir si nous commandons des machines ?<br \/>\nNous pouvons fournir des plans d'installation, des instructions d'utilisation de base, des explications sur le fonctionnement \u00e0 l'aide de vid\u00e9os et de photos, des appels vid\u00e9o en ligne pour l'assistance technique si n\u00e9cessaire.<\/p>","protected":false},"excerpt":{"rendered":"<p>Product Introduction: \u00a0 WX-55\/80\/55*1250\u00a01000mm 5\u00a0layers automatic co-extrusion\u00a0PE\u00a0stretch film making machine cast cling film\u00a0roller extruder &nbsp; Main Technical Parameters: Model WX-55\/80\/55*1250 Layers three \/five layer stretch film extruder machine Screw\u00a0Diameter \u03a655\/80\/55mm Screw\u00a0L\/D 1:30mm Screw\u00a0speed 20-150rpm Width 100-1000mm\/(2*500mm) Total Power 90KW Thickness 0.012-0.05mm Capacity 150-180kg\/h Layer Structure ABC\/ACBCA Total Weight 9T Dimension (L)8500*(W)3800*(H)3500 MM &nbsp; &nbsp; Features [&hellip;]<\/p>","protected":false},"featured_media":2845,"comment_status":"open","ping_status":"closed","template":"","meta":{"site-sidebar-layout":"default","site-content-layout":"","ast-site-content-layout":"default","site-content-style":"default","site-sidebar-style":"default","ast-global-header-display":"","ast-banner-title-visibility":"","ast-main-header-display":"","ast-hfb-above-header-display":"","ast-hfb-below-header-display":"","ast-hfb-mobile-header-display":"","site-post-title":"","ast-breadcrumbs-content":"","ast-featured-img":"","footer-sml-layout":"","theme-transparent-header-meta":"default","adv-header-id-meta":"","stick-header-meta":"","header-above-stick-meta":"","header-main-stick-meta":"","header-below-stick-meta":"","astra-migrate-meta-layouts":"set","ast-page-background-enabled":"default","ast-page-background-meta":{"desktop":{"background-color":"","background-image":"","background-repeat":"repeat","background-position":"center center","background-size":"auto","background-attachment":"scroll","background-type":"","background-media":"","overlay-type":"","overlay-color":"","overlay-gradient":""},"tablet":{"background-color":"","background-image":"","background-repeat":"repeat","background-position":"center center","background-size":"auto","background-attachment":"scroll","background-type":"","background-media":"","overlay-type":"","overlay-color":"","overlay-gradient":""},"mobile":{"background-color":"","background-image":"","background-repeat":"repeat","background-position":"center center","background-size":"auto","background-attachment":"scroll","background-type":"","background-media":"","overlay-type":"","overlay-color":"","overlay-gradient":""}},"ast-content-background-meta":{"desktop":{"background-color":"var(--ast-global-color-5)","background-image":"","background-repeat":"repeat","background-position":"center center","background-size":"auto","background-attachment":"scroll","background-type":"","background-media":"","overlay-type":"","overlay-color":"","overlay-gradient":""},"tablet":{"background-color":"var(--ast-global-color-5)","background-image":"","background-repeat":"repeat","background-position":"center center","background-size":"auto","background-attachment":"scroll","background-type":"","background-media":"","overlay-type":"","overlay-color":"","overlay-gradient":""},"mobile":{"background-color":"var(--ast-global-color-5)","background-image":"","background-repeat":"repeat","background-position":"center center","background-size":"auto","background-attachment":"scroll","background-type":"","background-media":"","overlay-type":"","overlay-color":"","overlay-gradient":""}}},"product_cat":[135,136],"product_tag":[],"jetpack_sharing_enabled":true,"_links":{"self":[{"href":"https:\/\/wxplastmachine.com\/fr\/wp-json\/wp\/v2\/product\/2691"}],"collection":[{"href":"https:\/\/wxplastmachine.com\/fr\/wp-json\/wp\/v2\/product"}],"about":[{"href":"https:\/\/wxplastmachine.com\/fr\/wp-json\/wp\/v2\/types\/product"}],"replies":[{"embeddable":true,"href":"https:\/\/wxplastmachine.com\/fr\/wp-json\/wp\/v2\/comments?post=2691"}],"wp:featuredmedia":[{"embeddable":true,"href":"https:\/\/wxplastmachine.com\/fr\/wp-json\/wp\/v2\/media\/2845"}],"wp:attachment":[{"href":"https:\/\/wxplastmachine.com\/fr\/wp-json\/wp\/v2\/media?parent=2691"}],"wp:term":[{"taxonomy":"product_cat","embeddable":true,"href":"https:\/\/wxplastmachine.com\/fr\/wp-json\/wp\/v2\/product_cat?post=2691"},{"taxonomy":"product_tag","embeddable":true,"href":"https:\/\/wxplastmachine.com\/fr\/wp-json\/wp\/v2\/product_tag?post=2691"}],"curies":[{"name":"wp","href":"https:\/\/api.w.org\/{rel}","templated":true}]}}