{"id":2694,"date":"2024-07-16T11:15:33","date_gmt":"2024-07-16T03:15:33","guid":{"rendered":"https:\/\/wxplastmachine.com\/?post_type=product&#038;p=2694"},"modified":"2024-07-31T22:54:10","modified_gmt":"2024-07-31T14:54:10","slug":"1500mm-three-layers-co-extrusion-full-automatic-pe-stretch-film-machine-cast-cling-film-wrap-machine","status":"publish","type":"product","link":"https:\/\/wxplastmachine.com\/fr\/produit\/1500mm-three-layers-co-extrusion-full-automatic-pe-stretch-film-machine-cast-cling-film-wrap-machine","title":{"rendered":"Machine de film \u00e9tirable PE \u00e0 trois couches, 1500mm, coextrusion, enti\u00e8rement automatique Machine de film \u00e9tirable moulant"},"content":{"rendered":"<p><strong><b>WX<\/b><\/strong><strong><b>&#8211;<\/b><\/strong><strong><b>SF<\/b><\/strong><strong><b>1000\/1200\/1500\/1600\/2000 <\/b><\/strong><strong><b>Three<\/b><\/strong><strong><b>-layer<\/b><\/strong><strong><b>\/Five-layer<\/b><\/strong><strong><b>\u00a0<\/b><\/strong><strong><b>C<\/b><\/strong><strong><b>o-extrusion<\/b><\/strong><strong><b>\u00a0<\/b><\/strong><strong><b>Double <\/b><\/strong><strong><b>S<\/b><\/strong><strong><b>hafts Roll Changing \/Intelligent Temperature Control Stretch Film Making Machine<\/b><\/strong><strong><b><br \/>\n<\/b><\/strong><strong><b>Casting film making machine<\/b><\/strong><strong><b><br \/>\n<\/b><\/strong><strong><b>Cling film making machine<\/b><\/strong><\/p>\n<p><strong><b>\u00a0<\/b><\/strong><\/p>\n<p>Cette machine est une installation de production de film \u00e9tirable coul\u00e9, avec des caract\u00e9ristiques de plastification \u00e9lev\u00e9e, d'op\u00e9ration facile, de longue dur\u00e9e de vie et d'\u00e9conomie d'\u00e9nergie. Elle est principalement utilis\u00e9e pour la production de film LLDPE, film LDPE, film PE, film CPE et film PEVA, etc.<\/p>\n<p>Il adopte un syst\u00e8me de contr\u00f4le industriel intelligent avanc\u00e9, avec un syst\u00e8me de chargement qui garantit un fonctionnement facile et s\u00fbr, un enroulement plus serr\u00e9 et plus r\u00e9gulier. Toutes les conceptions garantissent la qualit\u00e9 du film, am\u00e9liorent l'efficacit\u00e9 de la production, r\u00e9duisent les co\u00fbts de production et cr\u00e9ent plus de valeur, ce qui rend les produits plus comp\u00e9titifs.<\/p>\n<p><strong><b>\u00a0<\/b><\/strong><\/p>\n<p><strong><b>PRINCIPALES SP\u00c9CIFICATIONS TECHNIQUES<\/b><\/strong><strong><b>:<\/b><\/strong><\/p>\n<table>\n<tbody>\n<tr>\n<td width=\"5.6600%\">Non<\/td>\n<td width=\"47.0800%\"><\/td>\n<td width=\"47.2400%\"><\/td>\n<\/tr>\n<tr>\n<td width=\"5.6600%\">1<\/td>\n<td width=\"47.0800%\">Mod\u00e8le<\/td>\n<td width=\"47.2400%\">WX-65\/90\/65X1850<\/td>\n<\/tr>\n<tr>\n<td width=\"5.6600%\">2<\/td>\n<td width=\"47.0800%\">Diam\u00e8tre de la vis<\/td>\n<td width=\"47.2400%\">65\/90\/65mm<\/td>\n<\/tr>\n<tr>\n<td width=\"5.6600%\">3<\/td>\n<td width=\"47.0800%\">Vis L\/D<\/td>\n<td width=\"47.2400%\">30:1<\/td>\n<\/tr>\n<tr>\n<td width=\"5.6600%\">4<\/td>\n<td width=\"47.0800%\">Largeur du film<\/td>\n<td width=\"47.2400%\">200-1500mm (3x500mm)<\/td>\n<\/tr>\n<tr>\n<td width=\"5.6600%\">5<\/td>\n<td width=\"47.0800%\">Puissance totale<\/td>\n<td width=\"47.2400%\">130 KW<\/td>\n<\/tr>\n<tr>\n<td width=\"5.6600%\">6<\/td>\n<td width=\"47.0800%\">\u00c9paisseur<\/td>\n<td width=\"47.2400%\">0,01-0,05 mm<\/td>\n<\/tr>\n<tr>\n<td width=\"5.6600%\">7<\/td>\n<td width=\"47.0800%\">Capacit\u00e9<\/td>\n<td width=\"47.2400%\">50-280 KG\/HR<\/td>\n<\/tr>\n<tr>\n<td width=\"5.6600%\">8<\/td>\n<td width=\"47.0800%\">Film Structure de la couche<\/td>\n<td width=\"47.2400%\">ABC\/ACBCA<\/td>\n<\/tr>\n<tr>\n<td width=\"5.6600%\">9<\/td>\n<td width=\"47.0800%\">Poids total<\/td>\n<td width=\"47.2400%\">11 TON<\/td>\n<\/tr>\n<tr>\n<td width=\"5.6600%\">10<\/td>\n<td width=\"47.0800%\">Dimension de la machine (mm)<\/td>\n<td width=\"47.2400%\">11000 x 3600 x 3800 mm (L X L X H)<\/td>\n<\/tr>\n<\/tbody>\n<\/table>\n<p><strong><b>\u00a0<\/b><\/strong><\/p>\n<p>CARACT\u00c9RISTIQUES DE LA MACHINE :<\/p>\n<p>* Equip\u00e9 de 3 vis 65\/90\/65mm<\/p>\n<p>* Avec syst\u00e8me d'aspiration<\/p>\n<p>* Syst\u00e8me de fixation des bords du film<\/p>\n<p>* Chargement automatique de l'arbre \u00e0 air<\/p>\n<p>* Changeur d'\u00e9cran hydraulique automatique<\/p>\n<p>* Syst\u00e8me de broyage et de recyclage en ligne des d\u00e9chets de films<\/p>\n<p>* Capacit\u00e9 maximale de 280 kg\/h<\/p>\n<p>* Largeur du film : 1500mm x 1 rouleau<\/p>\n<p>500mm x 3 rouleaux<\/p>\n<h3><strong><b>T mourir :<\/b><\/strong><\/h3>\n<p>Matrice en T avec syst\u00e8me d'\u00e9pinglage des bords et syst\u00e8me d'aspiration<\/p>\n<p>Rouleau refroidisseur agrandi pour une meilleure qualit\u00e9 de film<\/p>\n<h3><strong><b>Enrouleur :<\/b><\/strong><\/h3>\n<p>Syst\u00e8me de coupe et d'\u00e9change automatique des rouleaux<\/p>\n<p>Syst\u00e8me de chargement automatique de l'arbre \u00e0 air, \u00e9conomisant les co\u00fbts de main-d'\u0153uvre et plus efficace.<\/p>\n<h3><strong><b>Refendage en ligne :<\/b><\/strong><\/h3>\n<p>Permet d'avoir plus d'une bobine \u00e0 la fois dans la limite de la largeur maximale du film et de d\u00e9couper le bord.<\/p>\n<h3><strong><b>Concassage et recyclage en ligne :<\/b><\/strong><\/h3>\n<p>Il s'agit de broyer le film coup\u00e9 et de le renvoyer dans la tr\u00e9mie pour qu'il soit \u00e0 nouveau produit avec de nouveaux granul\u00e9s vierges.<\/p>\n<p><strong><b>\u00a0<\/b><\/strong><\/p>\n<p><strong><b>FAQ :<\/b><\/strong><\/p>\n<p>1) Quelle est la garantie de vos produits ?<br \/>\nSi des pi\u00e8ces de la machine sont cass\u00e9es en raison d'un probl\u00e8me de qualit\u00e9 pendant la p\u00e9riode de garantie, nous vous enverrons une nouvelle pi\u00e8ce gratuitement (toute utilisation abusive ou destruction pr\u00e9m\u00e9dit\u00e9e n'est pas incluse dans la limitation de la garantie de qualit\u00e9).<\/p>\n<p>2. quelles sont vos conditions de paiement et de livraison ?<br \/>\nD\u00e9lai de paiement :<br \/>\n1) T\/T, 30% en pr\u00e9paiement, 70% avant la livraison<br \/>\n2) L\/C, 30% par T\/T ,70% par L\/C \u00e0 vue<br \/>\nD\u00e9lai de livraison : Le d\u00e9lai de livraison standard est de 30 \u00e0 40 jours ouvrables.<\/p>\n<p>3. quelle assistance technique pouvons-nous obtenir si nous commandons des machines ?<br \/>\nNous pouvons fournir des plans d'installation, des instructions d'utilisation de base, des explications sur le fonctionnement \u00e0 l'aide de vid\u00e9os et de photos, des appels vid\u00e9o en ligne pour l'assistance technique si n\u00e9cessaire.<\/p>","protected":false},"excerpt":{"rendered":"<p>WX&#8211;SF1000\/1200\/1500\/1600\/2000 Three-layer\/Five-layer\u00a0Co-extrusion\u00a0Double Shafts Roll Changing \/Intelligent Temperature Control Stretch Film Making Machine Casting film making machine Cling film making machine \u00a0 This machine is a cast stretch film production plant, with high plasticizing, easy operation, long life, energy saving features and it is mainly used for the production of LLDPE film, LDPE film, PE film, [&hellip;]<\/p>","protected":false},"featured_media":2838,"comment_status":"open","ping_status":"closed","template":"","meta":{"site-sidebar-layout":"default","site-content-layout":"","ast-site-content-layout":"default","site-content-style":"default","site-sidebar-style":"default","ast-global-header-display":"","ast-banner-title-visibility":"","ast-main-header-display":"","ast-hfb-above-header-display":"","ast-hfb-below-header-display":"","ast-hfb-mobile-header-display":"","site-post-title":"","ast-breadcrumbs-content":"","ast-featured-img":"","footer-sml-layout":"","theme-transparent-header-meta":"default","adv-header-id-meta":"","stick-header-meta":"","header-above-stick-meta":"","header-main-stick-meta":"","header-below-stick-meta":"","astra-migrate-meta-layouts":"set","ast-page-background-enabled":"default","ast-page-background-meta":{"desktop":{"background-color":"","background-image":"","background-repeat":"repeat","background-position":"center center","background-size":"auto","background-attachment":"scroll","background-type":"","background-media":"","overlay-type":"","overlay-color":"","overlay-gradient":""},"tablet":{"background-color":"","background-image":"","background-repeat":"repeat","background-position":"center center","background-size":"auto","background-attachment":"scroll","background-type":"","background-media":"","overlay-type":"","overlay-color":"","overlay-gradient":""},"mobile":{"background-color":"","background-image":"","background-repeat":"repeat","background-position":"center center","background-size":"auto","background-attachment":"scroll","background-type":"","background-media":"","overlay-type":"","overlay-color":"","overlay-gradient":""}},"ast-content-background-meta":{"desktop":{"background-color":"var(--ast-global-color-5)","background-image":"","background-repeat":"repeat","background-position":"center center","background-size":"auto","background-attachment":"scroll","background-type":"","background-media":"","overlay-type":"","overlay-color":"","overlay-gradient":""},"tablet":{"background-color":"var(--ast-global-color-5)","background-image":"","background-repeat":"repeat","background-position":"center center","background-size":"auto","background-attachment":"scroll","background-type":"","background-media":"","overlay-type":"","overlay-color":"","overlay-gradient":""},"mobile":{"background-color":"var(--ast-global-color-5)","background-image":"","background-repeat":"repeat","background-position":"center center","background-size":"auto","background-attachment":"scroll","background-type":"","background-media":"","overlay-type":"","overlay-color":"","overlay-gradient":""}}},"product_cat":[135,137],"product_tag":[],"jetpack_sharing_enabled":true,"_links":{"self":[{"href":"https:\/\/wxplastmachine.com\/fr\/wp-json\/wp\/v2\/product\/2694"}],"collection":[{"href":"https:\/\/wxplastmachine.com\/fr\/wp-json\/wp\/v2\/product"}],"about":[{"href":"https:\/\/wxplastmachine.com\/fr\/wp-json\/wp\/v2\/types\/product"}],"replies":[{"embeddable":true,"href":"https:\/\/wxplastmachine.com\/fr\/wp-json\/wp\/v2\/comments?post=2694"}],"wp:featuredmedia":[{"embeddable":true,"href":"https:\/\/wxplastmachine.com\/fr\/wp-json\/wp\/v2\/media\/2838"}],"wp:attachment":[{"href":"https:\/\/wxplastmachine.com\/fr\/wp-json\/wp\/v2\/media?parent=2694"}],"wp:term":[{"taxonomy":"product_cat","embeddable":true,"href":"https:\/\/wxplastmachine.com\/fr\/wp-json\/wp\/v2\/product_cat?post=2694"},{"taxonomy":"product_tag","embeddable":true,"href":"https:\/\/wxplastmachine.com\/fr\/wp-json\/wp\/v2\/product_tag?post=2694"}],"curies":[{"name":"wp","href":"https:\/\/api.w.org\/{rel}","templated":true}]}}