{"id":3338,"date":"2024-09-06T14:53:26","date_gmt":"2024-09-06T06:53:26","guid":{"rendered":"https:\/\/wxplastmachine.com\/?post_type=product&#038;p=3338"},"modified":"2024-09-06T16:21:50","modified_gmt":"2024-09-06T08:21:50","slug":"pe-pp-pet-pvc-two-stage-pellets-making-machine-plastic-scraps-bottle-flakes-waste-recycling-granulating-line","status":"publish","type":"product","link":"https:\/\/wxplastmachine.com\/fr\/produit\/pe-pp-pet-pvc-two-stage-pellets-making-machine-plastic-scraps-bottle-flakes-waste-recycling-granulating-line","title":{"rendered":"PE PP PET PVC Machine de fabrication de pastilles en deux \u00e9tapes Ligne de granulation de d\u00e9chets de recyclage de bouteilles en plastique"},"content":{"rendered":"<p><strong>PE\u00a0PP\u00a0PET PVC Two Stage Pellets Making Machine Plastic Scraps Bottle Flakes Waste Recycling Granulating Line<\/strong><\/p>\n<p>SJ\/SJ series single screw two-stage granulator is mainly suitable for granulating solid materials, suitable for materials with a bulk density of 0.1-0.3g\/l; it can process plastics such as PE, PP, PS, PVC, ABS, PA, PC, PET, etc. The characteristics of the single screw two-stage granulator are that it is suitable for materials with more impurities, higher moisture content and large output. It also has a forced feeder.<\/p>\n<p><strong><b>Principaux param\u00e8tres techniques\uff1a<\/b><\/strong><\/p>\n<table>\n<tbody>\n<tr>\n<td colspan=\"7\">Technology Parameter<\/td>\n<\/tr>\n<tr>\n<td colspan=\"2\">Type<\/td>\n<td>SJ\/SJ100<\/td>\n<td>SJ\/SJ120<\/td>\n<td>SJ\/SJ150<\/td>\n<td>SJ\/SJ180<\/td>\n<td>SJ\/SJ200<\/td>\n<\/tr>\n<tr>\n<td colspan=\"2\">Capacity (kg\/h)<\/td>\n<td>300-380<\/td>\n<td>400-500<\/td>\n<td>600-750<\/td>\n<td>800-950<\/td>\n<td>1000-1200<\/td>\n<\/tr>\n<tr>\n<td colspan=\"2\">Energy consumption (kWh\/kg)<\/td>\n<td>0.2-0.3<\/td>\n<td>0.2-0.3<\/td>\n<td>0.2-0.3<\/td>\n<td>0.2-0.3<\/td>\n<td>0.2-0.3<\/td>\n<\/tr>\n<tr>\n<td colspan=\"2\">A \/ Length (mm)<\/td>\n<td>12,500<\/td>\n<td>13,800<\/td>\n<td>14,900<\/td>\n<td>15,200<\/td>\n<td>16,500<\/td>\n<\/tr>\n<tr>\n<td colspan=\"2\">B \/ Width (mm)<\/td>\n<td>2,500<\/td>\n<td>2,500<\/td>\n<td>2,500<\/td>\n<td>3,300<\/td>\n<td>3,500<\/td>\n<\/tr>\n<tr>\n<td colspan=\"2\">C \/ Height (mm)<\/td>\n<td>3,750<\/td>\n<td>3,980<\/td>\n<td>4,250<\/td>\n<td>4,460<\/td>\n<td>4,850<\/td>\n<\/tr>\n<tr>\n<td rowspan=\"3\">&nbsp;<\/p>\n<p>Extrudeuse<\/td>\n<td>Screw Diameter (mm)<\/td>\n<td>\u03a6100<\/td>\n<td>\u03a6120<\/td>\n<td>\u03a6150<\/td>\n<td>\u03a6180<\/td>\n<td>\u03a6200<\/td>\n<\/tr>\n<tr>\n<td>L\/D<\/td>\n<td>25-35<\/td>\n<td>25-35<\/td>\n<td>25-35<\/td>\n<td>25-35<\/td>\n<td>25-35<\/td>\n<\/tr>\n<tr>\n<td>Motor power (kW)<\/td>\n<td>90-110<\/td>\n<td>132-160<\/td>\n<td>160-200<\/td>\n<td>250-315<\/td>\n<td>315-355<\/td>\n<\/tr>\n<tr>\n<td rowspan=\"4\">&nbsp;<\/p>\n<p>&nbsp;<\/p>\n<p>&nbsp;<\/p>\n<p>Filter<\/p>\n<p>(options)<\/td>\n<td>Two position plate type<\/td>\n<td>\u25cf<\/td>\n<td>\u25cf<\/td>\n<td>\u25cf<\/td>\n<td>\u25cf<\/td>\n<td>\u25cf<\/td>\n<\/tr>\n<tr>\n<td>Two position piston type<\/td>\n<td>\u25cb<\/td>\n<td>\u25cb<\/td>\n<td>\u25cb<\/td>\n<td>\u25cb<\/td>\n<td>\u25cb<\/td>\n<\/tr>\n<tr>\n<td>Back flush piston type<\/td>\n<td>\u25cb<\/td>\n<td>\u25cb<\/td>\n<td>\u25cb<\/td>\n<td>\u25cb<\/td>\n<td>\u25cb<\/td>\n<\/tr>\n<tr>\n<td>Automatic self-cleaning type<\/td>\n<td>\u25cb<\/td>\n<td>\u25cb<\/td>\n<td>\u25cb<\/td>\n<td>\u25cb<\/td>\n<td>\u25cb<\/td>\n<\/tr>\n<tr>\n<td rowspan=\"3\">&nbsp;<\/p>\n<p>2nd Extruder<\/p>\n<p>(optional)<\/td>\n<td>Screw Diameter (mm)<\/td>\n<td>\u03a6120<\/td>\n<td>\u03a6150<\/td>\n<td>\u03a6150<\/td>\n<td>\u03a6180<\/td>\n<td>\u03a6200<\/td>\n<\/tr>\n<tr>\n<td>L\/D<\/td>\n<td>8-12<\/td>\n<td>8-12<\/td>\n<td>8-12<\/td>\n<td>8-12<\/td>\n<td>8-12<\/td>\n<\/tr>\n<tr>\n<td>Motor power (kW)<\/td>\n<td>37-45<\/td>\n<td>45-55<\/td>\n<td>55-75<\/td>\n<td>75-90<\/td>\n<td>90-110<\/td>\n<\/tr>\n<tr>\n<td rowspan=\"4\">&nbsp;<\/p>\n<p>&nbsp;<\/p>\n<p>Downstream<\/p>\n<p>(options)<\/td>\n<td>Water ring pelletizer<\/td>\n<td>\u25cf<\/td>\n<td>\u25cf<\/td>\n<td>\u25cf<\/td>\n<td>\u25cf<\/td>\n<td>\u25cf<\/td>\n<\/tr>\n<tr>\n<td>Strand pelletizer<\/td>\n<td>\u25cb<\/td>\n<td>\u25cb<\/td>\n<td>\u25cb<\/td>\n<td>\u25cb<\/td>\n<td>\u25cb<\/td>\n<\/tr>\n<tr>\n<td>Automatic strand pelletizer<\/td>\n<td>\u25cb<\/td>\n<td>\u25cb<\/td>\n<td>\u25cb<\/td>\n<td>\u25cb<\/td>\n<td>\u25cb<\/td>\n<\/tr>\n<tr>\n<td>Underwater pelletizer<\/td>\n<td>\u25cb<\/td>\n<td>\u25cb<\/td>\n<td>\u25cb<\/td>\n<td>\u25cb<\/td>\n<td>\u25cb<\/td>\n<\/tr>\n<\/tbody>\n<\/table>\n<ul>\n<li>Standard\u00a0 \u00a0 \u00a0 \u00a0 \u00a0 \u00a0\u25cb Alternative<\/li>\n<\/ul>\n<p><strong><u><b>Lignes d'extrusion-<\/b><\/u><\/strong><strong><b>Contactez nous, nous vous donnerons les meilleurs conseils.<\/b><\/strong><\/p>\n<p>Diff\u00e9rents modes de granulation, tels que la granulation par refroidissement \u00e0 l'eau, la granulation par refroidissement \u00e0 l'air, la granulation par anneau d'eau, la granulation sous l'eau, etc.<\/p>\n<p><img fetchpriority=\"high\" decoding=\"async\" class=\"alignnone size-full wp-image-3330\" src=\"https:\/\/wxplastmachine.com\/wp-content\/uploads\/2024\/09\/\u5fae\u4fe1\u622a\u56fe_20240905220819.jpg\" alt=\"\" width=\"352\" height=\"573\" srcset=\"https:\/\/wxplastmachine.com\/wp-content\/uploads\/2024\/09\/\u5fae\u4fe1\u622a\u56fe_20240905220819.jpg 352w, https:\/\/wxplastmachine.com\/wp-content\/uploads\/2024\/09\/\u5fae\u4fe1\u622a\u56fe_20240905220819-184x300.jpg 184w, https:\/\/wxplastmachine.com\/wp-content\/uploads\/2024\/09\/\u5fae\u4fe1\u622a\u56fe_20240905220819-7x12.jpg 7w\" sizes=\"(max-width: 352px) 100vw, 352px\" \/><\/p>\n<p><strong><b>FAQ :<\/b><\/strong><\/p>\n<p>1) Quelle est la garantie de vos produits ?<br \/>\nSi des pi\u00e8ces de la machine sont cass\u00e9es en raison d'un probl\u00e8me de qualit\u00e9 pendant la p\u00e9riode de garantie, nous vous enverrons une nouvelle pi\u00e8ce gratuitement (toute utilisation abusive ou destruction pr\u00e9m\u00e9dit\u00e9e n'est pas incluse dans la limitation de la garantie de qualit\u00e9).<\/p>\n<p>2. quelles sont vos conditions de paiement et de livraison ?<br \/>\nD\u00e9lai de paiement :<br \/>\n1) T\/T, 30% en pr\u00e9paiement, 70% avant la livraison<br \/>\n2) L\/C, 30% par T\/T ,70% par L\/C \u00e0 vue<br \/>\nD\u00e9lai de livraison : Le d\u00e9lai de livraison standard est de 30 \u00e0 40 jours ouvrables.<\/p>\n<p>3. quelle assistance technique pouvons-nous obtenir si nous commandons des machines ?<br \/>\nNous pouvons fournir des plans d'installation, des instructions d'utilisation de base, des explications sur le fonctionnement \u00e0 l'aide de vid\u00e9os et de photos, des appels vid\u00e9o en ligne pour l'assistance technique si n\u00e9cessaire.<\/p>\n<p>&nbsp;<\/p>","protected":false},"excerpt":{"rendered":"<p>PE\u00a0PP\u00a0PET PVC Two Stage Pellets Making Machine Plastic Scraps Bottle Flakes Waste Recycling Granulating Line SJ\/SJ series single screw two-stage granulator is mainly suitable for granulating solid materials, suitable for materials with a bulk density of 0.1-0.3g\/l; it can process plastics such as PE, PP, PS, PVC, ABS, PA, PC, PET, etc. The characteristics of [&hellip;]<\/p>","protected":false},"featured_media":3359,"comment_status":"open","ping_status":"closed","template":"","meta":{"site-sidebar-layout":"default","site-content-layout":"","ast-site-content-layout":"default","site-content-style":"default","site-sidebar-style":"default","ast-global-header-display":"","ast-banner-title-visibility":"","ast-main-header-display":"","ast-hfb-above-header-display":"","ast-hfb-below-header-display":"","ast-hfb-mobile-header-display":"","site-post-title":"","ast-breadcrumbs-content":"","ast-featured-img":"","footer-sml-layout":"","theme-transparent-header-meta":"default","adv-header-id-meta":"","stick-header-meta":"","header-above-stick-meta":"","header-main-stick-meta":"","header-below-stick-meta":"","astra-migrate-meta-layouts":"set","ast-page-background-enabled":"default","ast-page-background-meta":{"desktop":{"background-color":"","background-image":"","background-repeat":"repeat","background-position":"center center","background-size":"auto","background-attachment":"scroll","background-type":"","background-media":"","overlay-type":"","overlay-color":"","overlay-gradient":""},"tablet":{"background-color":"","background-image":"","background-repeat":"repeat","background-position":"center center","background-size":"auto","background-attachment":"scroll","background-type":"","background-media":"","overlay-type":"","overlay-color":"","overlay-gradient":""},"mobile":{"background-color":"","background-image":"","background-repeat":"repeat","background-position":"center center","background-size":"auto","background-attachment":"scroll","background-type":"","background-media":"","overlay-type":"","overlay-color":"","overlay-gradient":""}},"ast-content-background-meta":{"desktop":{"background-color":"var(--ast-global-color-5)","background-image":"","background-repeat":"repeat","background-position":"center center","background-size":"auto","background-attachment":"scroll","background-type":"","background-media":"","overlay-type":"","overlay-color":"","overlay-gradient":""},"tablet":{"background-color":"var(--ast-global-color-5)","background-image":"","background-repeat":"repeat","background-position":"center center","background-size":"auto","background-attachment":"scroll","background-type":"","background-media":"","overlay-type":"","overlay-color":"","overlay-gradient":""},"mobile":{"background-color":"var(--ast-global-color-5)","background-image":"","background-repeat":"repeat","background-position":"center center","background-size":"auto","background-attachment":"scroll","background-type":"","background-media":"","overlay-type":"","overlay-color":"","overlay-gradient":""}}},"product_cat":[166,159,161],"product_tag":[],"jetpack_sharing_enabled":true,"_links":{"self":[{"href":"https:\/\/wxplastmachine.com\/fr\/wp-json\/wp\/v2\/product\/3338"}],"collection":[{"href":"https:\/\/wxplastmachine.com\/fr\/wp-json\/wp\/v2\/product"}],"about":[{"href":"https:\/\/wxplastmachine.com\/fr\/wp-json\/wp\/v2\/types\/product"}],"replies":[{"embeddable":true,"href":"https:\/\/wxplastmachine.com\/fr\/wp-json\/wp\/v2\/comments?post=3338"}],"wp:featuredmedia":[{"embeddable":true,"href":"https:\/\/wxplastmachine.com\/fr\/wp-json\/wp\/v2\/media\/3359"}],"wp:attachment":[{"href":"https:\/\/wxplastmachine.com\/fr\/wp-json\/wp\/v2\/media?parent=3338"}],"wp:term":[{"taxonomy":"product_cat","embeddable":true,"href":"https:\/\/wxplastmachine.com\/fr\/wp-json\/wp\/v2\/product_cat?post=3338"},{"taxonomy":"product_tag","embeddable":true,"href":"https:\/\/wxplastmachine.com\/fr\/wp-json\/wp\/v2\/product_tag?post=3338"}],"curies":[{"name":"wp","href":"https:\/\/api.w.org\/{rel}","templated":true}]}}