{"id":3407,"date":"2024-10-15T14:39:04","date_gmt":"2024-10-15T06:39:04","guid":{"rendered":"https:\/\/wxplastmachine.com\/?post_type=product&#038;p=3407"},"modified":"2024-10-15T14:52:58","modified_gmt":"2024-10-15T06:52:58","slug":"cpe-eva-tpe-cast-film-extrusion-machine","status":"publish","type":"product","link":"https:\/\/wxplastmachine.com\/fr\/produit\/cpe-eva-tpe-cast-film-extrusion-machine","title":{"rendered":"Machine d'extrusion de film coul\u00e9 CPE EVA TPE"},"content":{"rendered":"<p>Il s'agit d'un \u00e9quipement de production de films coul\u00e9s, utilisant une t\u00eate de fili\u00e8re en acier inoxydable, un servomoteur, un onduleur import\u00e9, des composants \u00e9lectroniques Siemens et d'autres accessoires de marque, fonctionnant rapidement et de mani\u00e8re stable avec un produit fini de haute qualit\u00e9.La machine de contr\u00f4le PLC permet d'ajuster l'\u00e9paisseur du film, la refente automatique, le recyclage des d\u00e9chets, le changement automatique de rouleau et d'autres fonctions. Applicable au PE, CPE, TPE, si les clients ont besoin de produire des films d'autres mat\u00e9riaux, nous pouvons \u00e9galement les personnaliser, tels que EVA POE TPU PP PA PVA PVB CPP POE SGP En fonction de la largeur du film, nous pouvons diviser le film en plusieurs cat\u00e9gories, nous pouvons \u00eatre divis\u00e9s en machine de film \u00e9tirable coul\u00e9 1200mm machine d'extrusion de film \u00e9tirable coul\u00e9 1600mm machine d'extrusion de film \u00e9tirable coul\u00e9 2000mm \u00e9quipement de production de film \u00e9tirable Selon la classification du mat\u00e9riau applicable, nous pouvons \u00eatre divis\u00e9s en machine d'extrusion de film \u00e9tirable coul\u00e9 PE machine d'extrusion de film \u00e9tirable coul\u00e9 CPE machine d'extrusion de film \u00e9tirable coul\u00e9 TPE machine d'extrusion de film \u00e9tirable coul\u00e9 Selon le gaufrage ou non, Selon le nombre de couches du film, nous pouvons nous diviser en machine d'extrusion de film \u00e9tirable coul\u00e9 monocouche\/monocouche machine d'extrusion de film \u00e9tirable coul\u00e9 deux couches\/couches doubles machine d'extrusion de film \u00e9tirable coul\u00e9 3 couches co-extrusion machine d'extrusion de film \u00e9tirable coul\u00e9 Les films TPE et CPE sont largement utilis\u00e9s dans les produits de soins humains, les domaines m\u00e9dicaux, les domaines de l'emballage, etc. Les demandes de renseignements de nos clients sont les bienvenues. Nous r\u00e9pondrons \u00e0 la confiance de nos clients en leur offrant le meilleur service et la meilleure qualit\u00e9.<\/p>\n<p>WX-CPEVA-2600MM unit\u00e9 de film de coul\u00e9e<\/p>\n<p><strong>Introduction d\u00e9taill\u00e9e<\/strong><\/p>\n<p>Cette unit\u00e9 est bas\u00e9e sur les nombreuses ann\u00e9es de fabrication d'\u00e9quipements de moulage de notre soci\u00e9t\u00e9 et sur les op\u00e9rations r\u00e9elles des clients, accumulant continuellement de l'exp\u00e9rience et combinant les technologies avanc\u00e9es \u00e9trang\u00e8res pour mettre \u00e0 jour et transformer continuellement, avec une plastification \u00e9lev\u00e9e, une op\u00e9ration facile, une longue dur\u00e9e de vie de la machine, une \u00e9conomie d'\u00e9nergie, etc. et les pays \u00e9trangers L'unit\u00e9 de production de films moul\u00e9s avec des normes techniques, avec LDPE, LLDPE, HDPE et EVA comme mati\u00e8res premi\u00e8res principales, peut produire des films d\u00e9polis moul\u00e9s, des films gaufr\u00e9s, des films mats et d'autres produits. L'unit\u00e9 adopte un syst\u00e8me de contr\u00f4le industriel intelligent avanc\u00e9, coop\u00e8re avec un enrouleur central automatique et est \u00e9quip\u00e9e d'un contr\u00f4leur de tension import\u00e9, qui peut automatiquement changer de bobine et couper, assurant un fonctionnement s\u00fbr et pratique, rendant l'enroulement plus fort et plus lisse, et garantissant la qualit\u00e9 du produit. Elle am\u00e9liore consid\u00e9rablement l'efficacit\u00e9 de la production, r\u00e9duit les co\u00fbts de production et cr\u00e9e une plus grande valeur ajout\u00e9e pour les clients.<\/p>\n<p>Caract\u00e9ristiques<\/p>\n<p>1. Avec les chargeurs automatiques<\/p>\n<p>2. la vis est con\u00e7ue avec une capacit\u00e9 de plastification \u00e9lev\u00e9e, une bonne plastification, un bon effet de m\u00e9lange et un rendement \u00e9lev\u00e9 :<\/p>\n<p>3. changeur hydraulique automatique d'\u00e9cran<br \/>\n4. la d\u00e9tection automatique en ligne de l'\u00e9paisseur du film et le r\u00e9glage automatique de la t\u00eate de d\u00e9coupe peuvent \u00eatre s\u00e9lectionn\u00e9s :<br \/>\n5 Le rouleau refroidisseur adopte une conception sp\u00e9ciale de canal d'\u00e9coulement, et l'effet de refroidissement et de mise en forme du film est bon \u00e0 grande vitesse :<br \/>\n6. Syst\u00e8me d'\u00e9pinglage des bords du film, le mat\u00e9riau des bords du film est directement recycl\u00e9 en ligne, ce qui r\u00e9duit consid\u00e9rablement le co\u00fbt de production.<\/p>\n<p>7. changement et coupe automatique des rouleaux.<\/p>\n<p><strong><b>SP\u00c9CIFICATIONS DU PRODUIT<\/b><\/strong><\/p>\n<table>\n<tbody>\n<tr>\n<td width=\"250\">Mod\u00e8le<\/td>\n<td width=\"250\">WX-L\u03a675\/110\/75*2600<\/td>\n<td width=\"250\">Mod\u00e8le<\/td>\n<\/tr>\n<tr>\n<td width=\"250\">Diam\u00e8tre de la vis<\/td>\n<td width=\"250\">75\/110\/75mm<\/td>\n<td width=\"250\">Diam\u00e8tre de la vis<\/td>\n<\/tr>\n<tr>\n<td width=\"250\">Vis L\/D<\/td>\n<td width=\"250\">30\uff1a1<\/td>\n<td width=\"250\">Vis L\/D<\/td>\n<\/tr>\n<tr>\n<td width=\"250\">Vitesse de conception<\/td>\n<td width=\"250\">120m\/min<\/td>\n<td width=\"250\">Vitesse de conception<\/td>\n<\/tr>\n<tr>\n<td width=\"250\">Largeur<\/td>\n<td width=\"250\">2000mm<\/td>\n<td width=\"250\">Largeur<\/td>\n<\/tr>\n<tr>\n<td width=\"250\">Puissance totale<\/td>\n<td width=\"250\">210KW<\/td>\n<td width=\"250\">Puissance totale<\/td>\n<\/tr>\n<tr>\n<td width=\"250\">\u00c9paisseur<\/td>\n<td width=\"250\">0,03\uff5e0,3mm x2200mm<\/td>\n<td width=\"250\">\u00c9paisseur<\/td>\n<\/tr>\n<tr>\n<td width=\"250\">Caoacity<\/td>\n<td width=\"250\">400kg\/h<\/td>\n<td width=\"250\">Caoacity<\/td>\n<\/tr>\n<tr>\n<td width=\"250\">Structure des couches<\/td>\n<td width=\"250\">A\/B\/C<\/td>\n<td width=\"250\">Structure des couches<\/td>\n<\/tr>\n<tr>\n<td width=\"250\">Poids total<\/td>\n<td width=\"250\">16T<\/td>\n<td width=\"250\">Poids total<\/td>\n<\/tr>\n<\/tbody>\n<\/table>\n<p><img fetchpriority=\"high\" decoding=\"async\" class=\"alignnone size-full wp-image-3408\" src=\"https:\/\/wxplastmachine.com\/wp-content\/uploads\/2024\/10\/1663578050354398.jpg\" alt=\"\" width=\"800\" height=\"800\" srcset=\"https:\/\/wxplastmachine.com\/wp-content\/uploads\/2024\/10\/1663578050354398.jpg 800w, https:\/\/wxplastmachine.com\/wp-content\/uploads\/2024\/10\/1663578050354398-300x300.jpg 300w, https:\/\/wxplastmachine.com\/wp-content\/uploads\/2024\/10\/1663578050354398-150x150.jpg 150w, https:\/\/wxplastmachine.com\/wp-content\/uploads\/2024\/10\/1663578050354398-768x768.jpg 768w, https:\/\/wxplastmachine.com\/wp-content\/uploads\/2024\/10\/1663578050354398-12x12.jpg 12w, https:\/\/wxplastmachine.com\/wp-content\/uploads\/2024\/10\/1663578050354398-600x600.jpg 600w, https:\/\/wxplastmachine.com\/wp-content\/uploads\/2024\/10\/1663578050354398-100x100.jpg 100w\" sizes=\"(max-width: 800px) 100vw, 800px\" \/><\/p>","protected":false},"excerpt":{"rendered":"<p>This is a cast film production equipment, using stainless steel die head, servo motor, imported inverter, Siemens electronic components and other brand accessories, running fast and stable with high quality finish product.PLC control machine to adjust the film thickness, automatic slitting, scrap recycling, automatic roll change and other functions. Applicable to PE, CPE, TPE , [&hellip;]<\/p>","protected":false},"featured_media":3409,"comment_status":"open","ping_status":"closed","template":"","meta":{"site-sidebar-layout":"default","site-content-layout":"","ast-site-content-layout":"default","site-content-style":"default","site-sidebar-style":"default","ast-global-header-display":"","ast-banner-title-visibility":"","ast-main-header-display":"","ast-hfb-above-header-display":"","ast-hfb-below-header-display":"","ast-hfb-mobile-header-display":"","site-post-title":"","ast-breadcrumbs-content":"","ast-featured-img":"","footer-sml-layout":"","theme-transparent-header-meta":"default","adv-header-id-meta":"","stick-header-meta":"","header-above-stick-meta":"","header-main-stick-meta":"","header-below-stick-meta":"","astra-migrate-meta-layouts":"set","ast-page-background-enabled":"default","ast-page-background-meta":{"desktop":{"background-color":"","background-image":"","background-repeat":"repeat","background-position":"center center","background-size":"auto","background-attachment":"scroll","background-type":"","background-media":"","overlay-type":"","overlay-color":"","overlay-gradient":""},"tablet":{"background-color":"","background-image":"","background-repeat":"repeat","background-position":"center center","background-size":"auto","background-attachment":"scroll","background-type":"","background-media":"","overlay-type":"","overlay-color":"","overlay-gradient":""},"mobile":{"background-color":"","background-image":"","background-repeat":"repeat","background-position":"center center","background-size":"auto","background-attachment":"scroll","background-type":"","background-media":"","overlay-type":"","overlay-color":"","overlay-gradient":""}},"ast-content-background-meta":{"desktop":{"background-color":"var(--ast-global-color-5)","background-image":"","background-repeat":"repeat","background-position":"center center","background-size":"auto","background-attachment":"scroll","background-type":"","background-media":"","overlay-type":"","overlay-color":"","overlay-gradient":""},"tablet":{"background-color":"var(--ast-global-color-5)","background-image":"","background-repeat":"repeat","background-position":"center center","background-size":"auto","background-attachment":"scroll","background-type":"","background-media":"","overlay-type":"","overlay-color":"","overlay-gradient":""},"mobile":{"background-color":"var(--ast-global-color-5)","background-image":"","background-repeat":"repeat","background-position":"center center","background-size":"auto","background-attachment":"scroll","background-type":"","background-media":"","overlay-type":"","overlay-color":"","overlay-gradient":""}}},"product_cat":[139],"product_tag":[],"jetpack_sharing_enabled":true,"_links":{"self":[{"href":"https:\/\/wxplastmachine.com\/fr\/wp-json\/wp\/v2\/product\/3407"}],"collection":[{"href":"https:\/\/wxplastmachine.com\/fr\/wp-json\/wp\/v2\/product"}],"about":[{"href":"https:\/\/wxplastmachine.com\/fr\/wp-json\/wp\/v2\/types\/product"}],"replies":[{"embeddable":true,"href":"https:\/\/wxplastmachine.com\/fr\/wp-json\/wp\/v2\/comments?post=3407"}],"wp:featuredmedia":[{"embeddable":true,"href":"https:\/\/wxplastmachine.com\/fr\/wp-json\/wp\/v2\/media\/3409"}],"wp:attachment":[{"href":"https:\/\/wxplastmachine.com\/fr\/wp-json\/wp\/v2\/media?parent=3407"}],"wp:term":[{"taxonomy":"product_cat","embeddable":true,"href":"https:\/\/wxplastmachine.com\/fr\/wp-json\/wp\/v2\/product_cat?post=3407"},{"taxonomy":"product_tag","embeddable":true,"href":"https:\/\/wxplastmachine.com\/fr\/wp-json\/wp\/v2\/product_tag?post=3407"}],"curies":[{"name":"wp","href":"https:\/\/api.w.org\/{rel}","templated":true}]}}