{"id":3422,"date":"2024-10-15T16:32:22","date_gmt":"2024-10-15T08:32:22","guid":{"rendered":"https:\/\/wxplastmachine.com\/?post_type=product&#038;p=3422"},"modified":"2024-10-15T16:52:12","modified_gmt":"2024-10-15T08:52:12","slug":"full-automatic-cpp-multi-layer-cast-film-extrusion-machine-production-line","status":"publish","type":"product","link":"https:\/\/wxplastmachine.com\/fr\/produit\/full-automatic-cpp-multi-layer-cast-film-extrusion-machine-production-line","title":{"rendered":"Ligne de production enti\u00e8rement automatique pour l'extrusion de films coul\u00e9s multicouches CPP"},"content":{"rendered":"<p><strong><b>Description du produit :<\/b><\/strong><\/p>\n<table>\n<tbody>\n<tr>\n<td>Mod\u00e8le<\/td>\n<td>Ligne d'emballage automatique de films<\/td>\n<\/tr>\n<tr>\n<td>Mat\u00e9riau<\/td>\n<td>acier\/aluminium\/plastique<\/td>\n<\/tr>\n<tr>\n<td rowspan=\"6\">Fonctionnalit\u00e9<\/td>\n<td>1. \u00e9quipement efficace et s\u00fbr<\/td>\n<\/tr>\n<tr>\n<td>2. utilisation d'un servomoteur, contr\u00f4le de haute pr\u00e9cision de chaque action<\/td>\n<\/tr>\n<tr>\n<td>3. \u00e9quip\u00e9 d'une d\u00e9tection automatique du diam\u00e8tre et de la longueur, d'un pesage automatique et d'une fonction d'\u00e9tiquetage automatique<\/td>\n<\/tr>\n<tr>\n<td>4. le fonctionnement est simple, l'ensemble de la ligne ne n\u00e9cessite que 1 \u00e0 2 personnes.<\/td>\n<\/tr>\n<tr>\n<td>5. vitesse \u00e9lev\u00e9e permettant de d\u00e9charger un rouleau en 18 secondes.<\/td>\n<\/tr>\n<tr>\n<td>6. connexion sans faille avec l'\u00e9quipement de coupe en amont et de manutention en aval<\/td>\n<\/tr>\n<\/tbody>\n<\/table>\n<p><strong><b>Param\u00e8tres techniques :<\/b><\/strong><\/p>\n<table>\n<tbody>\n<tr>\n<td width=\"38.4000%\">Mod\u00e8le<\/td>\n<td width=\"30.7800%\">WX-2200mm full-auto<\/td>\n<td width=\"30.7800%\">WX-3500mm full-auto<\/td>\n<\/tr>\n<tr>\n<td width=\"38.4000%\">Diam\u00e8tre de la vis<\/td>\n<td width=\"30.7800%\">90mm\/135mm\/90mm<\/td>\n<td width=\"30.7800%\">100mm\/180mm\/100mm<\/td>\n<\/tr>\n<tr>\n<td width=\"38.4000%\">Vis L:D<\/td>\n<td width=\"30.7800%\">35:1\/35:1\/35:1<\/td>\n<td width=\"30.7800%\">35:1\/35:1\/35:1<\/td>\n<\/tr>\n<tr>\n<td width=\"38.4000%\">Largeur du produit<\/td>\n<td width=\"30.7800%\">2200mm<\/td>\n<td width=\"30.7800%\">3500mm<\/td>\n<\/tr>\n<tr>\n<td width=\"38.4000%\">Vitesse lin\u00e9aire des machines<\/td>\n<td width=\"30.7800%\">250m\/min<\/td>\n<td width=\"30.7800%\">250m\/min<\/td>\n<\/tr>\n<tr>\n<td width=\"38.4000%\">Structure des couches de film<\/td>\n<td width=\"30.7800%\">A\/B\/C<\/td>\n<td width=\"30.7800%\">A\/B\/C<\/td>\n<\/tr>\n<tr>\n<td width=\"38.4000%\">\u00c9paisseur de production<\/td>\n<td width=\"30.7800%\">0,02-0,1 mm<\/td>\n<td width=\"30.7800%\">0,02-0,1 mm<\/td>\n<\/tr>\n<tr>\n<td width=\"38.4000%\">Dimension<\/td>\n<td width=\"30.7800%\">20000*5000*5000mm<\/td>\n<td width=\"30.7800%\">20000*6000*5500mm<\/td>\n<\/tr>\n<\/tbody>\n<\/table>\n<p><img fetchpriority=\"high\" decoding=\"async\" class=\"alignnone size-full wp-image-3434\" src=\"https:\/\/wxplastmachine.com\/wp-content\/uploads\/2024\/10\/\u5fae\u4fe1\u622a\u56fe_20241012105352.jpg\" alt=\"\" width=\"1248\" height=\"350\" srcset=\"https:\/\/wxplastmachine.com\/wp-content\/uploads\/2024\/10\/\u5fae\u4fe1\u622a\u56fe_20241012105352.jpg 1248w, https:\/\/wxplastmachine.com\/wp-content\/uploads\/2024\/10\/\u5fae\u4fe1\u622a\u56fe_20241012105352-300x84.jpg 300w, https:\/\/wxplastmachine.com\/wp-content\/uploads\/2024\/10\/\u5fae\u4fe1\u622a\u56fe_20241012105352-1024x287.jpg 1024w, https:\/\/wxplastmachine.com\/wp-content\/uploads\/2024\/10\/\u5fae\u4fe1\u622a\u56fe_20241012105352-768x215.jpg 768w, https:\/\/wxplastmachine.com\/wp-content\/uploads\/2024\/10\/\u5fae\u4fe1\u622a\u56fe_20241012105352-18x5.jpg 18w, https:\/\/wxplastmachine.com\/wp-content\/uploads\/2024\/10\/\u5fae\u4fe1\u622a\u56fe_20241012105352-600x168.jpg 600w\" sizes=\"(max-width: 1248px) 100vw, 1248px\" \/><\/p>","protected":false},"excerpt":{"rendered":"<p>Product Discription: Model Film automatic packaging line Material steel\/aluminium\/plastics Feature 1. equipment efficient and safe 2. use servo motor control, high precision control of each action 3. equipped with automatic diameter and length detection, automatic weighing, automatic labeling function 4. operation is simple, the whole line only needs 1-2 people to operate 5. high speed [&hellip;]<\/p>","protected":false},"featured_media":3431,"comment_status":"open","ping_status":"closed","template":"","meta":{"site-sidebar-layout":"default","site-content-layout":"","ast-site-content-layout":"default","site-content-style":"default","site-sidebar-style":"default","ast-global-header-display":"","ast-banner-title-visibility":"","ast-main-header-display":"","ast-hfb-above-header-display":"","ast-hfb-below-header-display":"","ast-hfb-mobile-header-display":"","site-post-title":"","ast-breadcrumbs-content":"","ast-featured-img":"","footer-sml-layout":"","theme-transparent-header-meta":"default","adv-header-id-meta":"","stick-header-meta":"","header-above-stick-meta":"","header-main-stick-meta":"","header-below-stick-meta":"","astra-migrate-meta-layouts":"set","ast-page-background-enabled":"default","ast-page-background-meta":{"desktop":{"background-color":"","background-image":"","background-repeat":"repeat","background-position":"center center","background-size":"auto","background-attachment":"scroll","background-type":"","background-media":"","overlay-type":"","overlay-color":"","overlay-gradient":""},"tablet":{"background-color":"","background-image":"","background-repeat":"repeat","background-position":"center center","background-size":"auto","background-attachment":"scroll","background-type":"","background-media":"","overlay-type":"","overlay-color":"","overlay-gradient":""},"mobile":{"background-color":"","background-image":"","background-repeat":"repeat","background-position":"center center","background-size":"auto","background-attachment":"scroll","background-type":"","background-media":"","overlay-type":"","overlay-color":"","overlay-gradient":""}},"ast-content-background-meta":{"desktop":{"background-color":"var(--ast-global-color-5)","background-image":"","background-repeat":"repeat","background-position":"center center","background-size":"auto","background-attachment":"scroll","background-type":"","background-media":"","overlay-type":"","overlay-color":"","overlay-gradient":""},"tablet":{"background-color":"var(--ast-global-color-5)","background-image":"","background-repeat":"repeat","background-position":"center center","background-size":"auto","background-attachment":"scroll","background-type":"","background-media":"","overlay-type":"","overlay-color":"","overlay-gradient":""},"mobile":{"background-color":"var(--ast-global-color-5)","background-image":"","background-repeat":"repeat","background-position":"center center","background-size":"auto","background-attachment":"scroll","background-type":"","background-media":"","overlay-type":"","overlay-color":"","overlay-gradient":""}}},"product_cat":[142],"product_tag":[],"jetpack_sharing_enabled":true,"_links":{"self":[{"href":"https:\/\/wxplastmachine.com\/fr\/wp-json\/wp\/v2\/product\/3422"}],"collection":[{"href":"https:\/\/wxplastmachine.com\/fr\/wp-json\/wp\/v2\/product"}],"about":[{"href":"https:\/\/wxplastmachine.com\/fr\/wp-json\/wp\/v2\/types\/product"}],"replies":[{"embeddable":true,"href":"https:\/\/wxplastmachine.com\/fr\/wp-json\/wp\/v2\/comments?post=3422"}],"wp:featuredmedia":[{"embeddable":true,"href":"https:\/\/wxplastmachine.com\/fr\/wp-json\/wp\/v2\/media\/3431"}],"wp:attachment":[{"href":"https:\/\/wxplastmachine.com\/fr\/wp-json\/wp\/v2\/media?parent=3422"}],"wp:term":[{"taxonomy":"product_cat","embeddable":true,"href":"https:\/\/wxplastmachine.com\/fr\/wp-json\/wp\/v2\/product_cat?post=3422"},{"taxonomy":"product_tag","embeddable":true,"href":"https:\/\/wxplastmachine.com\/fr\/wp-json\/wp\/v2\/product_tag?post=3422"}],"curies":[{"name":"wp","href":"https:\/\/api.w.org\/{rel}","templated":true}]}}