{"id":3450,"date":"2024-10-16T09:53:14","date_gmt":"2024-10-16T01:53:14","guid":{"rendered":"https:\/\/wxplastmachine.com\/?post_type=product&#038;p=3450"},"modified":"2024-10-16T10:05:52","modified_gmt":"2024-10-16T02:05:52","slug":"6-shuttle-circular-loom-pp-woven-sack-making-machine","status":"publish","type":"product","link":"https:\/\/wxplastmachine.com\/fr\/produit\/6-shuttle-circular-loom-pp-woven-sack-making-machine","title":{"rendered":"M\u00e9tier \u00e0 tisser circulaire \u00e0 6 navettes Machine \u00e0 fabriquer des sacs tiss\u00e9s en PP"},"content":{"rendered":"<p>Cette s\u00e9rie de m\u00e9tiers \u00e0 tisser circulaires \u00e0 quatre navettes est utilis\u00e9e pour le tissage de fils plats PP\/PE destin\u00e9s \u00e0 \u00eatre tiss\u00e9s en rouleaux. Elle peut tisser des fils plats de diff\u00e9rentes qualit\u00e9s, y compris des mat\u00e9riaux recycl\u00e9s complets. Conception raisonnable, structure appropri\u00e9e, op\u00e9ration facile, maintenance pratique, faible consommation d'\u00e9nergie et haute efficacit\u00e9, etc.<br \/>\n\u2605 Arr\u00eat automatique sensible avec le d\u00e9tecteur intelligent pour la rupture de la cha\u00eene, la rupture de la trame et la fin de la trame.<br \/>\nLa roue sans jante est un style de navette, moins de frottement, plus de stabilit\u00e9 de fonctionnement ;<br \/>\n\u2605 Nouveau syst\u00e8me d'alimentation automatique de la trame, r\u00e9duisant le gaspillage ;<br \/>\nLorsque le m\u00e9tier \u00e0 tisser s'arr\u00eate, le bobineur s'arr\u00eate en m\u00eame temps sans endommager la feuille de caoutchouc du rouleau du bobineur et le tissu, et sans r\u00e9duire la densit\u00e9 du tissu qui est g\u00e9n\u00e9ralement caus\u00e9e par le red\u00e9marrage du m\u00e9tier \u00e0 tisser apr\u00e8s l'arr\u00eat.<br \/>\n\u2605 Adopte les derniers moteurs synchrones \u00e0 \u00e9conomie d'\u00e9nergie pour ajuster la densit\u00e9 de la trame et compenser la densit\u00e9 de la trame en cas de rupture de la trame, ce qui am\u00e9liore la r\u00e9gularit\u00e9 du tissu.<\/p>\n<table>\n<tbody>\n<tr>\n<td width=\"108\">Num\u00e9ro de mod\u00e8le<\/td>\n<td width=\"60\">Largeur de pliage du tissage (mm)<\/td>\n<td width=\"79\">Nombre maximal de cha\u00eenes (pcs)<\/td>\n<td width=\"78\">Tours du moteur principal (r\/min)<\/td>\n<td width=\"85\">Capacit\u00e9 de production (m\/h)<\/td>\n<td width=\"41\">Puissance du moteur principal (kw)<\/td>\n<td width=\"124\">Dimensions d'installation (L*L*H)<br \/>\n(mm)<\/td>\n<td width=\"45\">Poids (kg)<\/td>\n<\/tr>\n<tr>\n<td width=\"108\">WX-YZJ-750J\/4<\/td>\n<td width=\"60\">300-750<\/td>\n<td width=\"79\">768<\/td>\n<td width=\"78\">140-180<\/td>\n<td width=\"85\">65-100<\/td>\n<td width=\"41\">2.2<\/td>\n<td width=\"124\">8500*2200*2730<\/td>\n<td width=\"45\">1600<\/td>\n<\/tr>\n<tr>\n<td width=\"108\">WX-YZJ-1200J\/4<\/td>\n<td width=\"60\">550-1150<\/td>\n<td width=\"79\">896<\/td>\n<td width=\"78\">120-160<\/td>\n<td width=\"85\">72-96<\/td>\n<td width=\"41\">2.7<\/td>\n<td width=\"124\">8900*2350*2960<\/td>\n<td width=\"45\">2000<\/td>\n<\/tr>\n<tr>\n<td width=\"108\">WX-YZJ-1500J\/4<\/td>\n<td width=\"60\">700-1450<\/td>\n<td width=\"79\">1120<\/td>\n<td width=\"78\">90-125<\/td>\n<td width=\"85\">54-75<\/td>\n<td width=\"41\">3.5<\/td>\n<td width=\"124\">9800*2500*2960<\/td>\n<td width=\"45\">2300<\/td>\n<\/tr>\n<\/tbody>\n<\/table>\n<p><strong><b>FAQ :<\/b><\/strong><\/p>\n<p>1) Quelle est la garantie de vos produits ?<br \/>\nSi des pi\u00e8ces de la machine sont cass\u00e9es en raison d'un probl\u00e8me de qualit\u00e9 pendant la p\u00e9riode de garantie, nous vous enverrons une nouvelle pi\u00e8ce gratuitement (toute utilisation abusive ou destruction pr\u00e9m\u00e9dit\u00e9e n'est pas incluse dans la limitation de la garantie de qualit\u00e9).<\/p>\n<p>2. quelles sont vos conditions de paiement et de livraison ?<br \/>\nD\u00e9lai de paiement :<br \/>\n1) T\/T, 30% en pr\u00e9paiement, 70% avant la livraison<br \/>\n2) L\/C, 30% par T\/T ,70% par L\/C \u00e0 vue<br \/>\nD\u00e9lai de livraison : Le d\u00e9lai de livraison standard est de 30 \u00e0 40 jours ouvrables.<\/p>\n<p>3. quelle assistance technique pouvons-nous obtenir si nous commandons des machines ?<br \/>\nNous pouvons fournir des plans d'installation, des instructions d'utilisation de base, des explications sur le fonctionnement \u00e0 l'aide de vid\u00e9os et de photos, des appels vid\u00e9o en ligne pour l'assistance technique si n\u00e9cessaire.<\/p>\n<p><img fetchpriority=\"high\" decoding=\"async\" class=\"alignnone wp-image-3463\" src=\"https:\/\/wxplastmachine.com\/wp-content\/uploads\/2024\/10\/\u5fae\u4fe1\u622a\u56fe_20241010152421.jpg\" alt=\"\" width=\"3001\" height=\"1488\" srcset=\"https:\/\/wxplastmachine.com\/wp-content\/uploads\/2024\/10\/\u5fae\u4fe1\u622a\u56fe_20241010152421.jpg 1214w, https:\/\/wxplastmachine.com\/wp-content\/uploads\/2024\/10\/\u5fae\u4fe1\u622a\u56fe_20241010152421-300x149.jpg 300w, https:\/\/wxplastmachine.com\/wp-content\/uploads\/2024\/10\/\u5fae\u4fe1\u622a\u56fe_20241010152421-1024x508.jpg 1024w, https:\/\/wxplastmachine.com\/wp-content\/uploads\/2024\/10\/\u5fae\u4fe1\u622a\u56fe_20241010152421-768x381.jpg 768w, https:\/\/wxplastmachine.com\/wp-content\/uploads\/2024\/10\/\u5fae\u4fe1\u622a\u56fe_20241010152421-18x9.jpg 18w, https:\/\/wxplastmachine.com\/wp-content\/uploads\/2024\/10\/\u5fae\u4fe1\u622a\u56fe_20241010152421-600x298.jpg 600w\" sizes=\"(max-width: 3001px) 100vw, 3001px\" \/> <img decoding=\"async\" class=\"alignnone wp-image-3462\" src=\"https:\/\/wxplastmachine.com\/wp-content\/uploads\/2024\/10\/\u5fae\u4fe1\u622a\u56fe_20241010152327.jpg\" alt=\"\" width=\"2000\" height=\"1060\" srcset=\"https:\/\/wxplastmachine.com\/wp-content\/uploads\/2024\/10\/\u5fae\u4fe1\u622a\u56fe_20241010152327.jpg 745w, https:\/\/wxplastmachine.com\/wp-content\/uploads\/2024\/10\/\u5fae\u4fe1\u622a\u56fe_20241010152327-300x159.jpg 300w, https:\/\/wxplastmachine.com\/wp-content\/uploads\/2024\/10\/\u5fae\u4fe1\u622a\u56fe_20241010152327-18x10.jpg 18w, https:\/\/wxplastmachine.com\/wp-content\/uploads\/2024\/10\/\u5fae\u4fe1\u622a\u56fe_20241010152327-600x318.jpg 600w\" sizes=\"(max-width: 2000px) 100vw, 2000px\" \/><\/p>","protected":false},"excerpt":{"rendered":"<p>This series of four shuttle circular loom is used for weaving PP\/PE flat yarn to be woven fabric in roll, it can weave different quality flat yarn even complete recycled material. Reasonable design, proper structure, easy operation, convenient maintenance,low power consumption and high efficiency etc. \u2605 Sensitive automatic stop with the intelligent detector for warp-breaking,weft-breaking [&hellip;]<\/p>","protected":false},"featured_media":3456,"comment_status":"open","ping_status":"closed","template":"","meta":{"site-sidebar-layout":"default","site-content-layout":"","ast-site-content-layout":"default","site-content-style":"default","site-sidebar-style":"default","ast-global-header-display":"","ast-banner-title-visibility":"","ast-main-header-display":"","ast-hfb-above-header-display":"","ast-hfb-below-header-display":"","ast-hfb-mobile-header-display":"","site-post-title":"","ast-breadcrumbs-content":"","ast-featured-img":"","footer-sml-layout":"","theme-transparent-header-meta":"default","adv-header-id-meta":"","stick-header-meta":"","header-above-stick-meta":"","header-main-stick-meta":"","header-below-stick-meta":"","astra-migrate-meta-layouts":"set","ast-page-background-enabled":"default","ast-page-background-meta":{"desktop":{"background-color":"","background-image":"","background-repeat":"repeat","background-position":"center center","background-size":"auto","background-attachment":"scroll","background-type":"","background-media":"","overlay-type":"","overlay-color":"","overlay-gradient":""},"tablet":{"background-color":"","background-image":"","background-repeat":"repeat","background-position":"center center","background-size":"auto","background-attachment":"scroll","background-type":"","background-media":"","overlay-type":"","overlay-color":"","overlay-gradient":""},"mobile":{"background-color":"","background-image":"","background-repeat":"repeat","background-position":"center center","background-size":"auto","background-attachment":"scroll","background-type":"","background-media":"","overlay-type":"","overlay-color":"","overlay-gradient":""}},"ast-content-background-meta":{"desktop":{"background-color":"var(--ast-global-color-5)","background-image":"","background-repeat":"repeat","background-position":"center center","background-size":"auto","background-attachment":"scroll","background-type":"","background-media":"","overlay-type":"","overlay-color":"","overlay-gradient":""},"tablet":{"background-color":"var(--ast-global-color-5)","background-image":"","background-repeat":"repeat","background-position":"center center","background-size":"auto","background-attachment":"scroll","background-type":"","background-media":"","overlay-type":"","overlay-color":"","overlay-gradient":""},"mobile":{"background-color":"var(--ast-global-color-5)","background-image":"","background-repeat":"repeat","background-position":"center center","background-size":"auto","background-attachment":"scroll","background-type":"","background-media":"","overlay-type":"","overlay-color":"","overlay-gradient":""}}},"product_cat":[171],"product_tag":[],"jetpack_sharing_enabled":true,"_links":{"self":[{"href":"https:\/\/wxplastmachine.com\/fr\/wp-json\/wp\/v2\/product\/3450"}],"collection":[{"href":"https:\/\/wxplastmachine.com\/fr\/wp-json\/wp\/v2\/product"}],"about":[{"href":"https:\/\/wxplastmachine.com\/fr\/wp-json\/wp\/v2\/types\/product"}],"replies":[{"embeddable":true,"href":"https:\/\/wxplastmachine.com\/fr\/wp-json\/wp\/v2\/comments?post=3450"}],"wp:featuredmedia":[{"embeddable":true,"href":"https:\/\/wxplastmachine.com\/fr\/wp-json\/wp\/v2\/media\/3456"}],"wp:attachment":[{"href":"https:\/\/wxplastmachine.com\/fr\/wp-json\/wp\/v2\/media?parent=3450"}],"wp:term":[{"taxonomy":"product_cat","embeddable":true,"href":"https:\/\/wxplastmachine.com\/fr\/wp-json\/wp\/v2\/product_cat?post=3450"},{"taxonomy":"product_tag","embeddable":true,"href":"https:\/\/wxplastmachine.com\/fr\/wp-json\/wp\/v2\/product_tag?post=3450"}],"curies":[{"name":"wp","href":"https:\/\/api.w.org\/{rel}","templated":true}]}}