{"id":3478,"date":"2024-10-16T10:59:38","date_gmt":"2024-10-16T02:59:38","guid":{"rendered":"https:\/\/wxplastmachine.com\/?post_type=product&#038;p=3478"},"modified":"2024-10-16T10:59:38","modified_gmt":"2024-10-16T02:59:38","slug":"double-lines-heat-sealing-cold-cutting-plastic-flat-mouth-bag-making-machine","status":"publish","type":"product","link":"https:\/\/wxplastmachine.com\/fr\/produit\/double-lines-heat-sealing-cold-cutting-plastic-flat-mouth-bag-making-machine","title":{"rendered":"Machine de fabrication de sacs \u00e0 gueule plate en plastique \u00e0 double ligne de thermoscellage et de d\u00e9coupe \u00e0 froid"},"content":{"rendered":"<p><strong><b>Performance and Characteristics<\/b><\/strong><strong><b>:<\/b><\/strong><\/p>\n<p>Perforated plastic volume making machine has much functions as photoelectric automatic tracking microcomputer length setting, high limit stopping, automatic counting, automatic alarm on reaching the set value, high compersation accuracy with such characteristics as neat bags, little error and high automatic of whole machine, so it is a kind of ideal equipment for producing blank bags, colour bags, flat bags and vest bags and other various plastic soft packing bags.<\/p>\n<p><strong><b>Principaux param\u00e8tres techniques<\/b><\/strong><strong><b>:<\/b><\/strong><\/p>\n<table>\n<tbody>\n<tr>\n<td width=\"143\">Mod\u00e8le<\/td>\n<td width=\"107\">WX-F350<\/td>\n<td width=\"107\">WX-F400<\/td>\n<td width=\"107\">WX-F450<\/td>\n<td width=\"102\">WX-F500<\/td>\n<\/tr>\n<tr>\n<td width=\"143\">Max.Bag\u00a0Making\u00a0Width<\/td>\n<td width=\"107\">350mm*2<\/td>\n<td width=\"107\">400mm*2<\/td>\n<td width=\"107\">450mm*2<\/td>\n<td width=\"102\">500mm*2<\/td>\n<\/tr>\n<tr>\n<td width=\"143\">Max.Bag\u00a0Making\u00a0Length<\/td>\n<td width=\"107\">1000mm<\/td>\n<td width=\"107\">1000mm<\/td>\n<td width=\"107\">1000mm<\/td>\n<td width=\"102\">1000mm<\/td>\n<\/tr>\n<tr>\n<td width=\"143\">Thickness\u00a0of\u00a0Film<\/td>\n<td width=\"107\">0.008-0.15mm<\/td>\n<td width=\"107\">0.008-0.15mm<\/td>\n<td width=\"107\">0.008-0.15mm<\/td>\n<td width=\"102\">0.008-0.15mm<\/td>\n<\/tr>\n<tr>\n<td width=\"143\">Production\u00a0Speed<\/td>\n<td width=\"107\">60-120pcs\/min*2<\/td>\n<td width=\"107\">60-120pcs\/min*2<\/td>\n<td width=\"107\">60-120pcs\/min*2<\/td>\n<td width=\"102\">60-120pcs\/min*2<\/td>\n<\/tr>\n<tr>\n<td width=\"143\">Puissance totale<\/td>\n<td width=\"107\">7.0kw<\/td>\n<td width=\"107\">7,5 kW<\/td>\n<td width=\"107\">8.0kw<\/td>\n<td width=\"102\">8.5kw<\/td>\n<\/tr>\n<tr>\n<td width=\"143\">Power\u00a0Supply\u00a0Voltage<\/td>\n<td width=\"107\">380v\/50Hz<\/td>\n<td width=\"107\">380v\/50Hz<\/td>\n<td width=\"107\">380v\/50Hz<\/td>\n<td width=\"102\">380v\/50Hz<\/td>\n<\/tr>\n<tr>\n<td width=\"143\">Heating\u00a0Voltage<\/td>\n<td width=\"107\">220V<\/td>\n<td width=\"107\">220V<\/td>\n<td width=\"107\">220V<\/td>\n<td width=\"102\">220V<\/td>\n<\/tr>\n<tr>\n<td width=\"143\">Machine\u00a0Weight<\/td>\n<td width=\"107\">800kg<\/td>\n<td width=\"107\">900 kg<\/td>\n<td width=\"107\">1000kg<\/td>\n<td width=\"102\">1100kg<\/td>\n<\/tr>\n<tr>\n<td width=\"143\">Overall\u00a0Demensions(L*W*H)<\/td>\n<td width=\"107\">5400*1300*1500mm<\/td>\n<td width=\"107\">5400*1400*1500mm<\/td>\n<td width=\"107\">5400*1500*1500mm<\/td>\n<td width=\"102\">540<\/td>\n<\/tr>\n<\/tbody>\n<\/table>\n<p>You could choice one line, two lines, two layers,three lines,\u00a0four lines. Different size and model pls confirm with us.<\/p>\n<p>We make flat bag, bottom sealing bag, and D handle bag, Soft loop welding bag, and sheet cutting, and T shirt bag, gusset bag, and specail design bags\u00a0machine&#8230;&#8230;<\/p>","protected":false},"excerpt":{"rendered":"<p>Performance and Characteristics: Perforated plastic volume making machine has much functions as photoelectric automatic tracking microcomputer length setting, high limit stopping, automatic counting, automatic alarm on reaching the set value, high compersation accuracy with such characteristics as neat bags, little error and high automatic of whole machine, so it is a kind of ideal equipment [&hellip;]<\/p>","protected":false},"featured_media":3480,"comment_status":"open","ping_status":"closed","template":"","meta":{"site-sidebar-layout":"default","site-content-layout":"","ast-site-content-layout":"default","site-content-style":"default","site-sidebar-style":"default","ast-global-header-display":"","ast-banner-title-visibility":"","ast-main-header-display":"","ast-hfb-above-header-display":"","ast-hfb-below-header-display":"","ast-hfb-mobile-header-display":"","site-post-title":"","ast-breadcrumbs-content":"","ast-featured-img":"","footer-sml-layout":"","theme-transparent-header-meta":"default","adv-header-id-meta":"","stick-header-meta":"","header-above-stick-meta":"","header-main-stick-meta":"","header-below-stick-meta":"","astra-migrate-meta-layouts":"set","ast-page-background-enabled":"default","ast-page-background-meta":{"desktop":{"background-color":"","background-image":"","background-repeat":"repeat","background-position":"center center","background-size":"auto","background-attachment":"scroll","background-type":"","background-media":"","overlay-type":"","overlay-color":"","overlay-gradient":""},"tablet":{"background-color":"","background-image":"","background-repeat":"repeat","background-position":"center center","background-size":"auto","background-attachment":"scroll","background-type":"","background-media":"","overlay-type":"","overlay-color":"","overlay-gradient":""},"mobile":{"background-color":"","background-image":"","background-repeat":"repeat","background-position":"center center","background-size":"auto","background-attachment":"scroll","background-type":"","background-media":"","overlay-type":"","overlay-color":"","overlay-gradient":""}},"ast-content-background-meta":{"desktop":{"background-color":"var(--ast-global-color-5)","background-image":"","background-repeat":"repeat","background-position":"center center","background-size":"auto","background-attachment":"scroll","background-type":"","background-media":"","overlay-type":"","overlay-color":"","overlay-gradient":""},"tablet":{"background-color":"var(--ast-global-color-5)","background-image":"","background-repeat":"repeat","background-position":"center center","background-size":"auto","background-attachment":"scroll","background-type":"","background-media":"","overlay-type":"","overlay-color":"","overlay-gradient":""},"mobile":{"background-color":"var(--ast-global-color-5)","background-image":"","background-repeat":"repeat","background-position":"center center","background-size":"auto","background-attachment":"scroll","background-type":"","background-media":"","overlay-type":"","overlay-color":"","overlay-gradient":""}}},"product_cat":[173,144],"product_tag":[],"jetpack_sharing_enabled":true,"_links":{"self":[{"href":"https:\/\/wxplastmachine.com\/fr\/wp-json\/wp\/v2\/product\/3478"}],"collection":[{"href":"https:\/\/wxplastmachine.com\/fr\/wp-json\/wp\/v2\/product"}],"about":[{"href":"https:\/\/wxplastmachine.com\/fr\/wp-json\/wp\/v2\/types\/product"}],"replies":[{"embeddable":true,"href":"https:\/\/wxplastmachine.com\/fr\/wp-json\/wp\/v2\/comments?post=3478"}],"wp:featuredmedia":[{"embeddable":true,"href":"https:\/\/wxplastmachine.com\/fr\/wp-json\/wp\/v2\/media\/3480"}],"wp:attachment":[{"href":"https:\/\/wxplastmachine.com\/fr\/wp-json\/wp\/v2\/media?parent=3478"}],"wp:term":[{"taxonomy":"product_cat","embeddable":true,"href":"https:\/\/wxplastmachine.com\/fr\/wp-json\/wp\/v2\/product_cat?post=3478"},{"taxonomy":"product_tag","embeddable":true,"href":"https:\/\/wxplastmachine.com\/fr\/wp-json\/wp\/v2\/product_tag?post=3478"}],"curies":[{"name":"wp","href":"https:\/\/api.w.org\/{rel}","templated":true}]}}