{"id":3542,"date":"2024-10-16T16:43:37","date_gmt":"2024-10-16T08:43:37","guid":{"rendered":"https:\/\/wxplastmachine.com\/?post_type=product&#038;p=3542"},"modified":"2024-10-16T16:43:37","modified_gmt":"2024-10-16T08:43:37","slug":"two-rolls-garbage-bag-t-shirt-vest-bag-flat-bag-rolling-bag-making-machine","status":"publish","type":"product","link":"https:\/\/wxplastmachine.com\/fr\/produit\/two-rolls-garbage-bag-t-shirt-vest-bag-flat-bag-rolling-bag-making-machine","title":{"rendered":"Machine de fabrication de sacs \u00e0 ordures \u00e0 deux rouleaux Sac \u00e0 gilet de T-shirt Sac plat Sac \u00e0 roulettes"},"content":{"rendered":"<p>Mod\u00e8le\uff1aWX-A500<br \/>\nNom du produit\uff1aMachine \u00e0 fabriquer des sacs \u00e0 rouler en plastique double couche (avec et sans noyau, T-shirt et plat)<\/p>\n<p>Cette machine \u00e0 fabriquer des sacs roulants est une machine \u00e0 double usage sp\u00e9cialement con\u00e7ue pour les gilets et les sacs plats, elle est contr\u00f4l\u00e9e par un ordinateur, le syst\u00e8me de r\u00e9glage de la longueur par pas (servo) r\u00e9duit les erreurs de dimensions de scellage et de coupe, et l'installation d'une piste d'yeux photo\u00e9lectriques aide \u00e0 faire la position de la figure des sacs d'impression avec pr\u00e9cision, la commande num\u00e9rique de l'ordinateur peut \u00eatre s\u00e9lectionn\u00e9e pour ajuster la longueur du sac, la machine s'arr\u00eatera automatiquement et \u00e9mettra un avertissement si quelque chose ne va pas avec les sacs d'impression.<\/p>\n<p><strong><b>Caract\u00e9ristiques principales<\/b><\/strong><strong><b>:<\/b><\/strong><\/p>\n<p>1) Livr\u00e9 en kit complet, il ne n\u00e9cessite pas d'installation et est facile \u00e0 entretenir.<\/p>\n<p>2) L'adoption de composants de marque de haute qualit\u00e9 pour les pi\u00e8ces pneumatiques, les pi\u00e8ces \u00e9lectriques et les pi\u00e8ces de fonctionnement.<\/p>\n<p>3) Param\u00e8tres calcul\u00e9s ou PLc faciles \u00e0 utiliser.<\/p>\n<p>4) Le fonctionnement est hautement automatis\u00e9 et intellectualis\u00e9, sans gaspillage de film.<\/p>\n<p>5) Fonctionnement stable \u00e0 grande vitesse, sans bruit.<\/p>\n<p>6) Poin\u00e7onnage automatique<\/p>\n<p>7) Chargeur de mat\u00e9riaux automatique ou manuel<\/p>\n<p>8) Couteaux de scellement et de coupe en alliage dur de haute qualit\u00e9<\/p>\n<p>9) 1 an de garantie pour des pi\u00e8ces d\u00e9tach\u00e9es gratuites<\/p>\n<p>10) Fabriqu\u00e9 en usine direact sale avec le meilleur prix et le meilleur service.<\/p>\n<p><strong><b>Principaux param\u00e8tres techniques<\/b><\/strong><strong><b>:<\/b><\/strong><\/p>\n<table>\n<tbody>\n<tr>\n<td width=\"22.3800%\">Mod\u00e8le<\/td>\n<td width=\"77.6000%\">WX-A500<\/td>\n<\/tr>\n<tr>\n<td width=\"22.3800%\">Mat\u00e9riau adapt\u00e9<\/td>\n<td width=\"77.6000%\">\u00a0HDPE\/LDPE\/LLDPE<\/td>\n<\/tr>\n<tr>\n<td width=\"22.3800%\">Couche<\/td>\n<td width=\"77.6000%\">Double couche<\/td>\n<\/tr>\n<tr>\n<td width=\"22.3800%\">Type de sac<\/td>\n<td width=\"77.6000%\">Sacs \u00e0 rouler (sacs \u00e0 ordures)<\/td>\n<\/tr>\n<tr>\n<td width=\"22.3800%\">Largeur de coupe<\/td>\n<td width=\"77.6000%\">60-400mm<\/td>\n<\/tr>\n<tr>\n<td width=\"22.3800%\">Longueur de coupe<\/td>\n<td width=\"77.6000%\">100-1200mm<\/td>\n<\/tr>\n<tr>\n<td width=\"22.3800%\">Capacit\u00e9<\/td>\n<td width=\"77.6000%\">30-150 pi\u00e8ces\/min*2 couches<\/td>\n<\/tr>\n<tr>\n<td width=\"22.3800%\">Moteur principal<\/td>\n<td width=\"77.6000%\">1,5 kW<\/td>\n<\/tr>\n<tr>\n<td width=\"22.3800%\">Taille de la machine<\/td>\n<td width=\"77.6000%\">4000*1300*1800mm<\/td>\n<\/tr>\n<tr>\n<td width=\"22.3800%\">Puissance totale<\/td>\n<td width=\"77.6000%\">5kw<\/td>\n<\/tr>\n<tr>\n<td width=\"22.3800%\">Poids de la machine<\/td>\n<td width=\"77.6000%\">1000kg<\/td>\n<\/tr>\n<tr>\n<td width=\"22.3800%\">Tension<\/td>\n<td width=\"77.6000%\">Monophas\u00e9, 220V\/50HZ (peut \u00eatre personnalis\u00e9)<\/td>\n<\/tr>\n<\/tbody>\n<\/table>\n<p><strong><b>FAQ :<\/b><\/strong><\/p>\n<p>1) Quelle est la garantie de vos produits ?<br \/>\nSi des pi\u00e8ces de la machine sont cass\u00e9es en raison d'un probl\u00e8me de qualit\u00e9 pendant la p\u00e9riode de garantie, nous vous enverrons une nouvelle pi\u00e8ce gratuitement (toute utilisation abusive ou destruction pr\u00e9m\u00e9dit\u00e9e n'est pas incluse dans la limitation de la garantie de qualit\u00e9).<\/p>\n<p>2. quelles sont vos conditions de paiement et de livraison ?<br \/>\nD\u00e9lai de paiement :<br \/>\n1) T\/T, 30% en pr\u00e9paiement, 70% avant la livraison<br \/>\n2) L\/C, 30% par T\/T ,70% par L\/C \u00e0 vue<br \/>\nD\u00e9lai de livraison : Le d\u00e9lai de livraison standard est de 30 \u00e0 40 jours ouvrables.<\/p>\n<p>3. quelle assistance technique pouvons-nous obtenir si nous commandons des machines ?<br \/>\nNous pouvons fournir des plans d'installation, des instructions d'utilisation de base, des explications sur le fonctionnement \u00e0 l'aide de vid\u00e9os et de photos, des appels vid\u00e9o en ligne pour l'assistance technique si n\u00e9cessaire.<\/p>\n<p><img fetchpriority=\"high\" decoding=\"async\" class=\"alignnone  wp-image-3549\" src=\"https:\/\/wxplastmachine.com\/wp-content\/uploads\/2024\/10\/\u5fae\u4fe1\u622a\u56fe_20240914092629.png\" alt=\"\" width=\"637\" height=\"637\" srcset=\"https:\/\/wxplastmachine.com\/wp-content\/uploads\/2024\/10\/\u5fae\u4fe1\u622a\u56fe_20240914092629.png 800w, https:\/\/wxplastmachine.com\/wp-content\/uploads\/2024\/10\/\u5fae\u4fe1\u622a\u56fe_20240914092629-300x300.png 300w, https:\/\/wxplastmachine.com\/wp-content\/uploads\/2024\/10\/\u5fae\u4fe1\u622a\u56fe_20240914092629-150x150.png 150w, https:\/\/wxplastmachine.com\/wp-content\/uploads\/2024\/10\/\u5fae\u4fe1\u622a\u56fe_20240914092629-768x768.png 768w, https:\/\/wxplastmachine.com\/wp-content\/uploads\/2024\/10\/\u5fae\u4fe1\u622a\u56fe_20240914092629-12x12.png 12w, https:\/\/wxplastmachine.com\/wp-content\/uploads\/2024\/10\/\u5fae\u4fe1\u622a\u56fe_20240914092629-600x600.png 600w, https:\/\/wxplastmachine.com\/wp-content\/uploads\/2024\/10\/\u5fae\u4fe1\u622a\u56fe_20240914092629-100x100.png 100w\" sizes=\"(max-width: 637px) 100vw, 637px\" \/><img decoding=\"async\" class=\"alignnone  wp-image-3555\" src=\"https:\/\/wxplastmachine.com\/wp-content\/uploads\/2024\/10\/\u5fae\u4fe1\u622a\u56fe_20240914092336.jpg\" alt=\"\" width=\"557\" height=\"292\" srcset=\"https:\/\/wxplastmachine.com\/wp-content\/uploads\/2024\/10\/\u5fae\u4fe1\u622a\u56fe_20240914092336.jpg 585w, https:\/\/wxplastmachine.com\/wp-content\/uploads\/2024\/10\/\u5fae\u4fe1\u622a\u56fe_20240914092336-300x157.jpg 300w, https:\/\/wxplastmachine.com\/wp-content\/uploads\/2024\/10\/\u5fae\u4fe1\u622a\u56fe_20240914092336-18x9.jpg 18w\" sizes=\"(max-width: 557px) 100vw, 557px\" \/> <img decoding=\"async\" class=\"alignnone  wp-image-3556\" src=\"https:\/\/wxplastmachine.com\/wp-content\/uploads\/2024\/10\/\u5fae\u4fe1\u622a\u56fe_20240914092656.jpg\" alt=\"\" width=\"557\" height=\"560\" srcset=\"https:\/\/wxplastmachine.com\/wp-content\/uploads\/2024\/10\/\u5fae\u4fe1\u622a\u56fe_20240914092656.jpg 578w, https:\/\/wxplastmachine.com\/wp-content\/uploads\/2024\/10\/\u5fae\u4fe1\u622a\u56fe_20240914092656-298x300.jpg 298w, https:\/\/wxplastmachine.com\/wp-content\/uploads\/2024\/10\/\u5fae\u4fe1\u622a\u56fe_20240914092656-150x150.jpg 150w, https:\/\/wxplastmachine.com\/wp-content\/uploads\/2024\/10\/\u5fae\u4fe1\u622a\u56fe_20240914092656-12x12.jpg 12w, https:\/\/wxplastmachine.com\/wp-content\/uploads\/2024\/10\/\u5fae\u4fe1\u622a\u56fe_20240914092656-100x100.jpg 100w\" sizes=\"(max-width: 557px) 100vw, 557px\" \/><\/p>","protected":false},"excerpt":{"rendered":"<p>Model\uff1aWX-A500 Product Name\uff1aDouble layer plastic rolling bag making machine (Core &amp; coreless ,T-shirt&amp;Flat ) This Rolling\u00a0Bag Making machine a specially-designed point-cut rolling dual-purpose for vest &amp; flat bags,is controlled by a computer, the step(servo) setting length system reduces the sealing-cutting dimensions errors, and the installation of photoelectric eyes track help make the position of figure [&hellip;]<\/p>","protected":false},"featured_media":3544,"comment_status":"open","ping_status":"closed","template":"","meta":{"site-sidebar-layout":"default","site-content-layout":"","ast-site-content-layout":"default","site-content-style":"default","site-sidebar-style":"default","ast-global-header-display":"","ast-banner-title-visibility":"","ast-main-header-display":"","ast-hfb-above-header-display":"","ast-hfb-below-header-display":"","ast-hfb-mobile-header-display":"","site-post-title":"","ast-breadcrumbs-content":"","ast-featured-img":"","footer-sml-layout":"","theme-transparent-header-meta":"default","adv-header-id-meta":"","stick-header-meta":"","header-above-stick-meta":"","header-main-stick-meta":"","header-below-stick-meta":"","astra-migrate-meta-layouts":"set","ast-page-background-enabled":"default","ast-page-background-meta":{"desktop":{"background-color":"","background-image":"","background-repeat":"repeat","background-position":"center center","background-size":"auto","background-attachment":"scroll","background-type":"","background-media":"","overlay-type":"","overlay-color":"","overlay-gradient":""},"tablet":{"background-color":"","background-image":"","background-repeat":"repeat","background-position":"center center","background-size":"auto","background-attachment":"scroll","background-type":"","background-media":"","overlay-type":"","overlay-color":"","overlay-gradient":""},"mobile":{"background-color":"","background-image":"","background-repeat":"repeat","background-position":"center center","background-size":"auto","background-attachment":"scroll","background-type":"","background-media":"","overlay-type":"","overlay-color":"","overlay-gradient":""}},"ast-content-background-meta":{"desktop":{"background-color":"var(--ast-global-color-5)","background-image":"","background-repeat":"repeat","background-position":"center center","background-size":"auto","background-attachment":"scroll","background-type":"","background-media":"","overlay-type":"","overlay-color":"","overlay-gradient":""},"tablet":{"background-color":"var(--ast-global-color-5)","background-image":"","background-repeat":"repeat","background-position":"center center","background-size":"auto","background-attachment":"scroll","background-type":"","background-media":"","overlay-type":"","overlay-color":"","overlay-gradient":""},"mobile":{"background-color":"var(--ast-global-color-5)","background-image":"","background-repeat":"repeat","background-position":"center center","background-size":"auto","background-attachment":"scroll","background-type":"","background-media":"","overlay-type":"","overlay-color":"","overlay-gradient":""}}},"product_cat":[176,181,144],"product_tag":[],"jetpack_sharing_enabled":true,"_links":{"self":[{"href":"https:\/\/wxplastmachine.com\/fr\/wp-json\/wp\/v2\/product\/3542"}],"collection":[{"href":"https:\/\/wxplastmachine.com\/fr\/wp-json\/wp\/v2\/product"}],"about":[{"href":"https:\/\/wxplastmachine.com\/fr\/wp-json\/wp\/v2\/types\/product"}],"replies":[{"embeddable":true,"href":"https:\/\/wxplastmachine.com\/fr\/wp-json\/wp\/v2\/comments?post=3542"}],"wp:featuredmedia":[{"embeddable":true,"href":"https:\/\/wxplastmachine.com\/fr\/wp-json\/wp\/v2\/media\/3544"}],"wp:attachment":[{"href":"https:\/\/wxplastmachine.com\/fr\/wp-json\/wp\/v2\/media?parent=3542"}],"wp:term":[{"taxonomy":"product_cat","embeddable":true,"href":"https:\/\/wxplastmachine.com\/fr\/wp-json\/wp\/v2\/product_cat?post=3542"},{"taxonomy":"product_tag","embeddable":true,"href":"https:\/\/wxplastmachine.com\/fr\/wp-json\/wp\/v2\/product_tag?post=3542"}],"curies":[{"name":"wp","href":"https:\/\/api.w.org\/{rel}","templated":true}]}}