{"id":3711,"date":"2024-10-25T10:54:53","date_gmt":"2024-10-25T02:54:53","guid":{"rendered":"https:\/\/wxplastmachine.com\/?post_type=product&#038;p=3711"},"modified":"2024-10-25T10:54:53","modified_gmt":"2024-10-25T02:54:53","slug":"high-speed-full-automatic-cardboard-paper-tube-core-making-machine","status":"publish","type":"product","link":"https:\/\/wxplastmachine.com\/fr\/produit\/high-speed-full-automatic-cardboard-paper-tube-core-making-machine","title":{"rendered":"Machine automatique \u00e0 haute vitesse pour la fabrication de mandrins de tubes en carton"},"content":{"rendered":"<p>Convient \u00e0 tous les types de production de tubes et de bo\u00eetes en papier. Telles que les bo\u00eetes d'emballage, les bo\u00eetes \u00e0 th\u00e9,<br \/>\nbo\u00eetes de conserve, bo\u00eetes de vin, tubes pour feux d'artifice, tubes pour calendriers, mandrins pour papier de t\u00e9l\u00e9copie, etc.<\/p>\n<p>1. prix bas, grande praticabilit\u00e9, performances stables ;<br \/>\n2. coupe automatique, chute automatique du tuyau, changement automatique de la vitesse et inversion ;<br \/>\n3. contr\u00f4le PLC par ordinateur, interface homme-machine \u00e0 \u00e9cran tactile ;<br \/>\n4. coupe au couteau rond, incision plus douce, performance plus stable ;<br \/>\n5. avec grattoir en polyur\u00e9thane et couteau en plastique en acier \u00e0 haute teneur en carbone, durable \u00e0 l'usage ;<br \/>\n6. collage automatique.<\/p>\n<p>La machine \u00e0 tubes de papier adopte un tube de papier sous la forme d'un tambour, par le biais d'un syst\u00e8me d'exploitation \u00e0 contr\u00f4le \u00e9lectronique, l'h\u00f4te se compose d'un cadre de papier, d'une colle, d'un tambour, d'une coupe de tube photo\u00e9lectrique et d'un tube soumis \u00e0 une s\u00e9rie de processus, dans la production de l'\u00e9paisseur du tube de papier, la longueur de coupe du tube peut \u00eatre ajust\u00e9e librement en fonction des besoins de l'utilisateur, la vitesse est rapide, la proc\u00e9dure est simple et pratique, l'automatisation est \u00e9lev\u00e9e.<\/p>\n<p><strong><b>D\u00e9tails du produit<\/b><\/strong><strong><b>:<\/b><\/strong><\/p>\n<table>\n<tbody>\n<tr>\n<td width=\"19.8200%\">Type de machine<\/td>\n<td width=\"19.5200%\">WX-2150A<\/td>\n<td width=\"19.5000%\">WX-2150B<\/td>\n<td width=\"20.5400%\">WX-4150A<\/td>\n<td width=\"20.5600%\">WX-4150B<\/td>\n<\/tr>\n<tr>\n<td width=\"19.8200%\">Couche de tubes<\/td>\n<td width=\"19.5200%\">3-10 plis<\/td>\n<td width=\"19.5000%\">3-16 plis<\/td>\n<td width=\"20.5400%\">3-21 plis<\/td>\n<td width=\"20.5600%\">3-24 plis<\/td>\n<\/tr>\n<tr>\n<td width=\"19.8200%\">Diam\u00e8tre du tube<\/td>\n<td width=\"19.5200%\">20-100mm<\/td>\n<td width=\"19.5000%\">20-150mm<\/td>\n<td width=\"20.5400%\">40-200mm<\/td>\n<td width=\"20.5600%\">40-250mm<\/td>\n<\/tr>\n<tr>\n<td width=\"19.8200%\">\u00c9paisseur du tube<\/td>\n<td width=\"19.5200%\">1-6mm<\/td>\n<td width=\"19.5000%\">1-8mm<\/td>\n<td width=\"20.5400%\">1-20mm<\/td>\n<td width=\"20.5600%\">1-20mm<\/td>\n<\/tr>\n<tr>\n<td width=\"19.8200%\">Vitesse de travail<\/td>\n<td width=\"19.5200%\">3-15m\/min<\/td>\n<td width=\"19.5000%\">3-20m\/min<\/td>\n<td width=\"20.5400%\">3-15m\/min<\/td>\n<td width=\"20.5600%\">3-20m\/min<\/td>\n<\/tr>\n<tr>\n<td width=\"19.8200%\">Puissance<\/td>\n<td width=\"19.5200%\">4KW<\/td>\n<td width=\"19.5000%\">5.5KW<\/td>\n<td width=\"20.5400%\">11KW<\/td>\n<td width=\"20.5600%\">11KW<\/td>\n<\/tr>\n<tr>\n<td width=\"19.8200%\">Taille de l'h\u00f4te<\/td>\n<td width=\"19.5200%\">2.9*1.8*1.7m<\/td>\n<td width=\"19.5000%\">2.9*1.9*1.7m<\/td>\n<td width=\"20.5400%\">4.0*2.0*1.95m<\/td>\n<td width=\"20.5600%\">4.0*2.0*1.95m<\/td>\n<\/tr>\n<tr>\n<td width=\"19.8200%\">Poids total<\/td>\n<td width=\"19.5200%\">1800kg<\/td>\n<td width=\"19.5000%\">1800kg<\/td>\n<td width=\"20.5400%\">3200kg<\/td>\n<td width=\"20.5600%\">3500kg<\/td>\n<\/tr>\n<tr>\n<td width=\"19.8200%\">Diagonale de la ceinture<\/td>\n<td width=\"19.5200%\">Manuel<\/td>\n<td width=\"19.5000%\">\u00c9lectrique<\/td>\n<td width=\"20.5400%\">\u00c9lectrique<\/td>\n<td width=\"20.5600%\">\u00c9lectrique<\/td>\n<\/tr>\n<tr>\n<td width=\"19.8200%\">T\u00eate d'enroulement<\/td>\n<td colspan=\"2\" width=\"39.0400%\">Deux t\u00eates d'enroulement, une seule courroie<\/td>\n<td colspan=\"2\" width=\"41.1200%\">Quatre t\u00eates d'enroulement \u00e0 double courroie<\/td>\n<\/tr>\n<tr>\n<td width=\"19.8200%\">Tension<\/td>\n<td colspan=\"4\" width=\"80.1600%\">380V, 50Hz ou 220V, 50Hz<\/td>\n<\/tr>\n<\/tbody>\n<\/table>\n<p><img fetchpriority=\"high\" decoding=\"async\" class=\"alignnone size-full wp-image-3712\" src=\"https:\/\/wxplastmachine.com\/wp-content\/uploads\/2024\/10\/\u5fae\u4fe1\u622a\u56fe_20241024101245.png\" alt=\"\" width=\"800\" height=\"800\" srcset=\"https:\/\/wxplastmachine.com\/wp-content\/uploads\/2024\/10\/\u5fae\u4fe1\u622a\u56fe_20241024101245.png 800w, https:\/\/wxplastmachine.com\/wp-content\/uploads\/2024\/10\/\u5fae\u4fe1\u622a\u56fe_20241024101245-300x300.png 300w, https:\/\/wxplastmachine.com\/wp-content\/uploads\/2024\/10\/\u5fae\u4fe1\u622a\u56fe_20241024101245-150x150.png 150w, https:\/\/wxplastmachine.com\/wp-content\/uploads\/2024\/10\/\u5fae\u4fe1\u622a\u56fe_20241024101245-768x768.png 768w, https:\/\/wxplastmachine.com\/wp-content\/uploads\/2024\/10\/\u5fae\u4fe1\u622a\u56fe_20241024101245-12x12.png 12w, https:\/\/wxplastmachine.com\/wp-content\/uploads\/2024\/10\/\u5fae\u4fe1\u622a\u56fe_20241024101245-600x600.png 600w, https:\/\/wxplastmachine.com\/wp-content\/uploads\/2024\/10\/\u5fae\u4fe1\u622a\u56fe_20241024101245-100x100.png 100w\" sizes=\"(max-width: 800px) 100vw, 800px\" \/> <img decoding=\"async\" class=\"alignnone size-full wp-image-3718\" src=\"https:\/\/wxplastmachine.com\/wp-content\/uploads\/2024\/10\/\u5fae\u4fe1\u622a\u56fe_20241024102041.png\" alt=\"\" width=\"800\" height=\"800\" srcset=\"https:\/\/wxplastmachine.com\/wp-content\/uploads\/2024\/10\/\u5fae\u4fe1\u622a\u56fe_20241024102041.png 800w, https:\/\/wxplastmachine.com\/wp-content\/uploads\/2024\/10\/\u5fae\u4fe1\u622a\u56fe_20241024102041-300x300.png 300w, https:\/\/wxplastmachine.com\/wp-content\/uploads\/2024\/10\/\u5fae\u4fe1\u622a\u56fe_20241024102041-150x150.png 150w, https:\/\/wxplastmachine.com\/wp-content\/uploads\/2024\/10\/\u5fae\u4fe1\u622a\u56fe_20241024102041-768x768.png 768w, https:\/\/wxplastmachine.com\/wp-content\/uploads\/2024\/10\/\u5fae\u4fe1\u622a\u56fe_20241024102041-12x12.png 12w, https:\/\/wxplastmachine.com\/wp-content\/uploads\/2024\/10\/\u5fae\u4fe1\u622a\u56fe_20241024102041-600x600.png 600w, https:\/\/wxplastmachine.com\/wp-content\/uploads\/2024\/10\/\u5fae\u4fe1\u622a\u56fe_20241024102041-100x100.png 100w\" sizes=\"(max-width: 800px) 100vw, 800px\" \/> <img decoding=\"async\" class=\"alignnone size-full wp-image-3717\" src=\"https:\/\/wxplastmachine.com\/wp-content\/uploads\/2024\/10\/\u5fae\u4fe1\u622a\u56fe_20241024102017.png\" alt=\"\" width=\"800\" height=\"800\" srcset=\"https:\/\/wxplastmachine.com\/wp-content\/uploads\/2024\/10\/\u5fae\u4fe1\u622a\u56fe_20241024102017.png 800w, https:\/\/wxplastmachine.com\/wp-content\/uploads\/2024\/10\/\u5fae\u4fe1\u622a\u56fe_20241024102017-300x300.png 300w, https:\/\/wxplastmachine.com\/wp-content\/uploads\/2024\/10\/\u5fae\u4fe1\u622a\u56fe_20241024102017-150x150.png 150w, https:\/\/wxplastmachine.com\/wp-content\/uploads\/2024\/10\/\u5fae\u4fe1\u622a\u56fe_20241024102017-768x768.png 768w, https:\/\/wxplastmachine.com\/wp-content\/uploads\/2024\/10\/\u5fae\u4fe1\u622a\u56fe_20241024102017-12x12.png 12w, https:\/\/wxplastmachine.com\/wp-content\/uploads\/2024\/10\/\u5fae\u4fe1\u622a\u56fe_20241024102017-600x600.png 600w, https:\/\/wxplastmachine.com\/wp-content\/uploads\/2024\/10\/\u5fae\u4fe1\u622a\u56fe_20241024102017-100x100.png 100w\" sizes=\"(max-width: 800px) 100vw, 800px\" \/> <img loading=\"lazy\" decoding=\"async\" class=\"alignnone size-full wp-image-3713\" src=\"https:\/\/wxplastmachine.com\/wp-content\/uploads\/2024\/10\/\u5fae\u4fe1\u622a\u56fe_20241024101409.png\" alt=\"\" width=\"800\" height=\"800\" srcset=\"https:\/\/wxplastmachine.com\/wp-content\/uploads\/2024\/10\/\u5fae\u4fe1\u622a\u56fe_20241024101409.png 800w, https:\/\/wxplastmachine.com\/wp-content\/uploads\/2024\/10\/\u5fae\u4fe1\u622a\u56fe_20241024101409-300x300.png 300w, https:\/\/wxplastmachine.com\/wp-content\/uploads\/2024\/10\/\u5fae\u4fe1\u622a\u56fe_20241024101409-150x150.png 150w, https:\/\/wxplastmachine.com\/wp-content\/uploads\/2024\/10\/\u5fae\u4fe1\u622a\u56fe_20241024101409-768x768.png 768w, https:\/\/wxplastmachine.com\/wp-content\/uploads\/2024\/10\/\u5fae\u4fe1\u622a\u56fe_20241024101409-12x12.png 12w, https:\/\/wxplastmachine.com\/wp-content\/uploads\/2024\/10\/\u5fae\u4fe1\u622a\u56fe_20241024101409-600x600.png 600w, https:\/\/wxplastmachine.com\/wp-content\/uploads\/2024\/10\/\u5fae\u4fe1\u622a\u56fe_20241024101409-100x100.png 100w\" sizes=\"(max-width: 800px) 100vw, 800px\" \/> <img loading=\"lazy\" decoding=\"async\" class=\"alignnone size-full wp-image-3721\" src=\"https:\/\/wxplastmachine.com\/wp-content\/uploads\/2024\/10\/\u5fae\u4fe1\u622a\u56fe_20241024102252.png\" alt=\"\" width=\"800\" height=\"800\" srcset=\"https:\/\/wxplastmachine.com\/wp-content\/uploads\/2024\/10\/\u5fae\u4fe1\u622a\u56fe_20241024102252.png 800w, https:\/\/wxplastmachine.com\/wp-content\/uploads\/2024\/10\/\u5fae\u4fe1\u622a\u56fe_20241024102252-300x300.png 300w, https:\/\/wxplastmachine.com\/wp-content\/uploads\/2024\/10\/\u5fae\u4fe1\u622a\u56fe_20241024102252-150x150.png 150w, https:\/\/wxplastmachine.com\/wp-content\/uploads\/2024\/10\/\u5fae\u4fe1\u622a\u56fe_20241024102252-768x768.png 768w, https:\/\/wxplastmachine.com\/wp-content\/uploads\/2024\/10\/\u5fae\u4fe1\u622a\u56fe_20241024102252-12x12.png 12w, https:\/\/wxplastmachine.com\/wp-content\/uploads\/2024\/10\/\u5fae\u4fe1\u622a\u56fe_20241024102252-600x600.png 600w, https:\/\/wxplastmachine.com\/wp-content\/uploads\/2024\/10\/\u5fae\u4fe1\u622a\u56fe_20241024102252-100x100.png 100w\" sizes=\"(max-width: 800px) 100vw, 800px\" \/> <img loading=\"lazy\" decoding=\"async\" class=\"alignnone size-full wp-image-3714\" src=\"https:\/\/wxplastmachine.com\/wp-content\/uploads\/2024\/10\/\u5fae\u4fe1\u622a\u56fe_20241024101841.png\" alt=\"\" width=\"800\" height=\"800\" srcset=\"https:\/\/wxplastmachine.com\/wp-content\/uploads\/2024\/10\/\u5fae\u4fe1\u622a\u56fe_20241024101841.png 800w, https:\/\/wxplastmachine.com\/wp-content\/uploads\/2024\/10\/\u5fae\u4fe1\u622a\u56fe_20241024101841-300x300.png 300w, https:\/\/wxplastmachine.com\/wp-content\/uploads\/2024\/10\/\u5fae\u4fe1\u622a\u56fe_20241024101841-150x150.png 150w, https:\/\/wxplastmachine.com\/wp-content\/uploads\/2024\/10\/\u5fae\u4fe1\u622a\u56fe_20241024101841-768x768.png 768w, https:\/\/wxplastmachine.com\/wp-content\/uploads\/2024\/10\/\u5fae\u4fe1\u622a\u56fe_20241024101841-12x12.png 12w, https:\/\/wxplastmachine.com\/wp-content\/uploads\/2024\/10\/\u5fae\u4fe1\u622a\u56fe_20241024101841-600x600.png 600w, https:\/\/wxplastmachine.com\/wp-content\/uploads\/2024\/10\/\u5fae\u4fe1\u622a\u56fe_20241024101841-100x100.png 100w\" sizes=\"(max-width: 800px) 100vw, 800px\" \/><\/p>","protected":false},"excerpt":{"rendered":"<p>Suitable for all kind of paper tube \/ paper can production. Such as package tin, tea caddy, food cans, wine cans, fireworks tube, calendar tube, fax paper core, etc. 1.Low price, strong practicability, stable performance; 2.Automatically cut, automatically fall pipe, automatically change speed and revert; 3.Computer PLC control, touch screen man-machine interface operation; 4.Round knife [&hellip;]<\/p>","protected":false},"featured_media":3716,"comment_status":"open","ping_status":"closed","template":"","meta":{"site-sidebar-layout":"default","site-content-layout":"","ast-site-content-layout":"default","site-content-style":"default","site-sidebar-style":"default","ast-global-header-display":"","ast-banner-title-visibility":"","ast-main-header-display":"","ast-hfb-above-header-display":"","ast-hfb-below-header-display":"","ast-hfb-mobile-header-display":"","site-post-title":"","ast-breadcrumbs-content":"","ast-featured-img":"","footer-sml-layout":"","theme-transparent-header-meta":"default","adv-header-id-meta":"","stick-header-meta":"","header-above-stick-meta":"","header-main-stick-meta":"","header-below-stick-meta":"","astra-migrate-meta-layouts":"set","ast-page-background-enabled":"default","ast-page-background-meta":{"desktop":{"background-color":"","background-image":"","background-repeat":"repeat","background-position":"center center","background-size":"auto","background-attachment":"scroll","background-type":"","background-media":"","overlay-type":"","overlay-color":"","overlay-gradient":""},"tablet":{"background-color":"","background-image":"","background-repeat":"repeat","background-position":"center center","background-size":"auto","background-attachment":"scroll","background-type":"","background-media":"","overlay-type":"","overlay-color":"","overlay-gradient":""},"mobile":{"background-color":"","background-image":"","background-repeat":"repeat","background-position":"center center","background-size":"auto","background-attachment":"scroll","background-type":"","background-media":"","overlay-type":"","overlay-color":"","overlay-gradient":""}},"ast-content-background-meta":{"desktop":{"background-color":"var(--ast-global-color-5)","background-image":"","background-repeat":"repeat","background-position":"center center","background-size":"auto","background-attachment":"scroll","background-type":"","background-media":"","overlay-type":"","overlay-color":"","overlay-gradient":""},"tablet":{"background-color":"var(--ast-global-color-5)","background-image":"","background-repeat":"repeat","background-position":"center center","background-size":"auto","background-attachment":"scroll","background-type":"","background-media":"","overlay-type":"","overlay-color":"","overlay-gradient":""},"mobile":{"background-color":"var(--ast-global-color-5)","background-image":"","background-repeat":"repeat","background-position":"center center","background-size":"auto","background-attachment":"scroll","background-type":"","background-media":"","overlay-type":"","overlay-color":"","overlay-gradient":""}}},"product_cat":[191,198],"product_tag":[],"jetpack_sharing_enabled":true,"_links":{"self":[{"href":"https:\/\/wxplastmachine.com\/fr\/wp-json\/wp\/v2\/product\/3711"}],"collection":[{"href":"https:\/\/wxplastmachine.com\/fr\/wp-json\/wp\/v2\/product"}],"about":[{"href":"https:\/\/wxplastmachine.com\/fr\/wp-json\/wp\/v2\/types\/product"}],"replies":[{"embeddable":true,"href":"https:\/\/wxplastmachine.com\/fr\/wp-json\/wp\/v2\/comments?post=3711"}],"wp:featuredmedia":[{"embeddable":true,"href":"https:\/\/wxplastmachine.com\/fr\/wp-json\/wp\/v2\/media\/3716"}],"wp:attachment":[{"href":"https:\/\/wxplastmachine.com\/fr\/wp-json\/wp\/v2\/media?parent=3711"}],"wp:term":[{"taxonomy":"product_cat","embeddable":true,"href":"https:\/\/wxplastmachine.com\/fr\/wp-json\/wp\/v2\/product_cat?post=3711"},{"taxonomy":"product_tag","embeddable":true,"href":"https:\/\/wxplastmachine.com\/fr\/wp-json\/wp\/v2\/product_tag?post=3711"}],"curies":[{"name":"wp","href":"https:\/\/api.w.org\/{rel}","templated":true}]}}