{"id":2661,"date":"2024-07-16T10:44:50","date_gmt":"2024-07-16T02:44:50","guid":{"rendered":"https:\/\/wxplastmachine.com\/?post_type=product&#038;p=2661"},"modified":"2024-08-03T03:07:10","modified_gmt":"2024-08-02T19:07:10","slug":"wx-ab50-55-60-two-layer-co-extrusion-film-blowing-machine","status":"publish","type":"product","link":"https:\/\/wxplastmachine.com\/ja\/product\/wx-ab50-55-60-two-layer-co-extrusion-film-blowing-machine","title":{"rendered":"WX-AB50\/55\/60 \u4e8c\u5c64\u5171\u62bc\u51fa\u30d5\u30a3\u30eb\u30e0\u30d6\u30ed\u30fc\u30de\u30b7\u30f3"},"content":{"rendered":"<p><strong><b>\u5546\u54c1\u8aac\u660e<\/b><\/strong><\/p>\n<p>\u5f53\u793e\u304c\u751f\u7523\u3059\u308bAB\u578b\u4e8c\u5c64\u5171\u62bc\u51fa\u30d6\u30ed\u30fc\u30d5\u30a3\u30eb\u30e0\u6a5f\u306e\u751f\u7523\u30e9\u30a4\u30f3\u306f\u3001\u9ad8\u5bc6\u5ea6\u30dd\u30ea\u30a8\u30c1\u30ec\u30f3\u3001\u4f4e\u5bc6\u5ea6\u30dd\u30ea\u30a8\u30c1\u30ec\u30f3\u3001\u76f4\u9396\u72b6\u4f4e\u5bc6\u5ea6\u30dd\u30ea\u30a8\u30c1\u30ec\u30f3\u306e\u30d6\u30ed\u30fc\u306b\u9069\u3057\u3066\u3044\u307e\u3059\u3002\u30d7\u30ed\u30c0\u30af\u30c8\u306f\u30de\u30eb\u30c1 \u30d5\u30a3\u30eb\u30e0\u3001\u8fb2\u696d\u306e\u30d5\u30a3\u30eb\u30e0\u3001\u9069\u7528\u7bc4\u56f2\u304c\u5e83\u3044\u5305\u88c5\u306e\u30d5\u30a3\u30eb\u30e0\u3067\u5e83\u304f\u5229\u7528\u3055\u308c\u3066\u3044\u307e\u3059\u3002<\/p>\n<p><strong><b>\u4e3b\u306a\u6280\u8853\u30d1\u30e9\u30e1\u30fc\u30bf\u30fc<\/b><\/strong><\/p>\n<table>\n<tbody>\n<tr>\n<td width=\"148\">\u30e2\u30c7\u30eb<\/td>\n<td width=\"94\">WX-AB50\/800<\/td>\n<td width=\"88\">WX-AB55\/1000<\/td>\n<td width=\"88\">WX-AB60\/1200<\/td>\n<\/tr>\n<tr>\n<td width=\"148\">\u30cd\u30b8\u5f84<\/td>\n<td width=\"94\">50\u00d7 2<\/td>\n<td width=\"88\">55\u00d7 2<\/td>\n<td width=\"88\">60\u00d7 2<\/td>\n<\/tr>\n<tr>\n<td width=\"148\">L\/D<\/td>\n<td width=\"94\">28: 1<\/td>\n<td width=\"88\">28: 1<\/td>\n<td width=\"88\">28: 1<\/td>\n<\/tr>\n<tr>\n<td width=\"148\">\u30d5\u30a3\u30eb\u30e0\u7e2e\u5f84(mm)<\/td>\n<td width=\"94\">800<\/td>\n<td width=\"88\">1000<\/td>\n<td width=\"88\">1200<\/td>\n<\/tr>\n<tr>\n<td width=\"148\">\u7247\u9762 \u30d5\u30a3\u30eb\u30e0\u539a(mm)<\/td>\n<td width=\"94\">0.015-0.10<\/td>\n<td width=\"88\">0.015-0.10<\/td>\n<td width=\"88\">0.015-0.10<\/td>\n<\/tr>\n<tr>\n<td width=\"148\">\u6700\u5927\u751f\u7523\u91cf(kg\/h)<\/td>\n<td width=\"94\">40<\/td>\n<td width=\"88\">65<\/td>\n<td width=\"88\">80<\/td>\n<\/tr>\n<tr>\n<td width=\"148\">\u4e3b\u96fb\u52d5\u6a5f\u51fa\u529b(kw)<\/td>\n<td width=\"94\">11\u00d7 2<\/td>\n<td width=\"88\">15\u00d7 2<\/td>\n<td width=\"88\">18.5\u00d7 2<\/td>\n<\/tr>\n<tr>\n<td width=\"148\">\u6696\u623f\u80fd\u529b(kw)<\/td>\n<td width=\"94\">26<\/td>\n<td width=\"88\">30<\/td>\n<td width=\"88\">42<\/td>\n<\/tr>\n<tr>\n<td width=\"148\">\u5916\u5f84(L\u00d7W\u00d7H)(mm)<\/td>\n<td width=\"94\">4200\u00d7 2200\u00d7 4000<\/td>\n<td width=\"88\">4600\u00d7 2400\u00d7 4600<\/td>\n<td width=\"88\">5000\u00d7 2800\u00d7 5000<\/td>\n<\/tr>\n<tr>\n<td width=\"148\">\u91cd\u91cf(T)<\/td>\n<td width=\"94\">4<\/td>\n<td width=\"88\">5<\/td>\n<td width=\"88\">6<\/td>\n<\/tr>\n<\/tbody>\n<\/table>\n<p><strong><b>\u3088\u304f\u3042\u308b\u8cea\u554f<\/b><\/strong><\/p>\n<p>1.\u88fd\u54c1\u4fdd\u8a3c\u306f\u3069\u3046\u3067\u3059\u304b\uff1f<br \/>\n1\u5e74\uff0812\u30f6\u6708\uff09\u4fdd\u8a3c\u306f\u5bb9\u5668\u306e\u65e5\u4ed8\u304b\u3089\u63d0\u4f9b\u3055\u308c\u308bclients'factory.If\u6a5f\u68b0\u90e8\u54c1\u306f\u4fdd\u8a3c\u671f\u9593\u5185\u306e\u8cea\u554f\u984c\u304c\u539f\u56e0\u3067\u58ca\u308c\u3066\u7740\u304f\u3001\u79c1\u9054\u306f\u81ea\u7531\u306e\u305f\u3081\u306e\u65b0\u3057\u3044\u90e8\u54c1\u3092\u9001\u308b\uff08\u4efb\u610f\u306e\u4eba\u5de5\u7684\u306a\u8aa4\u7528\u307e\u305f\u306fdestory prepensely\u306f\u54c1\u8cea\u4fdd\u8a3c\u306e\u5236\u9650\u5185\u306b\u542b\u307e\u308c\u3066\u3044\u307e\u305b\u3093\uff09\u3002<\/p>\n<p>2.\u652f\u6255\u3044\u30fb\u914d\u9001\u6761\u4ef6\u306f\uff1f<br \/>\n\u652f\u6255\u671f\u9650<br \/>\n1) T\/T\u3001\u524d\u6255\u3044\u3068\u3057\u3066 30%\u3001\u914d\u9054\u306e\u524d\u306e 70%<br \/>\n2) L\/C\u3001T\/T \u306b\u3088\u308b 30%\u3001L\/C at sight \u3068\u3057\u3066\u306e 70%<br \/>\n\u914d\u9054\u6642\u9593\uff1a\u6a19\u6e96\u306f30-40\u55b6\u696d\u65e5\u306b\u306a\u308a\u307e\u3059<\/p>\n<p>3.\u6a5f\u68b0\u3092\u6ce8\u6587\u3057\u305f\u3089\u3001\u3069\u306e\u3088\u3046\u306a\u30c6\u30af\u30cb\u30ab\u30eb\u30b5\u30dd\u30fc\u30c8\u3092\u53d7\u3051\u308b\u3053\u3068\u304c\u3067\u304d\u307e\u3059\u304b\uff1f<br \/>\n\u5fc5\u8981\u306b\u5fdc\u3058\u3066\u3001\u8a2d\u7f6e\u56f3\u9762\u3001\u57fa\u672c\u64cd\u4f5c\u8aac\u660e\u66f8\u3001Video&amp;Photos\u306b\u3088\u308b\u64cd\u4f5c\u8aac\u660e\u3001\u6280\u8853\u30b5\u30dd\u30fc\u30c8\u306e\u305f\u3081\u306e\u30aa\u30f3\u30e9\u30a4\u30f3\u30d3\u30c7\u30aa\u901a\u8a71\u3092\u63d0\u4f9b\u3059\u308b\u3053\u3068\u304c\u3067\u304d\u307e\u3059\u3002<\/p>","protected":false},"excerpt":{"rendered":"<p>Product Description: The\u00a0production line of AB two-layer co-extrusion blown film machines produced by our company is suitable for blowing high-density polyethylene, low-density polyethylene and linear low-density polyethylene. The products are widely used in Mulch film,agricultural film, flexible packaging film. Main Technical Parameters: Model WX-AB50\/800 WX-AB55\/1000 WX-AB60\/1200 Diameter of screw 50\u00d7 2 55\u00d7 2 60\u00d7 2 L\/D 28: 1 28: 1 28: 1 Reduced diameter of film(mm) 800 1000 1200 Single-face Thickness of film(mm) 0.015-0.10 0.015-0.10 0.015-0.10 Max. Output(kg\/h) 40 65 80 Power of main motor(kw) 11\u00d7 2 15\u00d7 2 18.5\u00d7 2 Heating Power(kw) 26 30 42 Outline diameter(L\u00d7 W\u00d7 H)(mm) 4200\u00d7 2200\u00d7 4000 4600\u00d7 2400\u00d7 4600 5000\u00d7 2800\u00d7 5000 Weight(T) [&hellip;]<\/p>","protected":false},"featured_media":2898,"comment_status":"open","ping_status":"closed","template":"","meta":{"site-sidebar-layout":"default","site-content-layout":"","ast-site-content-layout":"default","site-content-style":"default","site-sidebar-style":"default","ast-global-header-display":"","ast-banner-title-visibility":"","ast-main-header-display":"","ast-hfb-above-header-display":"","ast-hfb-below-header-display":"","ast-hfb-mobile-header-display":"","site-post-title":"","ast-breadcrumbs-content":"","ast-featured-img":"","footer-sml-layout":"","theme-transparent-header-meta":"default","adv-header-id-meta":"","stick-header-meta":"","header-above-stick-meta":"","header-main-stick-meta":"","header-below-stick-meta":"","astra-migrate-meta-layouts":"set","ast-page-background-enabled":"default","ast-page-background-meta":{"desktop":{"background-color":"","background-image":"","background-repeat":"repeat","background-position":"center center","background-size":"auto","background-attachment":"scroll","background-type":"","background-media":"","overlay-type":"","overlay-color":"","overlay-gradient":""},"tablet":{"background-color":"","background-image":"","background-repeat":"repeat","background-position":"center center","background-size":"auto","background-attachment":"scroll","background-type":"","background-media":"","overlay-type":"","overlay-color":"","overlay-gradient":""},"mobile":{"background-color":"","background-image":"","background-repeat":"repeat","background-position":"center center","background-size":"auto","background-attachment":"scroll","background-type":"","background-media":"","overlay-type":"","overlay-color":"","overlay-gradient":""}},"ast-content-background-meta":{"desktop":{"background-color":"var(--ast-global-color-5)","background-image":"","background-repeat":"repeat","background-position":"center center","background-size":"auto","background-attachment":"scroll","background-type":"","background-media":"","overlay-type":"","overlay-color":"","overlay-gradient":""},"tablet":{"background-color":"var(--ast-global-color-5)","background-image":"","background-repeat":"repeat","background-position":"center center","background-size":"auto","background-attachment":"scroll","background-type":"","background-media":"","overlay-type":"","overlay-color":"","overlay-gradient":""},"mobile":{"background-color":"var(--ast-global-color-5)","background-image":"","background-repeat":"repeat","background-position":"center center","background-size":"auto","background-attachment":"scroll","background-type":"","background-media":"","overlay-type":"","overlay-color":"","overlay-gradient":""}}},"product_cat":[23,126,129],"product_tag":[],"jetpack_sharing_enabled":true,"_links":{"self":[{"href":"https:\/\/wxplastmachine.com\/ja\/wp-json\/wp\/v2\/product\/2661"}],"collection":[{"href":"https:\/\/wxplastmachine.com\/ja\/wp-json\/wp\/v2\/product"}],"about":[{"href":"https:\/\/wxplastmachine.com\/ja\/wp-json\/wp\/v2\/types\/product"}],"replies":[{"embeddable":true,"href":"https:\/\/wxplastmachine.com\/ja\/wp-json\/wp\/v2\/comments?post=2661"}],"wp:featuredmedia":[{"embeddable":true,"href":"https:\/\/wxplastmachine.com\/ja\/wp-json\/wp\/v2\/media\/2898"}],"wp:attachment":[{"href":"https:\/\/wxplastmachine.com\/ja\/wp-json\/wp\/v2\/media?parent=2661"}],"wp:term":[{"taxonomy":"product_cat","embeddable":true,"href":"https:\/\/wxplastmachine.com\/ja\/wp-json\/wp\/v2\/product_cat?post=2661"},{"taxonomy":"product_tag","embeddable":true,"href":"https:\/\/wxplastmachine.com\/ja\/wp-json\/wp\/v2\/product_tag?post=2661"}],"curies":[{"name":"wp","href":"https:\/\/api.w.org\/{rel}","templated":true}]}}