{"id":2648,"date":"2024-07-16T10:31:43","date_gmt":"2024-07-16T02:31:43","guid":{"rendered":"https:\/\/wxplastmachine.com\/?post_type=product&#038;p=2648"},"modified":"2024-08-03T02:38:47","modified_gmt":"2024-08-02T18:38:47","slug":"wx-mn45-50-55-high-speed-500-600-800mm-hdpe-ldpe-film-blowing-machine-plastic-packaging-film-machine","status":"publish","type":"product","link":"https:\/\/wxplastmachine.com\/pt\/produto\/wx-mn45-50-55-high-speed-500-600-800mm-hdpe-ldpe-film-blowing-machine-plastic-packaging-film-machine","title":{"rendered":"M\u00e1quina Sopradora de Pl\u00e1stico Filme PEAD e PEBD de Alta Velocidade 500\/600\/800mm WX-MN45\/50\/55 M\u00e1quina Sopradora de Pl\u00e1stico Filme para Embalagem"},"content":{"rendered":"<p><strong><b>Informa\u00e7\u00f5es sobre o produto\uff1a<\/b><\/strong><\/p>\n<p>Nome do produto: Mini M\u00e1quina Sopradora de Pl\u00e1stico Filme PE 500MM\/600MM\/800MM<\/p>\n<p>Modelo\uff1a WX-MN45\/50\/55<br \/>\nLargura da pel\u00edcula\uff1a 100-800mm<\/p>\n<p>Espessura da pel\u00edcula: 0.008-0.1mm<\/p>\n<p>&nbsp;<\/p>\n<p><strong><b>Introdu\u00e7\u00e3o de produtos\uff1a<\/b><\/strong><\/p>\n<p>O motor principal e a unidade de tra\u00e7\u00e3o adoptam o inversor para ajustar a velocidade e poupar energia. O rolo \u00fanico de fric\u00e7\u00e3o de superf\u00edcie \u00e9 usado para tornar a pel\u00edcula de pl\u00e1stico lisa, limpa e arrumada. Esta m\u00e1quina goza de muitas vantagens, como melhorar a efici\u00eancia, economizar custos e investimentos, economizar custos de trabalho e terras e etc. Esta m\u00e1quina \u00e9 usada para soprar filme pl\u00e1stico, como PEBD, PEAD e PEBDL. \u00c9 amplamente aplicada na produ\u00e7\u00e3o de sacos de embalagem para g\u00e9neros aliment\u00edcios, vestu\u00e1rio, sacos do lixo e coletes.<\/p>\n<p>Equipamento opcional:<br \/>\n1). Carga autom\u00e1tica<br \/>\n2). Compressor de ar<br \/>\n3). Cunho especial<br \/>\n4). Dispositivo rotativo da matriz<br \/>\n5). Bobinador de dupla face<br \/>\n6). Para cima e para baixo<\/p>\n<p>&nbsp;<\/p>\n<p><strong><b>Principais par\u00e2metros t\u00e9cnicos\uff1a<\/b><\/strong><\/p>\n<table>\n<tbody>\n<tr>\n<td width=\"92\">Modelo<\/td>\n<td width=\"125\">WX-MN45<\/td>\n<td width=\"94\">WX-MN50<\/td>\n<td width=\"81\">WX-MN55<\/td>\n<\/tr>\n<tr>\n<td width=\"92\">Material adequado<\/td>\n<td colspan=\"3\" width=\"301\">HDPE\/LDPE\/LLDPE<\/td>\n<\/tr>\n<tr>\n<td width=\"92\">Largura da pel\u00edcula<\/td>\n<td width=\"125\">100-500mm<\/td>\n<td width=\"94\">100-600mm<\/td>\n<td width=\"81\">300-800mm<\/td>\n<\/tr>\n<tr>\n<td width=\"92\">Espessura da pel\u00edcula<\/td>\n<td colspan=\"3\" width=\"301\">0,008-0,1 mm<\/td>\n<\/tr>\n<tr>\n<td width=\"92\">Sa\u00edda m\u00e1xima<\/td>\n<td width=\"125\">40 kg<\/td>\n<td width=\"94\">45 kg<\/td>\n<td width=\"81\">60 kg<\/td>\n<\/tr>\n<tr>\n<td width=\"92\">Di\u00e2metro do parafuso<\/td>\n<td width=\"125\">45 mm<\/td>\n<td width=\"94\">50mm<\/td>\n<td width=\"81\">55 mm<\/td>\n<\/tr>\n<tr>\n<td width=\"92\">Parafuso L\/D<\/td>\n<td colspan=\"3\" width=\"301\">30:1<\/td>\n<\/tr>\n<tr>\n<td width=\"92\">Arrefecimento do cilindro<\/td>\n<td colspan=\"3\" width=\"301\">250w*2<\/td>\n<\/tr>\n<tr>\n<td width=\"92\">Motor principal<\/td>\n<td width=\"125\">11kw<\/td>\n<td width=\"94\">15kw<\/td>\n<td width=\"81\">18,5kw<\/td>\n<\/tr>\n<tr>\n<td width=\"92\">Anel de ar<\/td>\n<td width=\"125\">620 mm<\/td>\n<td width=\"94\">780 mm<\/td>\n<td width=\"81\">780 mm<\/td>\n<\/tr>\n<tr>\n<td width=\"92\">Ventilador de ar<\/td>\n<td width=\"125\">1,5kw<\/td>\n<td width=\"94\">2,2kw<\/td>\n<td width=\"81\">2,2kw<\/td>\n<\/tr>\n<tr>\n<td width=\"92\">Largura do rolo<\/td>\n<td width=\"125\">600 mm<\/td>\n<td width=\"94\">700 mm<\/td>\n<td width=\"81\">900 mm<\/td>\n<\/tr>\n<tr>\n<td width=\"92\">Tamanho da m\u00e1quina<\/td>\n<td width=\"125\">2,6m*2,0m*3,9m<\/td>\n<td width=\"94\">2,8m*2,2m*3,9m<\/td>\n<td width=\"81\">2,8m*2,2m*3,9m<\/td>\n<\/tr>\n<tr>\n<td width=\"92\">Peso da m\u00e1quina<\/td>\n<td width=\"125\">2000kg<\/td>\n<td width=\"94\">2200kg<\/td>\n<td width=\"81\">2500kg<\/td>\n<\/tr>\n<\/tbody>\n<\/table>\n<p>&nbsp;<\/p>\n<p><strong><b>FAQ:<\/b><\/strong><\/p>\n<p>1. como sobre a garantia de seus produtos?<br \/>\nUm ano (12 meses) de garantia ser\u00e1 fornecido a partir da data de chegada do contentor \u00e0 f\u00e1brica do cliente. Se as pe\u00e7as da m\u00e1quina estiverem avariadas devido a problemas de qualidade dentro do per\u00edodo de garantia, enviaremos uma nova pe\u00e7a gratuitamente (qualquer uso indevido artificial ou destrui\u00e7\u00e3o n\u00e3o est\u00e1 inclu\u00eddo na limita\u00e7\u00e3o da Garantia de Qualidade).<\/p>\n<p>2. quais s\u00e3o as vossas condi\u00e7\u00f5es de pagamento e de entrega?<br \/>\nPrazo de pagamento:<br \/>\n1) T\/T, 30% como pr\u00e9-pago, 70% antes da entrega<br \/>\n2) L\/C, 30% por T\/T ,70% como L\/C \u00e0 vista<br \/>\nPrazo de entrega: O prazo normal \u00e9 de 30-40 dias \u00fateis<\/p>\n<p>3. que apoio t\u00e9cnico podemos obter se encomendarmos m\u00e1quinas?<br \/>\nPodemos fornecer desenhos de instala\u00e7\u00e3o, instru\u00e7\u00f5es b\u00e1sicas de funcionamento, explica\u00e7\u00e3o de funcionamento atrav\u00e9s de v\u00eddeo e fotografias, videochamada online para apoio t\u00e9cnico, se necess\u00e1rio.<\/p>","protected":false},"excerpt":{"rendered":"<p>Product Information\uff1a Product Name\uff1a 500MM\/600MM\/800MM PE Mini Film Blowing Machine Model\uff1a WX-MN45\/50\/55 Film Width\uff1a 100-800mm Film Thickness\uff1a 0.008-0.1mm &nbsp; Products Introduction\uff1a Main engine and traction unit adopts inverter to adjust speed and save energy. Surface friction single roller is used to make plastic film smooth and neat, and clean. This machine enjoys many advantages, such [&hellip;]<\/p>","protected":false},"featured_media":2956,"comment_status":"open","ping_status":"closed","template":"","meta":{"site-sidebar-layout":"default","site-content-layout":"","ast-site-content-layout":"default","site-content-style":"default","site-sidebar-style":"default","ast-global-header-display":"","ast-banner-title-visibility":"","ast-main-header-display":"","ast-hfb-above-header-display":"","ast-hfb-below-header-display":"","ast-hfb-mobile-header-display":"","site-post-title":"","ast-breadcrumbs-content":"","ast-featured-img":"","footer-sml-layout":"","theme-transparent-header-meta":"default","adv-header-id-meta":"","stick-header-meta":"","header-above-stick-meta":"","header-main-stick-meta":"","header-below-stick-meta":"","astra-migrate-meta-layouts":"set","ast-page-background-enabled":"default","ast-page-background-meta":{"desktop":{"background-color":"","background-image":"","background-repeat":"repeat","background-position":"center center","background-size":"auto","background-attachment":"scroll","background-type":"","background-media":"","overlay-type":"","overlay-color":"","overlay-gradient":""},"tablet":{"background-color":"","background-image":"","background-repeat":"repeat","background-position":"center center","background-size":"auto","background-attachment":"scroll","background-type":"","background-media":"","overlay-type":"","overlay-color":"","overlay-gradient":""},"mobile":{"background-color":"","background-image":"","background-repeat":"repeat","background-position":"center center","background-size":"auto","background-attachment":"scroll","background-type":"","background-media":"","overlay-type":"","overlay-color":"","overlay-gradient":""}},"ast-content-background-meta":{"desktop":{"background-color":"var(--ast-global-color-5)","background-image":"","background-repeat":"repeat","background-position":"center center","background-size":"auto","background-attachment":"scroll","background-type":"","background-media":"","overlay-type":"","overlay-color":"","overlay-gradient":""},"tablet":{"background-color":"var(--ast-global-color-5)","background-image":"","background-repeat":"repeat","background-position":"center center","background-size":"auto","background-attachment":"scroll","background-type":"","background-media":"","overlay-type":"","overlay-color":"","overlay-gradient":""},"mobile":{"background-color":"var(--ast-global-color-5)","background-image":"","background-repeat":"repeat","background-position":"center center","background-size":"auto","background-attachment":"scroll","background-type":"","background-media":"","overlay-type":"","overlay-color":"","overlay-gradient":""}}},"product_cat":[23,126,128],"product_tag":[],"jetpack_sharing_enabled":true,"_links":{"self":[{"href":"https:\/\/wxplastmachine.com\/pt\/wp-json\/wp\/v2\/product\/2648"}],"collection":[{"href":"https:\/\/wxplastmachine.com\/pt\/wp-json\/wp\/v2\/product"}],"about":[{"href":"https:\/\/wxplastmachine.com\/pt\/wp-json\/wp\/v2\/types\/product"}],"replies":[{"embeddable":true,"href":"https:\/\/wxplastmachine.com\/pt\/wp-json\/wp\/v2\/comments?post=2648"}],"wp:featuredmedia":[{"embeddable":true,"href":"https:\/\/wxplastmachine.com\/pt\/wp-json\/wp\/v2\/media\/2956"}],"wp:attachment":[{"href":"https:\/\/wxplastmachine.com\/pt\/wp-json\/wp\/v2\/media?parent=2648"}],"wp:term":[{"taxonomy":"product_cat","embeddable":true,"href":"https:\/\/wxplastmachine.com\/pt\/wp-json\/wp\/v2\/product_cat?post=2648"},{"taxonomy":"product_tag","embeddable":true,"href":"https:\/\/wxplastmachine.com\/pt\/wp-json\/wp\/v2\/product_tag?post=2648"}],"curies":[{"name":"wp","href":"https:\/\/api.w.org\/{rel}","templated":true}]}}