{"id":2655,"date":"2024-07-16T10:37:46","date_gmt":"2024-07-16T02:37:46","guid":{"rendered":"https:\/\/wxplastmachine.com\/?post_type=product&#038;p=2655"},"modified":"2024-08-02T23:58:33","modified_gmt":"2024-08-02T15:58:33","slug":"2000mm-pe-film-blowing-machine-plastic-packaging-film-machine","status":"publish","type":"product","link":"https:\/\/wxplastmachine.com\/pt\/produto\/2000mm-pe-film-blowing-machine-plastic-packaging-film-machine","title":{"rendered":"M\u00e1quina Sopradora de Pl\u00e1stico Filme PE 2000mm M\u00e1quina para embalagem de pl\u00e1stico"},"content":{"rendered":"<h2><strong><b>Descri\u00e7\u00e3o do produto<\/b><\/strong><strong><b>:<\/b><\/strong><\/h2>\n<p>M\u00e1quina sopradora de pel\u00edcula PE WX-SL2000 M\u00e1quina para produ\u00e7\u00e3o de pel\u00edcula pl\u00e1stica<\/p>\n<p>\u00c9 amplamente utilizado para produzir pel\u00edculas de grande largura, tais como pel\u00edcula de embalagem, pel\u00edcula de revestimento de paredes ou pavimentos, sacos grandes... etc.<br \/>\nA m\u00e1quina utiliza uma prateleira robusta para garantir um sopro est\u00e1vel da pel\u00edcula durante o funcionamento.<br \/>\nA cabe\u00e7a de molde rotativa e o design de anel de ar duplo podem tornar a espessura da bolha est\u00e1vel e suave.<\/p>\n<p><strong><b>Principais par\u00e2metros t\u00e9cnicos\uff1a<\/b><\/strong><\/p>\n<table>\n<tbody>\n<tr>\n<td width=\"77\">Modelo<\/td>\n<td width=\"83\">WX-SL1500<\/td>\n<td width=\"87\">WX-SL2000<\/td>\n<td width=\"82\">WX-SL2500<\/td>\n<td width=\"85\">WX-SL3000<\/td>\n<\/tr>\n<tr>\n<td width=\"77\">Mat\u00e9ria-prima<\/td>\n<td colspan=\"4\" width=\"339\">HDPE\/LDPE\/LLDPE<\/td>\n<\/tr>\n<tr>\n<td width=\"77\">Largura da pel\u00edcula<\/td>\n<td width=\"83\">800-1500mm<\/td>\n<td width=\"87\">1000-2000mm<\/td>\n<td width=\"82\">1500-2500mm<\/td>\n<td width=\"85\">2000-3000mm<\/td>\n<\/tr>\n<tr>\n<td width=\"77\">Espessura da pel\u00edcula<\/td>\n<td colspan=\"4\" width=\"339\">0,01-0,1 mm<\/td>\n<\/tr>\n<tr>\n<td width=\"77\">Capacidade m\u00e1xima<\/td>\n<td width=\"83\">100kg\/h<\/td>\n<td width=\"87\">150kg\/h<\/td>\n<td width=\"82\">200kg\/h<\/td>\n<td width=\"85\">250kg\/h<\/td>\n<\/tr>\n<tr>\n<td width=\"77\">Di\u00e2metro do parafuso<\/td>\n<td width=\"83\">75mm<\/td>\n<td width=\"87\">100 mm<\/td>\n<td width=\"82\">110 mm<\/td>\n<td width=\"85\">120 mm<\/td>\n<\/tr>\n<tr>\n<td width=\"77\">Motor principal<\/td>\n<td width=\"83\">37kw<\/td>\n<td width=\"87\">55kw<\/td>\n<td width=\"82\">75kw<\/td>\n<td width=\"85\">90kw<\/td>\n<\/tr>\n<tr>\n<td width=\"77\">Caixa de velocidades<\/td>\n<td width=\"83\">#200<\/td>\n<td width=\"87\">#225<\/td>\n<td width=\"82\">#250<\/td>\n<td width=\"85\">#280<\/td>\n<\/tr>\n<tr>\n<td width=\"77\">Di\u00e2metro da cabe\u00e7a de roscar<\/td>\n<td width=\"83\">350 mm<\/td>\n<td width=\"87\">500 mm<\/td>\n<td width=\"82\">600 mm<\/td>\n<td width=\"85\">800 mm<\/td>\n<\/tr>\n<tr>\n<td width=\"77\">Ventilador de ar<\/td>\n<td width=\"83\">5.5kw<\/td>\n<td width=\"87\">7.5kw<\/td>\n<td width=\"82\">11kw<\/td>\n<td width=\"85\">15kw<\/td>\n<\/tr>\n<tr>\n<td width=\"77\">Tamanho da m\u00e1quina<\/td>\n<td width=\"83\">7,0m*3,2m*6,4m<\/td>\n<td width=\"87\">8,0m*3,8m*8,6m<\/td>\n<td width=\"82\">9,0m*4,5m*11m<\/td>\n<td width=\"85\">11m*5,5m*12m<\/td>\n<\/tr>\n<tr>\n<td width=\"77\">Peso da m\u00e1quina<\/td>\n<td width=\"83\">3,5 toneladas<\/td>\n<td width=\"87\">5 toneladas<\/td>\n<td width=\"82\">6,5 toneladas<\/td>\n<td width=\"85\">8 toneladas<\/td>\n<\/tr>\n<\/tbody>\n<\/table>\n<p>&nbsp;<\/p>\n<p><strong><b>FAQ:<\/b><\/strong><\/p>\n<p>1. como sobre a garantia de seus produtos?<br \/>\nUm ano (12 meses) de garantia ser\u00e1 fornecido a partir da data de chegada do contentor \u00e0 f\u00e1brica do cliente. Se as pe\u00e7as da m\u00e1quina estiverem avariadas devido a problemas de qualidade dentro do per\u00edodo de garantia, enviaremos uma nova pe\u00e7a gratuitamente (qualquer uso indevido artificial ou destrui\u00e7\u00e3o n\u00e3o est\u00e1 inclu\u00eddo na limita\u00e7\u00e3o da Garantia de Qualidade).<\/p>\n<p>2. quais s\u00e3o as vossas condi\u00e7\u00f5es de pagamento e de entrega?<br \/>\nPrazo de pagamento:<br \/>\n1) T\/T, 30% como pr\u00e9-pago, 70% antes da entrega<br \/>\n2) L\/C, 30% por T\/T ,70% como L\/C \u00e0 vista<br \/>\nPrazo de entrega: O prazo normal \u00e9 de 30-40 dias \u00fateis<\/p>\n<p>3. que apoio t\u00e9cnico podemos obter se encomendarmos m\u00e1quinas?<br \/>\nPodemos fornecer desenhos de instala\u00e7\u00e3o, instru\u00e7\u00f5es b\u00e1sicas de funcionamento, explica\u00e7\u00e3o de funcionamento atrav\u00e9s de v\u00eddeo e fotografias, videochamada online para apoio t\u00e9cnico, se necess\u00e1rio.<\/p>","protected":false},"excerpt":{"rendered":"<p>Product Description: WX-SL2000 PE film blowing machine plastic film machine It is widely used to produce large width films ,such as packing film , Wall or floor covering film ,large bags&#8230; etc. Machine uses a sturdy shelf to ensure stable blowing of the film when running. Rotating die head &amp; double air ring design can [&hellip;]<\/p>","protected":false},"featured_media":2940,"comment_status":"open","ping_status":"closed","template":"","meta":{"site-sidebar-layout":"default","site-content-layout":"","ast-site-content-layout":"default","site-content-style":"default","site-sidebar-style":"default","ast-global-header-display":"","ast-banner-title-visibility":"","ast-main-header-display":"","ast-hfb-above-header-display":"","ast-hfb-below-header-display":"","ast-hfb-mobile-header-display":"","site-post-title":"","ast-breadcrumbs-content":"","ast-featured-img":"","footer-sml-layout":"","theme-transparent-header-meta":"default","adv-header-id-meta":"","stick-header-meta":"","header-above-stick-meta":"","header-main-stick-meta":"","header-below-stick-meta":"","astra-migrate-meta-layouts":"set","ast-page-background-enabled":"default","ast-page-background-meta":{"desktop":{"background-color":"","background-image":"","background-repeat":"repeat","background-position":"center center","background-size":"auto","background-attachment":"scroll","background-type":"","background-media":"","overlay-type":"","overlay-color":"","overlay-gradient":""},"tablet":{"background-color":"","background-image":"","background-repeat":"repeat","background-position":"center center","background-size":"auto","background-attachment":"scroll","background-type":"","background-media":"","overlay-type":"","overlay-color":"","overlay-gradient":""},"mobile":{"background-color":"","background-image":"","background-repeat":"repeat","background-position":"center center","background-size":"auto","background-attachment":"scroll","background-type":"","background-media":"","overlay-type":"","overlay-color":"","overlay-gradient":""}},"ast-content-background-meta":{"desktop":{"background-color":"var(--ast-global-color-5)","background-image":"","background-repeat":"repeat","background-position":"center center","background-size":"auto","background-attachment":"scroll","background-type":"","background-media":"","overlay-type":"","overlay-color":"","overlay-gradient":""},"tablet":{"background-color":"var(--ast-global-color-5)","background-image":"","background-repeat":"repeat","background-position":"center center","background-size":"auto","background-attachment":"scroll","background-type":"","background-media":"","overlay-type":"","overlay-color":"","overlay-gradient":""},"mobile":{"background-color":"var(--ast-global-color-5)","background-image":"","background-repeat":"repeat","background-position":"center center","background-size":"auto","background-attachment":"scroll","background-type":"","background-media":"","overlay-type":"","overlay-color":"","overlay-gradient":""}}},"product_cat":[23,126,128],"product_tag":[],"jetpack_sharing_enabled":true,"_links":{"self":[{"href":"https:\/\/wxplastmachine.com\/pt\/wp-json\/wp\/v2\/product\/2655"}],"collection":[{"href":"https:\/\/wxplastmachine.com\/pt\/wp-json\/wp\/v2\/product"}],"about":[{"href":"https:\/\/wxplastmachine.com\/pt\/wp-json\/wp\/v2\/types\/product"}],"replies":[{"embeddable":true,"href":"https:\/\/wxplastmachine.com\/pt\/wp-json\/wp\/v2\/comments?post=2655"}],"wp:featuredmedia":[{"embeddable":true,"href":"https:\/\/wxplastmachine.com\/pt\/wp-json\/wp\/v2\/media\/2940"}],"wp:attachment":[{"href":"https:\/\/wxplastmachine.com\/pt\/wp-json\/wp\/v2\/media?parent=2655"}],"wp:term":[{"taxonomy":"product_cat","embeddable":true,"href":"https:\/\/wxplastmachine.com\/pt\/wp-json\/wp\/v2\/product_cat?post=2655"},{"taxonomy":"product_tag","embeddable":true,"href":"https:\/\/wxplastmachine.com\/pt\/wp-json\/wp\/v2\/product_tag?post=2655"}],"curies":[{"name":"wp","href":"https:\/\/api.w.org\/{rel}","templated":true}]}}