{"id":2660,"date":"2024-07-16T10:43:34","date_gmt":"2024-07-16T02:43:34","guid":{"rendered":"https:\/\/wxplastmachine.com\/?post_type=product&#038;p=2660"},"modified":"2024-08-02T10:35:01","modified_gmt":"2024-08-02T02:35:01","slug":"wx-dc452-502-double-color-stripped-film-blowing-machine","status":"publish","type":"product","link":"https:\/\/wxplastmachine.com\/pt\/produto\/wx-dc452-502-double-color-stripped-film-blowing-machine","title":{"rendered":"M\u00e1quina sopradora de pel\u00edcula dupla-cor riscada WX-DC45*2\/50*2"},"content":{"rendered":"<p><strong><b>Informa\u00e7\u00f5es sobre o produto:<\/b><\/strong><br \/>\nModelo\uff1aWX-DC45*2\/50*2<br \/>\nNome do produto: M\u00e1quina sopradora de filme dupla-cor<br \/>\nLargura do filme\uff1a100-800mm<\/p>\n<p><strong><b>Introdu\u00e7\u00e3o\uff1a<\/b><\/strong><br \/>\nEsta m\u00e1quina \u00e9 usada para soprar filme HDPE LDPE LLDPE. Os produtos s\u00e3o amplamente utilizados em filme composto, filme de embalagem, filme agr\u00edcola, farbrics, saco de pano e etc. O motor principal \u00e9 equipado com inversor para ajustar a velocidade e aumentar a estabilidade. Al\u00e9m disso, esta m\u00e1quina pode economizar 30% eletricidade em compara\u00e7\u00e3o com m\u00e1quinas normais. Os parafusos e os barris s\u00e3o feitos de alum\u00ednio 38 cromo molibd\u00e9nio com tratamento de nitreta\u00e7\u00e3o. A unidade de tra\u00e7\u00e3o \u00e9 flex\u00edvel com a ajuda de tra\u00e7\u00e3o para cima e para baixo, fazendo um melhor efeito de arrefecimento na pel\u00edcula de sopro.<\/p>\n<p>&nbsp;<\/p>\n<p><strong><b>Principais par\u00e2metros t\u00e9cnicos:<\/b><\/strong><\/p>\n<table>\n<tbody>\n<tr>\n<td width=\"29.3800%\">Modelo<\/td>\n<td width=\"36.7800%\">WX-DC45*2<\/td>\n<td width=\"33.8000%\">WX-DC50*2<\/td>\n<\/tr>\n<tr>\n<td width=\"29.3800%\">Material adequado<\/td>\n<td colspan=\"2\" width=\"70.6000%\">HDPE\/LDPE\/LLDPE\/Materiais biodegrad\u00e1veis<\/td>\n<\/tr>\n<tr>\n<td width=\"29.3800%\">Largura da pel\u00edcula<\/td>\n<td width=\"36.7800%\">200-600 mm<\/td>\n<td width=\"33.8000%\">300-800mm<\/td>\n<\/tr>\n<tr>\n<td width=\"29.3800%\">Espessura da pel\u00edcula<\/td>\n<td colspan=\"2\" width=\"70.6000%\">0,008-0,1mm<\/td>\n<\/tr>\n<tr>\n<td width=\"29.3800%\">N\u00famero de cores<\/td>\n<td colspan=\"2\" width=\"70.6000%\">Cores duplas<\/td>\n<\/tr>\n<tr>\n<td width=\"29.3800%\">Capacidade<\/td>\n<td width=\"36.7800%\">40kg\/h<\/td>\n<td width=\"33.8000%\">50kg\/h<\/td>\n<\/tr>\n<tr>\n<td width=\"29.3800%\">Di\u00e2metro do parafuso<\/td>\n<td width=\"36.7800%\">45*2mm<\/td>\n<td width=\"33.8000%\">50*2mm<\/td>\n<\/tr>\n<tr>\n<td width=\"29.3800%\">Motor principal<\/td>\n<td width=\"36.7800%\">11*2kw<\/td>\n<td width=\"33.8000%\">15*2kw<\/td>\n<\/tr>\n<tr>\n<td width=\"29.3800%\">Tamanho da matriz<\/td>\n<td width=\"36.7800%\">60 mm<\/td>\n<td width=\"33.8000%\">80 mm<\/td>\n<\/tr>\n<tr>\n<td width=\"29.3800%\">Ventilador de ar<\/td>\n<td width=\"36.7800%\">1,5kw<\/td>\n<td width=\"33.8000%\">1,5kw<\/td>\n<\/tr>\n<tr>\n<td width=\"29.3800%\">Largura do rolo<\/td>\n<td width=\"36.7800%\">700 mm<\/td>\n<td width=\"33.8000%\">900 mm<\/td>\n<\/tr>\n<tr>\n<td width=\"29.3800%\">Pegar no motor<\/td>\n<td width=\"36.7800%\">1,5kw<\/td>\n<td width=\"33.8000%\">1,5kw<\/td>\n<\/tr>\n<tr>\n<td width=\"29.3800%\">Motor do rebobinador<\/td>\n<td width=\"36.7800%\">1,5kw<\/td>\n<td width=\"33.8000%\">1,5kw<\/td>\n<\/tr>\n<tr>\n<td width=\"29.3800%\">Tamanho da m\u00e1quina<\/td>\n<td width=\"36.7800%\">4.8*1.9*4.1m<\/td>\n<td width=\"33.8000%\">5.5*21*4.3m<\/td>\n<\/tr>\n<tr>\n<td width=\"29.3800%\">Peso da m\u00e1quina<\/td>\n<td width=\"36.7800%\">2,5 toneladas<\/td>\n<td width=\"33.8000%\">3,0 toneladas<\/td>\n<\/tr>\n<tr>\n<td width=\"29.3800%\">Tens\u00e3o<\/td>\n<td colspan=\"2\" width=\"70.6000%\">Trif\u00e1sico, 380V\/50HZ (pode ser personalizado)<\/td>\n<\/tr>\n<\/tbody>\n<\/table>\n<p>&nbsp;<\/p>\n<p><strong><b>FAQ:<\/b><\/strong><\/p>\n<p>1. como sobre a garantia de seus produtos?<br \/>\nUm ano (12 meses) de garantia ser\u00e1 fornecido a partir da data de chegada do contentor \u00e0 f\u00e1brica do cliente. Se as pe\u00e7as da m\u00e1quina estiverem avariadas devido a problemas de qualidade dentro do per\u00edodo de garantia, enviaremos uma nova pe\u00e7a gratuitamente (qualquer uso indevido artificial ou destrui\u00e7\u00e3o n\u00e3o est\u00e1 inclu\u00eddo na limita\u00e7\u00e3o da Garantia de Qualidade).<\/p>\n<p>2. quais s\u00e3o as vossas condi\u00e7\u00f5es de pagamento e de entrega?<br \/>\nPrazo de pagamento:<br \/>\n1) T\/T, 30% como pr\u00e9-pago, 70% antes da entrega<br \/>\n2) L\/C, 30% por T\/T ,70% como L\/C \u00e0 vista<br \/>\nPrazo de entrega: O prazo normal \u00e9 de 30-40 dias \u00fateis<\/p>\n<p>3. que apoio t\u00e9cnico podemos obter se encomendarmos m\u00e1quinas?<br \/>\nPodemos fornecer desenhos de instala\u00e7\u00e3o, instru\u00e7\u00f5es b\u00e1sicas de funcionamento, explica\u00e7\u00e3o de funcionamento atrav\u00e9s de v\u00eddeo e fotografias, videochamada online para apoio t\u00e9cnico, se necess\u00e1rio.<\/p>","protected":false},"excerpt":{"rendered":"<p>Product Information: Model\uff1aWX-DC45*2\/50*2 Product Name\uff1aDouble Color Stripped Film Blowing Machine Film Width\uff1a100-800mm Introduction\uff1a This machine is used for blowing HDPE LDPE LLDPE film. Products are widely used in compound film, packaging film, agricultural film, farbrics, cloth bag and etc. The main motor is equipped with inverter to adjust speed and increase stability. Besides, this machine [&hellip;]<\/p>","protected":false},"featured_media":2921,"comment_status":"open","ping_status":"closed","template":"","meta":{"site-sidebar-layout":"default","site-content-layout":"","ast-site-content-layout":"default","site-content-style":"default","site-sidebar-style":"default","ast-global-header-display":"","ast-banner-title-visibility":"","ast-main-header-display":"","ast-hfb-above-header-display":"","ast-hfb-below-header-display":"","ast-hfb-mobile-header-display":"","site-post-title":"","ast-breadcrumbs-content":"","ast-featured-img":"","footer-sml-layout":"","theme-transparent-header-meta":"default","adv-header-id-meta":"","stick-header-meta":"","header-above-stick-meta":"","header-main-stick-meta":"","header-below-stick-meta":"","astra-migrate-meta-layouts":"set","ast-page-background-enabled":"default","ast-page-background-meta":{"desktop":{"background-color":"","background-image":"","background-repeat":"repeat","background-position":"center center","background-size":"auto","background-attachment":"scroll","background-type":"","background-media":"","overlay-type":"","overlay-color":"","overlay-gradient":""},"tablet":{"background-color":"","background-image":"","background-repeat":"repeat","background-position":"center center","background-size":"auto","background-attachment":"scroll","background-type":"","background-media":"","overlay-type":"","overlay-color":"","overlay-gradient":""},"mobile":{"background-color":"","background-image":"","background-repeat":"repeat","background-position":"center center","background-size":"auto","background-attachment":"scroll","background-type":"","background-media":"","overlay-type":"","overlay-color":"","overlay-gradient":""}},"ast-content-background-meta":{"desktop":{"background-color":"var(--ast-global-color-5)","background-image":"","background-repeat":"repeat","background-position":"center center","background-size":"auto","background-attachment":"scroll","background-type":"","background-media":"","overlay-type":"","overlay-color":"","overlay-gradient":""},"tablet":{"background-color":"var(--ast-global-color-5)","background-image":"","background-repeat":"repeat","background-position":"center center","background-size":"auto","background-attachment":"scroll","background-type":"","background-media":"","overlay-type":"","overlay-color":"","overlay-gradient":""},"mobile":{"background-color":"var(--ast-global-color-5)","background-image":"","background-repeat":"repeat","background-position":"center center","background-size":"auto","background-attachment":"scroll","background-type":"","background-media":"","overlay-type":"","overlay-color":"","overlay-gradient":""}}},"product_cat":[23,126,129],"product_tag":[],"jetpack_sharing_enabled":true,"_links":{"self":[{"href":"https:\/\/wxplastmachine.com\/pt\/wp-json\/wp\/v2\/product\/2660"}],"collection":[{"href":"https:\/\/wxplastmachine.com\/pt\/wp-json\/wp\/v2\/product"}],"about":[{"href":"https:\/\/wxplastmachine.com\/pt\/wp-json\/wp\/v2\/types\/product"}],"replies":[{"embeddable":true,"href":"https:\/\/wxplastmachine.com\/pt\/wp-json\/wp\/v2\/comments?post=2660"}],"wp:featuredmedia":[{"embeddable":true,"href":"https:\/\/wxplastmachine.com\/pt\/wp-json\/wp\/v2\/media\/2921"}],"wp:attachment":[{"href":"https:\/\/wxplastmachine.com\/pt\/wp-json\/wp\/v2\/media?parent=2660"}],"wp:term":[{"taxonomy":"product_cat","embeddable":true,"href":"https:\/\/wxplastmachine.com\/pt\/wp-json\/wp\/v2\/product_cat?post=2660"},{"taxonomy":"product_tag","embeddable":true,"href":"https:\/\/wxplastmachine.com\/pt\/wp-json\/wp\/v2\/product_tag?post=2660"}],"curies":[{"name":"wp","href":"https:\/\/api.w.org\/{rel}","templated":true}]}}