{"id":2672,"date":"2024-07-16T10:53:25","date_gmt":"2024-07-16T02:53:25","guid":{"rendered":"https:\/\/wxplastmachine.com\/?post_type=product&#038;p=2672"},"modified":"2024-08-02T22:57:34","modified_gmt":"2024-08-02T14:57:34","slug":"high-speed-hdpe-ldpe-1500mm-aba-film-blowing-machine-plastic-packaging-film-machine","status":"publish","type":"product","link":"https:\/\/wxplastmachine.com\/pt\/produto\/high-speed-hdpe-ldpe-1500mm-aba-film-blowing-machine-plastic-packaging-film-machine","title":{"rendered":"M\u00e1quina Sopradora de Pl\u00e1stico Filme PEAD PEBD 1500mm ABA M\u00e1quina Sopradora de Pl\u00e1stico Filme de Alta Velocidade"},"content":{"rendered":"<h5><strong><b>Descri\u00e7\u00e3o do produto<\/b><\/strong><strong><b>:<\/b><\/strong><strong><b><br \/>\n<\/b><\/strong>Modelo\uff1aWX-ABA75<br \/>\nNome do produto: M\u00e1quina Sopradora de Pl\u00e1stico Filme PEAD PEBD 1500mm ABA de Alta Velocidade M\u00e1quina Sopradora de Pl\u00e1stico Filme para Embalagem<\/h5>\n<h5>Largura da pel\u00edcula\uff1a600-1500mm<\/h5>\n<h5><strong><b>\u00a0<\/b><\/strong><\/h5>\n<h5><strong><b>Introdu\u00e7\u00e3o do produto:<\/b><\/strong><strong><b><br \/>\n<\/b><\/strong>ABA co-extrusion film blowing machine enjoys advantages in producing HDPE, LDPE and LLDPE material. The strength of plastic film is improved by co-extrusion. Besides, with only two extrusion units, this model achieves function of three layer film blowing machine. One unit deals with inner&amp;outer layer, while the other deals with inner stuffing layer. In this way, costs are reduced and energy is saved. Meanwhile, to enhance market competitiveness of customers, it\u2019s possible to add recycled material and CACO3 into inner puffing layer at the rate of 80% of full amount.<\/h5>\n<p>&nbsp;<\/p>\n<p><strong><b>Principais par\u00e2metros t\u00e9cnicos:<\/b><\/strong><\/p>\n<table>\n<tbody>\n<tr>\n<td width=\"22.0000%\">Modelo<\/td>\n<td width=\"15.5800%\">WX-ABA50<\/td>\n<td width=\"15.5800%\">WX-ABA55<\/td>\n<td width=\"15.5800%\">WX-ABA60<\/td>\n<td width=\"15.5800%\">WX-ABA65<\/td>\n<td width=\"15.5800%\">WX-ABA75<\/td>\n<\/tr>\n<tr>\n<td width=\"22.0000%\">Material adequado<\/td>\n<td colspan=\"5\" width=\"77.9800%\">HDPE\/LDPE\/LLDPE\/Materiais biodegrad\u00e1veis<\/td>\n<\/tr>\n<tr>\n<td width=\"22.0000%\">Largura da pel\u00edcula<\/td>\n<td width=\"15.5800%\">100-600mm<\/td>\n<td width=\"15.5800%\">200-800mm<\/td>\n<td width=\"15.5800%\">300-1000mm<\/td>\n<td width=\"15.5800%\">400-1200mm<\/td>\n<td width=\"15.5800%\">600-1500mm<\/td>\n<\/tr>\n<tr>\n<td width=\"22.0000%\">Espessura da pel\u00edcula<\/td>\n<td colspan=\"5\" width=\"77.9800%\">0.01-0.15mm<\/td>\n<\/tr>\n<tr>\n<td width=\"22.0000%\">Capacidade<\/td>\n<td width=\"15.5800%\">60kg\/h<\/td>\n<td width=\"15.5800%\">80kg\/h<\/td>\n<td width=\"15.5800%\">100kg\/h<\/td>\n<td width=\"15.5800%\">120kg\/h<\/td>\n<td width=\"15.5800%\">150kg\/h<\/td>\n<\/tr>\n<tr>\n<td width=\"22.0000%\">Di\u00e2metro do parafuso<\/td>\n<td width=\"15.5800%\">45\/50mm<\/td>\n<td width=\"15.5800%\">50\/55mm<\/td>\n<td width=\"15.5800%\">55\/60mm<\/td>\n<td width=\"15.5800%\">60\/65mm<\/td>\n<td width=\"15.5800%\">65\/75mm<\/td>\n<\/tr>\n<tr>\n<td width=\"22.0000%\">Motor principal<\/td>\n<td width=\"15.5800%\">15\/18.5kw<\/td>\n<td width=\"15.5800%\">18.5\/22kw<\/td>\n<td width=\"15.5800%\">22\/30kw<\/td>\n<td width=\"15.5800%\">30\/37kw<\/td>\n<td width=\"15.5800%\">37kw\/45kw<\/td>\n<\/tr>\n<tr>\n<td width=\"22.0000%\">Tamanho da matriz<\/td>\n<td width=\"15.5800%\">60mm\/120mm<\/td>\n<td width=\"15.5800%\">80mm\/150mm<\/td>\n<td width=\"15.5800%\">120mm\/200mm<\/td>\n<td width=\"15.5800%\">150mm\/250mm<\/td>\n<td width=\"15.5800%\">180mm\/350mm<\/td>\n<\/tr>\n<tr>\n<td width=\"22.0000%\">Type of Die<\/td>\n<td colspan=\"5\" width=\"77.9800%\">ABA Rotary die head\/Fixed die head<\/td>\n<\/tr>\n<tr>\n<td width=\"22.0000%\">Ventilador de ar<\/td>\n<td width=\"15.5800%\">3kw<\/td>\n<td width=\"15.5800%\">3.7kw<\/td>\n<td width=\"15.5800%\">5.5kw<\/td>\n<td width=\"15.5800%\">7.5kw<\/td>\n<td width=\"15.5800%\">11kw<\/td>\n<\/tr>\n<tr>\n<td width=\"22.0000%\">Largura do rolo<\/td>\n<td width=\"15.5800%\">700 mm<\/td>\n<td width=\"15.5800%\">900 mm<\/td>\n<td width=\"15.5800%\">1100 mm<\/td>\n<td width=\"15.5800%\">1300mm<\/td>\n<td width=\"15.5800%\">1700 mm<\/td>\n<\/tr>\n<tr>\n<td width=\"22.0000%\">Pegar no motor<\/td>\n<td width=\"15.5800%\">1,5kw<\/td>\n<td width=\"15.5800%\">1,5kw<\/td>\n<td width=\"15.5800%\">1,5kw<\/td>\n<td width=\"15.5800%\">1,5kw<\/td>\n<td width=\"15.5800%\">2,2kw<\/td>\n<\/tr>\n<tr>\n<td width=\"22.0000%\">Motor do rebobinador<\/td>\n<td width=\"15.5800%\">1,5kw<\/td>\n<td width=\"15.5800%\">1,5kw<\/td>\n<td width=\"15.5800%\">1,5kw<\/td>\n<td width=\"15.5800%\">1,5kw<\/td>\n<td width=\"15.5800%\">2,2kw<\/td>\n<\/tr>\n<tr>\n<td width=\"22.0000%\">Type of rewinder<\/td>\n<td colspan=\"5\" width=\"77.9800%\">Double rewinder\/single rewinder<\/td>\n<\/tr>\n<tr>\n<td width=\"22.0000%\">Tamanho da m\u00e1quina<\/td>\n<td width=\"15.5800%\">4.8*3.0*4.8m<\/td>\n<td width=\"15.5800%\">5.2*3.2*5.2m<\/td>\n<td width=\"15.5800%\">5.6*4.0*5.8m<\/td>\n<td width=\"15.5800%\">6.0*4.4*6.2m<\/td>\n<td width=\"15.5800%\">6.5*4.8*6.8m<\/td>\n<\/tr>\n<tr>\n<td width=\"22.0000%\">Peso da m\u00e1quina<\/td>\n<td width=\"15.5800%\">2 Ton<\/td>\n<td width=\"15.5800%\">3Ton<\/td>\n<td width=\"15.5800%\">4 Ton,5 Ton,6Ton,1300mm m\u00e1quina sopradora de filme ABA de tr\u00eas camadas,384f977988c65625cae87adb9103a4f<\/td>\n<td width=\"15.5800%\">5 Ton<\/td>\n<td width=\"15.5800%\">6Ton<\/td>\n<\/tr>\n<tr>\n<td width=\"22.0000%\">Tens\u00e3o<\/td>\n<td colspan=\"5\" width=\"77.9800%\">Trif\u00e1sico, 380V\/50HZ (pode ser personalizado)<\/td>\n<\/tr>\n<\/tbody>\n<\/table>\n<p>&nbsp;<\/p>\n<p><strong><b>FAQ:<\/b><\/strong><\/p>\n<p>1. como sobre a garantia de seus produtos?<br \/>\nUm ano (12 meses) de garantia ser\u00e1 fornecido a partir da data de chegada do contentor \u00e0 f\u00e1brica do cliente. Se as pe\u00e7as da m\u00e1quina estiverem avariadas devido a problemas de qualidade dentro do per\u00edodo de garantia, enviaremos uma nova pe\u00e7a gratuitamente (qualquer uso indevido artificial ou destrui\u00e7\u00e3o n\u00e3o est\u00e1 inclu\u00eddo na limita\u00e7\u00e3o da Garantia de Qualidade).<\/p>\n<p>2. quais s\u00e3o as vossas condi\u00e7\u00f5es de pagamento e de entrega?<br \/>\nPrazo de pagamento:<br \/>\n1) T\/T, 30% como pr\u00e9-pago, 70% antes da entrega<br \/>\n2) L\/C, 30% por T\/T ,70% como L\/C \u00e0 vista<br \/>\nPrazo de entrega: O prazo normal \u00e9 de 30-40 dias \u00fateis<\/p>\n<p>3. que apoio t\u00e9cnico podemos obter se encomendarmos m\u00e1quinas?<br \/>\nPodemos fornecer desenhos de instala\u00e7\u00e3o, instru\u00e7\u00f5es b\u00e1sicas de funcionamento, explica\u00e7\u00e3o de funcionamento atrav\u00e9s de v\u00eddeo e fotografias, videochamada online para apoio t\u00e9cnico, se necess\u00e1rio.<\/p>","protected":false},"excerpt":{"rendered":"<p>Product Description: Model\uff1aWX-ABA75 Product Name\uff1aHigh Speed HDPE LDPE\u00a01500mm\u00a0ABA\u00a0Film Blowing Machine\u00a0Plastic Packaging Film Machine Film Width\uff1a600-1500mm \u00a0 Product Introduction: ABA co-extrusion film blowing machine enjoys advantages in producing HDPE, LDPE and LLDPE material. The strength of plastic film is improved by co-extrusion. Besides, with only two extrusion units, this model achieves function of three layer film [&hellip;]<\/p>","protected":false},"featured_media":2896,"comment_status":"open","ping_status":"closed","template":"","meta":{"site-sidebar-layout":"default","site-content-layout":"","ast-site-content-layout":"default","site-content-style":"default","site-sidebar-style":"default","ast-global-header-display":"","ast-banner-title-visibility":"","ast-main-header-display":"","ast-hfb-above-header-display":"","ast-hfb-below-header-display":"","ast-hfb-mobile-header-display":"","site-post-title":"","ast-breadcrumbs-content":"","ast-featured-img":"","footer-sml-layout":"","theme-transparent-header-meta":"default","adv-header-id-meta":"","stick-header-meta":"","header-above-stick-meta":"","header-main-stick-meta":"","header-below-stick-meta":"","astra-migrate-meta-layouts":"set","ast-page-background-enabled":"default","ast-page-background-meta":{"desktop":{"background-color":"","background-image":"","background-repeat":"repeat","background-position":"center center","background-size":"auto","background-attachment":"scroll","background-type":"","background-media":"","overlay-type":"","overlay-color":"","overlay-gradient":""},"tablet":{"background-color":"","background-image":"","background-repeat":"repeat","background-position":"center center","background-size":"auto","background-attachment":"scroll","background-type":"","background-media":"","overlay-type":"","overlay-color":"","overlay-gradient":""},"mobile":{"background-color":"","background-image":"","background-repeat":"repeat","background-position":"center center","background-size":"auto","background-attachment":"scroll","background-type":"","background-media":"","overlay-type":"","overlay-color":"","overlay-gradient":""}},"ast-content-background-meta":{"desktop":{"background-color":"var(--ast-global-color-5)","background-image":"","background-repeat":"repeat","background-position":"center center","background-size":"auto","background-attachment":"scroll","background-type":"","background-media":"","overlay-type":"","overlay-color":"","overlay-gradient":""},"tablet":{"background-color":"var(--ast-global-color-5)","background-image":"","background-repeat":"repeat","background-position":"center center","background-size":"auto","background-attachment":"scroll","background-type":"","background-media":"","overlay-type":"","overlay-color":"","overlay-gradient":""},"mobile":{"background-color":"var(--ast-global-color-5)","background-image":"","background-repeat":"repeat","background-position":"center center","background-size":"auto","background-attachment":"scroll","background-type":"","background-media":"","overlay-type":"","overlay-color":"","overlay-gradient":""}}},"product_cat":[23,126,130],"product_tag":[],"jetpack_sharing_enabled":true,"_links":{"self":[{"href":"https:\/\/wxplastmachine.com\/pt\/wp-json\/wp\/v2\/product\/2672"}],"collection":[{"href":"https:\/\/wxplastmachine.com\/pt\/wp-json\/wp\/v2\/product"}],"about":[{"href":"https:\/\/wxplastmachine.com\/pt\/wp-json\/wp\/v2\/types\/product"}],"replies":[{"embeddable":true,"href":"https:\/\/wxplastmachine.com\/pt\/wp-json\/wp\/v2\/comments?post=2672"}],"wp:featuredmedia":[{"embeddable":true,"href":"https:\/\/wxplastmachine.com\/pt\/wp-json\/wp\/v2\/media\/2896"}],"wp:attachment":[{"href":"https:\/\/wxplastmachine.com\/pt\/wp-json\/wp\/v2\/media?parent=2672"}],"wp:term":[{"taxonomy":"product_cat","embeddable":true,"href":"https:\/\/wxplastmachine.com\/pt\/wp-json\/wp\/v2\/product_cat?post=2672"},{"taxonomy":"product_tag","embeddable":true,"href":"https:\/\/wxplastmachine.com\/pt\/wp-json\/wp\/v2\/product_tag?post=2672"}],"curies":[{"name":"wp","href":"https:\/\/api.w.org\/{rel}","templated":true}]}}