{"id":2684,"date":"2024-07-16T11:08:09","date_gmt":"2024-07-16T03:08:09","guid":{"rendered":"https:\/\/wxplastmachine.com\/?post_type=product&#038;p=2684"},"modified":"2024-10-14T11:24:51","modified_gmt":"2024-10-14T03:24:51","slug":"1-zip55-65-plastic-ziplock-bag-film-blowing-machine-ziplock-bag-making-machine","status":"publish","type":"product","link":"https:\/\/wxplastmachine.com\/pt\/produto\/1-zip55-65-plastic-ziplock-bag-film-blowing-machine-ziplock-bag-making-machine","title":{"rendered":"ZIP55\/65 M\u00e1quina Sopradora de Pl\u00e1stico para Sacos Ziplock M\u00e1quina para Fabrica\u00e7\u00e3o de Sacos Ziplock"},"content":{"rendered":"<p><strong><b>PRODUCT INFORMATION<\/b><\/strong><br \/>\nModel:\u00a0ZIP-55\/65<br \/>\nProduct Name:\u00a0Ziplock Bag Film Blowing Machine<br \/>\nFilm Width:\u00a050-550mm<br \/>\nIntrodu\u00e7\u00e3o:<br \/>\nThis machine combines advantages of same products at abroad. The main material is LDPE, used for making ziplock bag, valve bag. Finished products are widely used in wrapping of food, cloth, medicine, hardware, decorations and daily necessities. Here come our major products: Zipper storage bag, saddle bag, Self-sealing Bag, and etc.This set enjoys quite a long benefits, such as easy open, firmness and a strong sealing property.<\/p>\n<p>&nbsp;<\/p>\n<table>\n<tbody>\n<tr>\n<td width=\"36.2400%\">\u00a0Modelo<\/td>\n<td width=\"32.6000%\">WX-ZIP55<\/td>\n<td width=\"31.1200%\">WX-ZIP65<\/td>\n<\/tr>\n<tr>\n<td width=\"36.2400%\">Material adequado<\/td>\n<td colspan=\"2\" width=\"63.7400%\">PEBD<\/td>\n<\/tr>\n<tr>\n<td width=\"36.2400%\">Largura da pel\u00edcula<\/td>\n<td width=\"32.6000%\">50-450mm<\/td>\n<td width=\"31.1200%\">200-550mm<\/td>\n<\/tr>\n<tr>\n<td width=\"36.2400%\">Espessura da pel\u00edcula<\/td>\n<td colspan=\"2\" width=\"63.7400%\">0.03-0.1 mm<\/td>\n<\/tr>\n<tr>\n<td width=\"36.2400%\">Max.Extrusion output<\/td>\n<td width=\"32.6000%\">30kg\/h<\/td>\n<td width=\"31.1200%\">40kg\/h<\/td>\n<\/tr>\n<tr>\n<td width=\"36.2400%\">Di\u00e2metro do parafuso<\/td>\n<td width=\"32.6000%\">45 mm<\/td>\n<td width=\"31.1200%\">50mm<\/td>\n<\/tr>\n<tr>\n<td width=\"36.2400%\">Tamanho da matriz<\/td>\n<td width=\"32.6000%\">70-450mm<\/td>\n<td width=\"31.1200%\">100-600mm<\/td>\n<\/tr>\n<tr>\n<td width=\"36.2400%\">Motor principal<\/td>\n<td width=\"32.6000%\">5.5kw<\/td>\n<td width=\"31.1200%\">7.5kw<\/td>\n<\/tr>\n<tr>\n<td width=\"36.2400%\">Anel de ar<\/td>\n<td width=\"32.6000%\">450mm<\/td>\n<td width=\"31.1200%\">550 mm<\/td>\n<\/tr>\n<tr>\n<td width=\"36.2400%\">Ventilador de ar<\/td>\n<td width=\"32.6000%\">1.1kw<\/td>\n<td width=\"31.1200%\">1,5kw<\/td>\n<\/tr>\n<tr>\n<td width=\"36.2400%\">Largura do rolo<\/td>\n<td width=\"32.6000%\">500 mm<\/td>\n<td width=\"31.1200%\">600 mm<\/td>\n<\/tr>\n<tr>\n<td width=\"36.2400%\">Tamanho da m\u00e1quina<\/td>\n<td width=\"32.6000%\">6.0m*1.5m*4.1m<\/td>\n<td width=\"31.1200%\">6.0m*1.8m*4.5m<\/td>\n<\/tr>\n<tr>\n<td width=\"36.2400%\">Machine width<\/td>\n<td width=\"32.6000%\">1500kg<\/td>\n<td width=\"31.1200%\">2000kg<\/td>\n<\/tr>\n<\/tbody>\n<\/table>\n<p>&nbsp;<\/p>\n<p><strong><b>FAQ:<\/b><\/strong><\/p>\n<p>1. como sobre a garantia de seus produtos?<br \/>\nUm ano (12 meses) de garantia ser\u00e1 fornecido a partir da data de chegada do contentor \u00e0 f\u00e1brica do cliente. Se as pe\u00e7as da m\u00e1quina estiverem avariadas devido a problemas de qualidade dentro do per\u00edodo de garantia, enviaremos uma nova pe\u00e7a gratuitamente (qualquer uso indevido artificial ou destrui\u00e7\u00e3o n\u00e3o est\u00e1 inclu\u00eddo na limita\u00e7\u00e3o da Garantia de Qualidade).<\/p>\n<p>2. quais s\u00e3o as vossas condi\u00e7\u00f5es de pagamento e de entrega?<br \/>\nPrazo de pagamento:<br \/>\n1) T\/T, 30% como pr\u00e9-pago, 70% antes da entrega<br \/>\n2) L\/C, 30% por T\/T ,70% como L\/C \u00e0 vista<\/p>\n<p>Prazo de entrega: O prazo normal \u00e9 de 30-40 dias \u00fateis<\/p>\n<p>3. que apoio t\u00e9cnico podemos obter se encomendarmos m\u00e1quinas?<br \/>\nPodemos fornecer desenhos de instala\u00e7\u00e3o, instru\u00e7\u00f5es b\u00e1sicas de funcionamento, explica\u00e7\u00e3o de funcionamento atrav\u00e9s de v\u00eddeo e fotografias, videochamada online para apoio t\u00e9cnico, se necess\u00e1rio.<\/p>","protected":false},"excerpt":{"rendered":"<p>PRODUCT INFORMATION Model:\u00a0ZIP-55\/65 Product Name:\u00a0Ziplock Bag Film Blowing Machine Film Width:\u00a050-550mm Introduction: This machine combines advantages of same products at abroad. The main material is LDPE, used for making ziplock bag, valve bag. Finished products are widely used in wrapping of food, cloth, medicine, hardware, decorations and daily necessities. Here come our major products: Zipper [&hellip;]<\/p>","protected":false},"featured_media":2849,"comment_status":"open","ping_status":"closed","template":"","meta":{"site-sidebar-layout":"default","site-content-layout":"","ast-site-content-layout":"default","site-content-style":"default","site-sidebar-style":"default","ast-global-header-display":"","ast-banner-title-visibility":"","ast-main-header-display":"","ast-hfb-above-header-display":"","ast-hfb-below-header-display":"","ast-hfb-mobile-header-display":"","site-post-title":"","ast-breadcrumbs-content":"","ast-featured-img":"","footer-sml-layout":"","theme-transparent-header-meta":"default","adv-header-id-meta":"","stick-header-meta":"","header-above-stick-meta":"","header-main-stick-meta":"","header-below-stick-meta":"","astra-migrate-meta-layouts":"set","ast-page-background-enabled":"default","ast-page-background-meta":{"desktop":{"background-color":"","background-image":"","background-repeat":"repeat","background-position":"center center","background-size":"auto","background-attachment":"scroll","background-type":"","background-media":"","overlay-type":"","overlay-color":"","overlay-gradient":""},"tablet":{"background-color":"","background-image":"","background-repeat":"repeat","background-position":"center center","background-size":"auto","background-attachment":"scroll","background-type":"","background-media":"","overlay-type":"","overlay-color":"","overlay-gradient":""},"mobile":{"background-color":"","background-image":"","background-repeat":"repeat","background-position":"center center","background-size":"auto","background-attachment":"scroll","background-type":"","background-media":"","overlay-type":"","overlay-color":"","overlay-gradient":""}},"ast-content-background-meta":{"desktop":{"background-color":"var(--ast-global-color-5)","background-image":"","background-repeat":"repeat","background-position":"center center","background-size":"auto","background-attachment":"scroll","background-type":"","background-media":"","overlay-type":"","overlay-color":"","overlay-gradient":""},"tablet":{"background-color":"var(--ast-global-color-5)","background-image":"","background-repeat":"repeat","background-position":"center center","background-size":"auto","background-attachment":"scroll","background-type":"","background-media":"","overlay-type":"","overlay-color":"","overlay-gradient":""},"mobile":{"background-color":"var(--ast-global-color-5)","background-image":"","background-repeat":"repeat","background-position":"center center","background-size":"auto","background-attachment":"scroll","background-type":"","background-media":"","overlay-type":"","overlay-color":"","overlay-gradient":""}}},"product_cat":[177,144,149],"product_tag":[],"jetpack_sharing_enabled":true,"_links":{"self":[{"href":"https:\/\/wxplastmachine.com\/pt\/wp-json\/wp\/v2\/product\/2684"}],"collection":[{"href":"https:\/\/wxplastmachine.com\/pt\/wp-json\/wp\/v2\/product"}],"about":[{"href":"https:\/\/wxplastmachine.com\/pt\/wp-json\/wp\/v2\/types\/product"}],"replies":[{"embeddable":true,"href":"https:\/\/wxplastmachine.com\/pt\/wp-json\/wp\/v2\/comments?post=2684"}],"wp:featuredmedia":[{"embeddable":true,"href":"https:\/\/wxplastmachine.com\/pt\/wp-json\/wp\/v2\/media\/2849"}],"wp:attachment":[{"href":"https:\/\/wxplastmachine.com\/pt\/wp-json\/wp\/v2\/media?parent=2684"}],"wp:term":[{"taxonomy":"product_cat","embeddable":true,"href":"https:\/\/wxplastmachine.com\/pt\/wp-json\/wp\/v2\/product_cat?post=2684"},{"taxonomy":"product_tag","embeddable":true,"href":"https:\/\/wxplastmachine.com\/pt\/wp-json\/wp\/v2\/product_tag?post=2684"}],"curies":[{"name":"wp","href":"https:\/\/api.w.org\/{rel}","templated":true}]}}