{"id":2686,"date":"2024-07-16T11:10:42","date_gmt":"2024-07-16T03:10:42","guid":{"rendered":"https:\/\/wxplastmachine.com\/?post_type=product&#038;p=2686"},"modified":"2024-07-16T11:10:42","modified_gmt":"2024-07-16T03:10:42","slug":"1000mm-2-layers-co-extrusion-automatic-pe-stretch-film-making-machine-cast-cling-film-wrap-machine","status":"publish","type":"product","link":"https:\/\/wxplastmachine.com\/pt\/produto\/1000mm-2-layers-co-extrusion-automatic-pe-stretch-film-making-machine-cast-cling-film-wrap-machine","title":{"rendered":"M\u00e1quina para fabricar filme estir\u00e1vel PE autom\u00e1tica de 1000mm com 2 camadas e co-extrus\u00e3o M\u00e1quina para embalagem de filme pl\u00e1stico"},"content":{"rendered":"<h5><strong><b>Introdu\u00e7\u00e3o do produto:<\/b><\/strong><\/h5>\n<h5><strong><b>1000mm 2 camadas <\/b><\/strong><strong><b>a<\/b><\/strong><strong><b>co-extrus\u00e3o autom\u00e1tica<\/b><\/strong><strong><b>\u00a0<\/b><\/strong><strong><b>PE<\/b><\/strong><strong><b>\u00a0m\u00e1quina de fabrico de pel\u00edcula extens\u00edvel <\/b><\/strong><strong><b>elenco <\/b><\/strong><strong><b>extrusora de pel\u00edcula extens\u00edvel<\/b><\/strong><\/h5>\n<p>Esta m\u00e1quina \u00e9 uma f\u00e1brica de produ\u00e7\u00e3o de filme estir\u00e1vel fundido, com alta plastifica\u00e7\u00e3o, f\u00e1cil opera\u00e7\u00e3o, longa vida \u00fatil, carater\u00edsticas de poupan\u00e7a de energia e \u00e9 usado principalmente para a produ\u00e7\u00e3o de filme LLDPE, filme LDPE, filme PE, filme CPE e filme PEVA etc.<\/p>\n<p>Adopta um sistema de controlo industrial inteligente avan\u00e7ado, com sistema de carregamento que assegura uma opera\u00e7\u00e3o f\u00e1cil e segura, um enrolamento de rolo mais apertado e uniforme. Todos os designs asseguram a qualidade da pel\u00edcula, aumentam a efici\u00eancia da produ\u00e7\u00e3o, reduzem os custos de produ\u00e7\u00e3o e criam mais valor, tornando os produtos mais competitivos.<\/p>\n<p><strong><b>\u00a0<\/b><\/strong><\/p>\n<p><strong><b>Carater\u00edsticas da m\u00e1quina:<\/b><\/strong><\/p>\n<p>* Equipado com 2 parafusos 55\/75mm<\/p>\n<p>* Com carregadores autom\u00e1ticos<\/p>\n<p>* Sistema de fixa\u00e7\u00e3o das extremidades da pel\u00edcula<\/p>\n<p>* Troca e corte autom\u00e1tico do rolo<\/p>\n<p>* Trocador de ecr\u00e3 hidr\u00e1ulico autom\u00e1tico<\/p>\n<p>* Sistema em linha de tritura\u00e7\u00e3o e reciclagem de pel\u00edculas de res\u00edduos<\/p>\n<p>* Capacidade Max.150kg\/hr<\/p>\n<p>* Largura da pel\u00edcula: 1000mm x 1 rolo<\/p>\n<p>500mm x 2 rolos<\/p>\n<h3><strong><b>T Morre:<\/b><\/strong><\/h3>\n<p>T-die com sistema de fixa\u00e7\u00e3o de arestas e sistema de v\u00e1cuo<\/p>\n<p>Rolo de arrefecimento alargado para uma melhor qualidade da pel\u00edcula<\/p>\n<h3><strong><b>Rebobinador:<\/b><\/strong><\/h3>\n<p>Sistema autom\u00e1tico de corte e troca de rolos<\/p>\n<p>Sistema autom\u00e1tico de carregamento do eixo de ar, economiza custos de m\u00e3o de obra e \u00e9 mais eficiente.<\/p>\n<h3><strong><b>Corte em linha:<\/b><\/strong><\/h3>\n<p>Permite-lhe ter mais de 1 rolo de cada vez dentro do seu limite m\u00e1ximo de largura de filme e cortar a margem.<\/p>\n<h3><strong><b>Tritura\u00e7\u00e3o e reciclagem em linha:<\/b><\/strong><\/h3>\n<p>O objetivo \u00e9 esmagar a pel\u00edcula de borda aparada e envi\u00e1-la de volta para a tremonha para produ\u00e7\u00e3o de novo com pellets virgens.<\/p>\n<p><strong><b>\u00a0<\/b><\/strong><\/p>\n<p><strong><b>Principais par\u00e2metros t\u00e9cnicos:<\/b><\/strong><\/p>\n<table>\n<tbody>\n<tr>\n<td>Modelo<\/td>\n<td>WX-L\u03a655\/75\u00d71250<\/td>\n<\/tr>\n<tr>\n<td>Di\u00e2metro do parafuso<\/td>\n<td>55\/75 mm<\/td>\n<\/tr>\n<tr>\n<td>Parafuso L\/D<\/td>\n<td>30\uff1a1<\/td>\n<\/tr>\n<tr>\n<td>Velocidade do parafuso<\/td>\n<td>50-150rpm<\/td>\n<\/tr>\n<tr>\n<td>Largura<\/td>\n<td>1000mm\uff082\u00d7500mm\uff09<\/td>\n<\/tr>\n<tr>\n<td>Pot\u00eancia Toral<\/td>\n<td>75kw<\/td>\n<\/tr>\n<tr>\n<td>Espessura<\/td>\n<td>0,01-0,05mm<\/td>\n<\/tr>\n<tr>\n<td>Caoacidade<\/td>\n<td>80-150kg\/h<\/td>\n<\/tr>\n<tr>\n<td>Estrutura de camadas<\/td>\n<td>AB<\/td>\n<\/tr>\n<tr>\n<td>Peso total<\/td>\n<td>8T<\/td>\n<\/tr>\n<tr>\n<td>Dimens\u00e3o\uff08mm\uff09<\/td>\n<td>\uff08L\uff097500\u00d7\uff08W\uff093000\u00d7\uff08H\uff093400<\/td>\n<\/tr>\n<\/tbody>\n<\/table>\n<p>&nbsp;<\/p>\n<p><strong><b>FAQ:<\/b><\/strong><\/p>\n<p>1. como sobre a garantia de seus produtos?<br \/>\nUm ano (12 meses) de garantia ser\u00e1 fornecido a partir da data de chegada do contentor \u00e0 f\u00e1brica do cliente. Se as pe\u00e7as da m\u00e1quina estiverem avariadas devido a problemas de qualidade dentro do per\u00edodo de garantia, enviaremos uma nova pe\u00e7a gratuitamente (qualquer uso indevido artificial ou destrui\u00e7\u00e3o n\u00e3o est\u00e1 inclu\u00eddo na limita\u00e7\u00e3o da Garantia de Qualidade).<\/p>\n<p>2. quais s\u00e3o as vossas condi\u00e7\u00f5es de pagamento e de entrega?<br \/>\nPrazo de pagamento:<br \/>\n1) T\/T, 30% como pr\u00e9-pago, 70% antes da entrega<br \/>\n2) L\/C, 30% por T\/T ,70% como L\/C \u00e0 vista<br \/>\nPrazo de entrega: O prazo normal \u00e9 de 30-40 dias \u00fateis<\/p>\n<p>3. que apoio t\u00e9cnico podemos obter se encomendarmos m\u00e1quinas?<br \/>\nPodemos fornecer desenhos de instala\u00e7\u00e3o, instru\u00e7\u00f5es b\u00e1sicas de funcionamento, explica\u00e7\u00e3o de funcionamento atrav\u00e9s de v\u00eddeo e fotografias, videochamada online para apoio t\u00e9cnico, se necess\u00e1rio.<\/p>","protected":false},"excerpt":{"rendered":"<p>Product Introduction: 1000mm 2 layers automatic co-extrusion\u00a0PE\u00a0stretch film making machine cast stretch wrap film extruder This machine is a cast stretch film production plant, with high plasticizing, easy operation, long life, energy saving features and it is \u00a0mainly used for the production of LLDPE film, LDPE film, PE film, CPE film and PEVA film etc. [&hellip;]<\/p>","protected":false},"featured_media":2687,"comment_status":"open","ping_status":"closed","template":"","meta":{"site-sidebar-layout":"default","site-content-layout":"","ast-site-content-layout":"default","site-content-style":"default","site-sidebar-style":"default","ast-global-header-display":"","ast-banner-title-visibility":"","ast-main-header-display":"","ast-hfb-above-header-display":"","ast-hfb-below-header-display":"","ast-hfb-mobile-header-display":"","site-post-title":"","ast-breadcrumbs-content":"","ast-featured-img":"","footer-sml-layout":"","theme-transparent-header-meta":"default","adv-header-id-meta":"","stick-header-meta":"","header-above-stick-meta":"","header-main-stick-meta":"","header-below-stick-meta":"","astra-migrate-meta-layouts":"set","ast-page-background-enabled":"default","ast-page-background-meta":{"desktop":{"background-color":"","background-image":"","background-repeat":"repeat","background-position":"center center","background-size":"auto","background-attachment":"scroll","background-type":"","background-media":"","overlay-type":"","overlay-color":"","overlay-gradient":""},"tablet":{"background-color":"","background-image":"","background-repeat":"repeat","background-position":"center center","background-size":"auto","background-attachment":"scroll","background-type":"","background-media":"","overlay-type":"","overlay-color":"","overlay-gradient":""},"mobile":{"background-color":"","background-image":"","background-repeat":"repeat","background-position":"center center","background-size":"auto","background-attachment":"scroll","background-type":"","background-media":"","overlay-type":"","overlay-color":"","overlay-gradient":""}},"ast-content-background-meta":{"desktop":{"background-color":"var(--ast-global-color-5)","background-image":"","background-repeat":"repeat","background-position":"center center","background-size":"auto","background-attachment":"scroll","background-type":"","background-media":"","overlay-type":"","overlay-color":"","overlay-gradient":""},"tablet":{"background-color":"var(--ast-global-color-5)","background-image":"","background-repeat":"repeat","background-position":"center center","background-size":"auto","background-attachment":"scroll","background-type":"","background-media":"","overlay-type":"","overlay-color":"","overlay-gradient":""},"mobile":{"background-color":"var(--ast-global-color-5)","background-image":"","background-repeat":"repeat","background-position":"center center","background-size":"auto","background-attachment":"scroll","background-type":"","background-media":"","overlay-type":"","overlay-color":"","overlay-gradient":""}}},"product_cat":[135,136],"product_tag":[],"jetpack_sharing_enabled":true,"_links":{"self":[{"href":"https:\/\/wxplastmachine.com\/pt\/wp-json\/wp\/v2\/product\/2686"}],"collection":[{"href":"https:\/\/wxplastmachine.com\/pt\/wp-json\/wp\/v2\/product"}],"about":[{"href":"https:\/\/wxplastmachine.com\/pt\/wp-json\/wp\/v2\/types\/product"}],"replies":[{"embeddable":true,"href":"https:\/\/wxplastmachine.com\/pt\/wp-json\/wp\/v2\/comments?post=2686"}],"wp:featuredmedia":[{"embeddable":true,"href":"https:\/\/wxplastmachine.com\/pt\/wp-json\/wp\/v2\/media\/2687"}],"wp:attachment":[{"href":"https:\/\/wxplastmachine.com\/pt\/wp-json\/wp\/v2\/media?parent=2686"}],"wp:term":[{"taxonomy":"product_cat","embeddable":true,"href":"https:\/\/wxplastmachine.com\/pt\/wp-json\/wp\/v2\/product_cat?post=2686"},{"taxonomy":"product_tag","embeddable":true,"href":"https:\/\/wxplastmachine.com\/pt\/wp-json\/wp\/v2\/product_tag?post=2686"}],"curies":[{"name":"wp","href":"https:\/\/api.w.org\/{rel}","templated":true}]}}