{"id":2691,"date":"2024-07-16T11:12:05","date_gmt":"2024-07-16T03:12:05","guid":{"rendered":"https:\/\/wxplastmachine.com\/?post_type=product&#038;p=2691"},"modified":"2024-08-13T15:40:07","modified_gmt":"2024-08-13T07:40:07","slug":"1000mm-5-layers-co-extrusion-automatic-pe-stretch-film-making-machine-cast-cling-film-wrap-machine","status":"publish","type":"product","link":"https:\/\/wxplastmachine.com\/pt\/produto\/1000mm-5-layers-co-extrusion-automatic-pe-stretch-film-making-machine-cast-cling-film-wrap-machine","title":{"rendered":"M\u00e1quina para fabricar filme PE estir\u00e1vel autom\u00e1tica de 1000mm com 5 camadas Co-extrus\u00e3o M\u00e1quina para embalagem de filme pl\u00e1stico"},"content":{"rendered":"<h5><strong><b>Introdu\u00e7\u00e3o do produto:<\/b><\/strong><\/h5>\n<h5><strong><b>\u00a0<\/b><\/strong><\/h5>\n<h5><strong><b>WX<\/b><\/strong><strong><b>-55\/80\/55*1250<\/b><\/strong><strong><b>\u00a0<\/b><\/strong><strong><b>1<\/b><\/strong><strong><b>0<\/b><\/strong><strong><b>00mm <\/b><\/strong><strong><b>5<\/b><\/strong><strong><b>\u00a0camadas <\/b><\/strong><strong><b>a<\/b><\/strong><strong><b>co-extrus\u00e3o autom\u00e1tica<\/b><\/strong><strong><b>\u00a0<\/b><\/strong><strong><b>PE<\/b><\/strong><strong><b>\u00a0m\u00e1quina de fabrico de pel\u00edcula extens\u00edvel <\/b><\/strong><strong><b>elenco <\/b><\/strong><strong><b>pel\u00edcula aderente<\/b><\/strong><strong><b>\u00a0<\/b><\/strong><strong><b>extrusora de rolos<\/b><\/strong><\/h5>\n<p>&nbsp;<\/p>\n<p><strong><b>Principais par\u00e2metros t\u00e9cnicos:<\/b><\/strong><\/p>\n<table>\n<tbody>\n<tr>\n<td width=\"41.6400%\">Modelo<\/td>\n<td width=\"58.3400%\">WX-55\/80\/55*1250<\/td>\n<\/tr>\n<tr>\n<td width=\"41.6400%\">Camadas<\/td>\n<td width=\"58.3400%\">m\u00e1quina extrusora de pel\u00edcula estir\u00e1vel de tr\u00eas\/cinco camadas<\/td>\n<\/tr>\n<tr>\n<td width=\"41.6400%\">Di\u00e2metro do parafuso<\/td>\n<td width=\"58.3400%\">\u03a655\/80\/55mm<\/td>\n<\/tr>\n<tr>\n<td width=\"41.6400%\">Parafuso L\/D<\/td>\n<td width=\"58.3400%\">1:30mm<\/td>\n<\/tr>\n<tr>\n<td width=\"41.6400%\">Velocidade do parafuso<\/td>\n<td width=\"58.3400%\">20-150rpm<\/td>\n<\/tr>\n<tr>\n<td width=\"41.6400%\">Largura<\/td>\n<td width=\"58.3400%\">100-1000mm\/(2*500mm)<\/td>\n<\/tr>\n<tr>\n<td width=\"41.6400%\">Pot\u00eancia total<\/td>\n<td width=\"58.3400%\">90KW<\/td>\n<\/tr>\n<tr>\n<td width=\"41.6400%\">Espessura<\/td>\n<td width=\"58.3400%\">0,012-0,05mm<\/td>\n<\/tr>\n<tr>\n<td width=\"41.6400%\">Capacidade<\/td>\n<td width=\"58.3400%\">150-180kg\/h<\/td>\n<\/tr>\n<tr>\n<td width=\"41.6400%\">Estrutura de camadas<\/td>\n<td width=\"58.3400%\">ABC\/ACBCA<\/td>\n<\/tr>\n<tr>\n<td width=\"41.6400%\">Peso total<\/td>\n<td width=\"58.3400%\">9T<\/td>\n<\/tr>\n<tr>\n<td width=\"41.6400%\">Dimens\u00e3o<\/td>\n<td width=\"58.3400%\">(L)8500*(W)3800*(H)3500 MM<\/td>\n<\/tr>\n<\/tbody>\n<\/table>\n<p>&nbsp;<\/p>\n<p>&nbsp;<\/p>\n<p><strong><b>Carater\u00edsticas do Autom\u00e1tico <\/b><\/strong><strong><b>cinco<\/b><\/strong><strong><b>\u00a0m\u00e1quina de extrus\u00e3o de pel\u00edcula estir\u00e1vel de camada 1000mm <\/b><\/strong><\/p>\n<ol>\n<li>Alto rendimento devido a<\/li>\n<\/ol>\n<p>&gt; Parafusos de liga met\u00e1lica de conce\u00e7\u00e3o de elevada plastifica\u00e7\u00e3o;<\/p>\n<p>&gt; misturador est\u00e1tico importado;<\/p>\n<p>&gt; T-die de alta qualidade que \u00e9 feito de a\u00e7o para moldes importado de alta qualidade.<\/p>\n<p>&gt; conce\u00e7\u00e3o de enrolamento de alta velocidade<\/p>\n<ol start=\"2\">\n<li>Filmes de qualidade devido a<\/li>\n<\/ol>\n<p>&gt; rolos de arrefecimento com design de circula\u00e7\u00e3o bidirecional e fluxo em espiral incorporado;<\/p>\n<p>&gt; motor de bin\u00e1rio avan\u00e7ado com controlo autom\u00e1tico da tens\u00e3o em quatro eixos;<\/p>\n<p>&gt; sistema de fixa\u00e7\u00e3o dos bordos e sistema de oscila\u00e7\u00e3o de qualidade.<\/p>\n<p>&nbsp;<\/p>\n<ol start=\"3\">\n<li>Poupan\u00e7a de energia (30% menos do que a m\u00e1quina da concorr\u00eancia) devido a<\/li>\n<\/ol>\n<p>&gt; inversor importado e boa conce\u00e7\u00e3o do sistema.<\/p>\n<p>&nbsp;<\/p>\n<p><strong><b>FAQ:<\/b><\/strong><\/p>\n<p>1. como sobre a garantia de seus produtos?<br \/>\nUm ano (12 meses) de garantia ser\u00e1 fornecido a partir da data de chegada do contentor \u00e0 f\u00e1brica do cliente. Se as pe\u00e7as da m\u00e1quina estiverem avariadas devido a problemas de qualidade dentro do per\u00edodo de garantia, enviaremos uma nova pe\u00e7a gratuitamente (qualquer uso indevido artificial ou destrui\u00e7\u00e3o n\u00e3o est\u00e1 inclu\u00eddo na limita\u00e7\u00e3o da Garantia de Qualidade).<\/p>\n<p>2. quais s\u00e3o as vossas condi\u00e7\u00f5es de pagamento e de entrega?<br \/>\nPrazo de pagamento:<br \/>\n1) T\/T, 30% como pr\u00e9-pago, 70% antes da entrega<br \/>\n2) L\/C, 30% por T\/T ,70% como L\/C \u00e0 vista<br \/>\nPrazo de entrega: O prazo normal \u00e9 de 30-40 dias \u00fateis<\/p>\n<p>3. que apoio t\u00e9cnico podemos obter se encomendarmos m\u00e1quinas?<br \/>\nPodemos fornecer desenhos de instala\u00e7\u00e3o, instru\u00e7\u00f5es b\u00e1sicas de funcionamento, explica\u00e7\u00e3o de funcionamento atrav\u00e9s de v\u00eddeo e fotografias, videochamada online para apoio t\u00e9cnico, se necess\u00e1rio.<\/p>","protected":false},"excerpt":{"rendered":"<p>Product Introduction: \u00a0 WX-55\/80\/55*1250\u00a01000mm 5\u00a0layers automatic co-extrusion\u00a0PE\u00a0stretch film making machine cast cling film\u00a0roller extruder &nbsp; Main Technical Parameters: Model WX-55\/80\/55*1250 Layers three \/five layer stretch film extruder machine Screw\u00a0Diameter \u03a655\/80\/55mm Screw\u00a0L\/D 1:30mm Screw\u00a0speed 20-150rpm Width 100-1000mm\/(2*500mm) Total Power 90KW Thickness 0.012-0.05mm Capacity 150-180kg\/h Layer Structure ABC\/ACBCA Total Weight 9T Dimension (L)8500*(W)3800*(H)3500 MM &nbsp; &nbsp; Features [&hellip;]<\/p>","protected":false},"featured_media":2845,"comment_status":"open","ping_status":"closed","template":"","meta":{"site-sidebar-layout":"default","site-content-layout":"","ast-site-content-layout":"default","site-content-style":"default","site-sidebar-style":"default","ast-global-header-display":"","ast-banner-title-visibility":"","ast-main-header-display":"","ast-hfb-above-header-display":"","ast-hfb-below-header-display":"","ast-hfb-mobile-header-display":"","site-post-title":"","ast-breadcrumbs-content":"","ast-featured-img":"","footer-sml-layout":"","theme-transparent-header-meta":"default","adv-header-id-meta":"","stick-header-meta":"","header-above-stick-meta":"","header-main-stick-meta":"","header-below-stick-meta":"","astra-migrate-meta-layouts":"set","ast-page-background-enabled":"default","ast-page-background-meta":{"desktop":{"background-color":"","background-image":"","background-repeat":"repeat","background-position":"center center","background-size":"auto","background-attachment":"scroll","background-type":"","background-media":"","overlay-type":"","overlay-color":"","overlay-gradient":""},"tablet":{"background-color":"","background-image":"","background-repeat":"repeat","background-position":"center center","background-size":"auto","background-attachment":"scroll","background-type":"","background-media":"","overlay-type":"","overlay-color":"","overlay-gradient":""},"mobile":{"background-color":"","background-image":"","background-repeat":"repeat","background-position":"center center","background-size":"auto","background-attachment":"scroll","background-type":"","background-media":"","overlay-type":"","overlay-color":"","overlay-gradient":""}},"ast-content-background-meta":{"desktop":{"background-color":"var(--ast-global-color-5)","background-image":"","background-repeat":"repeat","background-position":"center center","background-size":"auto","background-attachment":"scroll","background-type":"","background-media":"","overlay-type":"","overlay-color":"","overlay-gradient":""},"tablet":{"background-color":"var(--ast-global-color-5)","background-image":"","background-repeat":"repeat","background-position":"center center","background-size":"auto","background-attachment":"scroll","background-type":"","background-media":"","overlay-type":"","overlay-color":"","overlay-gradient":""},"mobile":{"background-color":"var(--ast-global-color-5)","background-image":"","background-repeat":"repeat","background-position":"center center","background-size":"auto","background-attachment":"scroll","background-type":"","background-media":"","overlay-type":"","overlay-color":"","overlay-gradient":""}}},"product_cat":[135,136],"product_tag":[],"jetpack_sharing_enabled":true,"_links":{"self":[{"href":"https:\/\/wxplastmachine.com\/pt\/wp-json\/wp\/v2\/product\/2691"}],"collection":[{"href":"https:\/\/wxplastmachine.com\/pt\/wp-json\/wp\/v2\/product"}],"about":[{"href":"https:\/\/wxplastmachine.com\/pt\/wp-json\/wp\/v2\/types\/product"}],"replies":[{"embeddable":true,"href":"https:\/\/wxplastmachine.com\/pt\/wp-json\/wp\/v2\/comments?post=2691"}],"wp:featuredmedia":[{"embeddable":true,"href":"https:\/\/wxplastmachine.com\/pt\/wp-json\/wp\/v2\/media\/2845"}],"wp:attachment":[{"href":"https:\/\/wxplastmachine.com\/pt\/wp-json\/wp\/v2\/media?parent=2691"}],"wp:term":[{"taxonomy":"product_cat","embeddable":true,"href":"https:\/\/wxplastmachine.com\/pt\/wp-json\/wp\/v2\/product_cat?post=2691"},{"taxonomy":"product_tag","embeddable":true,"href":"https:\/\/wxplastmachine.com\/pt\/wp-json\/wp\/v2\/product_tag?post=2691"}],"curies":[{"name":"wp","href":"https:\/\/api.w.org\/{rel}","templated":true}]}}