{"id":2695,"date":"2024-07-16T11:16:16","date_gmt":"2024-07-16T03:16:16","guid":{"rendered":"https:\/\/wxplastmachine.com\/?post_type=product&#038;p=2695"},"modified":"2024-07-31T22:52:03","modified_gmt":"2024-07-31T14:52:03","slug":"1500mm-five-layers-co-extrusion-full-automatic-pe-stretch-film-machine-cast-cling-film-food-plastic-wrap-machine","status":"publish","type":"product","link":"https:\/\/wxplastmachine.com\/pt\/produto\/1500mm-five-layers-co-extrusion-full-automatic-pe-stretch-film-machine-cast-cling-film-food-plastic-wrap-machine","title":{"rendered":"M\u00e1quina Confeccionadora de Filme PE de Cinco Camadas com Co-extrus\u00e3o de 1500mm M\u00e1quina Confeccionadora de Filme Adesivo para Alimentos"},"content":{"rendered":"<p><strong><b>Produto <\/b><\/strong><strong><b>I<\/b><\/strong><strong><b>ntrodu\u00e7\u00e3o<\/b><\/strong><strong><b>:<\/b><\/strong><\/p>\n<h1><strong><b>\u00a0<\/b><\/strong><\/h1>\n<h5><strong><b>WX<\/b><\/strong><strong><b>-1500\/1600\/2000 <\/b><\/strong><strong><b>Tr\u00eas\/Cinco <\/b><\/strong><strong><b>co-extrus\u00e3o de camadas<\/b><\/strong><strong><b>\u00a0<\/b><\/strong><strong><b>M\u00e1quina para produ\u00e7\u00e3o de pel\u00edcula estir\u00e1vel de duplo eixo com mudan\u00e7a de rolo\/controlo inteligente da temperatura<\/b><\/strong><strong><b>\u00a0<\/b><\/strong><strong><b><br \/>\n<\/b><\/strong><strong><b>M\u00e1quina para produ\u00e7\u00e3o de pel\u00edcula de fundi\u00e7\u00e3o, M\u00e1quina para produ\u00e7\u00e3o de pel\u00edcula aderente, M\u00e1quina para embalagem de pl\u00e1stico para alimentos <\/b><\/strong><\/h5>\n<p><strong><b>\u00a0<\/b><\/strong><\/p>\n<p>Esta m\u00e1quina \u00e9 uma f\u00e1brica de produ\u00e7\u00e3o de filme estir\u00e1vel fundido, com alta plastifica\u00e7\u00e3o, f\u00e1cil opera\u00e7\u00e3o, longa vida \u00fatil, carater\u00edsticas de poupan\u00e7a de energia e \u00e9 usado principalmente para a produ\u00e7\u00e3o de filme LLDPE, filme LDPE, filme PE, filme CPE e filme PEVA etc.<\/p>\n<p>Adopta um sistema de controlo industrial inteligente avan\u00e7ado, com sistema de carregamento que assegura uma opera\u00e7\u00e3o f\u00e1cil e segura, um enrolamento de rolo mais apertado e uniforme. Todos os designs asseguram a qualidade da pel\u00edcula, aumentam a efici\u00eancia da produ\u00e7\u00e3o, reduzem os custos de produ\u00e7\u00e3o e criam mais valor, tornando os produtos mais competitivos.<\/p>\n<p><strong><b>\u00a0<\/b><\/strong><\/p>\n<p><strong><b>PRINCIPAIS ESPECIFICA\u00c7\u00d5ES T\u00c9CNICAS<\/b><\/strong><strong><b>:<\/b><\/strong><\/p>\n<table>\n<tbody>\n<tr>\n<td width=\"5.6600%\">N\u00e3o<\/td>\n<td width=\"47.0800%\"><\/td>\n<td width=\"47.2400%\"><\/td>\n<\/tr>\n<tr>\n<td width=\"5.6600%\">1<\/td>\n<td width=\"47.0800%\">Modelo<\/td>\n<td width=\"47.2400%\">WX-65\/90\/65X1850<\/td>\n<\/tr>\n<tr>\n<td width=\"5.6600%\">2<\/td>\n<td width=\"47.0800%\">Di\u00e2metro do parafuso<\/td>\n<td width=\"47.2400%\">65\/90\/65mm<\/td>\n<\/tr>\n<tr>\n<td width=\"5.6600%\">3<\/td>\n<td width=\"47.0800%\">Parafuso L\/D<\/td>\n<td width=\"47.2400%\">30:1<\/td>\n<\/tr>\n<tr>\n<td width=\"5.6600%\">4<\/td>\n<td width=\"47.0800%\">Largura da pel\u00edcula<\/td>\n<td width=\"47.2400%\">200-1500mm (3x500mm)<\/td>\n<\/tr>\n<tr>\n<td width=\"5.6600%\">5<\/td>\n<td width=\"47.0800%\">Pot\u00eancia total<\/td>\n<td width=\"47.2400%\">130 KW<\/td>\n<\/tr>\n<tr>\n<td width=\"5.6600%\">6<\/td>\n<td width=\"47.0800%\">Espessura<\/td>\n<td width=\"47.2400%\">0,01-0,05mm<\/td>\n<\/tr>\n<tr>\n<td width=\"5.6600%\">7<\/td>\n<td width=\"47.0800%\">Capacidade<\/td>\n<td width=\"47.2400%\">50-280 KG\/HR<\/td>\n<\/tr>\n<tr>\n<td width=\"5.6600%\">8<\/td>\n<td width=\"47.0800%\">Filme Estrutura da camada<\/td>\n<td width=\"47.2400%\">ABC\/ACBCA<\/td>\n<\/tr>\n<tr>\n<td width=\"5.6600%\">9<\/td>\n<td width=\"47.0800%\">Peso total<\/td>\n<td width=\"47.2400%\">11 TONELADAS<\/td>\n<\/tr>\n<tr>\n<td width=\"5.6600%\">10<\/td>\n<td width=\"47.0800%\">Dimens\u00e3o da m\u00e1quina (mm)<\/td>\n<td width=\"47.2400%\">11000 x 3600 x 3800 mm (C X L X A)<\/td>\n<\/tr>\n<\/tbody>\n<\/table>\n<p><strong><b>\u00a0<\/b><\/strong><\/p>\n<p>CARACTER\u00cdSTICAS DA M\u00c1QUINA:<\/p>\n<p>* Equipado com 3 parafusos 65\/90\/65mm<\/p>\n<p>* Com sistema de v\u00e1cuo<\/p>\n<p>* Sistema de fixa\u00e7\u00e3o das extremidades da pel\u00edcula<\/p>\n<p>* Carregamento autom\u00e1tico do veio de ar<\/p>\n<p>* Trocador de ecr\u00e3 hidr\u00e1ulico autom\u00e1tico<\/p>\n<p>* Sistema em linha de tritura\u00e7\u00e3o e reciclagem de pel\u00edculas de res\u00edduos<\/p>\n<p>* Capacidade Max.280kg\/hr<\/p>\n<p>* Largura da pel\u00edcula: 1500mm x 1 rolo<\/p>\n<p>500mm x 3 rolos<\/p>\n<h3><strong><b>T Morre:<\/b><\/strong><\/h3>\n<p>T-die com sistema de fixa\u00e7\u00e3o de arestas e sistema de v\u00e1cuo<\/p>\n<p>Rolo de arrefecimento alargado para uma melhor qualidade da pel\u00edcula<\/p>\n<h3><strong><b>Rebobinador:<\/b><\/strong><\/h3>\n<p>Sistema autom\u00e1tico de corte e troca de rolos<\/p>\n<p>Sistema autom\u00e1tico de carregamento do eixo de ar, economiza custos de m\u00e3o de obra e \u00e9 mais eficiente.<\/p>\n<h3><strong><b>Corte em linha:<\/b><\/strong><\/h3>\n<p>Permite-lhe ter mais de 1 rolo de cada vez dentro do seu limite m\u00e1ximo de largura de filme e cortar a margem.<\/p>\n<h3><strong><b>Tritura\u00e7\u00e3o e reciclagem em linha:<\/b><\/strong><\/h3>\n<p>O objetivo \u00e9 esmagar a pel\u00edcula de borda aparada e envi\u00e1-la de volta para a tremonha para produ\u00e7\u00e3o de novo com pellets virgens.<\/p>\n<p>&nbsp;<\/p>\n<p><strong><b>FAQ:<\/b><\/strong><\/p>\n<p>1. como sobre a garantia de seus produtos?<br \/>\nUm ano (12 meses) de garantia ser\u00e1 fornecido a partir da data de chegada do contentor \u00e0 f\u00e1brica do cliente. Se as pe\u00e7as da m\u00e1quina estiverem avariadas devido a problemas de qualidade dentro do per\u00edodo de garantia, enviaremos uma nova pe\u00e7a gratuitamente (qualquer uso indevido artificial ou destrui\u00e7\u00e3o n\u00e3o est\u00e1 inclu\u00eddo na limita\u00e7\u00e3o da Garantia de Qualidade).<\/p>\n<p>2. quais s\u00e3o as vossas condi\u00e7\u00f5es de pagamento e de entrega?<br \/>\nPrazo de pagamento:<br \/>\n1) T\/T, 30% como pr\u00e9-pago, 70% antes da entrega<br \/>\n2) L\/C, 30% por T\/T ,70% como L\/C \u00e0 vista<br \/>\nPrazo de entrega: O prazo normal \u00e9 de 30-40 dias \u00fateis<\/p>\n<p>3. que apoio t\u00e9cnico podemos obter se encomendarmos m\u00e1quinas?<br \/>\nPodemos fornecer desenhos de instala\u00e7\u00e3o, instru\u00e7\u00f5es b\u00e1sicas de funcionamento, explica\u00e7\u00e3o de funcionamento atrav\u00e9s de v\u00eddeo e fotografias, videochamada online para apoio t\u00e9cnico, se necess\u00e1rio.<\/p>","protected":false},"excerpt":{"rendered":"<p>Product Introduction: \u00a0 WX-1500\/1600\/2000 Three\/Five layer co-extrusion\u00a0Double shafts Roll Changing \/Intelligent Temperature Control Stretch Film Making Machine\u00a0 Casting film making machine, Cling film making machine food plastic wrap machine \u00a0 This machine is a cast stretch film production plant, with high plasticizing, easy operation, long life, energy saving features and it is mainly used for [&hellip;]<\/p>","protected":false},"featured_media":2840,"comment_status":"open","ping_status":"closed","template":"","meta":{"site-sidebar-layout":"default","site-content-layout":"","ast-site-content-layout":"default","site-content-style":"default","site-sidebar-style":"default","ast-global-header-display":"","ast-banner-title-visibility":"","ast-main-header-display":"","ast-hfb-above-header-display":"","ast-hfb-below-header-display":"","ast-hfb-mobile-header-display":"","site-post-title":"","ast-breadcrumbs-content":"","ast-featured-img":"","footer-sml-layout":"","theme-transparent-header-meta":"default","adv-header-id-meta":"","stick-header-meta":"","header-above-stick-meta":"","header-main-stick-meta":"","header-below-stick-meta":"","astra-migrate-meta-layouts":"set","ast-page-background-enabled":"default","ast-page-background-meta":{"desktop":{"background-color":"","background-image":"","background-repeat":"repeat","background-position":"center center","background-size":"auto","background-attachment":"scroll","background-type":"","background-media":"","overlay-type":"","overlay-color":"","overlay-gradient":""},"tablet":{"background-color":"","background-image":"","background-repeat":"repeat","background-position":"center center","background-size":"auto","background-attachment":"scroll","background-type":"","background-media":"","overlay-type":"","overlay-color":"","overlay-gradient":""},"mobile":{"background-color":"","background-image":"","background-repeat":"repeat","background-position":"center center","background-size":"auto","background-attachment":"scroll","background-type":"","background-media":"","overlay-type":"","overlay-color":"","overlay-gradient":""}},"ast-content-background-meta":{"desktop":{"background-color":"var(--ast-global-color-5)","background-image":"","background-repeat":"repeat","background-position":"center center","background-size":"auto","background-attachment":"scroll","background-type":"","background-media":"","overlay-type":"","overlay-color":"","overlay-gradient":""},"tablet":{"background-color":"var(--ast-global-color-5)","background-image":"","background-repeat":"repeat","background-position":"center center","background-size":"auto","background-attachment":"scroll","background-type":"","background-media":"","overlay-type":"","overlay-color":"","overlay-gradient":""},"mobile":{"background-color":"var(--ast-global-color-5)","background-image":"","background-repeat":"repeat","background-position":"center center","background-size":"auto","background-attachment":"scroll","background-type":"","background-media":"","overlay-type":"","overlay-color":"","overlay-gradient":""}}},"product_cat":[135,137],"product_tag":[],"jetpack_sharing_enabled":true,"_links":{"self":[{"href":"https:\/\/wxplastmachine.com\/pt\/wp-json\/wp\/v2\/product\/2695"}],"collection":[{"href":"https:\/\/wxplastmachine.com\/pt\/wp-json\/wp\/v2\/product"}],"about":[{"href":"https:\/\/wxplastmachine.com\/pt\/wp-json\/wp\/v2\/types\/product"}],"replies":[{"embeddable":true,"href":"https:\/\/wxplastmachine.com\/pt\/wp-json\/wp\/v2\/comments?post=2695"}],"wp:featuredmedia":[{"embeddable":true,"href":"https:\/\/wxplastmachine.com\/pt\/wp-json\/wp\/v2\/media\/2840"}],"wp:attachment":[{"href":"https:\/\/wxplastmachine.com\/pt\/wp-json\/wp\/v2\/media?parent=2695"}],"wp:term":[{"taxonomy":"product_cat","embeddable":true,"href":"https:\/\/wxplastmachine.com\/pt\/wp-json\/wp\/v2\/product_cat?post=2695"},{"taxonomy":"product_tag","embeddable":true,"href":"https:\/\/wxplastmachine.com\/pt\/wp-json\/wp\/v2\/product_tag?post=2695"}],"curies":[{"name":"wp","href":"https:\/\/api.w.org\/{rel}","templated":true}]}}