{"id":2697,"date":"2024-07-16T11:25:20","date_gmt":"2024-07-16T03:25:20","guid":{"rendered":"https:\/\/wxplastmachine.com\/?post_type=product&#038;p=2697"},"modified":"2024-07-31T22:43:36","modified_gmt":"2024-07-31T14:43:36","slug":"2000mm-full-automatic-acbca-five-layers-pe-stretch-film-making-machine-stretch-film-jumbo-roll-packaging-film-making-machine","status":"publish","type":"product","link":"https:\/\/wxplastmachine.com\/pt\/produto\/2000mm-full-automatic-acbca-five-layers-pe-stretch-film-making-machine-stretch-film-jumbo-roll-packaging-film-making-machine","title":{"rendered":"2000mm M\u00e1quina Autom\u00e1tica para Fabrica\u00e7\u00e3o de Filme PE de Cinco Camadas ACBCA M\u00e1quina para Fabrica\u00e7\u00e3o de Filme Esticado Jumbo para Embalagem de Rolo"},"content":{"rendered":"<p><strong><b>Introdu\u00e7\u00e3o do produto:<\/b><\/strong><\/p>\n<p>High output ACBCA 5 layer casting LLDPE\/MLDPE stretch film machine 2000mm film<\/p>\n<p>&nbsp;<\/p>\n<p>Esta m\u00e1quina \u00e9 uma f\u00e1brica de produ\u00e7\u00e3o de filme estir\u00e1vel fundido, com alta plastifica\u00e7\u00e3o, f\u00e1cil opera\u00e7\u00e3o, longa vida \u00fatil, carater\u00edsticas de poupan\u00e7a de energia e \u00e9 usado principalmente para a produ\u00e7\u00e3o de filme LLDPE, filme LDPE, filme PE, filme CPE e filme PEVA etc.<\/p>\n<p>Adopta um sistema de controlo industrial inteligente avan\u00e7ado, com sistema de carregamento que garante uma opera\u00e7\u00e3o f\u00e1cil e segura, um enrolamento de rolo mais apertado e uniforme. Todos os projectos garantem a qualidade da pel\u00edcula, aumentam a efici\u00eancia da produ\u00e7\u00e3o, reduzem os custos de produ\u00e7\u00e3o e criam mais valor, tornando os produtos mais competitivos.<\/p>\n<p><strong><b>\u00a0<\/b><\/strong><\/p>\n<p><strong><b>CARACTER\u00cdSTICAS:<\/b><\/strong><\/p>\n<p>* Equipado com 3 parafusos 65\/100\/80mm<\/p>\n<p>* Com sistema de v\u00e1cuo<\/p>\n<p>* Sistema de fixa\u00e7\u00e3o das extremidades da pel\u00edcula<\/p>\n<p>* Carregamento autom\u00e1tico do veio de ar<\/p>\n<p>* Trocador de ecr\u00e3 hidr\u00e1ulico autom\u00e1tico<\/p>\n<p>* Sistema em linha de tritura\u00e7\u00e3o e reciclagem de pel\u00edculas de res\u00edduos<\/p>\n<p>* Capacidade m\u00e1x.500kg\/hr<\/p>\n<p>* Largura da pel\u00edcula: 2000mm x 1 rolo<\/p>\n<p>500 mm x 4 rolos<\/p>\n<p>* com sistema inteligente de controlo da temperatura<\/p>\n<p>* Marca PLC Japan Mitsubishi<\/p>\n<p>* A SSR adopta a Fortek Taiwan<\/p>\n<p>* Inversor da marca Delta<\/p>\n<h3><strong><b>T Morre:<\/b><\/strong><\/h3>\n<p>T-die com sistema de fixa\u00e7\u00e3o de arestas e sistema de v\u00e1cuo<\/p>\n<p>Rolo de arrefecimento alargado para uma melhor qualidade da pel\u00edcula<\/p>\n<h3><strong><b>Rebobinador:<\/b><\/strong><\/h3>\n<p>Sistema autom\u00e1tico de corte e troca de rolos<\/p>\n<p>Sistema autom\u00e1tico de carregamento do eixo de ar, economiza custos de m\u00e3o de obra e \u00e9 mais eficiente.<\/p>\n<h3><strong><b>Corte em linha:<\/b><\/strong><\/h3>\n<p>Permite-lhe ter mais de 1 rolo de cada vez dentro do seu limite m\u00e1ximo de largura de filme e cortar a margem.<\/p>\n<h3><strong><b>Tritura\u00e7\u00e3o e reciclagem em linha:<\/b><\/strong><\/h3>\n<p>O objetivo \u00e9 esmagar a pel\u00edcula de borda aparada e envi\u00e1-la de volta para a tremonha para produ\u00e7\u00e3o de novo com pellets virgens.<\/p>\n<p>&nbsp;<\/p>\n<p><strong><b>PRINCIPAIS ESPECIFICA\u00c7\u00d5ES T\u00c9CNICAS<\/b><\/strong><strong><b>:<\/b><\/strong><\/p>\n<table>\n<tbody>\n<tr>\n<td width=\"5.6400%\">N\u00e3o<\/td>\n<td width=\"32.9400%\"><\/td>\n<td width=\"61.4000%\"><\/td>\n<\/tr>\n<tr>\n<td width=\"5.6400%\">1<\/td>\n<td width=\"32.9400%\">Modelo<\/td>\n<td width=\"61.4000%\">WX-65\/100\/80-2350<\/td>\n<\/tr>\n<tr>\n<td width=\"5.6400%\">2<\/td>\n<td width=\"32.9400%\">Di\u00e2metro do parafuso<\/td>\n<td width=\"61.4000%\">65\/100\/80mm<\/td>\n<\/tr>\n<tr>\n<td width=\"5.6400%\">3<\/td>\n<td width=\"32.9400%\">Parafuso L\/D<\/td>\n<td width=\"61.4000%\">30:1<\/td>\n<\/tr>\n<tr>\n<td width=\"5.6400%\">4<\/td>\n<td width=\"32.9400%\">Largura da pel\u00edcula<\/td>\n<td width=\"61.4000%\">200-2000mm (4x500mm)<\/td>\n<\/tr>\n<tr>\n<td width=\"5.6400%\">5<\/td>\n<td width=\"32.9400%\">Pot\u00eancia total<\/td>\n<td width=\"61.4000%\">200 KW<\/td>\n<\/tr>\n<tr>\n<td width=\"5.6400%\">6<\/td>\n<td width=\"32.9400%\">Espessura<\/td>\n<td width=\"61.4000%\">0,01-0,05mm<\/td>\n<\/tr>\n<tr>\n<td width=\"5.6400%\">7<\/td>\n<td width=\"32.9400%\">Capacidade<\/td>\n<td width=\"61.4000%\">50-500 KG\/HR<\/td>\n<\/tr>\n<tr>\n<td width=\"5.6400%\">8<\/td>\n<td width=\"32.9400%\">Filme Estrutura da camada<\/td>\n<td width=\"61.4000%\">ABC\/ACBCA<\/td>\n<\/tr>\n<tr>\n<td width=\"5.6400%\">9<\/td>\n<td width=\"32.9400%\">Peso total<\/td>\n<td width=\"61.4000%\">15 TONELADAS<\/td>\n<\/tr>\n<tr>\n<td width=\"5.6400%\">10<\/td>\n<td width=\"32.9400%\">Dimens\u00e3o da m\u00e1quina (mm)<\/td>\n<td width=\"61.4000%\">15000 x 7000 x 4500 mm (C X L X A)<\/td>\n<\/tr>\n<\/tbody>\n<\/table>\n<p><strong><b>\u00a0<\/b><\/strong><\/p>\n<p><strong><b>FAQ:<\/b><\/strong><\/p>\n<p>1. como sobre a garantia de seus produtos?<br \/>\nUm ano (12 meses) de garantia ser\u00e1 fornecido a partir da data de chegada do contentor \u00e0 f\u00e1brica do cliente. Se as pe\u00e7as da m\u00e1quina estiverem avariadas devido a problemas de qualidade dentro do per\u00edodo de garantia, enviaremos uma nova pe\u00e7a gratuitamente (qualquer uso indevido artificial ou destrui\u00e7\u00e3o n\u00e3o est\u00e1 inclu\u00eddo na limita\u00e7\u00e3o da Garantia de Qualidade).<\/p>\n<p>2. quais s\u00e3o as vossas condi\u00e7\u00f5es de pagamento e de entrega?<br \/>\nPrazo de pagamento:<br \/>\n1) T\/T, 30% como pr\u00e9-pago, 70% antes da entrega<br \/>\n2) L\/C, 30% por T\/T ,70% como L\/C \u00e0 vista<br \/>\nPrazo de entrega: O prazo normal \u00e9 de 30-40 dias \u00fateis<\/p>\n<p>3. que apoio t\u00e9cnico podemos obter se encomendarmos m\u00e1quinas?<br \/>\nPodemos fornecer desenhos de instala\u00e7\u00e3o, instru\u00e7\u00f5es b\u00e1sicas de funcionamento, explica\u00e7\u00e3o de funcionamento atrav\u00e9s de v\u00eddeo e fotografias, videochamada online para apoio t\u00e9cnico, se necess\u00e1rio.<\/p>","protected":false},"excerpt":{"rendered":"<p>Product Introduction: High output ACBCA 5 layer casting LLDPE\/MLDPE stretch film machine 2000mm film &nbsp; This machine is a cast stretch film production plant, with high plasticizing, easy operation, long life, energy saving features and it is mainly used for the production of LLDPE film, LDPE film, PE film, CPE film and PEVA film etc. [&hellip;]<\/p>","protected":false},"featured_media":2835,"comment_status":"open","ping_status":"closed","template":"","meta":{"site-sidebar-layout":"default","site-content-layout":"","ast-site-content-layout":"default","site-content-style":"default","site-sidebar-style":"default","ast-global-header-display":"","ast-banner-title-visibility":"","ast-main-header-display":"","ast-hfb-above-header-display":"","ast-hfb-below-header-display":"","ast-hfb-mobile-header-display":"","site-post-title":"","ast-breadcrumbs-content":"","ast-featured-img":"","footer-sml-layout":"","theme-transparent-header-meta":"default","adv-header-id-meta":"","stick-header-meta":"","header-above-stick-meta":"","header-main-stick-meta":"","header-below-stick-meta":"","astra-migrate-meta-layouts":"set","ast-page-background-enabled":"default","ast-page-background-meta":{"desktop":{"background-color":"","background-image":"","background-repeat":"repeat","background-position":"center center","background-size":"auto","background-attachment":"scroll","background-type":"","background-media":"","overlay-type":"","overlay-color":"","overlay-gradient":""},"tablet":{"background-color":"","background-image":"","background-repeat":"repeat","background-position":"center center","background-size":"auto","background-attachment":"scroll","background-type":"","background-media":"","overlay-type":"","overlay-color":"","overlay-gradient":""},"mobile":{"background-color":"","background-image":"","background-repeat":"repeat","background-position":"center center","background-size":"auto","background-attachment":"scroll","background-type":"","background-media":"","overlay-type":"","overlay-color":"","overlay-gradient":""}},"ast-content-background-meta":{"desktop":{"background-color":"var(--ast-global-color-5)","background-image":"","background-repeat":"repeat","background-position":"center center","background-size":"auto","background-attachment":"scroll","background-type":"","background-media":"","overlay-type":"","overlay-color":"","overlay-gradient":""},"tablet":{"background-color":"var(--ast-global-color-5)","background-image":"","background-repeat":"repeat","background-position":"center center","background-size":"auto","background-attachment":"scroll","background-type":"","background-media":"","overlay-type":"","overlay-color":"","overlay-gradient":""},"mobile":{"background-color":"var(--ast-global-color-5)","background-image":"","background-repeat":"repeat","background-position":"center center","background-size":"auto","background-attachment":"scroll","background-type":"","background-media":"","overlay-type":"","overlay-color":"","overlay-gradient":""}}},"product_cat":[135,138],"product_tag":[],"jetpack_sharing_enabled":true,"_links":{"self":[{"href":"https:\/\/wxplastmachine.com\/pt\/wp-json\/wp\/v2\/product\/2697"}],"collection":[{"href":"https:\/\/wxplastmachine.com\/pt\/wp-json\/wp\/v2\/product"}],"about":[{"href":"https:\/\/wxplastmachine.com\/pt\/wp-json\/wp\/v2\/types\/product"}],"replies":[{"embeddable":true,"href":"https:\/\/wxplastmachine.com\/pt\/wp-json\/wp\/v2\/comments?post=2697"}],"wp:featuredmedia":[{"embeddable":true,"href":"https:\/\/wxplastmachine.com\/pt\/wp-json\/wp\/v2\/media\/2835"}],"wp:attachment":[{"href":"https:\/\/wxplastmachine.com\/pt\/wp-json\/wp\/v2\/media?parent=2697"}],"wp:term":[{"taxonomy":"product_cat","embeddable":true,"href":"https:\/\/wxplastmachine.com\/pt\/wp-json\/wp\/v2\/product_cat?post=2697"},{"taxonomy":"product_tag","embeddable":true,"href":"https:\/\/wxplastmachine.com\/pt\/wp-json\/wp\/v2\/product_tag?post=2697"}],"curies":[{"name":"wp","href":"https:\/\/api.w.org\/{rel}","templated":true}]}}