{"id":3338,"date":"2024-09-06T14:53:26","date_gmt":"2024-09-06T06:53:26","guid":{"rendered":"https:\/\/wxplastmachine.com\/?post_type=product&#038;p=3338"},"modified":"2024-09-06T16:21:50","modified_gmt":"2024-09-06T08:21:50","slug":"pe-pp-pet-pvc-two-stage-pellets-making-machine-plastic-scraps-bottle-flakes-waste-recycling-granulating-line","status":"publish","type":"product","link":"https:\/\/wxplastmachine.com\/pt\/produto\/pe-pp-pet-pvc-two-stage-pellets-making-machine-plastic-scraps-bottle-flakes-waste-recycling-granulating-line","title":{"rendered":"PE PP PET PVC M\u00e1quina para Fabrica\u00e7\u00e3o de Pellets em Dois Est\u00e1gios Linha de Granula\u00e7\u00e3o para Reciclagem de Res\u00edduos de Garrafas de Pl\u00e1stico"},"content":{"rendered":"<p><strong>PE PP PET PVC M\u00e1quina para Fabrica\u00e7\u00e3o de Pellets em Dois Est\u00e1gios Linha de Granula\u00e7\u00e3o para Reciclagem de Res\u00edduos de Garrafas de Pl\u00e1stico<\/strong><\/p>\n<p>O granulador de parafuso simples de duas fases da s\u00e9rie SJ\/SJ \u00e9 adequado principalmente para granular materiais s\u00f3lidos, adequado para materiais com uma densidade aparente de 0,1-0,3 g\/l; pode processar pl\u00e1sticos como PE, PP, PS, PVC, ABS, PA, PC, PET, etc. As carater\u00edsticas do granulador de dois est\u00e1gios de parafuso \u00fanico s\u00e3o que ele \u00e9 adequado para materiais com mais impurezas, maior teor de humidade e grande produ\u00e7\u00e3o. Ele tamb\u00e9m tem um alimentador for\u00e7ado.<\/p>\n<p><strong><b>Principais par\u00e2metros t\u00e9cnicos\uff1a<\/b><\/strong><\/p>\n<table>\n<tbody>\n<tr>\n<td colspan=\"7\">Par\u00e2metro tecnol\u00f3gico<\/td>\n<\/tr>\n<tr>\n<td colspan=\"2\">Tipo<\/td>\n<td>SJ\/SJ100<\/td>\n<td>SJ\/SJ120<\/td>\n<td>SJ\/SJ150<\/td>\n<td>SJ\/SJ180<\/td>\n<td>SJ\/SJ200<\/td>\n<\/tr>\n<tr>\n<td colspan=\"2\">Capacidade (kg\/h)<\/td>\n<td>300-380<\/td>\n<td>400-500<\/td>\n<td>600-750<\/td>\n<td>800-950<\/td>\n<td>1000-1200<\/td>\n<\/tr>\n<tr>\n<td colspan=\"2\">Consumo de energia (kWh\/kg)<\/td>\n<td>0.2-0.3<\/td>\n<td>0.2-0.3<\/td>\n<td>0.2-0.3<\/td>\n<td>0.2-0.3<\/td>\n<td>0.2-0.3<\/td>\n<\/tr>\n<tr>\n<td colspan=\"2\">A \/ Comprimento (mm)<\/td>\n<td>12,500<\/td>\n<td>13,800<\/td>\n<td>14,900<\/td>\n<td>15,200<\/td>\n<td>16,500<\/td>\n<\/tr>\n<tr>\n<td colspan=\"2\">B \/ Largura (mm)<\/td>\n<td>2,500<\/td>\n<td>2,500<\/td>\n<td>2,500<\/td>\n<td>3,300<\/td>\n<td>3,500<\/td>\n<\/tr>\n<tr>\n<td colspan=\"2\">C \/ Altura (mm)<\/td>\n<td>3,750<\/td>\n<td>3,980<\/td>\n<td>4,250<\/td>\n<td>4,460<\/td>\n<td>4,850<\/td>\n<\/tr>\n<tr>\n<td rowspan=\"3\">&nbsp;<\/p>\n<p>Extrusora<\/td>\n<td>Di\u00e2metro do parafuso (mm)<\/td>\n<td>\u03a6100<\/td>\n<td>\u03a6120<\/td>\n<td>\u03a6150<\/td>\n<td>\u03a6180<\/td>\n<td>\u03a6200<\/td>\n<\/tr>\n<tr>\n<td>L\/D<\/td>\n<td>25-35<\/td>\n<td>25-35<\/td>\n<td>25-35<\/td>\n<td>25-35<\/td>\n<td>25-35<\/td>\n<\/tr>\n<tr>\n<td>Pot\u00eancia do motor (kW)<\/td>\n<td>90-110<\/td>\n<td>132-160<\/td>\n<td>160-200<\/td>\n<td>250-315<\/td>\n<td>315-355<\/td>\n<\/tr>\n<tr>\n<td rowspan=\"4\">&nbsp;<\/p>\n<p>&nbsp;<\/p>\n<p>&nbsp;<\/p>\n<p>Filtro<\/p>\n<p>(op\u00e7\u00f5es)<\/td>\n<td>Tipo de placa de duas posi\u00e7\u00f5es<\/td>\n<td>\u25cf<\/td>\n<td>\u25cf<\/td>\n<td>\u25cf<\/td>\n<td>\u25cf<\/td>\n<td>\u25cf<\/td>\n<\/tr>\n<tr>\n<td>Tipo de pist\u00e3o de duas posi\u00e7\u00f5es<\/td>\n<td>\u25cb<\/td>\n<td>\u25cb<\/td>\n<td>\u25cb<\/td>\n<td>\u25cb<\/td>\n<td>\u25cb<\/td>\n<\/tr>\n<tr>\n<td>Tipo de pist\u00e3o de descarga posterior<\/td>\n<td>\u25cb<\/td>\n<td>\u25cb<\/td>\n<td>\u25cb<\/td>\n<td>\u25cb<\/td>\n<td>\u25cb<\/td>\n<\/tr>\n<tr>\n<td>Tipo de auto-limpeza autom\u00e1tica<\/td>\n<td>\u25cb<\/td>\n<td>\u25cb<\/td>\n<td>\u25cb<\/td>\n<td>\u25cb<\/td>\n<td>\u25cb<\/td>\n<\/tr>\n<tr>\n<td rowspan=\"3\">&nbsp;<\/p>\n<p>2\u00aa extrusora<\/p>\n<p>(opcional)<\/td>\n<td>Di\u00e2metro do parafuso (mm)<\/td>\n<td>\u03a6120<\/td>\n<td>\u03a6150<\/td>\n<td>\u03a6150<\/td>\n<td>\u03a6180<\/td>\n<td>\u03a6200<\/td>\n<\/tr>\n<tr>\n<td>L\/D<\/td>\n<td>8-12<\/td>\n<td>8-12<\/td>\n<td>8-12<\/td>\n<td>8-12<\/td>\n<td>8-12<\/td>\n<\/tr>\n<tr>\n<td>Pot\u00eancia do motor (kW)<\/td>\n<td>37-45<\/td>\n<td>45-55<\/td>\n<td>55-75<\/td>\n<td>75-90<\/td>\n<td>90-110<\/td>\n<\/tr>\n<tr>\n<td rowspan=\"4\">&nbsp;<\/p>\n<p>&nbsp;<\/p>\n<p>A jusante<\/p>\n<p>(op\u00e7\u00f5es)<\/td>\n<td>Peletizador de anel de \u00e1gua<\/td>\n<td>\u25cf<\/td>\n<td>\u25cf<\/td>\n<td>\u25cf<\/td>\n<td>\u25cf<\/td>\n<td>\u25cf<\/td>\n<\/tr>\n<tr>\n<td>Peletizador de cordas<\/td>\n<td>\u25cb<\/td>\n<td>\u25cb<\/td>\n<td>\u25cb<\/td>\n<td>\u25cb<\/td>\n<td>\u25cb<\/td>\n<\/tr>\n<tr>\n<td>Peletizador autom\u00e1tico de cord\u00f5es<\/td>\n<td>\u25cb<\/td>\n<td>\u25cb<\/td>\n<td>\u25cb<\/td>\n<td>\u25cb<\/td>\n<td>\u25cb<\/td>\n<\/tr>\n<tr>\n<td>Peletizador subaqu\u00e1tico<\/td>\n<td>\u25cb<\/td>\n<td>\u25cb<\/td>\n<td>\u25cb<\/td>\n<td>\u25cb<\/td>\n<td>\u25cb<\/td>\n<\/tr>\n<\/tbody>\n<\/table>\n<ul>\n<li>Padr\u00e3o \u25cb Alternativa<\/li>\n<\/ul>\n<p><strong><u><b>Linhas de extrus\u00e3o-<\/b><\/u><\/strong><strong><b>Contacte-nos, podemos dar-lhe a melhor sugest\u00e3o<\/b><\/strong><\/p>\n<p>V\u00e1rios modos de peletiza\u00e7\u00e3o, tais como fio de arrefecimento de \u00e1gua, peletiza\u00e7\u00e3o de arrefecimento de ar, peletiza\u00e7\u00e3o de anel de \u00e1gua, peletiza\u00e7\u00e3o sob \u00e1gua, etc.<\/p>\n<p><img fetchpriority=\"high\" decoding=\"async\" class=\"alignnone size-full wp-image-3330\" src=\"https:\/\/wxplastmachine.com\/wp-content\/uploads\/2024\/09\/\u5fae\u4fe1\u622a\u56fe_20240905220819.jpg\" alt=\"\" width=\"352\" height=\"573\" srcset=\"https:\/\/wxplastmachine.com\/wp-content\/uploads\/2024\/09\/\u5fae\u4fe1\u622a\u56fe_20240905220819.jpg 352w, https:\/\/wxplastmachine.com\/wp-content\/uploads\/2024\/09\/\u5fae\u4fe1\u622a\u56fe_20240905220819-184x300.jpg 184w, https:\/\/wxplastmachine.com\/wp-content\/uploads\/2024\/09\/\u5fae\u4fe1\u622a\u56fe_20240905220819-7x12.jpg 7w\" sizes=\"(max-width: 352px) 100vw, 352px\" \/><\/p>\n<p><strong><b>FAQ:<\/b><\/strong><\/p>\n<p>1. como sobre a garantia de seus produtos?<br \/>\nUm ano (12 meses) de garantia ser\u00e1 fornecido a partir da data de chegada do contentor \u00e0 f\u00e1brica do cliente. Se as pe\u00e7as da m\u00e1quina estiverem avariadas devido a problemas de qualidade dentro do per\u00edodo de garantia, enviaremos uma nova pe\u00e7a gratuitamente (qualquer uso indevido artificial ou destrui\u00e7\u00e3o n\u00e3o est\u00e1 inclu\u00eddo na limita\u00e7\u00e3o da Garantia de Qualidade).<\/p>\n<p>2. quais s\u00e3o as vossas condi\u00e7\u00f5es de pagamento e de entrega?<br \/>\nPrazo de pagamento:<br \/>\n1) T\/T, 30% como pr\u00e9-pago, 70% antes da entrega<br \/>\n2) L\/C, 30% por T\/T ,70% como L\/C \u00e0 vista<br \/>\nPrazo de entrega: O prazo normal \u00e9 de 30-40 dias \u00fateis<\/p>\n<p>3. que apoio t\u00e9cnico podemos obter se encomendarmos m\u00e1quinas?<br \/>\nPodemos fornecer desenhos de instala\u00e7\u00e3o, instru\u00e7\u00f5es b\u00e1sicas de funcionamento, explica\u00e7\u00e3o de funcionamento atrav\u00e9s de v\u00eddeo e fotografias, videochamada online para apoio t\u00e9cnico, se necess\u00e1rio.<\/p>\n<p>&nbsp;<\/p>","protected":false},"excerpt":{"rendered":"<p>PE\u00a0PP\u00a0PET PVC Two Stage Pellets Making Machine Plastic Scraps Bottle Flakes Waste Recycling Granulating Line SJ\/SJ series single screw two-stage granulator is mainly suitable for granulating solid materials, suitable for materials with a bulk density of 0.1-0.3g\/l; it can process plastics such as PE, PP, PS, PVC, ABS, PA, PC, PET, etc. The characteristics of [&hellip;]<\/p>","protected":false},"featured_media":3359,"comment_status":"open","ping_status":"closed","template":"","meta":{"site-sidebar-layout":"default","site-content-layout":"","ast-site-content-layout":"default","site-content-style":"default","site-sidebar-style":"default","ast-global-header-display":"","ast-banner-title-visibility":"","ast-main-header-display":"","ast-hfb-above-header-display":"","ast-hfb-below-header-display":"","ast-hfb-mobile-header-display":"","site-post-title":"","ast-breadcrumbs-content":"","ast-featured-img":"","footer-sml-layout":"","theme-transparent-header-meta":"default","adv-header-id-meta":"","stick-header-meta":"","header-above-stick-meta":"","header-main-stick-meta":"","header-below-stick-meta":"","astra-migrate-meta-layouts":"set","ast-page-background-enabled":"default","ast-page-background-meta":{"desktop":{"background-color":"","background-image":"","background-repeat":"repeat","background-position":"center center","background-size":"auto","background-attachment":"scroll","background-type":"","background-media":"","overlay-type":"","overlay-color":"","overlay-gradient":""},"tablet":{"background-color":"","background-image":"","background-repeat":"repeat","background-position":"center center","background-size":"auto","background-attachment":"scroll","background-type":"","background-media":"","overlay-type":"","overlay-color":"","overlay-gradient":""},"mobile":{"background-color":"","background-image":"","background-repeat":"repeat","background-position":"center center","background-size":"auto","background-attachment":"scroll","background-type":"","background-media":"","overlay-type":"","overlay-color":"","overlay-gradient":""}},"ast-content-background-meta":{"desktop":{"background-color":"var(--ast-global-color-5)","background-image":"","background-repeat":"repeat","background-position":"center center","background-size":"auto","background-attachment":"scroll","background-type":"","background-media":"","overlay-type":"","overlay-color":"","overlay-gradient":""},"tablet":{"background-color":"var(--ast-global-color-5)","background-image":"","background-repeat":"repeat","background-position":"center center","background-size":"auto","background-attachment":"scroll","background-type":"","background-media":"","overlay-type":"","overlay-color":"","overlay-gradient":""},"mobile":{"background-color":"var(--ast-global-color-5)","background-image":"","background-repeat":"repeat","background-position":"center center","background-size":"auto","background-attachment":"scroll","background-type":"","background-media":"","overlay-type":"","overlay-color":"","overlay-gradient":""}}},"product_cat":[166,159,161],"product_tag":[],"jetpack_sharing_enabled":true,"_links":{"self":[{"href":"https:\/\/wxplastmachine.com\/pt\/wp-json\/wp\/v2\/product\/3338"}],"collection":[{"href":"https:\/\/wxplastmachine.com\/pt\/wp-json\/wp\/v2\/product"}],"about":[{"href":"https:\/\/wxplastmachine.com\/pt\/wp-json\/wp\/v2\/types\/product"}],"replies":[{"embeddable":true,"href":"https:\/\/wxplastmachine.com\/pt\/wp-json\/wp\/v2\/comments?post=3338"}],"wp:featuredmedia":[{"embeddable":true,"href":"https:\/\/wxplastmachine.com\/pt\/wp-json\/wp\/v2\/media\/3359"}],"wp:attachment":[{"href":"https:\/\/wxplastmachine.com\/pt\/wp-json\/wp\/v2\/media?parent=3338"}],"wp:term":[{"taxonomy":"product_cat","embeddable":true,"href":"https:\/\/wxplastmachine.com\/pt\/wp-json\/wp\/v2\/product_cat?post=3338"},{"taxonomy":"product_tag","embeddable":true,"href":"https:\/\/wxplastmachine.com\/pt\/wp-json\/wp\/v2\/product_tag?post=3338"}],"curies":[{"name":"wp","href":"https:\/\/api.w.org\/{rel}","templated":true}]}}