{"id":3348,"date":"2024-09-06T15:00:13","date_gmt":"2024-09-06T07:00:13","guid":{"rendered":"https:\/\/wxplastmachine.com\/?post_type=product&#038;p=3348"},"modified":"2024-09-06T16:02:08","modified_gmt":"2024-09-06T08:02:08","slug":"pe-pp-pet-abs-compounding-pellets-filler-masterbatch-co-rotating-parallel-twin-screw-granulator","status":"publish","type":"product","link":"https:\/\/wxplastmachine.com\/pt\/produto\/pe-pp-pet-abs-compounding-pellets-filler-masterbatch-co-rotating-parallel-twin-screw-granulator","title":{"rendered":"PE PP PET ABS Composto Pellets Enchedor Masterbatch Granulador de parafuso duplo paralelo co-rotativo"},"content":{"rendered":"<p><strong>PE PP PET ABS Composto Pellets Enchedor Masterbatch Granulador de parafuso duplo paralelo co-rotativo<\/strong><\/p>\n<p>O granulador de parafuso duplo paralelo co-rotativo da s\u00e9rie WXN \u00e9 amplamente utilizado no enchimento, mistura, modifica\u00e7\u00e3o, refor\u00e7o, desvolatiliza\u00e7\u00e3o de polipropileno clorado e resina super absorvente de borracha e pl\u00e1stico e resina de engenharia; extrus\u00e3o de masterbatch degrad\u00e1vel, policondensa\u00e7\u00e3o de poliamida, rea\u00e7\u00e3o de poliadi\u00e7\u00e3o de poliuretano; reciclagem de flocos de garrafas PET e outros campos.<\/p>\n<table>\n<tbody>\n<tr>\n<td width=\"14.0600%\">Modo<\/td>\n<td width=\"14.2200%\">Di\u00e2metro<\/p>\n<p>(mm)<\/td>\n<td width=\"14.2200%\">L\/D<\/td>\n<td width=\"14.2200%\">velocidade<\/p>\n<p>(r\/min)<\/td>\n<td width=\"14.2200%\">Pot\u00eancia do motor<\/p>\n<p>(kw)<\/td>\n<td width=\"14.3600%\">Bin\u00e1rio<\/p>\n<p>(N.m)<\/td>\n<td width=\"14.6600%\">Capacidade<\/p>\n<p>(kg\/h)<\/td>\n<\/tr>\n<tr>\n<td width=\"14.0600%\">WXN-20<\/td>\n<td width=\"14.2200%\">22<\/td>\n<td width=\"14.2200%\">32-44<\/td>\n<td width=\"14.2200%\">600<\/td>\n<td width=\"14.2200%\">5.5<\/td>\n<td width=\"14.3600%\">43<\/td>\n<td width=\"14.6600%\">0.5-10<\/td>\n<\/tr>\n<tr>\n<td width=\"14.0600%\">WXN-30<\/td>\n<td width=\"14.2200%\">31<\/td>\n<td width=\"14.2200%\">32-48<\/td>\n<td width=\"14.2200%\">600<\/td>\n<td width=\"14.2200%\">15<\/td>\n<td width=\"14.3600%\">119<\/td>\n<td width=\"14.6600%\">5-40<\/td>\n<\/tr>\n<tr>\n<td width=\"14.0600%\">WXN-35<\/td>\n<td width=\"14.2200%\">35.6<\/td>\n<td width=\"14.2200%\">32-52<\/td>\n<td width=\"14.2200%\">600-800<\/td>\n<td width=\"14.2200%\">15-22<\/td>\n<td width=\"14.3600%\">119<\/td>\n<td width=\"14.6600%\">30-70<\/td>\n<\/tr>\n<tr>\n<td width=\"14.0600%\">WXN-40<\/td>\n<td width=\"14.2200%\">41<\/td>\n<td width=\"14.2200%\">32-52<\/td>\n<td width=\"14.2200%\">600<\/td>\n<td width=\"14.2200%\">45-55<\/td>\n<td width=\"14.3600%\">437<\/td>\n<td width=\"14.6600%\">90-150<\/td>\n<\/tr>\n<tr>\n<td width=\"14.0600%\">WXN-40<\/td>\n<td width=\"14.2200%\">41<\/td>\n<td width=\"14.2200%\">32-52<\/td>\n<td width=\"14.2200%\">600<\/td>\n<td width=\"14.2200%\">45-55<\/td>\n<td width=\"14.3600%\">437<\/td>\n<td width=\"14.6600%\">150-220<\/td>\n<\/tr>\n<tr>\n<td width=\"14.0600%\">WXN-50<\/td>\n<td width=\"14.2200%\">50.5<\/td>\n<td width=\"14.2200%\">32-52<\/td>\n<td width=\"14.2200%\">500<\/td>\n<td width=\"14.2200%\">45-55<\/td>\n<td width=\"14.3600%\">430<\/td>\n<td width=\"14.6600%\">180-270<\/td>\n<\/tr>\n<tr>\n<td width=\"14.0600%\">WXN-52<\/td>\n<td width=\"14.2200%\">51.5<\/td>\n<td width=\"14.2200%\">32-60<\/td>\n<td width=\"14.2200%\">600<\/td>\n<td width=\"14.2200%\">90-132<\/td>\n<td width=\"14.3600%\">682<\/td>\n<td width=\"14.6600%\">270-400<\/td>\n<\/tr>\n<tr>\n<td width=\"14.0600%\">WXN-65<\/td>\n<td width=\"14.2200%\">62.4<\/td>\n<td width=\"14.2200%\">32-64<\/td>\n<td width=\"14.2200%\">600<\/td>\n<td width=\"14.2200%\">90<\/td>\n<td width=\"14.3600%\">716<\/td>\n<td width=\"14.6600%\">250-360<\/td>\n<\/tr>\n<tr>\n<td width=\"14.0600%\">WXN-65<\/td>\n<td width=\"14.2200%\">62.4<\/td>\n<td width=\"14.2200%\">32-64<\/td>\n<td width=\"14.2200%\">600-800<\/td>\n<td width=\"14.2200%\">110-160<\/td>\n<td width=\"14.3600%\">875<\/td>\n<td width=\"14.6600%\">350-500<\/td>\n<\/tr>\n<tr>\n<td width=\"14.0600%\">WXN-75<\/td>\n<td width=\"14.2200%\">71<\/td>\n<td width=\"14.2200%\">32-64<\/td>\n<td width=\"14.2200%\">600<\/td>\n<td width=\"14.2200%\">132<\/td>\n<td width=\"14.3600%\">1050<\/td>\n<td width=\"14.6600%\">350-500<\/td>\n<\/tr>\n<tr>\n<td width=\"14.0600%\">WXN-75<\/td>\n<td width=\"14.2200%\">71<\/td>\n<td width=\"14.2200%\">32-64<\/td>\n<td width=\"14.2200%\">600-800<\/td>\n<td width=\"14.2200%\">200-250<\/td>\n<td width=\"14.3600%\">1365<\/td>\n<td width=\"14.6600%\">600-800<\/td>\n<\/tr>\n<tr>\n<td width=\"14.0600%\">WXN-95<\/td>\n<td width=\"14.2200%\">93<\/td>\n<td width=\"14.2200%\">32-64<\/td>\n<td width=\"14.2200%\">600<\/td>\n<td width=\"14.2200%\">315<\/td>\n<td width=\"14.3600%\">2560<\/td>\n<td width=\"14.6600%\">800-1200<\/td>\n<\/tr>\n<tr>\n<td width=\"14.0600%\">WXN-95<\/td>\n<td width=\"14.2200%\">93<\/td>\n<td width=\"14.2200%\">32-64<\/td>\n<td width=\"14.2200%\">600-800<\/td>\n<td width=\"14.2200%\">400-450<\/td>\n<td width=\"14.3600%\">2506<\/td>\n<td width=\"14.6600%\">1200-1600<\/td>\n<\/tr>\n<tr>\n<td width=\"14.0600%\">WXN-135<\/td>\n<td width=\"14.2200%\">133<\/td>\n<td width=\"14.2200%\">32-64<\/td>\n<td width=\"14.2200%\">500<\/td>\n<td width=\"14.2200%\">550<\/td>\n<td width=\"14.3600%\">7162<\/td>\n<td width=\"14.6600%\">1500-2250<\/td>\n<\/tr>\n<\/tbody>\n<\/table>\n<p><strong><b>Aplica\u00e7\u00f5es :\u00a0 \u00a0<\/b><\/strong><\/p>\n<p>1. misturar a mudan\u00e7a da natureza<\/p>\n<p>PE\/PP\/PS+SBS; PA+EPDM; PP+NBR; EVA+Borracha de silicone, ect.<\/p>\n<p>PE\/PA\/PC\/CPE+ABS (liga); PBT+PET; PP+PE, ect.<\/p>\n<p>2. enchimento Mudan\u00e7a da natureza<\/p>\n<p>PE\/PP\/EVA, ect.+Carbonato de c\u00e1lcio\/P\u00f3 de talco\/P\u00f3 de tit\u00e2nio<\/p>\n<p>PP\/PA\/ABS+P\u00f3s ferrosos\/ P\u00f3 sulf\u00farico\/ P\u00f3 cer\u00e2mico<\/p>\n<p>3. m\u00e1quina funcional Pellets<\/p>\n<p>PE\/PP\/PS, etc+Algod\u00e3o; M\u00e1quina de descomposi\u00e7\u00e3o de pellets<\/p>\n<p>PE\/EVA\/ABS, etc.+ Negro de fumo; Pellets de m\u00e1quina preta<\/p>\n<p>4. pellets coloridos para m\u00e1quinas<\/p>\n<p>PE\/PP\/ABS\/AS\/PA\/EVA\/PET+Pigmento e auxiliar<\/p>\n<p>5. fibras de vidro intensificadas e fibras de carbono<\/p>\n<p>PP\/PC\/ABS\/PET ect.+Fibras longas\/Fibras de carbono e assim por diante.<\/p>\n<p><strong><u><b>\u00a0<\/b><\/u><\/strong><strong><u><b>Linhas de extrus\u00e3o-<\/b><\/u><\/strong><strong><b>Contacte-nos, podemos dar-lhe a melhor sugest\u00e3o<\/b><\/strong><\/p>\n<p>V\u00e1rios modos de peletiza\u00e7\u00e3o, tais como fio de arrefecimento de \u00e1gua, peletiza\u00e7\u00e3o de arrefecimento de ar, peletiza\u00e7\u00e3o de anel de \u00e1gua, peletiza\u00e7\u00e3o sob \u00e1gua, etc.<\/p>\n<p><img fetchpriority=\"high\" decoding=\"async\" class=\"alignnone size-full wp-image-3349\" src=\"https:\/\/wxplastmachine.com\/wp-content\/uploads\/2024\/09\/1611646191196586.jpg\" alt=\"\" width=\"1920\" height=\"291\" srcset=\"https:\/\/wxplastmachine.com\/wp-content\/uploads\/2024\/09\/1611646191196586.jpg 1920w, https:\/\/wxplastmachine.com\/wp-content\/uploads\/2024\/09\/1611646191196586-300x45.jpg 300w, https:\/\/wxplastmachine.com\/wp-content\/uploads\/2024\/09\/1611646191196586-1024x155.jpg 1024w, https:\/\/wxplastmachine.com\/wp-content\/uploads\/2024\/09\/1611646191196586-768x116.jpg 768w, https:\/\/wxplastmachine.com\/wp-content\/uploads\/2024\/09\/1611646191196586-1536x233.jpg 1536w, https:\/\/wxplastmachine.com\/wp-content\/uploads\/2024\/09\/1611646191196586-18x3.jpg 18w, https:\/\/wxplastmachine.com\/wp-content\/uploads\/2024\/09\/1611646191196586-600x91.jpg 600w\" sizes=\"(max-width: 1920px) 100vw, 1920px\" \/><\/p>\n<p><strong><b>FAQ:<\/b><\/strong><\/p>\n<p>1. como sobre a garantia de seus produtos?<br \/>\nUm ano (12 meses) de garantia ser\u00e1 fornecido a partir da data de chegada do contentor \u00e0 f\u00e1brica do cliente. Se as pe\u00e7as da m\u00e1quina estiverem avariadas devido a problemas de qualidade dentro do per\u00edodo de garantia, enviaremos uma nova pe\u00e7a gratuitamente (qualquer uso indevido artificial ou destrui\u00e7\u00e3o n\u00e3o est\u00e1 inclu\u00eddo na limita\u00e7\u00e3o da Garantia de Qualidade).<\/p>\n<p>2. quais s\u00e3o as vossas condi\u00e7\u00f5es de pagamento e de entrega?<br \/>\nPrazo de pagamento:<br \/>\n1) T\/T, 30% como pr\u00e9-pago, 70% antes da entrega<br \/>\n2) L\/C, 30% por T\/T ,70% como L\/C \u00e0 vista<br \/>\nPrazo de entrega: O prazo normal \u00e9 de 30-40 dias \u00fateis<\/p>\n<p>3. que apoio t\u00e9cnico podemos obter se encomendarmos m\u00e1quinas?<br \/>\nPodemos fornecer desenhos de instala\u00e7\u00e3o, instru\u00e7\u00f5es b\u00e1sicas de funcionamento, explica\u00e7\u00e3o de funcionamento atrav\u00e9s de v\u00eddeo e fotografias, videochamada online para apoio t\u00e9cnico, se necess\u00e1rio.<\/p>","protected":false},"excerpt":{"rendered":"<p>PE\u00a0PP\u00a0PET ABS Compounding Pellets Filler Masterbatch Co-rotating parallel twin-screw granulator WXN series co-rotating parallel twin-screw granulator is widely used in filling, blending, modification, reinforcement, devolatilization of chlorinated polypropylene and super absorbent resin of rubber and plastic and engineering resin; extrusion of degradable masterbatch, polyamide polycondensation, polyurethane polyaddition reaction; PET bottle flake recycling and other fields. [&hellip;]<\/p>","protected":false},"featured_media":3357,"comment_status":"open","ping_status":"closed","template":"","meta":{"site-sidebar-layout":"default","site-content-layout":"","ast-site-content-layout":"default","site-content-style":"default","site-sidebar-style":"default","ast-global-header-display":"","ast-banner-title-visibility":"","ast-main-header-display":"","ast-hfb-above-header-display":"","ast-hfb-below-header-display":"","ast-hfb-mobile-header-display":"","site-post-title":"","ast-breadcrumbs-content":"","ast-featured-img":"","footer-sml-layout":"","theme-transparent-header-meta":"default","adv-header-id-meta":"","stick-header-meta":"","header-above-stick-meta":"","header-main-stick-meta":"","header-below-stick-meta":"","astra-migrate-meta-layouts":"set","ast-page-background-enabled":"default","ast-page-background-meta":{"desktop":{"background-color":"","background-image":"","background-repeat":"repeat","background-position":"center center","background-size":"auto","background-attachment":"scroll","background-type":"","background-media":"","overlay-type":"","overlay-color":"","overlay-gradient":""},"tablet":{"background-color":"","background-image":"","background-repeat":"repeat","background-position":"center center","background-size":"auto","background-attachment":"scroll","background-type":"","background-media":"","overlay-type":"","overlay-color":"","overlay-gradient":""},"mobile":{"background-color":"","background-image":"","background-repeat":"repeat","background-position":"center center","background-size":"auto","background-attachment":"scroll","background-type":"","background-media":"","overlay-type":"","overlay-color":"","overlay-gradient":""}},"ast-content-background-meta":{"desktop":{"background-color":"var(--ast-global-color-5)","background-image":"","background-repeat":"repeat","background-position":"center center","background-size":"auto","background-attachment":"scroll","background-type":"","background-media":"","overlay-type":"","overlay-color":"","overlay-gradient":""},"tablet":{"background-color":"var(--ast-global-color-5)","background-image":"","background-repeat":"repeat","background-position":"center center","background-size":"auto","background-attachment":"scroll","background-type":"","background-media":"","overlay-type":"","overlay-color":"","overlay-gradient":""},"mobile":{"background-color":"var(--ast-global-color-5)","background-image":"","background-repeat":"repeat","background-position":"center center","background-size":"auto","background-attachment":"scroll","background-type":"","background-media":"","overlay-type":"","overlay-color":"","overlay-gradient":""}}},"product_cat":[167,159,162],"product_tag":[],"jetpack_sharing_enabled":true,"_links":{"self":[{"href":"https:\/\/wxplastmachine.com\/pt\/wp-json\/wp\/v2\/product\/3348"}],"collection":[{"href":"https:\/\/wxplastmachine.com\/pt\/wp-json\/wp\/v2\/product"}],"about":[{"href":"https:\/\/wxplastmachine.com\/pt\/wp-json\/wp\/v2\/types\/product"}],"replies":[{"embeddable":true,"href":"https:\/\/wxplastmachine.com\/pt\/wp-json\/wp\/v2\/comments?post=3348"}],"wp:featuredmedia":[{"embeddable":true,"href":"https:\/\/wxplastmachine.com\/pt\/wp-json\/wp\/v2\/media\/3357"}],"wp:attachment":[{"href":"https:\/\/wxplastmachine.com\/pt\/wp-json\/wp\/v2\/media?parent=3348"}],"wp:term":[{"taxonomy":"product_cat","embeddable":true,"href":"https:\/\/wxplastmachine.com\/pt\/wp-json\/wp\/v2\/product_cat?post=3348"},{"taxonomy":"product_tag","embeddable":true,"href":"https:\/\/wxplastmachine.com\/pt\/wp-json\/wp\/v2\/product_tag?post=3348"}],"curies":[{"name":"wp","href":"https:\/\/api.w.org\/{rel}","templated":true}]}}